{"id":23220,"date":"2023-04-03T22:57:56","date_gmt":"2023-04-03T19:57:56","guid":{"rendered":"https:\/\/sachviet.eu\/shop\/tam-ly-hoc-moi-quan-he\/"},"modified":"2023-04-18T10:47:07","modified_gmt":"2023-04-18T07:47:07","slug":"tam-ly-hoc-moi-quan-he","status":"publish","type":"product","link":"https:\/\/sachviet.eu\/en\/shop\/tam-ly-hoc-moi-quan-he\/","title":{"rendered":"T\u00e2m L\u00fd H\u1ecdc M\u1ed1i Quan H\u1ec7"},"content":{"rendered":"<p>Ti\u1ebfp n\u1ed1i th\u00e0nh c\u00f4ng c\u1ee7a ba cu\u1ed1n s\u00e1ch \u201cHai m\u1eb7t c\u1ee7a gia \u0111\u00ecnh\u201d, \u201cG\u00f3c khu\u1ea5t c\u1ee7a y\u00eau th\u01b0\u01a1ng\u201d v\u00e0 \u201cTrong m\u1ed7i ch\u00fang ta \u0111\u1ec1u c\u00f3 m\u1ed9t \u0111\u1ee9a tr\u1ebb c\u1ea7n v\u1ed7 v\u1ec1\u201d &#8211; ba cu\u1ed1n s\u00e1ch t\u00e2m l\u00fd h\u1ecdc d\u00e0nh cho nh\u1eefng ng\u01b0\u1eddi \u0111ang g\u1eb7p t\u1ed5n th\u01b0\u01a1ng trong gia \u0111\u00ecnh, t\u00ecnh y\u00eau v\u00e0 c\u1ea7n ch\u0103m s\u00f3c \u0111\u1ee9a tr\u1ebb b\u00ean trong, b\u00e1c s\u0129\/ti\u1ebfn s\u0129 t\u00e2m l\u00fd h\u1ecdc Choi Kwanghyun ti\u1ebfp t\u1ee5c xu\u1ea5t b\u1ea3n cu\u1ed1n s\u00e1ch \u201cT\u00e2m l\u00fd h\u1ecdc m\u1ed1i quan h\u1ec7\u201d &#8211; m\u1ed9t cu\u1ed1n s\u00e1ch gi\u00fap b\u1ea1n gi\u1ea3i quy\u1ebft xung \u0111\u1ed9t, m\u00e2u thu\u1eabn trong c\u00e1c m\u1ed1i quan h\u1ec7.<\/p>\n<p>Cu\u1ed1n s\u00e1ch \u201cT\u00e2m l\u00fd h\u1ecdc m\u1ed1i quan h\u1ec7\u201d d\u00e0nh cho nh\u1eefng ai lu\u00f4n tr\u0103n tr\u1edf:<\/p>\n<p>T\u1ea1i sao ch\u00fang ta b\u1ecb t\u1ed5n th\u01b0\u01a1ng b\u1edfi m\u1ecdi ng\u01b0\u1eddi?<\/p>\n<p>Nh\u1eefng kh\u00f3 kh\u0103n m\u00e0 ta \u0111ang g\u1eb7p ph\u1ea3i hi\u1ec7n nay kh\u1edfi ngu\u1ed3n t\u1eeb \u0111\u00e2u?<\/p>\n<p>T\u1ea1i sao t\u00f4i l\u00e0 ng\u01b0\u1eddi duy nh\u1ea5t b\u1ecb t\u1ed5n th\u01b0\u01a1ng trong c\u00e1c m\u1ed1i quan h\u1ec7?<\/p>\n<p>Hay nh\u1eefng v\u1ea5n \u0111\u1ec1 c\u1ee5 th\u1ec3 h\u01a1n, m\u1ed1i quan h\u1ec7 gi\u1eefa hai v\u1ee3 ch\u1ed3ng, gi\u1eefa b\u1ed1 m\u1eb9 v\u00e0 con c\u00e1i t\u1ea1i sao lu\u00f4n c\u00f3 nh\u1eefng r\u00e0o c\u1ea3n v\u00e0 lu\u00f4n c\u00f3 m\u1ed9t ng\u01b0\u1eddi ph\u1ea3i ch\u1ecbu \u0111\u1ef1ng r\u1ea5t nhi\u1ec1u \u0111au kh\u1ed5 v\u00ec \u0111\u1ed1i ph\u01b0\u01a1ng.<\/p>\n<p>Trong cu\u1ed9c \u0111\u1eddi, ch\u00fang ta ph\u1ea3i tr\u1ea3i qua r\u1ea5t nhi\u1ec1u n\u1ed7i \u0111au kh\u1ed5, t\u1ed5n th\u01b0\u01a1ng v\u00e0 xung \u0111\u1ed9t trong c\u00e1c m\u1ed1i quan h\u1ec7. V\u1ebft th\u01b0\u01a1ng trong m\u1ed9t m\u1ed1i quan h\u1ec7 l\u1eb7p l\u1ea1i nhi\u1ec1u l\u1ea7n v\u00e0 k\u00e9o theo nhi\u1ec1u h\u1ec7 l\u1ee5y trong cu\u1ed9c s\u1ed1ng, ng\u01b0\u1eddi b\u1ecb t\u1ed5n th\u01b0\u01a1ng bi\u1ebfn th\u00e0nh ch\u00fa nh\u00edm x\u00f9 l\u00f4ng \u0111\u1ec3 b\u1ea3o v\u1ec7 b\u1ea3n th\u00e2n, nh\u01b0ng ch\u00ednh nh\u1eefng chi\u1ebfc gai nh\u1ecdn \u1ea5y c\u00f3 th\u1ec3 l\u1ea1i l\u00e0 nguy\u00ean nh\u00e2n g\u00e2y ra \u0111au kh\u1ed5 cho ng\u01b0\u1eddi kh\u00e1c. V\u1eady ch\u00fang ta ph\u1ea3i l\u00e0m th\u1ebf n\u00e0o \u0111\u1ec3 h\u00f3a gi\u1ea3i t\u1ed5n th\u01b0\u01a1ng v\u00e0 l\u00e0m h\u00e0i h\u00f2a c\u00e1c m\u1ed1i quan h\u1ec7?<\/p>\n<p>Trong th\u1eddi k\u1ef3 d\u1ecbch b\u1ec7nh COVID-19 \u0111ang di\u1ec5n ra r\u1ea5t ph\u1ee9c t\u1ea1p, thay v\u00ec \u0111i ra ngo\u00e0i t\u1eeb s\u00e1ng t\u1edbi t\u1ed1i, ch\u00fang ta ph\u1ea3i \u1edf nh\u00e0 nhi\u1ec1u h\u01a1n, \u0111\u00e2y c\u0169ng ch\u00ednh l\u00e0 th\u1eddi \u0111i\u1ec3m \u0111\u1ec3 b\u1ea1n ki\u1ec3m tra l\u1ea1i c\u00e1c m\u1ed1i quan h\u1ec7 c\u1ee7a m\u00ecnh v\u1edbi nh\u1eefng ng\u01b0\u1eddi g\u1ea7n g\u0169i nh\u1ea5t v\u00e0 chia s\u1ebb v\u1edbi h\u1ecd nh\u1eefng g\u00ec b\u1ea3n th\u00e2n \u0111ang c\u1ea3m th\u1ea5y. \u0110\u00f3 l\u00e0 v\u1ee3\/ch\u1ed3ng, l\u00e0 con c\u00e1i, l\u00e0 b\u1ed1 m\u1eb9 c\u1ee7a v\u1ee3\/ch\u1ed3ng &#8211; nh\u1eefng ng\u01b0\u1eddi gi\u00fap ch\u00fang ta x\u00e2y d\u1ef1ng m\u1ed1i quan h\u1ec7 n\u1ec1n t\u1ea3ng \u0111\u1ec3 ph\u00e1t tri\u1ec3n \u1edf x\u00e3 h\u1ed9i b\u00ean ngo\u00e0i. Nh\u01b0ng \u0111\u1ed3ng th\u1eddi h\u1ecd c\u0169ng l\u00e0 nh\u1eefng ng\u01b0\u1eddi d\u1ec5 g\u00e2y ra t\u1ed5n th\u01b0\u01a1ng cho ch\u00fang ta nh\u1ea5t. H\u00e3y t\u00ecm hi\u1ec3u v\u1ec1 \u201cT\u00e2m l\u00fd h\u1ecdc m\u1ed1i quan h\u1ec7\u201d \u0111\u1ec3 ch\u1eefa l\u00e0nh v\u00e0 x\u00e2y d\u1ef1ng l\u1ea1i s\u1ee3i d\u00e2y k\u1ebft n\u1ed1i \u0111\u1eb7c bi\u1ec7t n\u00e0y.<\/p>\n<p>Hy v\u1ecdng r\u1eb1ng th\u00f4ng qua nh\u1eefng tr\u00ed tu\u1ec7 t\u00e2m l\u00fd m\u00e0 gi\u00e1o s\u01b0 Choi Kwanghyun \u0111\u00e3 chia s\u1ebb, b\u1ea1n s\u1ebd t\u00ecm th\u1ea5y c\u00e2u tr\u1ea3 l\u1eddi cho nh\u1eefng kh\u00fac m\u1eafc trong c\u00e1c m\u1ed1i quan h\u1ec7 v\u00e0 s\u1eeda ch\u1eefa n\u00f3 \u0111\u1ec3 c\u00f3 m\u1ed9t cu\u1ed9c s\u1ed1ng h\u00f2a thu\u1eadn, h\u1ea1nh ph\u00fac.<\/p>\n","protected":false},"excerpt":{"rendered":"<p>Ti\u1ebfp n\u1ed1i th\u00e0nh c\u00f4ng c\u1ee7a ba cu\u1ed1n s\u00e1ch \u201cHai m\u1eb7t c\u1ee7a gia \u0111\u00ecnh\u201d, \u201cG\u00f3c khu\u1ea5t c\u1ee7a y\u00eau th\u01b0\u01a1ng\u201d v\u00e0 \u201cTrong m\u1ed7i ch\u00fang ta \u0111\u1ec1u c\u00f3 m\u1ed9t \u0111\u1ee9a tr\u1ebb c\u1ea7n v\u1ed7 v\u1ec1\u201d &#8211; ba cu\u1ed1n s\u00e1ch t\u00e2m l\u00fd h\u1ecdc d\u00e0nh cho nh\u1eefng ng\u01b0\u1eddi \u0111ang g\u1eb7p t\u1ed5n th\u01b0\u01a1ng trong gia \u0111\u00ecnh, t\u00ecnh y\u00eau v\u00e0 c\u1ea7n ch\u0103m s\u00f3c \u0111\u1ee9a tr\u1ebb b\u00ean trong, b\u00e1c s\u0129\/ti\u1ebfn s\u0129 t\u00e2m l\u00fd h\u1ecdc Choi Kwanghyun ti\u1ebfp t\u1ee5c xu\u1ea5t b\u1ea3n cu\u1ed1n s\u00e1ch \u201cT\u00e2m l\u00fd h\u1ecdc m\u1ed1i quan h\u1ec7\u201d &#8211; m\u1ed9t cu\u1ed1n s\u00e1ch gi\u00fap b\u1ea1n gi\u1ea3i quy\u1ebft xung \u0111\u1ed9t, m\u00e2u thu\u1eabn trong c\u00e1c m\u1ed1i quan h\u1ec7.<\/p>\n<p>Cu\u1ed1n s\u00e1ch \u201cT\u00e2m l\u00fd h\u1ecdc m\u1ed1i quan h\u1ec7\u201d d\u00e0nh cho nh\u1eefng ai lu\u00f4n tr\u0103n tr\u1edf:<\/p>\n<p>T\u1ea1i sao ch\u00fang ta b\u1ecb t\u1ed5n th\u01b0\u01a1ng b\u1edfi m\u1ecdi ng\u01b0\u1eddi?<\/p>\n<p>Nh\u1eefng kh\u00f3 kh\u0103n m\u00e0 ta \u0111ang g\u1eb7p ph\u1ea3i hi\u1ec7n nay kh\u1edfi ngu\u1ed3n t\u1eeb \u0111\u00e2u?<\/p>\n<p>T\u1ea1i sao t\u00f4i l\u00e0 ng\u01b0\u1eddi duy nh\u1ea5t b\u1ecb t\u1ed5n th\u01b0\u01a1ng trong c\u00e1c m\u1ed1i quan h\u1ec7?<\/p>\n<p>Hay nh\u1eefng v\u1ea5n \u0111\u1ec1 c\u1ee5 th\u1ec3 h\u01a1n, m\u1ed1i quan h\u1ec7 gi\u1eefa hai v\u1ee3 ch\u1ed3ng, gi\u1eefa b\u1ed1 m\u1eb9 v\u00e0 con c\u00e1i t\u1ea1i sao lu\u00f4n c\u00f3 nh\u1eefng r\u00e0o c\u1ea3n v\u00e0 lu\u00f4n c\u00f3 m\u1ed9t ng\u01b0\u1eddi ph\u1ea3i ch\u1ecbu \u0111\u1ef1ng r\u1ea5t nhi\u1ec1u \u0111au kh\u1ed5 v\u00ec \u0111\u1ed1i ph\u01b0\u01a1ng.<\/p>\n<p>Trong cu\u1ed9c \u0111\u1eddi, ch\u00fang ta ph\u1ea3i tr\u1ea3i qua r\u1ea5t nhi\u1ec1u n\u1ed7i \u0111au kh\u1ed5, t\u1ed5n th\u01b0\u01a1ng v\u00e0 xung \u0111\u1ed9t trong c\u00e1c m\u1ed1i quan h\u1ec7. V\u1ebft th\u01b0\u01a1ng trong m\u1ed9t m\u1ed1i quan h\u1ec7 l\u1eb7p l\u1ea1i nhi\u1ec1u l\u1ea7n v\u00e0 k\u00e9o theo nhi\u1ec1u h\u1ec7 l\u1ee5y trong cu\u1ed9c s\u1ed1ng, ng\u01b0\u1eddi b\u1ecb t\u1ed5n th\u01b0\u01a1ng bi\u1ebfn th\u00e0nh ch\u00fa nh\u00edm x\u00f9 l\u00f4ng \u0111\u1ec3 b\u1ea3o v\u1ec7 b\u1ea3n th\u00e2n, nh\u01b0ng ch\u00ednh nh\u1eefng chi\u1ebfc gai nh\u1ecdn \u1ea5y c\u00f3 th\u1ec3 l\u1ea1i l\u00e0 nguy\u00ean nh\u00e2n g\u00e2y ra \u0111au kh\u1ed5 cho ng\u01b0\u1eddi kh\u00e1c. V\u1eady ch\u00fang ta ph\u1ea3i l\u00e0m th\u1ebf n\u00e0o \u0111\u1ec3 h\u00f3a gi\u1ea3i t\u1ed5n th\u01b0\u01a1ng v\u00e0 l\u00e0m h\u00e0i h\u00f2a c\u00e1c m\u1ed1i quan h\u1ec7?<\/p>\n<p>Trong th\u1eddi k\u1ef3 d\u1ecbch b\u1ec7nh COVID-19 \u0111ang di\u1ec5n ra r\u1ea5t ph\u1ee9c t\u1ea1p, thay v\u00ec \u0111i ra ngo\u00e0i t\u1eeb s\u00e1ng t\u1edbi t\u1ed1i, ch\u00fang ta ph\u1ea3i \u1edf nh\u00e0 nhi\u1ec1u h\u01a1n, \u0111\u00e2y c\u0169ng ch\u00ednh l\u00e0 th\u1eddi \u0111i\u1ec3m \u0111\u1ec3 b\u1ea1n ki\u1ec3m tra l\u1ea1i c\u00e1c m\u1ed1i quan h\u1ec7 c\u1ee7a m\u00ecnh v\u1edbi nh\u1eefng ng\u01b0\u1eddi g\u1ea7n g\u0169i nh\u1ea5t v\u00e0 chia s\u1ebb v\u1edbi h\u1ecd nh\u1eefng g\u00ec b\u1ea3n th\u00e2n \u0111ang c\u1ea3m th\u1ea5y. \u0110\u00f3 l\u00e0 v\u1ee3\/ch\u1ed3ng, l\u00e0 con c\u00e1i, l\u00e0 b\u1ed1 m\u1eb9 c\u1ee7a v\u1ee3\/ch\u1ed3ng &#8211; nh\u1eefng ng\u01b0\u1eddi gi\u00fap ch\u00fang ta x\u00e2y d\u1ef1ng m\u1ed1i quan h\u1ec7 n\u1ec1n t\u1ea3ng \u0111\u1ec3 ph\u00e1t tri\u1ec3n \u1edf x\u00e3 h\u1ed9i b\u00ean ngo\u00e0i. Nh\u01b0ng \u0111\u1ed3ng th\u1eddi h\u1ecd c\u0169ng l\u00e0 nh\u1eefng ng\u01b0\u1eddi d\u1ec5 g\u00e2y ra t\u1ed5n th\u01b0\u01a1ng cho ch\u00fang ta nh\u1ea5t. H\u00e3y t\u00ecm hi\u1ec3u v\u1ec1 \u201cT\u00e2m l\u00fd h\u1ecdc m\u1ed1i quan h\u1ec7\u201d \u0111\u1ec3 ch\u1eefa l\u00e0nh v\u00e0 x\u00e2y d\u1ef1ng l\u1ea1i s\u1ee3i d\u00e2y k\u1ebft n\u1ed1i \u0111\u1eb7c bi\u1ec7t n\u00e0y.<\/p>\n<p>Hy v\u1ecdng r\u1eb1ng th\u00f4ng qua nh\u1eefng tr\u00ed tu\u1ec7 t\u00e2m l\u00fd m\u00e0 gi\u00e1o s\u01b0 Choi Kwanghyun \u0111\u00e3 chia s\u1ebb, b\u1ea1n s\u1ebd t\u00ecm th\u1ea5y c\u00e2u tr\u1ea3 l\u1eddi cho nh\u1eefng kh\u00fac m\u1eafc trong c\u00e1c m\u1ed1i quan h\u1ec7 v\u00e0 s\u1eeda ch\u1eefa n\u00f3 \u0111\u1ec3 c\u00f3 m\u1ed9t cu\u1ed9c s\u1ed1ng h\u00f2a thu\u1eadn, h\u1ea1nh ph\u00fac.<\/p>\n","protected":false},"featured_media":23219,"template":"","meta":{"_acf_changed":false},"product_brand":[],"product_cat":[15,46],"product_tag":[83],"class_list":{"0":"post-23220","1":"product","2":"type-product","3":"status-publish","4":"has-post-thumbnail","6":"product_cat-sach-danh-cho-nguoi-lon","7":"product_cat-ky-nang-song","8":"product_tag-sach-moi-xuat-ban","10":"first","11":"outofstock","12":"taxable","13":"shipping-taxable","14":"purchasable","15":"product-type-simple"},"supplier_id":null,"supplier_sku":"","barcode":null,"atum_controlled":true,"out_stock_date":"2023-04-18 07:47:07","out_stock_threshold":null,"inheritable":false,"inbound_stock":0,"stock_on_hold":0,"sold_today":0,"sales_last_days":0,"reserved_stock":0,"customer_returns":0,"warehouse_damage":0,"lost_in_post":0,"other_logs":0,"out_stock_days":1016,"lost_sales":0,"has_location":false,"update_date":"2026-01-28T23:11:13","atum_locations":[],"atum_stock_status":"outofstock","restock_status":false,"low_stock_amount":"","sales_update_date":"2026-01-28T23:11:13","calc_backorders":null,"acf":{"publisher":{"ID":23218,"post_author":"1","post_date":"2023-04-03 22:57:30","post_date_gmt":"2023-04-03 19:57:30","post_content":"","post_title":"Bookland","post_excerpt":"","post_status":"publish","comment_status":"closed","ping_status":"closed","post_password":"","post_name":"bookland","to_ping":"","pinged":"","post_modified":"2023-04-03 22:57:30","post_modified_gmt":"2023-04-03 19:57:30","post_content_filtered":"","post_parent":0,"guid":"https:\/\/sachviet.eu\/nha-phat-hanh\/bookland\/","menu_order":0,"post_type":"publisher","post_mime_type":"","comment_count":"0","filter":"raw"}},"_links":{"self":[{"href":"https:\/\/sachviet.eu\/en\/wp-json\/wp\/v2\/product\/23220","targetHints":{"allow":["GET"]}}],"collection":[{"href":"https:\/\/sachviet.eu\/en\/wp-json\/wp\/v2\/product"}],"about":[{"href":"https:\/\/sachviet.eu\/en\/wp-json\/wp\/v2\/types\/product"}],"wp:featuredmedia":[{"embeddable":true,"href":"https:\/\/sachviet.eu\/en\/wp-json\/wp\/v2\/media\/23219"}],"wp:attachment":[{"href":"https:\/\/sachviet.eu\/en\/wp-json\/wp\/v2\/media?parent=23220"}],"wp:term":[{"taxonomy":"product_brand","embeddable":true,"href":"https:\/\/sachviet.eu\/en\/wp-json\/wp\/v2\/product_brand?post=23220"},{"taxonomy":"product_cat","embeddable":true,"href":"https:\/\/sachviet.eu\/en\/wp-json\/wp\/v2\/product_cat?post=23220"},{"taxonomy":"product_tag","embeddable":true,"href":"https:\/\/sachviet.eu\/en\/wp-json\/wp\/v2\/product_tag?post=23220"}],"curies":[{"name":"wp","href":"https:\/\/api.w.org\/{rel}","templated":true}]}}