{"id":23213,"date":"2023-04-03T22:57:14","date_gmt":"2023-04-03T19:57:14","guid":{"rendered":"https:\/\/sachviet.eu\/shop\/hang-luat-john-grisham\/"},"modified":"2023-06-16T23:11:21","modified_gmt":"2023-06-16T20:11:21","slug":"hang-luat-john-grisham","status":"publish","type":"product","link":"https:\/\/sachviet.eu\/en\/shop\/hang-luat-john-grisham\/","title":{"rendered":"H\u00e3ng Lu\u1eadt &#8211; John Grisham"},"content":{"rendered":"<p>Khi lu\u1eadt s\u01b0 tr\u1ebb Mitch McDeere k\u00fd h\u1ee3p \u0111\u1ed3ng v\u1edbi H\u00e3ng Lu\u1eadt Bendini, Lambert &amp; Locke c\u1ee7a Memphis, anh \u0111\u00e3 ngh\u0129 m\u00ecnh \u0111ang ch\u1ea1m \u0111\u1ebfn m\u1ed9t gi\u1ea5c m\u01a1 t\u01b0\u01a1i \u0111\u1eb9p. C\u00f4ng ty ho\u00e0n h\u1ea3o, ti\u1ec1n t\u00e0i v\u00e0 danh v\u1ecdng \u0111\u1ec1u trong t\u1ea7m tay. L\u1ebd ra, anh ph\u1ea3i nh\u1edb n\u1eb1m l\u00f2ng m\u1ed9t \u0111i\u1ec1u: ch\u1eb3ng c\u00f3 g\u00ec l\u00e0 mi\u1ec5n ph\u00ed. H\u1ea1nh ph\u00fac kh\u00f4ng bao gi\u1edd t\u1eeb tr\u00ean tr\u1eddi r\u01a1i xu\u1ed1ng m\u00e0 lu\u00f4n c\u00f3 m\u1ed9t c\u00e1i gi\u00e1 r\u1ea5t \u0111\u1eaft.<\/p>\n<p>V\u00e0 b\u00e2y gi\u1edd, FBI \u0111ang \u0111\u1ec1 ngh\u1ecb Mitch McDeere gi\u00fap \u0111\u1ee1 \u0111i\u1ec1u tra. N\u1ebfu mu\u1ed1n s\u1ed1ng, anh ch\u1ec9 c\u00f3 m\u1ed9t l\u1ef1a ch\u1ecdn duy nh\u1ea5t\u2026<\/p>\n<p>The Firm \u2013 H\u00e3ng Lu\u1eadt l\u00e0 m\u1ed9t si\u00eau ph\u1ea9m c\u1ee7a John Grisham. Ngay khi ra m\u1eaft l\u1ea7n \u0111\u1ea7u v\u00e0o n\u0103m 1991, t\u00e1c ph\u1ea9m \u0111\u00e3 nhanh ch\u00f3ng tr\u1edf th\u00e0nh bestseller, \u0111\u1ee9ng trong danh s\u00e1ch b\u00e1n ch\u1ea1y c\u1ee7a The New York Times 47 tu\u1ea7n v\u00e0 b\u00e1n ra h\u01a1n b\u1ea3y tri\u1ec7u b\u1ea3n. Cu\u1ed1n s\u00e1ch \u0111\u01b0\u1ee3c chuy\u1ec3n th\u1ec3 th\u00e0nh b\u1ed9 phim c\u00f9ng t\u00ean ra m\u1eaft v\u00e0o n\u0103m 1993 v\u1edbi s\u1ef1 tham gia di\u1ec5n xu\u1ea5t c\u1ee7a ng\u00f4i sao Tom Cruise, c\u0169ng nh\u01b0 m\u1ed9t lo\u1ea1t phim truy\u1ec1n h\u00ecnh v\u00e0o n\u0103m 2012 v\u1edbi n\u1ed9i dung l\u00e0 &#8220;ti\u1ebfp t\u1ee5c c\u00e2u chuy\u1ec7n c\u1ee7a lu\u1eadt s\u01b0 Mitchell McDeere v\u00e0 gia \u0111\u00ecnh anh 10 n\u0103m sau.&#8221;<\/p>\n<p>John Grisham l\u00e0 m\u1ed9t t\u00e1c gi\u1ea3 ng\u01b0\u1eddi M\u1ef9 n\u1ed5i ti\u1ebfng v\u1edbi nh\u1eefng ti\u1ec3u thuy\u1ebft trinh th\u00e1m h\u00ecnh s\u1ef1. Nh\u00e0 v\u0103n t\u1eebng \u0111o\u1ea1t gi\u1ea3i Galaxy British Book Awards n\u00e0y l\u00e0 t\u00e1c gi\u1ea3 c\u1ee7a 25 ti\u1ec3u thuy\u1ebft, nhi\u1ec1u truy\u1ec7n ng\u1eafn v\u00e0 lo\u1ea1t truy\u1ec7n d\u00e0nh cho tr\u1ebb em. S\u00e1ch c\u1ee7a \u00f4ng \u0111\u00e3 \u0111\u01b0\u1ee3c d\u1ecbch sang 42 th\u1ee9 ti\u1ebfng v\u00e0 xu\u1ea5t b\u1ea3n tr\u00ean to\u00e0n th\u1ebf gi\u1edbi, nhi\u1ec1u t\u00e1c ph\u1ea9m trong s\u1ed1 \u0111\u00f3 \u0111\u00e3 \u0111\u01b0\u1ee3c chuy\u1ec3n th\u1ec3 th\u00e0nh phim \u0111i\u1ec7n \u1ea3nh v\u00e0 phim truy\u1ec1n h\u00ecnh. \u00d4ng c\u0169ng l\u00e0 m\u1ed9t trong s\u1ed1 ba t\u00e1c gi\u1ea3 \u00edt \u1ecfi b\u00e1n \u0111\u01b0\u1ee3c hai tri\u1ec7u cu\u1ed1n trong b\u1ea3n in \u0111\u1ea7u ti\u00ean (hai t\u00e1c gi\u1ea3 kia l\u00e0 Tom Clancy v\u00e0 J. K. Rowling).<\/p>\n","protected":false},"excerpt":{"rendered":"<p>Khi lu\u1eadt s\u01b0 tr\u1ebb Mitch McDeere k\u00fd h\u1ee3p \u0111\u1ed3ng v\u1edbi H\u00e3ng Lu\u1eadt Bendini, Lambert &amp; Locke c\u1ee7a Memphis, anh \u0111\u00e3 ngh\u0129 m\u00ecnh \u0111ang ch\u1ea1m \u0111\u1ebfn m\u1ed9t gi\u1ea5c m\u01a1 t\u01b0\u01a1i \u0111\u1eb9p. C\u00f4ng ty ho\u00e0n h\u1ea3o, ti\u1ec1n t\u00e0i v\u00e0 danh v\u1ecdng \u0111\u1ec1u trong t\u1ea7m tay. L\u1ebd ra, anh ph\u1ea3i nh\u1edb n\u1eb1m l\u00f2ng m\u1ed9t \u0111i\u1ec1u: ch\u1eb3ng c\u00f3 g\u00ec l\u00e0 mi\u1ec5n ph\u00ed. H\u1ea1nh ph\u00fac kh\u00f4ng bao gi\u1edd t\u1eeb tr\u00ean tr\u1eddi r\u01a1i xu\u1ed1ng m\u00e0 lu\u00f4n c\u00f3 m\u1ed9t c\u00e1i gi\u00e1 r\u1ea5t \u0111\u1eaft.<\/p>\n<p>V\u00e0 b\u00e2y gi\u1edd, FBI \u0111ang \u0111\u1ec1 ngh\u1ecb Mitch McDeere gi\u00fap \u0111\u1ee1 \u0111i\u1ec1u tra. N\u1ebfu mu\u1ed1n s\u1ed1ng, anh ch\u1ec9 c\u00f3 m\u1ed9t l\u1ef1a ch\u1ecdn duy nh\u1ea5t\u2026<\/p>\n<p>The Firm \u2013 H\u00e3ng Lu\u1eadt l\u00e0 m\u1ed9t si\u00eau ph\u1ea9m c\u1ee7a John Grisham. Ngay khi ra m\u1eaft l\u1ea7n \u0111\u1ea7u v\u00e0o n\u0103m 1991, t\u00e1c ph\u1ea9m \u0111\u00e3 nhanh ch\u00f3ng tr\u1edf th\u00e0nh bestseller, \u0111\u1ee9ng trong danh s\u00e1ch b\u00e1n ch\u1ea1y c\u1ee7a The New York Times 47 tu\u1ea7n v\u00e0 b\u00e1n ra h\u01a1n b\u1ea3y tri\u1ec7u b\u1ea3n. Cu\u1ed1n s\u00e1ch \u0111\u01b0\u1ee3c chuy\u1ec3n th\u1ec3 th\u00e0nh b\u1ed9 phim c\u00f9ng t\u00ean ra m\u1eaft v\u00e0o n\u0103m 1993 v\u1edbi s\u1ef1 tham gia di\u1ec5n xu\u1ea5t c\u1ee7a ng\u00f4i sao Tom Cruise, c\u0169ng nh\u01b0 m\u1ed9t lo\u1ea1t phim truy\u1ec1n h\u00ecnh v\u00e0o n\u0103m 2012 v\u1edbi n\u1ed9i dung l\u00e0 &#8220;ti\u1ebfp t\u1ee5c c\u00e2u chuy\u1ec7n c\u1ee7a lu\u1eadt s\u01b0 Mitchell McDeere v\u00e0 gia \u0111\u00ecnh anh 10 n\u0103m sau.&#8221;<\/p>\n<p>John Grisham l\u00e0 m\u1ed9t t\u00e1c gi\u1ea3 ng\u01b0\u1eddi M\u1ef9 n\u1ed5i ti\u1ebfng v\u1edbi nh\u1eefng ti\u1ec3u thuy\u1ebft trinh th\u00e1m h\u00ecnh s\u1ef1. Nh\u00e0 v\u0103n t\u1eebng \u0111o\u1ea1t gi\u1ea3i Galaxy British Book Awards n\u00e0y l\u00e0 t\u00e1c gi\u1ea3 c\u1ee7a 25 ti\u1ec3u thuy\u1ebft, nhi\u1ec1u truy\u1ec7n ng\u1eafn v\u00e0 lo\u1ea1t truy\u1ec7n d\u00e0nh cho tr\u1ebb em. S\u00e1ch c\u1ee7a \u00f4ng \u0111\u00e3 \u0111\u01b0\u1ee3c d\u1ecbch sang 42 th\u1ee9 ti\u1ebfng v\u00e0 xu\u1ea5t b\u1ea3n tr\u00ean to\u00e0n th\u1ebf gi\u1edbi, nhi\u1ec1u t\u00e1c ph\u1ea9m trong s\u1ed1 \u0111\u00f3 \u0111\u00e3 \u0111\u01b0\u1ee3c chuy\u1ec3n th\u1ec3 th\u00e0nh phim \u0111i\u1ec7n \u1ea3nh v\u00e0 phim truy\u1ec1n h\u00ecnh. \u00d4ng c\u0169ng l\u00e0 m\u1ed9t trong s\u1ed1 ba t\u00e1c gi\u1ea3 \u00edt \u1ecfi b\u00e1n \u0111\u01b0\u1ee3c hai tri\u1ec7u cu\u1ed1n trong b\u1ea3n in \u0111\u1ea7u ti\u00ean (hai t\u00e1c gi\u1ea3 kia l\u00e0 Tom Clancy v\u00e0 J. K. Rowling).<\/p>\n","protected":false},"featured_media":23212,"template":"","meta":{"_acf_changed":false},"product_brand":[],"product_cat":[15,72],"product_tag":[83],"class_list":{"0":"post-23213","1":"product","2":"type-product","3":"status-publish","4":"has-post-thumbnail","6":"product_cat-sach-danh-cho-nguoi-lon","7":"product_cat-trinh-tham-kinh-di","8":"product_tag-sach-moi-xuat-ban","10":"first","11":"outofstock","12":"taxable","13":"shipping-taxable","14":"purchasable","15":"product-type-simple"},"supplier_id":null,"supplier_sku":"","barcode":null,"atum_controlled":true,"out_stock_date":"2023-06-16 20:11:21","out_stock_threshold":null,"inheritable":false,"inbound_stock":0,"stock_on_hold":0,"sold_today":0,"sales_last_days":0,"reserved_stock":0,"customer_returns":0,"warehouse_damage":0,"lost_in_post":0,"other_logs":0,"out_stock_days":957,"lost_sales":0,"has_location":false,"update_date":"2026-01-28T23:11:13","atum_locations":[],"atum_stock_status":"outofstock","restock_status":false,"low_stock_amount":"","sales_update_date":"2026-01-28T23:11:13","calc_backorders":null,"acf":{"publisher":{"ID":1517,"post_author":"1","post_date":"2021-02-17 01:14:41","post_date_gmt":"2021-02-16 23:14:41","post_content":"","post_title":"NXB Tr\u1ebb","post_excerpt":"","post_status":"publish","comment_status":"closed","ping_status":"closed","post_password":"","post_name":"nxb-tre","to_ping":"","pinged":"","post_modified":"2021-02-17 01:14:41","post_modified_gmt":"2021-02-16 23:14:41","post_content_filtered":"","post_parent":0,"guid":"https:\/\/sachviet.eu\/nha-phat-hanh\/nxb-tre\/","menu_order":0,"post_type":"publisher","post_mime_type":"","comment_count":"0","filter":"raw"}},"_links":{"self":[{"href":"https:\/\/sachviet.eu\/en\/wp-json\/wp\/v2\/product\/23213","targetHints":{"allow":["GET"]}}],"collection":[{"href":"https:\/\/sachviet.eu\/en\/wp-json\/wp\/v2\/product"}],"about":[{"href":"https:\/\/sachviet.eu\/en\/wp-json\/wp\/v2\/types\/product"}],"wp:featuredmedia":[{"embeddable":true,"href":"https:\/\/sachviet.eu\/en\/wp-json\/wp\/v2\/media\/23212"}],"wp:attachment":[{"href":"https:\/\/sachviet.eu\/en\/wp-json\/wp\/v2\/media?parent=23213"}],"wp:term":[{"taxonomy":"product_brand","embeddable":true,"href":"https:\/\/sachviet.eu\/en\/wp-json\/wp\/v2\/product_brand?post=23213"},{"taxonomy":"product_cat","embeddable":true,"href":"https:\/\/sachviet.eu\/en\/wp-json\/wp\/v2\/product_cat?post=23213"},{"taxonomy":"product_tag","embeddable":true,"href":"https:\/\/sachviet.eu\/en\/wp-json\/wp\/v2\/product_tag?post=23213"}],"curies":[{"name":"wp","href":"https:\/\/api.w.org\/{rel}","templated":true}]}}