{"id":23211,"date":"2023-04-03T22:57:04","date_gmt":"2023-04-03T19:57:04","guid":{"rendered":"https:\/\/sachviet.eu\/shop\/den-mang-john-grisham\/"},"modified":"2023-11-25T17:36:11","modified_gmt":"2023-11-25T15:36:11","slug":"den-mang-john-grisham","status":"publish","type":"product","link":"https:\/\/sachviet.eu\/en\/shop\/den-mang-john-grisham\/","title":{"rendered":"\u0110\u1ec1n M\u1ea1ng &#8211; John Grisham"},"content":{"rendered":"<p>L\u1ea5y b\u1ed1i c\u1ea3nh m\u1ed9t th\u1ecb tr\u1ea5n nh\u1ecf \u1edf mi\u1ec1n Nam n\u01b0\u1edbc M\u1ef9 nh\u1eefng n\u0103m 1960, &#8220;\u0110\u1ec1n M\u1ea1ng&#8221; (A Time To Kill) b\u1eaft \u0111\u1ea7u b\u1eb1ng vi\u1ec7c Tonya, m\u1ed9t c\u00f4 b\u00e9 da \u0111en, m\u01b0\u1eddi tu\u1ed5i \u0111\u00e3 b\u1ecb hai thanh ni\u00ean da tr\u1eafng c\u01b0\u1ee1ng hi\u1ebfp v\u00e0 h\u00e0nh h\u1ea1 m\u1ed9t c\u00e1ch d\u00e3 man. Trong c\u01a1n ph\u1eabn n\u1ed9 v\u00e0 m\u1ea5t ni\u1ec1m tin v\u00e0o ph\u00e1p lu\u1eadt, Carl Lee Hailey &#8211; cha c\u00f4 b\u00e9 \u0111\u00e3 b\u1eafn ch\u1ebft hai k\u1ebb b\u1ea5t nh\u00e2n v\u00e0 l\u00e0m b\u1ecb th\u01b0\u01a1ng n\u1eb7ng m\u1ed9t c\u1ea3nh s\u00e1t. Anh b\u1ecb k\u1ebft t\u1ed9i gi\u1ebft ng\u01b0\u1eddi. Jake Tyler- m\u1ed9t lu\u1eadt s\u01b0 da tr\u1eafng, \u0111\u00e3 t\u00ecm m\u1ecdi c\u00e1ch b\u00e0o ch\u1eefa cho Carl.<br \/>\n&#8220;\u0110\u1ec1n M\u1ea1ng&#8221; (A Time To Kill) mang kh\u00f4ng kh\u00ed \u0111\u1eb7c tr\u01b0ng c\u1ee7a m\u1ed9t ti\u1ec3u thuy\u1ebft h\u00ecnh s\u1ef1: c\u0103ng th\u1eb3ng, u \u00e1m v\u00e0 c\u00f3 ph\u1ea7n n\u1eb7ng n\u1ec1, nh\u01b0ng c\u00e1ch t\u00e1c gi\u1ea3 khai th\u00e1c s\u00e2u t\u00e2m l\u00fd nh\u00e2n v\u1eadt c\u0169ng mang \u0111\u1ebfn nhi\u1ec1u c\u1ea3m x\u00fac s\u00e2u l\u1eafng cho \u0111\u1ed9c gi\u1ea3. M\u1ed7i b\u01b0\u1edbc \u0111i c\u1ee7a nh\u00e2n v\u1eadt \u0111\u1ec1u khi\u1ebfn ng\u01b0\u1eddi xem h\u1ed3i h\u1ed9p, lo l\u1eafng v\u00e0 ch\u1edd \u0111\u1ee3i nh\u1eefng \u0111i\u1ec1u s\u1ebd di\u1ec5n ra ti\u1ebfp theo. H\u1ea5p d\u1eabn v\u00e0 \u0111\u1ea7y nh\u00e2n v\u0103n, t\u00e1c ph\u1ea9m ph\u1ea3n \u00e1nh m\u1ed9t c\u00e1ch ch\u00e2n th\u1ef1c n\u1ea1n ph\u00e2n bi\u1ec7t ch\u1ee7ng t\u1ed9c v\u00e0 nh\u1eefng h\u1ec7 l\u1ee5y c\u1ee7a n\u00f3 \u0111\u1ed1i v\u1edbi cu\u1ed9c s\u1ed1ng c\u1ee7a nh\u1eefng ng\u01b0\u1eddi da \u0111en th\u1eddi \u0111i\u1ec3m \u0111\u00f3. H\u1ecd th\u1ea5p c\u1ed5 b\u00e9 h\u1ecdng, h\u1ecd b\u1ecb xem th\u01b0\u1eddng v\u00e0 ph\u00e1p lu\u1eadt d\u01b0\u1eddng nh\u01b0 ch\u1ec9 thu\u1ed9c v\u1ec1 nh\u1eefng ng\u01b0\u1eddi da tr\u1eafng. T\u00e1c ph\u1ea9m c\u00f2n mang \u0111\u1ebfn m\u1ed9t th\u00f4ng \u0111i\u1ec7p \u00fd ngh\u0129a: cu\u1ed9c chi\u1ebfn gi\u00e0nh c\u00f4ng l\u00fd ch\u01b0a bao gi\u1edd l\u00e0 m\u1ed9t cu\u1ed9c chi\u1ebfn d\u1ec5 d\u00e0ng, \u0111\u00f4i khi b\u1ea1n ph\u1ea3i tr\u1ea3 gi\u00e1 r\u1ea5t \u0111\u1eaft cho \u0111i\u1ec1u \u0111\u00f3. Nh\u01b0ng ch\u1ec9 c\u1ea7n ki\u00ean tr\u00ec v\u00e0 n\u1ed7 l\u1ef1c h\u1ebft s\u1ee9c, m\u1ed9t ng\u00e0y n\u00e0o \u0111\u00f3, nh\u1eefng \u0111i\u1ec1u t\u1ed1t \u0111\u1eb9p r\u1ed3i s\u1ebd \u0111\u1ebfn.<\/p>\n","protected":false},"excerpt":{"rendered":"<p>L\u1ea5y b\u1ed1i c\u1ea3nh m\u1ed9t th\u1ecb tr\u1ea5n nh\u1ecf \u1edf mi\u1ec1n Nam n\u01b0\u1edbc M\u1ef9 nh\u1eefng n\u0103m 1960, &#8220;\u0110\u1ec1n M\u1ea1ng&#8221; (A Time To Kill) b\u1eaft \u0111\u1ea7u b\u1eb1ng vi\u1ec7c Tonya, m\u1ed9t c\u00f4 b\u00e9 da \u0111en, m\u01b0\u1eddi tu\u1ed5i \u0111\u00e3 b\u1ecb hai thanh ni\u00ean da tr\u1eafng c\u01b0\u1ee1ng hi\u1ebfp v\u00e0 h\u00e0nh h\u1ea1 m\u1ed9t c\u00e1ch d\u00e3 man. Trong c\u01a1n ph\u1eabn n\u1ed9 v\u00e0 m\u1ea5t ni\u1ec1m tin v\u00e0o ph\u00e1p lu\u1eadt, Carl Lee Hailey &#8211; cha c\u00f4 b\u00e9 \u0111\u00e3 b\u1eafn ch\u1ebft hai k\u1ebb b\u1ea5t nh\u00e2n v\u00e0 l\u00e0m b\u1ecb th\u01b0\u01a1ng n\u1eb7ng m\u1ed9t c\u1ea3nh s\u00e1t. Anh b\u1ecb k\u1ebft t\u1ed9i gi\u1ebft ng\u01b0\u1eddi. Jake Tyler- m\u1ed9t lu\u1eadt s\u01b0 da tr\u1eafng, \u0111\u00e3 t\u00ecm m\u1ecdi c\u00e1ch b\u00e0o ch\u1eefa cho Carl.<br \/>\n&#8220;\u0110\u1ec1n M\u1ea1ng&#8221; (A Time To Kill) mang kh\u00f4ng kh\u00ed \u0111\u1eb7c tr\u01b0ng c\u1ee7a m\u1ed9t ti\u1ec3u thuy\u1ebft h\u00ecnh s\u1ef1: c\u0103ng th\u1eb3ng, u \u00e1m v\u00e0 c\u00f3 ph\u1ea7n n\u1eb7ng n\u1ec1, nh\u01b0ng c\u00e1ch t\u00e1c gi\u1ea3 khai th\u00e1c s\u00e2u t\u00e2m l\u00fd nh\u00e2n v\u1eadt c\u0169ng mang \u0111\u1ebfn nhi\u1ec1u c\u1ea3m x\u00fac s\u00e2u l\u1eafng cho \u0111\u1ed9c gi\u1ea3. M\u1ed7i b\u01b0\u1edbc \u0111i c\u1ee7a nh\u00e2n v\u1eadt \u0111\u1ec1u khi\u1ebfn ng\u01b0\u1eddi xem h\u1ed3i h\u1ed9p, lo l\u1eafng v\u00e0 ch\u1edd \u0111\u1ee3i nh\u1eefng \u0111i\u1ec1u s\u1ebd di\u1ec5n ra ti\u1ebfp theo. H\u1ea5p d\u1eabn v\u00e0 \u0111\u1ea7y nh\u00e2n v\u0103n, t\u00e1c ph\u1ea9m ph\u1ea3n \u00e1nh m\u1ed9t c\u00e1ch ch\u00e2n th\u1ef1c n\u1ea1n ph\u00e2n bi\u1ec7t ch\u1ee7ng t\u1ed9c v\u00e0 nh\u1eefng h\u1ec7 l\u1ee5y c\u1ee7a n\u00f3 \u0111\u1ed1i v\u1edbi cu\u1ed9c s\u1ed1ng c\u1ee7a nh\u1eefng ng\u01b0\u1eddi da \u0111en th\u1eddi \u0111i\u1ec3m \u0111\u00f3. H\u1ecd th\u1ea5p c\u1ed5 b\u00e9 h\u1ecdng, h\u1ecd b\u1ecb xem th\u01b0\u1eddng v\u00e0 ph\u00e1p lu\u1eadt d\u01b0\u1eddng nh\u01b0 ch\u1ec9 thu\u1ed9c v\u1ec1 nh\u1eefng ng\u01b0\u1eddi da tr\u1eafng. T\u00e1c ph\u1ea9m c\u00f2n mang \u0111\u1ebfn m\u1ed9t th\u00f4ng \u0111i\u1ec7p \u00fd ngh\u0129a: cu\u1ed9c chi\u1ebfn gi\u00e0nh c\u00f4ng l\u00fd ch\u01b0a bao gi\u1edd l\u00e0 m\u1ed9t cu\u1ed9c chi\u1ebfn d\u1ec5 d\u00e0ng, \u0111\u00f4i khi b\u1ea1n ph\u1ea3i tr\u1ea3 gi\u00e1 r\u1ea5t \u0111\u1eaft cho \u0111i\u1ec1u \u0111\u00f3. Nh\u01b0ng ch\u1ec9 c\u1ea7n ki\u00ean tr\u00ec v\u00e0 n\u1ed7 l\u1ef1c h\u1ebft s\u1ee9c, m\u1ed9t ng\u00e0y n\u00e0o \u0111\u00f3, nh\u1eefng \u0111i\u1ec1u t\u1ed1t \u0111\u1eb9p r\u1ed3i s\u1ebd \u0111\u1ebfn.<\/p>\n","protected":false},"featured_media":23210,"template":"","meta":{"_acf_changed":false},"product_brand":[],"product_cat":[15,72],"product_tag":[83],"class_list":{"0":"post-23211","1":"product","2":"type-product","3":"status-publish","4":"has-post-thumbnail","6":"product_cat-sach-danh-cho-nguoi-lon","7":"product_cat-trinh-tham-kinh-di","8":"product_tag-sach-moi-xuat-ban","10":"first","11":"outofstock","12":"taxable","13":"shipping-taxable","14":"purchasable","15":"product-type-simple"},"supplier_id":null,"supplier_sku":"","barcode":null,"atum_controlled":true,"out_stock_date":"2023-11-25 15:36:11","out_stock_threshold":null,"inheritable":false,"inbound_stock":0,"stock_on_hold":0,"sold_today":0,"sales_last_days":0,"reserved_stock":0,"customer_returns":0,"warehouse_damage":0,"lost_in_post":0,"other_logs":0,"out_stock_days":795,"lost_sales":0,"has_location":false,"update_date":"2026-01-28T23:11:13","atum_locations":[],"atum_stock_status":"outofstock","restock_status":false,"low_stock_amount":"","sales_update_date":"2026-01-28T23:11:13","calc_backorders":null,"acf":{"publisher":{"ID":1517,"post_author":"1","post_date":"2021-02-17 01:14:41","post_date_gmt":"2021-02-16 23:14:41","post_content":"","post_title":"NXB Tr\u1ebb","post_excerpt":"","post_status":"publish","comment_status":"closed","ping_status":"closed","post_password":"","post_name":"nxb-tre","to_ping":"","pinged":"","post_modified":"2021-02-17 01:14:41","post_modified_gmt":"2021-02-16 23:14:41","post_content_filtered":"","post_parent":0,"guid":"https:\/\/sachviet.eu\/nha-phat-hanh\/nxb-tre\/","menu_order":0,"post_type":"publisher","post_mime_type":"","comment_count":"0","filter":"raw"}},"_links":{"self":[{"href":"https:\/\/sachviet.eu\/en\/wp-json\/wp\/v2\/product\/23211","targetHints":{"allow":["GET"]}}],"collection":[{"href":"https:\/\/sachviet.eu\/en\/wp-json\/wp\/v2\/product"}],"about":[{"href":"https:\/\/sachviet.eu\/en\/wp-json\/wp\/v2\/types\/product"}],"wp:featuredmedia":[{"embeddable":true,"href":"https:\/\/sachviet.eu\/en\/wp-json\/wp\/v2\/media\/23210"}],"wp:attachment":[{"href":"https:\/\/sachviet.eu\/en\/wp-json\/wp\/v2\/media?parent=23211"}],"wp:term":[{"taxonomy":"product_brand","embeddable":true,"href":"https:\/\/sachviet.eu\/en\/wp-json\/wp\/v2\/product_brand?post=23211"},{"taxonomy":"product_cat","embeddable":true,"href":"https:\/\/sachviet.eu\/en\/wp-json\/wp\/v2\/product_cat?post=23211"},{"taxonomy":"product_tag","embeddable":true,"href":"https:\/\/sachviet.eu\/en\/wp-json\/wp\/v2\/product_tag?post=23211"}],"curies":[{"name":"wp","href":"https:\/\/api.w.org\/{rel}","templated":true}]}}