{"id":23209,"date":"2023-04-03T22:56:57","date_gmt":"2023-04-03T19:56:57","guid":{"rendered":"https:\/\/sachviet.eu\/shop\/boi-tham-cuoi-cung-john-grisham\/"},"modified":"2023-11-25T17:36:11","modified_gmt":"2023-11-25T15:36:11","slug":"boi-tham-cuoi-cung-john-grisham","status":"publish","type":"product","link":"https:\/\/sachviet.eu\/en\/shop\/boi-tham-cuoi-cung-john-grisham\/","title":{"rendered":"B\u1ed3i Th\u1ea9m Cu\u1ed1i C\u00f9ng &#8211; John Grisham"},"content":{"rendered":"<p>N\u0103m 1970, t\u1edd tu\u1ea7n b\u00e1o Th\u1eddi B\u00e1o H\u1ea1t Ford  b\u1ecb ph\u00e1 s\u1ea3n. Tr\u01b0\u1edbc s\u1ef1 kinh ng\u1ea1c c\u1ee7a nhi\u1ec1u ng\u01b0\u1eddi, Willie Traynor \u2013 m\u1ed9t th\u00e0nh ni\u00ean 23 tu\u1ed5i b\u1ecf h\u1ecdc \u0111\u1ea1i h\u1ecdc \u2013 \u0111\u00e3 mua l\u1ea1i quy\u1ec1n s\u1edf h\u1eefu t\u1edd b\u00e1o. Tu\u1ea7n b\u00e1o v\u1eabn ho\u1ea1t \u0111\u1ed9ng tr\u1ea7y tr\u1eadt cho \u0111\u1ebfn khi m\u1ed9t v\u1ee5 gi\u1ebft ng\u01b0\u1eddi d\u00e3 man x\u1ea3y ra. Willie Traynor \u0111\u00e3 theo d\u00f5i v\u00e0 \u0111\u0103ng t\u1ea3i m\u1ecdi chi ti\u1ebft kh\u1ee7ng khi\u1ebfp quanh v\u1ee5 \u00e1n \u0111\u00f3, v\u00e0 t\u1edd b\u00e1o d\u1ea7n h\u1ed3i sinh, ph\u00e1t tri\u1ec3n m\u1ea1nh m\u1ebd. K\u1ebb gi\u1ebft ng\u01b0\u1eddi, Daniel Padgitt, \u0111\u00e3 b\u1ecb x\u00e9t x\u1eed tr\u01b0\u1edbc m\u1ed9t t\u00f2a \u00e1n ch\u1eadt c\u1ee9ng ng\u01b0\u1eddi d\u1ef1 kh\u00e1n \u1edf Clanton, Mississippi. Phi\u00ean t\u00f2a di\u1ec5n ra \u0111\u1ea7y k\u1ecbch t\u00ednh, b\u1ecb c\u00e1o b\u1ecb \u0111o\u00e0n b\u1ed3i th\u1ea9m ra ph\u00e1n quy\u1ebft c\u00f3 t\u1ed9i b\u1ea5t ch\u1ea5p m\u1ecdi kh\u00e1ng ngh\u1ecb, v\u00e0 \u0111\u00e3 nh\u1eadn \u00e1n chung th\u00e2n.<\/p>\n<p>Ch\u00edn n\u0103m sau, Daniel Padgitt \u0111\u00e3 xoay s\u1edf \u0111\u1ec3 \u0111\u01b0\u1ee3c \u00e2n x\u00e1 v\u00e0 tr\u1edf l\u1ea1i H\u1ea1t Ford. T\u1eeb \u0111\u00f3, nh\u1eefng v\u1ee5 \u00e1m s\u00e1t nh\u1eafm v\u00e0o c\u00e1c b\u1ed3i th\u1ea9m b\u1eaft \u0111\u1ea7u, gieo r\u1eafc n\u1ed7i kinh ho\u00e0ng trong kh\u1eafp th\u1ecb tr\u1ea5n nh\u1ecf b\u00e9 n\u00e0y.<\/p>\n","protected":false},"excerpt":{"rendered":"<p>N\u0103m 1970, t\u1edd tu\u1ea7n b\u00e1o Th\u1eddi B\u00e1o H\u1ea1t Ford  b\u1ecb ph\u00e1 s\u1ea3n. Tr\u01b0\u1edbc s\u1ef1 kinh ng\u1ea1c c\u1ee7a nhi\u1ec1u ng\u01b0\u1eddi, Willie Traynor \u2013 m\u1ed9t th\u00e0nh ni\u00ean 23 tu\u1ed5i b\u1ecf h\u1ecdc \u0111\u1ea1i h\u1ecdc \u2013 \u0111\u00e3 mua l\u1ea1i quy\u1ec1n s\u1edf h\u1eefu t\u1edd b\u00e1o. Tu\u1ea7n b\u00e1o v\u1eabn ho\u1ea1t \u0111\u1ed9ng tr\u1ea7y tr\u1eadt cho \u0111\u1ebfn khi m\u1ed9t v\u1ee5 gi\u1ebft ng\u01b0\u1eddi d\u00e3 man x\u1ea3y ra. Willie Traynor \u0111\u00e3 theo d\u00f5i v\u00e0 \u0111\u0103ng t\u1ea3i m\u1ecdi chi ti\u1ebft kh\u1ee7ng khi\u1ebfp quanh v\u1ee5 \u00e1n \u0111\u00f3, v\u00e0 t\u1edd b\u00e1o d\u1ea7n h\u1ed3i sinh, ph\u00e1t tri\u1ec3n m\u1ea1nh m\u1ebd. K\u1ebb gi\u1ebft ng\u01b0\u1eddi, Daniel Padgitt, \u0111\u00e3 b\u1ecb x\u00e9t x\u1eed tr\u01b0\u1edbc m\u1ed9t t\u00f2a \u00e1n ch\u1eadt c\u1ee9ng ng\u01b0\u1eddi d\u1ef1 kh\u00e1n \u1edf Clanton, Mississippi. Phi\u00ean t\u00f2a di\u1ec5n ra \u0111\u1ea7y k\u1ecbch t\u00ednh, b\u1ecb c\u00e1o b\u1ecb \u0111o\u00e0n b\u1ed3i th\u1ea9m ra ph\u00e1n quy\u1ebft c\u00f3 t\u1ed9i b\u1ea5t ch\u1ea5p m\u1ecdi kh\u00e1ng ngh\u1ecb, v\u00e0 \u0111\u00e3 nh\u1eadn \u00e1n chung th\u00e2n.<\/p>\n<p>Ch\u00edn n\u0103m sau, Daniel Padgitt \u0111\u00e3 xoay s\u1edf \u0111\u1ec3 \u0111\u01b0\u1ee3c \u00e2n x\u00e1 v\u00e0 tr\u1edf l\u1ea1i H\u1ea1t Ford. T\u1eeb \u0111\u00f3, nh\u1eefng v\u1ee5 \u00e1m s\u00e1t nh\u1eafm v\u00e0o c\u00e1c b\u1ed3i th\u1ea9m b\u1eaft \u0111\u1ea7u, gieo r\u1eafc n\u1ed7i kinh ho\u00e0ng trong kh\u1eafp th\u1ecb tr\u1ea5n nh\u1ecf b\u00e9 n\u00e0y.<\/p>\n","protected":false},"featured_media":23208,"template":"","meta":{"_acf_changed":false},"product_brand":[],"product_cat":[15,72],"product_tag":[83],"class_list":{"0":"post-23209","1":"product","2":"type-product","3":"status-publish","4":"has-post-thumbnail","6":"product_cat-sach-danh-cho-nguoi-lon","7":"product_cat-trinh-tham-kinh-di","8":"product_tag-sach-moi-xuat-ban","10":"first","11":"outofstock","12":"taxable","13":"shipping-taxable","14":"purchasable","15":"product-type-simple"},"supplier_id":null,"supplier_sku":"","barcode":null,"atum_controlled":true,"out_stock_date":"2023-11-25 15:36:11","out_stock_threshold":null,"inheritable":false,"inbound_stock":0,"stock_on_hold":0,"sold_today":0,"sales_last_days":0,"reserved_stock":0,"customer_returns":0,"warehouse_damage":0,"lost_in_post":0,"other_logs":0,"out_stock_days":795,"lost_sales":0,"has_location":false,"update_date":"2026-01-28T23:11:13","atum_locations":[],"atum_stock_status":"outofstock","restock_status":false,"low_stock_amount":"","sales_update_date":"2026-01-28T23:11:13","calc_backorders":null,"acf":{"publisher":{"ID":1517,"post_author":"1","post_date":"2021-02-17 01:14:41","post_date_gmt":"2021-02-16 23:14:41","post_content":"","post_title":"NXB Tr\u1ebb","post_excerpt":"","post_status":"publish","comment_status":"closed","ping_status":"closed","post_password":"","post_name":"nxb-tre","to_ping":"","pinged":"","post_modified":"2021-02-17 01:14:41","post_modified_gmt":"2021-02-16 23:14:41","post_content_filtered":"","post_parent":0,"guid":"https:\/\/sachviet.eu\/nha-phat-hanh\/nxb-tre\/","menu_order":0,"post_type":"publisher","post_mime_type":"","comment_count":"0","filter":"raw"}},"_links":{"self":[{"href":"https:\/\/sachviet.eu\/en\/wp-json\/wp\/v2\/product\/23209","targetHints":{"allow":["GET"]}}],"collection":[{"href":"https:\/\/sachviet.eu\/en\/wp-json\/wp\/v2\/product"}],"about":[{"href":"https:\/\/sachviet.eu\/en\/wp-json\/wp\/v2\/types\/product"}],"wp:featuredmedia":[{"embeddable":true,"href":"https:\/\/sachviet.eu\/en\/wp-json\/wp\/v2\/media\/23208"}],"wp:attachment":[{"href":"https:\/\/sachviet.eu\/en\/wp-json\/wp\/v2\/media?parent=23209"}],"wp:term":[{"taxonomy":"product_brand","embeddable":true,"href":"https:\/\/sachviet.eu\/en\/wp-json\/wp\/v2\/product_brand?post=23209"},{"taxonomy":"product_cat","embeddable":true,"href":"https:\/\/sachviet.eu\/en\/wp-json\/wp\/v2\/product_cat?post=23209"},{"taxonomy":"product_tag","embeddable":true,"href":"https:\/\/sachviet.eu\/en\/wp-json\/wp\/v2\/product_tag?post=23209"}],"curies":[{"name":"wp","href":"https:\/\/api.w.org\/{rel}","templated":true}]}}