{"id":23205,"date":"2023-04-03T22:56:39","date_gmt":"2023-04-03T19:56:39","guid":{"rendered":"https:\/\/sachviet.eu\/shop\/ghi-chep-phap-y-nhung-cai-chet-bi-an\/"},"modified":"2023-11-27T21:06:00","modified_gmt":"2023-11-27T19:06:00","slug":"ghi-chep-phap-y-nhung-cai-chet-bi-an","status":"publish","type":"product","link":"https:\/\/sachviet.eu\/en\/shop\/ghi-chep-phap-y-nhung-cai-chet-bi-an\/","title":{"rendered":"Ghi Ch\u00e9p Ph\u00e1p Y &#8211; Nh\u1eefng C\u00e1i Ch\u1ebft B\u00ed \u1ea8n"},"content":{"rendered":"<p>L\u00e0m c\u00e1ch n\u00e0o \u0111\u1ec3 m\u1ed9t \u201cx\u00e1c ch\u1ebft l\u00ean ti\u1ebfng\u201d? &#8211; \u0111\u00f3 l\u00e0 c\u00f4ng vi\u1ec7c c\u1ee7a b\u00e1c s\u0129 ph\u00e1p y. <\/p>\n<p>\u201cGhi ch\u00e9p ph\u00e1p y &#8211; Nh\u1eefng c\u00e1i ch\u1ebft b\u00ed \u1ea9n\u201d l\u00e0 cu\u1ed1n s\u00e1ch n\u1eb1m trong h\u1ec7 li\u1ec7t v\u1edbi \u201cPh\u00e1p y T\u1ea7n Minh\u201d &#8211; b\u1ed9 ti\u1ec3u thuy\u1ebft n\u1ed5i \u0111\u00ecnh \u0111\u00e1m c\u1ee7a x\u1ee9 Trung \u0111\u00e3 \u0111\u01b0\u1ee3c chuy\u1ec3n th\u1ec3 th\u00e0nh series phim. Cu\u1ed1n s\u00e1ch t\u1ed5ng h\u1ee3p nh\u1eefng v\u1ee5 \u00e1n c\u00f3 th\u1eadt, \u0111\u01b0\u1ee3c vi\u1ebft b\u1edfi b\u00e1c s\u0129 ph\u00e1p y L\u01b0u Hi\u1ec3u Huy &#8211; ng\u01b0\u1eddi c\u00f3 15 n\u0103m kinh nghi\u1ec7m v\u00e0 t\u1eebng m\u1ed5 x\u1ebb h\u01a1n 800 t\u1eed thi. <\/p>\n<p>Tr\u1ea3i qua 15 c\u00e2u chuy\u1ec7n kinh ho\u00e0ng, cu\u1ed1n s\u00e1ch s\u1ebd \u0111\u01b0a b\u1ea1n b\u01b0\u1edbc v\u00e0o hi\u1ec7n tr\u01b0\u1eddng c\u1ee7a nh\u1eefng v\u1ee5 \u00e1n man r\u1ee3 nh\u01b0: x\u00e1c ch\u1ebft phi tang d\u01b0\u1edbi c\u00e1nh \u0111\u1ed3ng ng\u00f4, thi th\u1ec3 thi\u1ebfu n\u1eef kh\u00f4ng l\u00e0nh l\u1eb7n, x\u00e1c ch\u1ebft nh\u1ea7y nh\u1ee5a \u0111ang b\u1ecb gi\u00f2i b\u1ecd \u0111\u1ee5c kho\u00e9t hay m\u1ed9t thi th\u1ec3 co c\u1ee9ng trong m\u00e0ng b\u1ecdc nilon\u2026l\u1ea7n theo nh\u1eefng d\u1ea5u v\u1ebft, gh\u00e9p l\u1ea1i s\u1ef1 th\u1eadt t\u1eeb nh\u1eefng m\u1ea3nh v\u1ee5n thi th\u1ec3, nguy\u00ean nh\u00e2n c\u1ee7a c\u00e1i ch\u1ebft s\u1ebd d\u1ea7n \u0111\u01b0\u1ee3c h\u00e9 m\u1edf.<\/p>\n<p>M\u1ed7i v\u1ee5 \u00e1n \u0111\u1ec1u l\u00e0 m\u1ed9t \u1ea9n s\u1ed1, hi\u1ec7n tr\u01b0\u1eddng v\u1ee5 \u00e1n bao g\u1ed3m c\u1ea3 x\u00e1c ch\u1ebft ch\u00ednh l\u00e0 chi\u1ebfc ch\u00eca kh\u00f3a \u0111\u1ec3 truy t\u00ecm hung th\u1ee7 ngay c\u1ea3 khi n\u00f3 kh\u00f4ng c\u00f2n nguy\u00ean v\u1eb9n. V\u1eady l\u00e0m c\u00e1ch \u0111\u1ec3 c\u00e1c b\u00e1c s\u0129 ph\u00e1p y c\u00f3 th\u1ec3 x\u00e1c \u0111\u1ecbnh th\u01b0\u01a1ng t\u1eadt, c\u00e1c d\u1ea5u hi\u1ec7u c\u01a1 th\u1ec3 b\u1ecb x\u00e2m h\u1ea1i? Cu\u1ed1n s\u00e1ch n\u00e0y s\u1ebd tr\u00ecnh b\u00e0y nh\u1eefng ki\u1ebfn th\u1ee9c chuy\u00ean m\u00f4n v\u00e0 quy tr\u00ecnh x\u1eed l\u00fd v\u1ee5 \u00e1n, t\u1eeb hi\u1ec7n tr\u01b0\u1eddng v\u1ee5 \u00e1n \u0111\u1ebfn \u0111\u00e0i gi\u1ea3i ph\u1eabu, x\u00e9t nghi\u1ec7m n\u1ed9i t\u1ea1ng, ph\u00e2n t\u00edch ch\u1ea5t \u0111\u1ed9c\u2026 t\u1eebng b\u01b0\u1edbc t\u00ecm ra b\u00ed m\u1eadt \u1ea9n gi\u1ea5u sau m\u1ed7i t\u1eed thi, ph\u01a1i b\u00e0y nh\u1eefng manh m\u1ed1i li\u00ean quan \u0111\u1ebfn t\u1ed9i \u00e1c con ng\u01b0\u1eddi v\u00e0 l\u1ed7 h\u1ed5ng c\u1ee7a x\u00e3 h\u1ed9i.<\/p>\n<p>Kh\u00f4ng ch\u1ec9 thu\u1eadt l\u1ea1i nh\u1eefng v\u1ee5 \u00e1n v\u00e0 c\u00e1c ph\u01b0\u01a1ng ph\u00e1p ph\u00e1p y, cu\u1ed1n s\u00e1ch c\u00f2n ch\u1ee9a \u0111\u1ef1ng c\u1ea3m x\u00fac c\u1ee7a t\u00e1c gi\u1ea3 \u0111\u1ed1i v\u1edbi ngh\u1ec1 nghi\u1ec7p v\u00e0 s\u1ef1 m\u00e9o m\u00f3 c\u1ee7a b\u1ea3n ch\u1ea5t con ng\u01b0\u1eddi. Ch\u1eb3ng h\u1ea1n, m\u1ed9t \u0111\u1ee9a tr\u1ebb b\u1ec7nh n\u1eb7ng ph\u1ea3i \u0111au \u0111\u1edbn \u0111\u1ebfn th\u1ebf n\u00e0o khi b\u1ecb ng\u01b0\u1eddi nh\u00e0 \u0111em ra l\u00e0m c\u00f4ng c\u1ee5 \u0111\u1ec3 \u0111\u00f2i b\u1ed3i th\u01b0\u1eddng? Cu\u1ed1n s\u00e1ch s\u1ebd ph\u01a1i b\u00e0y nh\u1eefng g\u00f3c khu\u1ea5t c\u1ee7a x\u00e3 h\u1ed9i, nh\u1eefng h\u00e0nh vi th\u1ee7 \u00e1c, s\u1ef1 bi\u1ebfn ch\u1ea5t v\u00e0 m\u1ea5t nh\u00e2n t\u00ednh c\u1ee7a m\u1ed9t b\u1ed9 ph\u1eadn con ng\u01b0\u1eddi trong x\u00e3 h\u1ed9i.<\/p>\n<p>N\u1ebfu b\u1ea1n t\u00f2 m\u00f2 mu\u1ed1n bi\u1ebft c\u00e1ch \u0111\u00e1nh gi\u00e1 tu\u1ed5i c\u1ee7a ng\u01b0\u1eddi ch\u1ebft d\u1ef1a tr\u00ean m\u1ee9c \u0111\u1ed9 m\u00f2n r\u0103ng? Hay c\u00e1ch d\u00f9ng m\u1ed9t con gi\u00f2i t\u1eeb ng\u01b0\u1eddi ch\u1ebft \u0111\u1ec3 suy ra th\u1eddi \u0111i\u1ec3m ch\u00ednh x\u00e1c c\u1ee7a v\u1ee5 \u00e1n gi\u1ebft ng\u01b0\u1eddi? Hy v\u1ecdng cu\u1ed1n s\u00e1ch n\u00e0y s\u1ebd cho b\u1ea1n tr\u1ea3i nghi\u1ec7m kh\u00f3 qu\u00ean v\u1ec1 ngh\u1ec1 ph\u00e1p y.<\/p>\n","protected":false},"excerpt":{"rendered":"<p>L\u00e0m c\u00e1ch n\u00e0o \u0111\u1ec3 m\u1ed9t \u201cx\u00e1c ch\u1ebft l\u00ean ti\u1ebfng\u201d? &#8211; \u0111\u00f3 l\u00e0 c\u00f4ng vi\u1ec7c c\u1ee7a b\u00e1c s\u0129 ph\u00e1p y. <\/p>\n<p>\u201cGhi ch\u00e9p ph\u00e1p y &#8211; Nh\u1eefng c\u00e1i ch\u1ebft b\u00ed \u1ea9n\u201d l\u00e0 cu\u1ed1n s\u00e1ch n\u1eb1m trong h\u1ec7 li\u1ec7t v\u1edbi \u201cPh\u00e1p y T\u1ea7n Minh\u201d &#8211; b\u1ed9 ti\u1ec3u thuy\u1ebft n\u1ed5i \u0111\u00ecnh \u0111\u00e1m c\u1ee7a x\u1ee9 Trung \u0111\u00e3 \u0111\u01b0\u1ee3c chuy\u1ec3n th\u1ec3 th\u00e0nh series phim. Cu\u1ed1n s\u00e1ch t\u1ed5ng h\u1ee3p nh\u1eefng v\u1ee5 \u00e1n c\u00f3 th\u1eadt, \u0111\u01b0\u1ee3c vi\u1ebft b\u1edfi b\u00e1c s\u0129 ph\u00e1p y L\u01b0u Hi\u1ec3u Huy &#8211; ng\u01b0\u1eddi c\u00f3 15 n\u0103m kinh nghi\u1ec7m v\u00e0 t\u1eebng m\u1ed5 x\u1ebb h\u01a1n 800 t\u1eed thi. <\/p>\n<p>Tr\u1ea3i qua 15 c\u00e2u chuy\u1ec7n kinh ho\u00e0ng, cu\u1ed1n s\u00e1ch s\u1ebd \u0111\u01b0a b\u1ea1n b\u01b0\u1edbc v\u00e0o hi\u1ec7n tr\u01b0\u1eddng c\u1ee7a nh\u1eefng v\u1ee5 \u00e1n man r\u1ee3 nh\u01b0: x\u00e1c ch\u1ebft phi tang d\u01b0\u1edbi c\u00e1nh \u0111\u1ed3ng ng\u00f4, thi th\u1ec3 thi\u1ebfu n\u1eef kh\u00f4ng l\u00e0nh l\u1eb7n, x\u00e1c ch\u1ebft nh\u1ea7y nh\u1ee5a \u0111ang b\u1ecb gi\u00f2i b\u1ecd \u0111\u1ee5c kho\u00e9t hay m\u1ed9t thi th\u1ec3 co c\u1ee9ng trong m\u00e0ng b\u1ecdc nilon\u2026l\u1ea7n theo nh\u1eefng d\u1ea5u v\u1ebft, gh\u00e9p l\u1ea1i s\u1ef1 th\u1eadt t\u1eeb nh\u1eefng m\u1ea3nh v\u1ee5n thi th\u1ec3, nguy\u00ean nh\u00e2n c\u1ee7a c\u00e1i ch\u1ebft s\u1ebd d\u1ea7n \u0111\u01b0\u1ee3c h\u00e9 m\u1edf.<\/p>\n<p>M\u1ed7i v\u1ee5 \u00e1n \u0111\u1ec1u l\u00e0 m\u1ed9t \u1ea9n s\u1ed1, hi\u1ec7n tr\u01b0\u1eddng v\u1ee5 \u00e1n bao g\u1ed3m c\u1ea3 x\u00e1c ch\u1ebft ch\u00ednh l\u00e0 chi\u1ebfc ch\u00eca kh\u00f3a \u0111\u1ec3 truy t\u00ecm hung th\u1ee7 ngay c\u1ea3 khi n\u00f3 kh\u00f4ng c\u00f2n nguy\u00ean v\u1eb9n. V\u1eady l\u00e0m c\u00e1ch \u0111\u1ec3 c\u00e1c b\u00e1c s\u0129 ph\u00e1p y c\u00f3 th\u1ec3 x\u00e1c \u0111\u1ecbnh th\u01b0\u01a1ng t\u1eadt, c\u00e1c d\u1ea5u hi\u1ec7u c\u01a1 th\u1ec3 b\u1ecb x\u00e2m h\u1ea1i? Cu\u1ed1n s\u00e1ch n\u00e0y s\u1ebd tr\u00ecnh b\u00e0y nh\u1eefng ki\u1ebfn th\u1ee9c chuy\u00ean m\u00f4n v\u00e0 quy tr\u00ecnh x\u1eed l\u00fd v\u1ee5 \u00e1n, t\u1eeb hi\u1ec7n tr\u01b0\u1eddng v\u1ee5 \u00e1n \u0111\u1ebfn \u0111\u00e0i gi\u1ea3i ph\u1eabu, x\u00e9t nghi\u1ec7m n\u1ed9i t\u1ea1ng, ph\u00e2n t\u00edch ch\u1ea5t \u0111\u1ed9c\u2026 t\u1eebng b\u01b0\u1edbc t\u00ecm ra b\u00ed m\u1eadt \u1ea9n gi\u1ea5u sau m\u1ed7i t\u1eed thi, ph\u01a1i b\u00e0y nh\u1eefng manh m\u1ed1i li\u00ean quan \u0111\u1ebfn t\u1ed9i \u00e1c con ng\u01b0\u1eddi v\u00e0 l\u1ed7 h\u1ed5ng c\u1ee7a x\u00e3 h\u1ed9i.<\/p>\n<p>Kh\u00f4ng ch\u1ec9 thu\u1eadt l\u1ea1i nh\u1eefng v\u1ee5 \u00e1n v\u00e0 c\u00e1c ph\u01b0\u01a1ng ph\u00e1p ph\u00e1p y, cu\u1ed1n s\u00e1ch c\u00f2n ch\u1ee9a \u0111\u1ef1ng c\u1ea3m x\u00fac c\u1ee7a t\u00e1c gi\u1ea3 \u0111\u1ed1i v\u1edbi ngh\u1ec1 nghi\u1ec7p v\u00e0 s\u1ef1 m\u00e9o m\u00f3 c\u1ee7a b\u1ea3n ch\u1ea5t con ng\u01b0\u1eddi. Ch\u1eb3ng h\u1ea1n, m\u1ed9t \u0111\u1ee9a tr\u1ebb b\u1ec7nh n\u1eb7ng ph\u1ea3i \u0111au \u0111\u1edbn \u0111\u1ebfn th\u1ebf n\u00e0o khi b\u1ecb ng\u01b0\u1eddi nh\u00e0 \u0111em ra l\u00e0m c\u00f4ng c\u1ee5 \u0111\u1ec3 \u0111\u00f2i b\u1ed3i th\u01b0\u1eddng? Cu\u1ed1n s\u00e1ch s\u1ebd ph\u01a1i b\u00e0y nh\u1eefng g\u00f3c khu\u1ea5t c\u1ee7a x\u00e3 h\u1ed9i, nh\u1eefng h\u00e0nh vi th\u1ee7 \u00e1c, s\u1ef1 bi\u1ebfn ch\u1ea5t v\u00e0 m\u1ea5t nh\u00e2n t\u00ednh c\u1ee7a m\u1ed9t b\u1ed9 ph\u1eadn con ng\u01b0\u1eddi trong x\u00e3 h\u1ed9i.<\/p>\n<p>N\u1ebfu b\u1ea1n t\u00f2 m\u00f2 mu\u1ed1n bi\u1ebft c\u00e1ch \u0111\u00e1nh gi\u00e1 tu\u1ed5i c\u1ee7a ng\u01b0\u1eddi ch\u1ebft d\u1ef1a tr\u00ean m\u1ee9c \u0111\u1ed9 m\u00f2n r\u0103ng? Hay c\u00e1ch d\u00f9ng m\u1ed9t con gi\u00f2i t\u1eeb ng\u01b0\u1eddi ch\u1ebft \u0111\u1ec3 suy ra th\u1eddi \u0111i\u1ec3m ch\u00ednh x\u00e1c c\u1ee7a v\u1ee5 \u00e1n gi\u1ebft ng\u01b0\u1eddi? Hy v\u1ecdng cu\u1ed1n s\u00e1ch n\u00e0y s\u1ebd cho b\u1ea1n tr\u1ea3i nghi\u1ec7m kh\u00f3 qu\u00ean v\u1ec1 ngh\u1ec1 ph\u00e1p y.<\/p>\n","protected":false},"featured_media":23204,"template":"","meta":{"_acf_changed":false},"product_brand":[],"product_cat":[15,72],"product_tag":[83],"class_list":{"0":"post-23205","1":"product","2":"type-product","3":"status-publish","4":"has-post-thumbnail","6":"product_cat-sach-danh-cho-nguoi-lon","7":"product_cat-trinh-tham-kinh-di","8":"product_tag-sach-moi-xuat-ban","10":"first","11":"outofstock","12":"taxable","13":"shipping-taxable","14":"purchasable","15":"product-type-simple"},"supplier_id":null,"supplier_sku":"","barcode":null,"atum_controlled":true,"out_stock_date":"2023-11-27 19:06:00","out_stock_threshold":null,"inheritable":false,"inbound_stock":0,"stock_on_hold":0,"sold_today":0,"sales_last_days":0,"reserved_stock":0,"customer_returns":0,"warehouse_damage":0,"lost_in_post":0,"other_logs":0,"out_stock_days":793,"lost_sales":0,"has_location":false,"update_date":"2026-01-28T23:11:13","atum_locations":[],"atum_stock_status":"outofstock","restock_status":false,"low_stock_amount":"","sales_update_date":"2026-01-28T23:11:13","calc_backorders":null,"acf":{"publisher":{"ID":1785,"post_author":"1","post_date":"2021-02-17 01:54:46","post_date_gmt":"2021-02-16 23:54:46","post_content":"<!-- wp:flatsome\/uxbuilder -->\n<h1 style=\"text-align: center;\"><strong>AZ VIETNAM<\/strong><\/h1>\n[row]\n\n[col span=\"8\" span__sm=\"12\"]\n\n<p>Th\u00e0nh l\u1eadp n\u0103m: 2015<br \/>V\u1ed1n \u0111\u1ea7u t\u01b0: 4,000,000,000 \u0111\u1ed3ng<br \/><strong>L\u0129nh v\u1ef1c:<\/strong><br \/>- Xu\u1ea5t b\u1ea3n v\u00e0 ph\u00e1t h\u00e0nh v\u0103n h\u00f3a ph\u1ea9m<br \/>- Cung c\u1ea5p v\u0103n h\u00f3a ph\u1ea9m, c\u00e1c s\u1ea3n ph\u1ea9m cho in \u1ea5n, trang thi\u1ebft b\u1ecb cho c\u00e1c th\u01b0 vi\u1ec7n v\u00e0 trung t\u00e2m s\u00e1ch tr\u00ean c\u1ea3 n\u01b0\u1edbc.<br \/>- Th\u1eddi trang v\u00e0 c\u00e1c s\u1ea3n ph\u1ea9m li\u00ean quan \u0111\u1ebfn l\u0129nh v\u1ef1c th\u1eddi trang<br \/>- Xu\u1ea5t nh\u1eadp kh\u1ea9u c\u00e1c s\u1ea3n ph\u1ea9m v\u0103n h\u00f3a<\/p>\n<p><strong>Quy m\u00f4:<\/strong> 60 nh\u00e2n vi\u00ean<br \/>Kh\u1edfi ngu\u1ed3n c\u1ee7a AZ Vi\u1ec7t Nam ng\u00e0y nay l\u00e0 C\u00f4ng ty TNHH Trung t\u00e2m S\u00e1ch v\u00e0 Thi\u1ebft b\u1ecb Th\u01b0 vi\u1ec7n, v\u1edbi ho\u1ea1t \u0111\u1ed9ng \u0111\u1ea7u ti\u00ean l\u00e0 cung c\u1ea5p s\u00e1ch, trang thi\u1ebft b\u1ecb, v\u0103n h\u00f3a ph\u1ea9m cho c\u00e1c th\u01b0 vi\u1ec7n v\u00e0 trung t\u00e2m s\u00e1ch tr\u00ean c\u1ea3 n\u01b0\u1edbc. T\u1eeb cu\u1ed1i n\u0103m 2010 \u0111\u1ebfn nay, ch\u00fang t\u00f4i \u0111\u00e3 kh\u00f4ng ng\u1eebng n\u1ed7 l\u1ef1c khai ph\u00e1 v\u00e0 ph\u00e1t tri\u1ec3n c\u00e1c d\u00f2ng s\u1ea3n ph\u1ea9m m\u1edbi v\u1edbi 8 th\u01b0\u01a1ng hi\u1ec7u uy t\u00edn. \u0110\u1ec3 \u0111\u00e1p \u1ee9ng nhu c\u1ea7u ph\u00e1t tri\u1ec3n ng\u00e0y m\u1ed9t l\u1edbn m\u1ea1nh v\u00e0 t\u1eadp h\u1ee3p c\u00e1c th\u01b0\u01a1ng hi\u1ec7u \u0111\u00e3 \u0111\u01b0\u1ee3c ch\u00fang t\u00f4i x\u00e2y d\u1ef1ng, 2015 C\u00f4ng ty TNHH AZ Vi\u1ec7t Nam \u0111\u00e3 ra \u0111\u1eddi v\u1edbi s\u1ee9 m\u1ec7nh mang \u0111\u1ebfn nhi\u1ec1u h\u01a1n n\u1eefa nh\u1eefng gi\u00e1 tr\u1ecb tinh th\u1ea7n, tri th\u1ee9c ti\u00ean ti\u1ebfn cho ng\u01b0\u1eddi ti\u00eau d\u00f9ng b\u1eb1ng vi\u1ec7c cung c\u1ea5p nh\u1eefng s\u1ea3n ph\u1ea9m c\u00f3 ch\u1ea5t l\u01b0\u1ee3ng.<\/p>\n\n[\/col]\n[col span=\"4\" span__sm=\"12\"]\n\n[ux_image id=\"1836\" image_size=\"medium\"]\n\n\n[\/col]\n\n[\/row]\n\n<!-- \/wp:flatsome\/uxbuilder -->","post_title":"AZ Vi\u1ec7t Nam","post_excerpt":"","post_status":"publish","comment_status":"closed","ping_status":"closed","post_password":"","post_name":"az-viet-nam","to_ping":"","pinged":"","post_modified":"2021-02-17 22:07:10","post_modified_gmt":"2021-02-17 20:07:10","post_content_filtered":"","post_parent":0,"guid":"https:\/\/sachviet.eu\/nha-phat-hanh\/az-viet-nam\/","menu_order":0,"post_type":"publisher","post_mime_type":"","comment_count":"0","filter":"raw"}},"_links":{"self":[{"href":"https:\/\/sachviet.eu\/en\/wp-json\/wp\/v2\/product\/23205","targetHints":{"allow":["GET"]}}],"collection":[{"href":"https:\/\/sachviet.eu\/en\/wp-json\/wp\/v2\/product"}],"about":[{"href":"https:\/\/sachviet.eu\/en\/wp-json\/wp\/v2\/types\/product"}],"wp:featuredmedia":[{"embeddable":true,"href":"https:\/\/sachviet.eu\/en\/wp-json\/wp\/v2\/media\/23204"}],"wp:attachment":[{"href":"https:\/\/sachviet.eu\/en\/wp-json\/wp\/v2\/media?parent=23205"}],"wp:term":[{"taxonomy":"product_brand","embeddable":true,"href":"https:\/\/sachviet.eu\/en\/wp-json\/wp\/v2\/product_brand?post=23205"},{"taxonomy":"product_cat","embeddable":true,"href":"https:\/\/sachviet.eu\/en\/wp-json\/wp\/v2\/product_cat?post=23205"},{"taxonomy":"product_tag","embeddable":true,"href":"https:\/\/sachviet.eu\/en\/wp-json\/wp\/v2\/product_tag?post=23205"}],"curies":[{"name":"wp","href":"https:\/\/api.w.org\/{rel}","templated":true}]}}