{"id":23196,"date":"2023-04-03T22:56:05","date_gmt":"2023-04-03T19:56:05","guid":{"rendered":"https:\/\/sachviet.eu\/shop\/khong-the-dung-buoc\/"},"modified":"2025-09-13T10:04:20","modified_gmt":"2025-09-13T07:04:20","slug":"khong-the-dung-buoc","status":"publish","type":"product","link":"https:\/\/sachviet.eu\/en\/shop\/khong-the-dung-buoc\/","title":{"rendered":"Kh\u00f4ng Th\u1ec3 D\u1eebng B\u01b0\u1edbc"},"content":{"rendered":"<p>\u0110\u00e2y kh\u00f4ng ph\u1ea3i l\u00e0 m\u1ed9t cu\u1ed1n s\u00e1ch m\u1edbi. Harari \u0111\u00e3 vi\u1ebft l\u1ea1i cu\u1ed1n Sapiens, vi\u1ebft m\u1ed9t c\u00e1ch vui v\u1ebb, h\u00f3m h\u1ec9nh, th\u00f4ng minh, nh\u1eb9 nh\u00e0ng, d\u1ec5 hi\u1ec3u, \u0111\u1ec3 m\u1ed9t b\u1ea1n nh\u1ecf kho\u1ea3ng 8 tu\u1ed5i \u0111\u1ecdc c\u0169ng c\u00f3 th\u1ec3 hi\u1ec3u \u0111\u01b0\u1ee3c. M\u00ecnh c\u1ef1c k\u00ec c\u1ef1c k\u00ec th\u00edch c\u00e1ch Harari k\u1ec3 nh\u1eefng c\u00e2u chuy\u1ec7n l\u1ecbch s\u1eed. C\u00e1ch anh nh\u00ecn nh\u1eadn v\u00e0 ki\u1ebfn gi\u1ea3i c\u00e1c s\u1ef1 ki\u1ec7n l\u1ecbch s\u1eed. <\/p>\n<p>Th\u00f4ng tin trong s\u00e1ch kh\u00f4ng c\u00f3 g\u00ec l\u00e0 m\u1edbi. Nh\u01b0ng \u0111\u1ec3 \u0111\u01b0a cu\u1ed1n s\u00e1ch \u0111\u1ebfn \u0111\u01b0\u1ee3c v\u1edbi \u0111\u00f4ng \u0111\u1ea3o \u0111\u1ed9c gi\u1ea3, \u0111\u1eb7c bi\u1ec7t l\u00e0 \u0111\u1ed9c gi\u1ea3 nh\u1ecf tu\u1ed5i, kh\u00f4ng ph\u1ea3i l\u00e0 vi\u1ec7c d\u1ec5 d\u00e0ng. C\u00f3 nh\u1eefng cu\u1ed1n s\u00e1ch b\u1ecb t\u1eeb ch\u1ed1i ngay t\u1eeb ti\u00eau \u0111\u1ec1, ho\u1eb7c t\u1eeb nh\u1eefng trang \u0111\u1ea7u ti\u00ean. C\u00f3 nh\u1eefng b\u00e0i gi\u1ea3ng m\u00e0 sinh vi\u00ean ng\u1ee7 ngay t\u1eeb khi gi\u1ea3ng vi\u00ean b\u1eaft \u0111\u1ea7u c\u1ea5t ti\u1ebfng. <\/p>\n<p>S\u00e1ch c\u1ee7a Harari th\u00ec kh\u00e1c. B\u1ea1n c\u0169ng kh\u00f4ng th\u1ec3 d\u1eebng l\u1ea1i cho \u0111\u1ebfn trang cu\u1ed1i c\u00f9ng. <\/p>\n","protected":false},"excerpt":{"rendered":"<p>\u0110\u00e2y kh\u00f4ng ph\u1ea3i l\u00e0 m\u1ed9t cu\u1ed1n s\u00e1ch m\u1edbi. Harari \u0111\u00e3 vi\u1ebft l\u1ea1i cu\u1ed1n Sapiens, vi\u1ebft m\u1ed9t c\u00e1ch vui v\u1ebb, h\u00f3m h\u1ec9nh, th\u00f4ng minh, nh\u1eb9 nh\u00e0ng, d\u1ec5 hi\u1ec3u, \u0111\u1ec3 m\u1ed9t b\u1ea1n nh\u1ecf kho\u1ea3ng 8 tu\u1ed5i \u0111\u1ecdc c\u0169ng c\u00f3 th\u1ec3 hi\u1ec3u \u0111\u01b0\u1ee3c. M\u00ecnh c\u1ef1c k\u00ec c\u1ef1c k\u00ec th\u00edch c\u00e1ch Harari k\u1ec3 nh\u1eefng c\u00e2u chuy\u1ec7n l\u1ecbch s\u1eed. C\u00e1ch anh nh\u00ecn nh\u1eadn v\u00e0 ki\u1ebfn gi\u1ea3i c\u00e1c s\u1ef1 ki\u1ec7n l\u1ecbch s\u1eed. <\/p>\n<p>Th\u00f4ng tin trong s\u00e1ch kh\u00f4ng c\u00f3 g\u00ec l\u00e0 m\u1edbi. Nh\u01b0ng \u0111\u1ec3 \u0111\u01b0a cu\u1ed1n s\u00e1ch \u0111\u1ebfn \u0111\u01b0\u1ee3c v\u1edbi \u0111\u00f4ng \u0111\u1ea3o \u0111\u1ed9c gi\u1ea3, \u0111\u1eb7c bi\u1ec7t l\u00e0 \u0111\u1ed9c gi\u1ea3 nh\u1ecf tu\u1ed5i, kh\u00f4ng ph\u1ea3i l\u00e0 vi\u1ec7c d\u1ec5 d\u00e0ng. C\u00f3 nh\u1eefng cu\u1ed1n s\u00e1ch b\u1ecb t\u1eeb ch\u1ed1i ngay t\u1eeb ti\u00eau \u0111\u1ec1, ho\u1eb7c t\u1eeb nh\u1eefng trang \u0111\u1ea7u ti\u00ean. C\u00f3 nh\u1eefng b\u00e0i gi\u1ea3ng m\u00e0 sinh vi\u00ean ng\u1ee7 ngay t\u1eeb khi gi\u1ea3ng vi\u00ean b\u1eaft \u0111\u1ea7u c\u1ea5t ti\u1ebfng. <\/p>\n<p>S\u00e1ch c\u1ee7a Harari th\u00ec kh\u00e1c. B\u1ea1n c\u0169ng kh\u00f4ng th\u1ec3 d\u1eebng l\u1ea1i cho \u0111\u1ebfn trang cu\u1ed1i c\u00f9ng.<\/p>\n","protected":false},"featured_media":23195,"template":"","meta":{"_acf_changed":false},"product_brand":[],"product_cat":[18],"product_tag":[],"class_list":{"0":"post-23196","1":"product","2":"type-product","3":"status-publish","4":"has-post-thumbnail","6":"product_cat-kinh-te","8":"first","9":"instock","10":"taxable","11":"shipping-taxable","12":"purchasable","13":"product-type-simple"},"supplier_id":null,"supplier_sku":"","barcode":null,"atum_controlled":true,"out_stock_date":null,"out_stock_threshold":null,"inheritable":false,"inbound_stock":0,"stock_on_hold":0,"sold_today":0,"sales_last_days":0,"reserved_stock":0,"customer_returns":0,"warehouse_damage":0,"lost_in_post":0,"other_logs":0,"out_stock_days":0,"lost_sales":0,"has_location":false,"update_date":"2026-01-28T23:11:30","atum_locations":[],"atum_stock_status":"instock","restock_status":false,"low_stock_amount":"","sales_update_date":"2026-01-28T23:11:30","calc_backorders":null,"acf":{"publisher":{"ID":17665,"post_author":"1","post_date":"2022-04-04 17:29:09","post_date_gmt":"2022-04-04 14:29:09","post_content":"","post_title":"Omega Plus","post_excerpt":"","post_status":"publish","comment_status":"closed","ping_status":"closed","post_password":"","post_name":"omega-plus","to_ping":"","pinged":"","post_modified":"2022-04-04 17:29:09","post_modified_gmt":"2022-04-04 14:29:09","post_content_filtered":"","post_parent":0,"guid":"https:\/\/sachviet.eu\/nha-phat-hanh\/omega-plus\/","menu_order":0,"post_type":"publisher","post_mime_type":"","comment_count":"0","filter":"raw"}},"_links":{"self":[{"href":"https:\/\/sachviet.eu\/en\/wp-json\/wp\/v2\/product\/23196","targetHints":{"allow":["GET"]}}],"collection":[{"href":"https:\/\/sachviet.eu\/en\/wp-json\/wp\/v2\/product"}],"about":[{"href":"https:\/\/sachviet.eu\/en\/wp-json\/wp\/v2\/types\/product"}],"wp:featuredmedia":[{"embeddable":true,"href":"https:\/\/sachviet.eu\/en\/wp-json\/wp\/v2\/media\/23195"}],"wp:attachment":[{"href":"https:\/\/sachviet.eu\/en\/wp-json\/wp\/v2\/media?parent=23196"}],"wp:term":[{"taxonomy":"product_brand","embeddable":true,"href":"https:\/\/sachviet.eu\/en\/wp-json\/wp\/v2\/product_brand?post=23196"},{"taxonomy":"product_cat","embeddable":true,"href":"https:\/\/sachviet.eu\/en\/wp-json\/wp\/v2\/product_cat?post=23196"},{"taxonomy":"product_tag","embeddable":true,"href":"https:\/\/sachviet.eu\/en\/wp-json\/wp\/v2\/product_tag?post=23196"}],"curies":[{"name":"wp","href":"https:\/\/api.w.org\/{rel}","templated":true}]}}