{"id":23194,"date":"2023-04-03T22:56:00","date_gmt":"2023-04-03T19:56:00","guid":{"rendered":"https:\/\/sachviet.eu\/shop\/sach-tu-iq-den-eq-nam-bat-thanh-cong-qua-tri-tue-cam-xuc\/"},"modified":"2023-04-18T10:47:07","modified_gmt":"2023-04-18T07:47:07","slug":"sach-tu-iq-den-eq-nam-bat-thanh-cong-qua-tri-tue-cam-xuc","status":"publish","type":"product","link":"https:\/\/sachviet.eu\/en\/shop\/sach-tu-iq-den-eq-nam-bat-thanh-cong-qua-tri-tue-cam-xuc\/","title":{"rendered":"S\u00e1ch T\u1eeb IQ \u0111\u1ebfn EQ \u2013 n\u1eafm b\u1eaft th\u00e0nh c\u00f4ng qua tr\u00ed tu\u1ec7 c\u1ea3m x\u00fac"},"content":{"rendered":"<p>Nh\u00e0 \u0111\u1ea1o \u0111\u1ee9c h\u1ecdc Aristore t\u1eebng nh\u1eadn \u0111\u1ecbnh: \u201cB\u1ea5t c\u1ee9 ai c\u0169ng c\u00f3 th\u1ec3 tr\u1edf n\u00ean gi\u1eadn d\u1eef \u2013 \u0111\u00f3 l\u00e0 \u0111i\u1ec1u r\u1ea5t d\u1ec5 x\u1ea3y ra. Tuy nhi\u00ean, \u0111\u1ec3 gi\u1eadn \u0111\u00fang ng\u01b0\u1eddi, v\u1edbi m\u1ee9c \u0111\u1ed9 th\u00edch h\u1ee3p, \u0111\u00fang th\u1eddi \u0111i\u1ec3m, v\u00ec nh\u1eefng l\u00fd do ch\u00ednh \u0111\u00e1ng v\u00e0 bi\u1ec3u l\u1ed9 s\u1ef1 t\u1ee9c gi\u1eadn \u0111\u00fang c\u00e1ch \u2013 l\u1ea1i l\u00e0 \u0111i\u1ec1u kh\u00f4ng d\u1ec5.\u201d<br \/>\nM\u1ed9t s\u1ed1 ng\u01b0\u1eddi ngh\u0129 r\u1eb1ng c\u1ea3m x\u00fac ch\u1ec9 \u0111\u00f3ng vai tr\u00f2 gi\u00fap con ng\u01b0\u1eddi th\u1ec3 hi\u1ec7n s\u1ef1 \u201ch\u1ef7, n\u1ed9, \u00e1i, \u1ed1\u201d. Tuy nhi\u00ean, tr\u00ean th\u1ef1c t\u1ebf, c\u00e1c c\u1ea3m x\u00fac xu\u1ea5t hi\u1ec7n \u1edf m\u1ecdi n\u01a1i: ch\u00fang \u0111\u1ecbnh h\u00ecnh c\u00e1c quy\u1ebft \u0111\u1ecbnh c\u1ee7a ta, gi\u00fap ta c\u1ea3m nh\u1eadn th\u1ebf gi\u1edbi, v\u00e0 \u0111\u00f3ng vai tr\u00f2 quan tr\u1ecdng trong b\u1ea5t c\u1ee9 t\u01b0\u01a1ng t\u00e1c n\u00e0o c\u1ee7a ta v\u1edbi m\u1ecdi ng\u01b0\u1eddi. C\u00f3 m\u1ed9t \u0111i\u1ec1u ch\u00fang ta kh\u00f4ng th\u1ec3 ph\u1ee7 nh\u1eadn \u0111\u00f3 l\u00e0 c\u00f3 IQ cao th\u00f4i l\u00e0 ch\u01b0a \u0111\u1ee7, \u1edf th\u1eddi \u0111i\u1ec3m hi\u1ec7n t\u1ea1i khi \u0111\u1ea5t n\u01b0\u1edbc ng\u00e0y c\u00e0ng ph\u00e1t tri\u1ec3n nhi\u1ec1u h\u01a1n, m\u1ed9t ng\u01b0\u1eddi th\u00e0nh c\u00f4ng ph\u1ea3i s\u1edf h\u1eefu \u0111\u01b0\u1ee3c c\u1ea3 hai th\u1ee9: IQ v\u00e0 EQ.<br \/>\n\u201cT\u1eeb IQ \u0111\u1ebfn EQ\u201d l\u00e0 cu\u1ed1n s\u00e1ch s\u1ebd gi\u00fap b\u1ea1n nh\u1eadn bi\u1ebft v\u00e0 b\u1ed3i d\u01b0\u1ee1ng tr\u00ed tu\u1ec7 c\u1ea3m x\u00fac c\u1ee7a b\u1ea3n th\u00e2n, \u0111\u1ecbnh h\u00ecnh v\u00e0 ph\u00e1t tri\u1ec3n b\u1ea3n th\u00e2n, m\u1edf r\u1ed9ng m\u1ed1i quan h\u1ec7 x\u00e3 giao, c\u00e1ch ph\u00e1 v\u1ee1 nh\u1eefng c\u1ee5c di\u1ec7n b\u1ebf t\u1eafc, khai th\u00e1c v\u00e0 v\u1eadn d\u1ee5ng m\u1ed1i quan h\u1ec7 x\u00e3 giao v\u00e0 nh\u1eefng k\u1ef9 n\u0103ng \u0111\u1ec3 n\u00e2ng c\u1ea5p m\u1ed1i quan h\u1ec7 n\u00e0y m\u1ed9t c\u00e1ch t\u1ed1t \u0111\u1eb9p h\u01a1n.<br \/>\nV\u1eady cu\u1ed1n s\u00e1ch n\u00e0y ph\u00f9 h\u1ee3p v\u1edbi ai:<br \/>\n\u2022tB\u1ea5t c\u1ee9 ai \u0111ang g\u1eb7p kh\u00f3 kh\u0103n trong vi\u1ec7c t\u1ea1o d\u1ef1ng c\u00e1c m\u1ed1i quan h\u1ec7 c\u00e1 nh\u00e2n<br \/>\n\u2022tB\u1ea5t c\u1ee9 ai \u0111ang mu\u1ed1n c\u00e2n b\u1eb1ng l\u1ea1i c\u1ea3m x\u00fac c\u1ee7a m\u00ecnh.<br \/>\n\u2022tB\u1ea5t c\u1ee9 ai c\u1ed1 g\u1eafng ph\u00e1t tri\u1ec3n t\u1ed1i \u0111a n\u0103ng l\u1ef1c b\u1ea3n th\u00e2n.<br \/>\nChi\u1ebfn th\u1eafng b\u1ea3n th\u00e2n m\u00ecnh c\u1ee7a ng\u00e0y h\u00f4m qua, \u0111\u1ec3 th\u1ef1c hi\u1ec7n m\u1ee5c ti\u00eau, ngo\u00e0i vi\u1ec7c d\u1ef1a v\u00e0o n\u1ed7 l\u1ef1c c\u1ee7a b\u1ea3n th\u00e2n, b\u1ea1n c\u00f2n ph\u1ea3i b\u1ed3i d\u01b0\u1ee1ng n\u00e2ng cao khi\u1ebfn cho nh\u1eefng \u201cl\u00e1 c\u1ed5 phi\u1ebfu c\u1ea3m x\u00fac\u201d bi\u1ebfn th\u00e0nh tr\u00ed tu\u1ec7 c\u1ea3m x\u00fac c\u00f3 gi\u00e1 tr\u1ecb s\u1eed d\u1ee5ng th\u1eadt s\u1ef1.<br \/>\nHy v\u1ecdng sau khi \u0111\u1ecdc cu\u1ed1n s\u00e1ch n\u00e0y, c\u00e1c b\u1ea1n s\u1ebd bi\u1ebft \u0111\u01b0\u1ee3c c\u00e1ch ki\u1ec3m so\u00e1t v\u00e0 \u0111i\u1ec1u ch\u1ebf c\u1ea3m x\u00fac c\u1ee7a m\u00ecnh m\u1ed9t c\u00e1ch ph\u00f9 h\u1ee3p nh\u1ea5t.<\/p>\n<p>Gooda tin r\u1eb1ng cu\u1ed1n s\u00e1ch s\u1ebd mang l\u1ea1i ki\u1ebfn th\u1ee9c th\u1eadt b\u1ed5 \u00edch c\u00f9ng nh\u1eefng tr\u1ea3i nghi\u1ec7m th\u1eadt tuy\u1ec7t v\u1eddi, hy v\u1ecdng \u0111\u00e2y s\u1ebd l\u00e0 1 cu\u1ed1n s\u00e1ch qu\u00fd tr\u00ean k\u1ec7 s\u00e1ch c\u1ee7a b\u1ea1n!<\/p>\n","protected":false},"excerpt":{"rendered":"<p>Nh\u00e0 \u0111\u1ea1o \u0111\u1ee9c h\u1ecdc Aristore t\u1eebng nh\u1eadn \u0111\u1ecbnh: \u201cB\u1ea5t c\u1ee9 ai c\u0169ng c\u00f3 th\u1ec3 tr\u1edf n\u00ean gi\u1eadn d\u1eef \u2013 \u0111\u00f3 l\u00e0 \u0111i\u1ec1u r\u1ea5t d\u1ec5 x\u1ea3y ra. Tuy nhi\u00ean, \u0111\u1ec3 gi\u1eadn \u0111\u00fang ng\u01b0\u1eddi, v\u1edbi m\u1ee9c \u0111\u1ed9 th\u00edch h\u1ee3p, \u0111\u00fang th\u1eddi \u0111i\u1ec3m, v\u00ec nh\u1eefng l\u00fd do ch\u00ednh \u0111\u00e1ng v\u00e0 bi\u1ec3u l\u1ed9 s\u1ef1 t\u1ee9c gi\u1eadn \u0111\u00fang c\u00e1ch \u2013 l\u1ea1i l\u00e0 \u0111i\u1ec1u kh\u00f4ng d\u1ec5.\u201d<br \/>\nM\u1ed9t s\u1ed1 ng\u01b0\u1eddi ngh\u0129 r\u1eb1ng c\u1ea3m x\u00fac ch\u1ec9 \u0111\u00f3ng vai tr\u00f2 gi\u00fap con ng\u01b0\u1eddi th\u1ec3 hi\u1ec7n s\u1ef1 \u201ch\u1ef7, n\u1ed9, \u00e1i, \u1ed1\u201d. Tuy nhi\u00ean, tr\u00ean th\u1ef1c t\u1ebf, c\u00e1c c\u1ea3m x\u00fac xu\u1ea5t hi\u1ec7n \u1edf m\u1ecdi n\u01a1i: ch\u00fang \u0111\u1ecbnh h\u00ecnh c\u00e1c quy\u1ebft \u0111\u1ecbnh c\u1ee7a ta, gi\u00fap ta c\u1ea3m nh\u1eadn th\u1ebf gi\u1edbi, v\u00e0 \u0111\u00f3ng vai tr\u00f2 quan tr\u1ecdng trong b\u1ea5t c\u1ee9 t\u01b0\u01a1ng t\u00e1c n\u00e0o c\u1ee7a ta v\u1edbi m\u1ecdi ng\u01b0\u1eddi. C\u00f3 m\u1ed9t \u0111i\u1ec1u ch\u00fang ta kh\u00f4ng th\u1ec3 ph\u1ee7 nh\u1eadn \u0111\u00f3 l\u00e0 c\u00f3 IQ cao th\u00f4i l\u00e0 ch\u01b0a \u0111\u1ee7, \u1edf th\u1eddi \u0111i\u1ec3m hi\u1ec7n t\u1ea1i khi \u0111\u1ea5t n\u01b0\u1edbc ng\u00e0y c\u00e0ng ph\u00e1t tri\u1ec3n nhi\u1ec1u h\u01a1n, m\u1ed9t ng\u01b0\u1eddi th\u00e0nh c\u00f4ng ph\u1ea3i s\u1edf h\u1eefu \u0111\u01b0\u1ee3c c\u1ea3 hai th\u1ee9: IQ v\u00e0 EQ.<br \/>\n\u201cT\u1eeb IQ \u0111\u1ebfn EQ\u201d l\u00e0 cu\u1ed1n s\u00e1ch s\u1ebd gi\u00fap b\u1ea1n nh\u1eadn bi\u1ebft v\u00e0 b\u1ed3i d\u01b0\u1ee1ng tr\u00ed tu\u1ec7 c\u1ea3m x\u00fac c\u1ee7a b\u1ea3n th\u00e2n, \u0111\u1ecbnh h\u00ecnh v\u00e0 ph\u00e1t tri\u1ec3n b\u1ea3n th\u00e2n, m\u1edf r\u1ed9ng m\u1ed1i quan h\u1ec7 x\u00e3 giao, c\u00e1ch ph\u00e1 v\u1ee1 nh\u1eefng c\u1ee5c di\u1ec7n b\u1ebf t\u1eafc, khai th\u00e1c v\u00e0 v\u1eadn d\u1ee5ng m\u1ed1i quan h\u1ec7 x\u00e3 giao v\u00e0 nh\u1eefng k\u1ef9 n\u0103ng \u0111\u1ec3 n\u00e2ng c\u1ea5p m\u1ed1i quan h\u1ec7 n\u00e0y m\u1ed9t c\u00e1ch t\u1ed1t \u0111\u1eb9p h\u01a1n.<br \/>\nV\u1eady cu\u1ed1n s\u00e1ch n\u00e0y ph\u00f9 h\u1ee3p v\u1edbi ai:<br \/>\n\u2022tB\u1ea5t c\u1ee9 ai \u0111ang g\u1eb7p kh\u00f3 kh\u0103n trong vi\u1ec7c t\u1ea1o d\u1ef1ng c\u00e1c m\u1ed1i quan h\u1ec7 c\u00e1 nh\u00e2n<br \/>\n\u2022tB\u1ea5t c\u1ee9 ai \u0111ang mu\u1ed1n c\u00e2n b\u1eb1ng l\u1ea1i c\u1ea3m x\u00fac c\u1ee7a m\u00ecnh.<br \/>\n\u2022tB\u1ea5t c\u1ee9 ai c\u1ed1 g\u1eafng ph\u00e1t tri\u1ec3n t\u1ed1i \u0111a n\u0103ng l\u1ef1c b\u1ea3n th\u00e2n.<br \/>\nChi\u1ebfn th\u1eafng b\u1ea3n th\u00e2n m\u00ecnh c\u1ee7a ng\u00e0y h\u00f4m qua, \u0111\u1ec3 th\u1ef1c hi\u1ec7n m\u1ee5c ti\u00eau, ngo\u00e0i vi\u1ec7c d\u1ef1a v\u00e0o n\u1ed7 l\u1ef1c c\u1ee7a b\u1ea3n th\u00e2n, b\u1ea1n c\u00f2n ph\u1ea3i b\u1ed3i d\u01b0\u1ee1ng n\u00e2ng cao khi\u1ebfn cho nh\u1eefng \u201cl\u00e1 c\u1ed5 phi\u1ebfu c\u1ea3m x\u00fac\u201d bi\u1ebfn th\u00e0nh tr\u00ed tu\u1ec7 c\u1ea3m x\u00fac c\u00f3 gi\u00e1 tr\u1ecb s\u1eed d\u1ee5ng th\u1eadt s\u1ef1.<br \/>\nHy v\u1ecdng sau khi \u0111\u1ecdc cu\u1ed1n s\u00e1ch n\u00e0y, c\u00e1c b\u1ea1n s\u1ebd bi\u1ebft \u0111\u01b0\u1ee3c c\u00e1ch ki\u1ec3m so\u00e1t v\u00e0 \u0111i\u1ec1u ch\u1ebf c\u1ea3m x\u00fac c\u1ee7a m\u00ecnh m\u1ed9t c\u00e1ch ph\u00f9 h\u1ee3p nh\u1ea5t.<\/p>\n<p>Gooda tin r\u1eb1ng cu\u1ed1n s\u00e1ch s\u1ebd mang l\u1ea1i ki\u1ebfn th\u1ee9c th\u1eadt b\u1ed5 \u00edch c\u00f9ng nh\u1eefng tr\u1ea3i nghi\u1ec7m th\u1eadt tuy\u1ec7t v\u1eddi, hy v\u1ecdng \u0111\u00e2y s\u1ebd l\u00e0 1 cu\u1ed1n s\u00e1ch qu\u00fd tr\u00ean k\u1ec7 s\u00e1ch c\u1ee7a b\u1ea1n!<\/p>\n","protected":false},"featured_media":23193,"template":"","meta":{"_acf_changed":false},"product_brand":[],"product_cat":[18,15,46],"product_tag":[83],"class_list":{"0":"post-23194","1":"product","2":"type-product","3":"status-publish","4":"has-post-thumbnail","6":"product_cat-kinh-te","7":"product_cat-sach-danh-cho-nguoi-lon","8":"product_cat-ky-nang-song","9":"product_tag-sach-moi-xuat-ban","11":"first","12":"outofstock","13":"taxable","14":"shipping-taxable","15":"purchasable","16":"product-type-simple"},"supplier_id":null,"supplier_sku":"","barcode":null,"atum_controlled":true,"out_stock_date":"2023-04-18 07:47:07","out_stock_threshold":null,"inheritable":false,"inbound_stock":0,"stock_on_hold":0,"sold_today":0,"sales_last_days":0,"reserved_stock":0,"customer_returns":0,"warehouse_damage":0,"lost_in_post":0,"other_logs":0,"out_stock_days":1016,"lost_sales":0,"has_location":false,"update_date":"2026-01-28T23:11:13","atum_locations":[],"atum_stock_status":"outofstock","restock_status":false,"low_stock_amount":"","sales_update_date":"2026-01-28T23:11:13","calc_backorders":null,"acf":{"publisher":{"ID":1460,"post_author":"1","post_date":"2021-02-17 01:12:24","post_date_gmt":"2021-02-16 23:12:24","post_content":"<!-- wp:flatsome\/uxbuilder -->\n<h1 style=\"text-align: center;\"><strong>Skybooks<\/strong><\/h1>\n[row]\n\n[col span=\"7\" span__sm=\"12\"]\n\n<p>C\u00f4ng ty ph\u00e1t h\u00e0nh s\u00e1ch Skybooks. \"T\u00f4i tr\u1ebb, t\u00f4i \u0111am m\u00ea\" v\u1edbi s\u1ee9 m\u1ec7nh lan to\u1ea3 c\u1ea3m x\u00fac v\u00e0 k\u1ebft n\u1ed1i t\u00e2m h\u1ed3n<\/p>\n<p><strong>Skybooks l\u00e0 c\u00e2u chuy\u1ec7n k\u1ec3 v\u1ec1:<\/strong><br \/>M\u1ed9t th\u1ebf h\u1ec7 ng\u01b0\u1eddi vi\u1ebft tr\u1ebb, \u0111am m\u00ea v\u0103n ch\u01b0\u01a1ng v\u00e0 t\u00f4n tr\u1ecdng, g\u00ecn gi\u1eef, s\u00e1ng t\u1ea1o Ti\u1ebfng Vi\u1ec7t. M\u1ed9t th\u1ebf h\u1ec7 \u0111\u1ed9c gi\u1ea3 tr\u1ebb, \u0111am m\u00ea kh\u00e1m ph\u00e1 ng\u00f4n ng\u1eef v\u00e0 say m\u00ea \u0111\u1ebfn v\u1edbi th\u1ebf gi\u1edbi c\u1ee7a nh\u1eefng quy\u1ec3n s\u00e1ch. M\u1ed9t th\u1ebf h\u1ec7 ng\u01b0\u1eddi l\u00e0m s\u00e1ch tr\u1ebb, \u0111am m\u00ea mang nh\u1eefng gi\u00e1 tr\u1ecb tinh th\u1ea7n l\u1ea1i g\u1ea7n ng\u01b0\u1eddi \u0111\u1ecdc.<br \/>Trong b\u1ed9 nh\u1eadn d\u1ea1ng th\u01b0\u01a1ng hi\u1ec7u:<br \/>Skybooks v\u1edbi ch\u1eef Sky m\u00e0u xanh da tr\u1eddi c\u00f3 \u00fd ngh\u0129a l\u00e0 c\u00f4ng ty B\u1ea7u Tr\u1eddi - n\u01a1i t\u1ea5t c\u1ea3 \u01b0\u1edbc m\u01a1 \u0111\u01b0\u1ee3c t\u1ef1 do tung c\u00e1nh.<br \/>V\u1edbi logo h\u00ecnh hoa b\u1ed3 c\u00f4ng anh \u0111ang bay t\u01b0\u1ee3ng tr\u01b0ng cho s\u1ef1 lan to\u1ea3 c\u1ea3m x\u00fac v\u00e0 kh\u00e1t v\u1ecdng bay cao.<br \/>K\u1ebb v\u1ea1ch logo c\u00f3 n\u1ec1n m\u00e0u ghi x\u00e1m xu\u1ea5t hi\u1ec7n tr\u00ean b\u00eca m\u1ecdi \u1ea5n ph\u1ea9m th\u1ec3 hi\u1ec7n con \u0111\u01b0\u1eddng b\u01b0\u1edbc v\u00e0o th\u1ecb tr\u01b0\u1eddng s\u00e1ch v\u00e0 chinh ph\u1ee5c \u0111\u1ed9c gi\u1ea3 l\u00e0 m\u1ed9t h\u00e0nh tr\u00ecnh d\u00e0i, \u0111\u1ea7y gian kh\u00f3, c\u00f3 nhi\u1ec1u b\u00e3o t\u1ed1, nh\u01b0ng ch\u1ec9 c\u1ea7n n\u1ed7 l\u1ef1c c\u1ed1 g\u1eafng nh\u1ea5t \u0111\u1ecbnh s\u1ebd ngo\u1ea1n m\u1ee5c v\u01b0\u1ee3t qua. \u0110\u1ec3 kh\u1eb3ng \u0111\u1ecbnh v\u00e0 ch\u1ee9ng minh ch\u00ednh m\u00ecnh!<\/p>\n\n[\/col]\n[col span=\"5\" span__sm=\"12\"]\n\n[ux_image id=\"1825\" image_size=\"medium\"]\n\n\n[\/col]\n\n[\/row]\n\n<!-- \/wp:flatsome\/uxbuilder -->","post_title":"Skybooks","post_excerpt":"","post_status":"publish","comment_status":"closed","ping_status":"closed","post_password":"","post_name":"skybooks","to_ping":"","pinged":"","post_modified":"2021-02-17 01:57:31","post_modified_gmt":"2021-02-16 23:57:31","post_content_filtered":"","post_parent":0,"guid":"https:\/\/sachviet.eu\/nha-phat-hanh\/skybooks\/","menu_order":0,"post_type":"publisher","post_mime_type":"","comment_count":"0","filter":"raw"}},"_links":{"self":[{"href":"https:\/\/sachviet.eu\/en\/wp-json\/wp\/v2\/product\/23194","targetHints":{"allow":["GET"]}}],"collection":[{"href":"https:\/\/sachviet.eu\/en\/wp-json\/wp\/v2\/product"}],"about":[{"href":"https:\/\/sachviet.eu\/en\/wp-json\/wp\/v2\/types\/product"}],"wp:featuredmedia":[{"embeddable":true,"href":"https:\/\/sachviet.eu\/en\/wp-json\/wp\/v2\/media\/23193"}],"wp:attachment":[{"href":"https:\/\/sachviet.eu\/en\/wp-json\/wp\/v2\/media?parent=23194"}],"wp:term":[{"taxonomy":"product_brand","embeddable":true,"href":"https:\/\/sachviet.eu\/en\/wp-json\/wp\/v2\/product_brand?post=23194"},{"taxonomy":"product_cat","embeddable":true,"href":"https:\/\/sachviet.eu\/en\/wp-json\/wp\/v2\/product_cat?post=23194"},{"taxonomy":"product_tag","embeddable":true,"href":"https:\/\/sachviet.eu\/en\/wp-json\/wp\/v2\/product_tag?post=23194"}],"curies":[{"name":"wp","href":"https:\/\/api.w.org\/{rel}","templated":true}]}}