{"id":23192,"date":"2023-04-03T22:55:54","date_gmt":"2023-04-03T19:55:54","guid":{"rendered":"https:\/\/sachviet.eu\/shop\/tro-ve-khong-trai-nghiem-hooponopono-thuc-hien-hoa-nhung-phep-mau-trong-cuoc-song\/"},"modified":"2023-05-03T06:52:22","modified_gmt":"2023-05-03T03:52:22","slug":"tro-ve-khong-trai-nghiem-hooponopono-thuc-hien-hoa-nhung-phep-mau-trong-cuoc-song","status":"publish","type":"product","link":"https:\/\/sachviet.eu\/en\/shop\/tro-ve-khong-trai-nghiem-hooponopono-thuc-hien-hoa-nhung-phep-mau-trong-cuoc-song\/","title":{"rendered":"Tr\u1edf V\u1ec1 Kh\u00f4ng &#8211; Tr\u1ea3i Nghi\u1ec7m Ho&#8217;oponopono &#8211; Th\u1ef1c Hi\u1ec7n H\u00f3a Nh\u1eefng Ph\u00e9p M\u00e0u Trong Cu\u1ed9c S\u1ed1ng"},"content":{"rendered":"<p>H\u00e2\u0300u h\u00ea\u0301t chu\u0301ng ta \u0111\u00ea\u0300u ch\u0103\u0309ng ha\u0323nh phu\u0301c, thanh tha\u0309n, ho\u1ea1\u0306c ha\u0300i lo\u0300ng\u2026<\/p>\n<p>\u0110\u00e3 \u0111\u1ebfn l\u00fac \u0111\u1ec3 b\u1ea1n n\u1eafm b\u1eaft nh\u1eefng b\u00ed m\u1eadt cao th\u00e2m c\u1ee7a Ho&#8217;oponopono.<\/p>\n<p>\u0110\u00e3 \u0111\u1ebfn l\u00fac b\u1ea1n khai ph\u00f3ng ch\u00ednh m\u00ecnh \u0111\u1ec3 t\u1ec9nh th\u1ee9c, \u0111\u1ec3 \u0111\u01b0\u1ee3c h\u1ea1nh ph\u00fac, v\u00e0 cho ph\u00e9p Si\u00eau nhi\u00ean (Zero) truy\u1ec1n h\u1ee9ng kh\u1edfi ho\u1eb7c th\u1eadm ch\u00ed th\u1ee9c t\u1ec9nh b\u1ea1n.<\/p>\n<p>Ho&#8217;oponopono \u0111i\u0301ch th\u1ef1c l\u00e0 m\u1ed9t ph\u00e9p m\u1ea7u gi\u00fap ta \u0111\u1ea1t \u0111\u1ebfn b\u00ecnh an. Th\u1ef1c h\u00e0nh Ho\u2019oponopono l\u00e0 m\u1ed9t c\u00e1ch \u0111\u1ec3 x\u00f3a t\u1ea5t c\u1ea3 c\u00e1c d\u1eef li\u1ec7u ch\u1eb7n gi\u1eefa ta v\u00e0 Si\u00eau nhi\u00ean. M\u1ee5c \u0111\u00edch c\u1ee7a n\u00f3 la\u0300 d\u1ecdn d\u1eb9p c\u1ecf d\u1ea1i tinh th\u1ea7n v\u00e0 nh\u1eefng k\u00fd \u1ee9c t\u00edch t\u1ee5 \u0111\u1ec3 Si\u00eau nhi\u00ean s\u1ed1ng trong ta v\u1edbi nh\u1eadn th\u1ee9c v\u00e0 t\u00ecnh y\u00eau. N\u00f3 giu\u0301p ta thanh lo\u0323c \u0111\u00ea\u0309 co\u0301 th\u00ea\u0309 th\u01b0\u0301c ti\u0309nh v\u01a1\u0301i th\u01b0\u0323c ta\u0323i na\u0300y. \u0110\u1ec3 \u0111\u1ea1t \u0111\u1ebfn \u0111\u00f3, ta c\u00f3 r\u1ea5t nhi\u1ec1u vi\u1ec7c ph\u1ea3i l\u00e0m, v\u00ec v\u1eady, h\u00e3y thanh t\u00e2\u0309y\u2026 kho\u0302ng ng\u01b0\u0300ng. \u0110\u00e2y la\u0300 chi\u00ea\u0301c ve\u0301 \u0111\u00ea\u0309 \u0111a\u0323t \u0111\u00ea\u0301n s\u01b0\u0323 vie\u0302n ma\u0303n. Nh\u01b0\u0303ng l\u01a1\u0323i la\u0323c kha\u0301c se\u0303 \u0111\u00ea\u0301n cu\u0300ng, h\u00e2\u0300u nhu\u031b m\u1ecd\u0302t ca\u0301ch bi\u0301 \u00e2\u0309n va\u0300 sie\u0302u pha\u0300m.<\/p>\n<p>H\u00e3y t\u1ea1o ra th\u1ef1c t\u1ea1i c\u1ee7a ch\u00ednh m\u00ecnh!<\/p>\n","protected":false},"excerpt":{"rendered":"<p>H\u00e2\u0300u h\u00ea\u0301t chu\u0301ng ta \u0111\u00ea\u0300u ch\u0103\u0309ng ha\u0323nh phu\u0301c, thanh tha\u0309n, ho\u1ea1\u0306c ha\u0300i lo\u0300ng\u2026<\/p>\n<p>\u0110\u00e3 \u0111\u1ebfn l\u00fac \u0111\u1ec3 b\u1ea1n n\u1eafm b\u1eaft nh\u1eefng b\u00ed m\u1eadt cao th\u00e2m c\u1ee7a Ho&#8217;oponopono.<\/p>\n<p>\u0110\u00e3 \u0111\u1ebfn l\u00fac b\u1ea1n khai ph\u00f3ng ch\u00ednh m\u00ecnh \u0111\u1ec3 t\u1ec9nh th\u1ee9c, \u0111\u1ec3 \u0111\u01b0\u1ee3c h\u1ea1nh ph\u00fac, v\u00e0 cho ph\u00e9p Si\u00eau nhi\u00ean (Zero) truy\u1ec1n h\u1ee9ng kh\u1edfi ho\u1eb7c th\u1eadm ch\u00ed th\u1ee9c t\u1ec9nh b\u1ea1n.<\/p>\n<p>Ho&#8217;oponopono \u0111i\u0301ch th\u1ef1c l\u00e0 m\u1ed9t ph\u00e9p m\u1ea7u gi\u00fap ta \u0111\u1ea1t \u0111\u1ebfn b\u00ecnh an. Th\u1ef1c h\u00e0nh Ho\u2019oponopono l\u00e0 m\u1ed9t c\u00e1ch \u0111\u1ec3 x\u00f3a t\u1ea5t c\u1ea3 c\u00e1c d\u1eef li\u1ec7u ch\u1eb7n gi\u1eefa ta v\u00e0 Si\u00eau nhi\u00ean. M\u1ee5c \u0111\u00edch c\u1ee7a n\u00f3 la\u0300 d\u1ecdn d\u1eb9p c\u1ecf d\u1ea1i tinh th\u1ea7n v\u00e0 nh\u1eefng k\u00fd \u1ee9c t\u00edch t\u1ee5 \u0111\u1ec3 Si\u00eau nhi\u00ean s\u1ed1ng trong ta v\u1edbi nh\u1eadn th\u1ee9c v\u00e0 t\u00ecnh y\u00eau. N\u00f3 giu\u0301p ta thanh lo\u0323c \u0111\u00ea\u0309 co\u0301 th\u00ea\u0309 th\u01b0\u0301c ti\u0309nh v\u01a1\u0301i th\u01b0\u0323c ta\u0323i na\u0300y. \u0110\u1ec3 \u0111\u1ea1t \u0111\u1ebfn \u0111\u00f3, ta c\u00f3 r\u1ea5t nhi\u1ec1u vi\u1ec7c ph\u1ea3i l\u00e0m, v\u00ec v\u1eady, h\u00e3y thanh t\u00e2\u0309y\u2026 kho\u0302ng ng\u01b0\u0300ng. \u0110\u00e2y la\u0300 chi\u00ea\u0301c ve\u0301 \u0111\u00ea\u0309 \u0111a\u0323t \u0111\u00ea\u0301n s\u01b0\u0323 vie\u0302n ma\u0303n. Nh\u01b0\u0303ng l\u01a1\u0323i la\u0323c kha\u0301c se\u0303 \u0111\u00ea\u0301n cu\u0300ng, h\u00e2\u0300u nhu\u031b m\u1ecd\u0302t ca\u0301ch bi\u0301 \u00e2\u0309n va\u0300 sie\u0302u pha\u0300m.<\/p>\n<p>H\u00e3y t\u1ea1o ra th\u1ef1c t\u1ea1i c\u1ee7a ch\u00ednh m\u00ecnh!<\/p>\n","protected":false},"featured_media":23191,"template":"","meta":{"_acf_changed":false},"product_brand":[],"product_cat":[15,46],"product_tag":[83],"class_list":{"0":"post-23192","1":"product","2":"type-product","3":"status-publish","4":"has-post-thumbnail","6":"product_cat-sach-danh-cho-nguoi-lon","7":"product_cat-ky-nang-song","8":"product_tag-sach-moi-xuat-ban","10":"first","11":"outofstock","12":"taxable","13":"shipping-taxable","14":"purchasable","15":"product-type-simple"},"supplier_id":null,"supplier_sku":"","barcode":null,"atum_controlled":true,"out_stock_date":"2023-05-03 03:52:22","out_stock_threshold":null,"inheritable":false,"inbound_stock":0,"stock_on_hold":0,"sold_today":0,"sales_last_days":0,"reserved_stock":0,"customer_returns":0,"warehouse_damage":0,"lost_in_post":0,"other_logs":0,"out_stock_days":1001,"lost_sales":0,"has_location":false,"update_date":"2026-01-28T23:11:13","atum_locations":[],"atum_stock_status":"outofstock","restock_status":false,"low_stock_amount":"","sales_update_date":"2026-01-28T23:11:13","calc_backorders":null,"acf":{"publisher":{"ID":5800,"post_author":"1","post_date":"2021-03-14 02:27:19","post_date_gmt":"2021-03-14 00:27:19","post_content":"","post_title":"Ph\u01b0\u01a1ng Nam Book","post_excerpt":"","post_status":"publish","comment_status":"closed","ping_status":"closed","post_password":"","post_name":"phuong-nam-book","to_ping":"","pinged":"","post_modified":"2021-03-14 02:27:19","post_modified_gmt":"2021-03-14 00:27:19","post_content_filtered":"","post_parent":0,"guid":"https:\/\/sachviet.eu\/blog\/nha-phat-hanh\/phuong-nam-book\/","menu_order":0,"post_type":"publisher","post_mime_type":"","comment_count":"0","filter":"raw"}},"_links":{"self":[{"href":"https:\/\/sachviet.eu\/en\/wp-json\/wp\/v2\/product\/23192","targetHints":{"allow":["GET"]}}],"collection":[{"href":"https:\/\/sachviet.eu\/en\/wp-json\/wp\/v2\/product"}],"about":[{"href":"https:\/\/sachviet.eu\/en\/wp-json\/wp\/v2\/types\/product"}],"wp:featuredmedia":[{"embeddable":true,"href":"https:\/\/sachviet.eu\/en\/wp-json\/wp\/v2\/media\/23191"}],"wp:attachment":[{"href":"https:\/\/sachviet.eu\/en\/wp-json\/wp\/v2\/media?parent=23192"}],"wp:term":[{"taxonomy":"product_brand","embeddable":true,"href":"https:\/\/sachviet.eu\/en\/wp-json\/wp\/v2\/product_brand?post=23192"},{"taxonomy":"product_cat","embeddable":true,"href":"https:\/\/sachviet.eu\/en\/wp-json\/wp\/v2\/product_cat?post=23192"},{"taxonomy":"product_tag","embeddable":true,"href":"https:\/\/sachviet.eu\/en\/wp-json\/wp\/v2\/product_tag?post=23192"}],"curies":[{"name":"wp","href":"https:\/\/api.w.org\/{rel}","templated":true}]}}