{"id":23190,"date":"2023-04-03T22:55:48","date_gmt":"2023-04-03T19:55:48","guid":{"rendered":"https:\/\/sachviet.eu\/shop\/hai-so-phan\/"},"modified":"2023-05-13T19:21:45","modified_gmt":"2023-05-13T16:21:45","slug":"hai-so-phan","status":"publish","type":"product","link":"https:\/\/sachviet.eu\/en\/shop\/hai-so-phan\/","title":{"rendered":"HAI S\u1ed0 PH\u1eacN"},"content":{"rendered":"<p>Hai s\u1ed1 ph\u1eadn k\u1ec3 v\u1ec1 cu\u1ed9c \u0111\u1eddi hai ng\u01b0\u1eddi \u0111\u00e0n \u00f4ng sinh ra c\u00f9ng m\u1ed9t ng\u00e0y \u1edf hai n\u1eeda c\u1ee7a th\u1ebf gi\u1edbi, m\u1ed9t ng\u01b0\u1eddi c\u00f3 t\u1ea5t c\u1ea3 v\u00e0 m\u1ed9t ng\u01b0\u1eddi kh\u00f4ng c\u00f3 g\u00ec. \u0110\u1ecbnh m\u1ec7nh cho h\u1ecd g\u1eb7p nhau tr\u00ean con \u0111\u01b0\u1eddng t\u1ea1o l\u1eadp cu\u1ed9c \u0111\u1eddi. Mang \u0111\u1ea7y ho\u00e0i b\u00e3o, c\u1ea3 hai b\u1ecb cu\u1ed1n v\u00e0o cu\u1ed9c chi\u1ebfn kh\u1ed1c li\u1ec7t khi x\u00e2y d\u1ef1ng \u0111\u1ebf ch\u1ebf c\u1ee7a ri\u00eang m\u00ecnh. H\u00e0nh tr\u00ecnh c\u1ee7a hai ng\u01b0\u1eddi \u0111\u00e0n \u00f4ng \u0111i t\u00ecm vinh quang k\u00e9o d\u00e0i h\u01a1n 60 n\u0103m l\u00e0 c\u00e2u chuy\u1ec7n v\u1ec1 n\u1ed7i b\u1ea5t h\u1ea1nh, t\u00ecnh y\u00eau v\u00e0 h\u00f4n nh\u00e2n, nh\u1eefng m\u00e2u thu\u1eabn c\u1ee7a th\u1ebf gi\u1edbi t\u01b0 b\u1ea3n, bi\u1ebft bao bi\u1ebfn c\u1ed1 c\u1ee7a nh\u00e2n lo\u1ea1i v\u00e0 nh\u1eefng b\u00e0i h\u1ecdc x\u01b0\u01a1ng m\u00e1u\u2026 M\u1ed1i th\u00f9 gi\u1eefa Kane v\u00e0 Abel c\u1ee9 l\u1edbn d\u1ea7n l\u00ean trong su\u1ed1t cu\u1ed9c tranh \u0111\u1ea5u t\u01b0\u1edfng nh\u01b0 kh\u00f4ng c\u00f3 h\u1ed3i k\u1ebft\u2026<\/p>\n<p>\u201cM\u1ed9t ng\u01b0\u1eddi k\u1ec3 chuy\u1ec7n s\u00e1nh ngang v\u1edbi Alexandre Dumas\u2026 khi\u1ebfn ng\u01b0\u1eddi \u0111\u1ecdc lu\u00f4n h\u00e1o h\u1ee9c mu\u1ed1n bi\u1ebft nh\u1eefng s\u1ef1 ki\u1ec7n ti\u1ebfp theo.\u201d<\/p>\n<p>-The Washington Post-<\/p>\n","protected":false},"excerpt":{"rendered":"<p>Hai s\u1ed1 ph\u1eadn k\u1ec3 v\u1ec1 cu\u1ed9c \u0111\u1eddi hai ng\u01b0\u1eddi \u0111\u00e0n \u00f4ng sinh ra c\u00f9ng m\u1ed9t ng\u00e0y \u1edf hai n\u1eeda c\u1ee7a th\u1ebf gi\u1edbi, m\u1ed9t ng\u01b0\u1eddi c\u00f3 t\u1ea5t c\u1ea3 v\u00e0 m\u1ed9t ng\u01b0\u1eddi kh\u00f4ng c\u00f3 g\u00ec. \u0110\u1ecbnh m\u1ec7nh cho h\u1ecd g\u1eb7p nhau tr\u00ean con \u0111\u01b0\u1eddng t\u1ea1o l\u1eadp cu\u1ed9c \u0111\u1eddi. Mang \u0111\u1ea7y ho\u00e0i b\u00e3o, c\u1ea3 hai b\u1ecb cu\u1ed1n v\u00e0o cu\u1ed9c chi\u1ebfn kh\u1ed1c li\u1ec7t khi x\u00e2y d\u1ef1ng \u0111\u1ebf ch\u1ebf c\u1ee7a ri\u00eang m\u00ecnh. H\u00e0nh tr\u00ecnh c\u1ee7a hai ng\u01b0\u1eddi \u0111\u00e0n \u00f4ng \u0111i t\u00ecm vinh quang k\u00e9o d\u00e0i h\u01a1n 60 n\u0103m l\u00e0 c\u00e2u chuy\u1ec7n v\u1ec1 n\u1ed7i b\u1ea5t h\u1ea1nh, t\u00ecnh y\u00eau v\u00e0 h\u00f4n nh\u00e2n, nh\u1eefng m\u00e2u thu\u1eabn c\u1ee7a th\u1ebf gi\u1edbi t\u01b0 b\u1ea3n, bi\u1ebft bao bi\u1ebfn c\u1ed1 c\u1ee7a nh\u00e2n lo\u1ea1i v\u00e0 nh\u1eefng b\u00e0i h\u1ecdc x\u01b0\u01a1ng m\u00e1u\u2026 M\u1ed1i th\u00f9 gi\u1eefa Kane v\u00e0 Abel c\u1ee9 l\u1edbn d\u1ea7n l\u00ean trong su\u1ed1t cu\u1ed9c tranh \u0111\u1ea5u t\u01b0\u1edfng nh\u01b0 kh\u00f4ng c\u00f3 h\u1ed3i k\u1ebft\u2026<\/p>\n<p>\u201cM\u1ed9t ng\u01b0\u1eddi k\u1ec3 chuy\u1ec7n s\u00e1nh ngang v\u1edbi Alexandre Dumas\u2026 khi\u1ebfn ng\u01b0\u1eddi \u0111\u1ecdc lu\u00f4n h\u00e1o h\u1ee9c mu\u1ed1n bi\u1ebft nh\u1eefng s\u1ef1 ki\u1ec7n ti\u1ebfp theo.\u201d<\/p>\n<p>-The Washington Post-<\/p>\n","protected":false},"featured_media":23189,"template":"","meta":{"_acf_changed":false},"product_brand":[],"product_cat":[15,45],"product_tag":[],"class_list":{"0":"post-23190","1":"product","2":"type-product","3":"status-publish","4":"has-post-thumbnail","6":"product_cat-sach-danh-cho-nguoi-lon","7":"product_cat-tieu-thuyet","9":"first","10":"outofstock","11":"taxable","12":"shipping-taxable","13":"purchasable","14":"product-type-simple"},"supplier_id":null,"supplier_sku":"","barcode":null,"atum_controlled":true,"out_stock_date":"2023-05-13 16:21:45","out_stock_threshold":null,"inheritable":false,"inbound_stock":0,"stock_on_hold":0,"sold_today":0,"sales_last_days":0,"reserved_stock":0,"customer_returns":0,"warehouse_damage":0,"lost_in_post":0,"other_logs":0,"out_stock_days":991,"lost_sales":0,"has_location":false,"update_date":"2026-01-28T23:11:12","atum_locations":[],"atum_stock_status":"outofstock","restock_status":false,"low_stock_amount":"","sales_update_date":"2026-01-28T23:11:12","calc_backorders":null,"acf":{"publisher":{"ID":1472,"post_author":"1","post_date":"2021-02-17 01:12:50","post_date_gmt":"2021-02-16 23:12:50","post_content":"","post_title":"Huy Ho\u00e0ng Bookstore","post_excerpt":"","post_status":"publish","comment_status":"closed","ping_status":"closed","post_password":"","post_name":"huy-hoang-bookstore","to_ping":"","pinged":"","post_modified":"2021-02-17 01:12:50","post_modified_gmt":"2021-02-16 23:12:50","post_content_filtered":"","post_parent":0,"guid":"https:\/\/sachviet.eu\/nha-phat-hanh\/huy-hoang-bookstore\/","menu_order":0,"post_type":"publisher","post_mime_type":"","comment_count":"0","filter":"raw"}},"_links":{"self":[{"href":"https:\/\/sachviet.eu\/en\/wp-json\/wp\/v2\/product\/23190","targetHints":{"allow":["GET"]}}],"collection":[{"href":"https:\/\/sachviet.eu\/en\/wp-json\/wp\/v2\/product"}],"about":[{"href":"https:\/\/sachviet.eu\/en\/wp-json\/wp\/v2\/types\/product"}],"wp:featuredmedia":[{"embeddable":true,"href":"https:\/\/sachviet.eu\/en\/wp-json\/wp\/v2\/media\/23189"}],"wp:attachment":[{"href":"https:\/\/sachviet.eu\/en\/wp-json\/wp\/v2\/media?parent=23190"}],"wp:term":[{"taxonomy":"product_brand","embeddable":true,"href":"https:\/\/sachviet.eu\/en\/wp-json\/wp\/v2\/product_brand?post=23190"},{"taxonomy":"product_cat","embeddable":true,"href":"https:\/\/sachviet.eu\/en\/wp-json\/wp\/v2\/product_cat?post=23190"},{"taxonomy":"product_tag","embeddable":true,"href":"https:\/\/sachviet.eu\/en\/wp-json\/wp\/v2\/product_tag?post=23190"}],"curies":[{"name":"wp","href":"https:\/\/api.w.org\/{rel}","templated":true}]}}