{"id":23186,"date":"2023-04-03T22:55:37","date_gmt":"2023-04-03T19:55:37","guid":{"rendered":"https:\/\/sachviet.eu\/shop\/doc-nhieu-nho-duoc-bao-nhieu\/"},"modified":"2023-04-18T10:47:06","modified_gmt":"2023-04-18T07:47:06","slug":"doc-nhieu-nho-duoc-bao-nhieu","status":"publish","type":"product","link":"https:\/\/sachviet.eu\/en\/shop\/doc-nhieu-nho-duoc-bao-nhieu\/","title":{"rendered":"\u0110\u1ecdc Nhi\u1ec1u Nh\u1edb \u0110\u01b0\u1ee3c Bao Nhi\u00eau?"},"content":{"rendered":"<p>B\u1ea1n c\u00f3 nh\u1edb h\u1ed3i nh\u1ecf m\u00ecnh t\u1eebng \u0111\u1ecdc truy\u1ec7n tranh kh\u00f4ng? V\u00e0 gi\u1edd n\u1ebfu ai \u0111\u00f3 h\u1ecfi l\u1ea1i b\u1ea1n n\u1ed9i dung c\u1ee7a m\u1ed9t b\u1ed9 truy\u1ec7n tranh n\u00e0o \u0111\u00f3, ch\u1eafc ch\u1eafn b\u1ea1n c\u00f3 th\u1ec3 k\u1ec3 m\u1ed9t l\u00e8o g\u1ea7n nh\u01b0 t\u1eeb A \u2013 Z. Nh\u01b0ng n\u1ebfu ai \u0111\u00f3 h\u1ecfi b\u1ea1n n\u1ed9i dung c\u1ee7a m\u1ed9t cu\u1ed1n s\u00e1ch n\u00e0o \u0111\u00f3 b\u1ea1n \u0111\u00e3 \u0111\u1ecdc ch\u1eebng m\u1ed9t n\u0103m th\u00ec g\u1ea7n nh\u01b0 b\u1ea1n ch\u1eb3ng nh\u1edb g\u00ec ho\u1eb7c qu\u00e1 l\u1eafm ch\u1ec9 nh\u1edb \u0111\u01b0\u1ee3c v\u00e0i \u00fd ch\u00ednh. Gi\u1edd th\u00ec ch\u1eafc b\u1ea1n \u0111ang c\u01b0\u1eddi v\u00ec: \u201c\u1ed2, \u0111\u00fang r\u1ed3i, sao l\u1ea1i c\u00f3 th\u1ec3 nh\u01b0 v\u1eady \u0111\u01b0\u1ee3c nh\u1ec9?\u201d <\/p>\n<p>Nguy\u00ean nh\u00e2n l\u00e0:<\/p>\n<p>Khi \u0111\u1ecdc m\u1ed9t quy\u1ec3n s\u00e1ch khi\u1ebfn b\u1ea1n h\u1ea1nh ph\u00fac, vui v\u1ebb, th\u1eadm ch\u00ed b\u1ea5t an hay lo s\u1ee3, nh\u1eefng h\u00f3c-m\u00f4n li\u00ean quan \u0111\u1ebfn m\u1ed7i lo\u1ea1i c\u1ea3m x\u00fac n\u00e0y s\u1ebd \u0111\u01b0\u1ee3c n\u00e3o ti\u1ebft ra v\u00e0 v\u00e0 khi\u1ebfn b\u1ea1n nh\u1edb l\u00e2u h\u01a1n. V\u00e0 \u0111\u1ed1i v\u1edbi b\u1ea5t k\u1ef3 s\u1ef1 ki\u1ec7n n\u00e0o x\u1ea3y ra trong \u0111\u1eddi b\u1ea1n c\u0169ng th\u1ebf. \u0110\u00f3 l\u00e0 l\u00fd do b\u1ea1n kh\u00f4ng th\u1ec3 qu\u00ean \u0111\u01b0\u1ee3c anh ch\u00e0ng m\u00ecnh t\u1eebng h\u1eb9n h\u00f2 t\u1eeb th\u1eddi c\u1ea5p ba hay c\u1ea3m gi\u00e1c c\u1ee7a n\u1ee5 h\u00f4n \u0111\u1ea7u \u0111\u1eddi d\u00f9 l\u00e0 sau h\u00e0ng ch\u1ee5c n\u0103m. T\u1ea5t c\u1ea3 \u0111\u1ec1u \u0111\u00e3 \u0111\u01b0\u1ee3c khoa h\u1ecdc ch\u1ee9ng th\u1ef1c. V\u00ec th\u1ebf, \u0110\u1ecdc nhi\u1ec1u nh\u1edb \u0111\u01b0\u1ee3c bao nhi\u00eau? kh\u00f4ng ph\u1ea3i l\u00e0 l\u00fd thuy\u1ebft n\u00f3i su\u00f4ng m\u00e0 \u0111\u00e3 \u0111\u01b0\u1ee3c ki\u1ec3m ch\u1ee9ng h\u1eb3n hoi. <\/p>\n<p>N\u1ebfu b\u1ea1n mu\u1ed1n nh\u1edb l\u00e2u v\u00e0 t\u00edch l\u0169y \u0111\u01b0\u1ee3c th\u1eadt nhi\u1ec1u ki\u1ebfn th\u1ee9c \u0111\u1ec3 ph\u00e1t tri\u1ec3n b\u1ea3n th\u00e2n, cu\u1ed1n s\u00e1ch n\u00e0y s\u1ebd ch\u1ec9 b\u1ea1n c\u00e1ch \u0111\u1ec3 l\u00e0m \u0111i\u1ec1u \u0111\u00f3.<\/p>\n","protected":false},"excerpt":{"rendered":"<p>B\u1ea1n c\u00f3 nh\u1edb h\u1ed3i nh\u1ecf m\u00ecnh t\u1eebng \u0111\u1ecdc truy\u1ec7n tranh kh\u00f4ng? V\u00e0 gi\u1edd n\u1ebfu ai \u0111\u00f3 h\u1ecfi l\u1ea1i b\u1ea1n n\u1ed9i dung c\u1ee7a m\u1ed9t b\u1ed9 truy\u1ec7n tranh n\u00e0o \u0111\u00f3, ch\u1eafc ch\u1eafn b\u1ea1n c\u00f3 th\u1ec3 k\u1ec3 m\u1ed9t l\u00e8o g\u1ea7n nh\u01b0 t\u1eeb A \u2013 Z. Nh\u01b0ng n\u1ebfu ai \u0111\u00f3 h\u1ecfi b\u1ea1n n\u1ed9i dung c\u1ee7a m\u1ed9t cu\u1ed1n s\u00e1ch n\u00e0o \u0111\u00f3 b\u1ea1n \u0111\u00e3 \u0111\u1ecdc ch\u1eebng m\u1ed9t n\u0103m th\u00ec g\u1ea7n nh\u01b0 b\u1ea1n ch\u1eb3ng nh\u1edb g\u00ec ho\u1eb7c qu\u00e1 l\u1eafm ch\u1ec9 nh\u1edb \u0111\u01b0\u1ee3c v\u00e0i \u00fd ch\u00ednh. Gi\u1edd th\u00ec ch\u1eafc b\u1ea1n \u0111ang c\u01b0\u1eddi v\u00ec: \u201c\u1ed2, \u0111\u00fang r\u1ed3i, sao l\u1ea1i c\u00f3 th\u1ec3 nh\u01b0 v\u1eady \u0111\u01b0\u1ee3c nh\u1ec9?\u201d <\/p>\n<p>Nguy\u00ean nh\u00e2n l\u00e0:<\/p>\n<p>Khi \u0111\u1ecdc m\u1ed9t quy\u1ec3n s\u00e1ch khi\u1ebfn b\u1ea1n h\u1ea1nh ph\u00fac, vui v\u1ebb, th\u1eadm ch\u00ed b\u1ea5t an hay lo s\u1ee3, nh\u1eefng h\u00f3c-m\u00f4n li\u00ean quan \u0111\u1ebfn m\u1ed7i lo\u1ea1i c\u1ea3m x\u00fac n\u00e0y s\u1ebd \u0111\u01b0\u1ee3c n\u00e3o ti\u1ebft ra v\u00e0 v\u00e0 khi\u1ebfn b\u1ea1n nh\u1edb l\u00e2u h\u01a1n. V\u00e0 \u0111\u1ed1i v\u1edbi b\u1ea5t k\u1ef3 s\u1ef1 ki\u1ec7n n\u00e0o x\u1ea3y ra trong \u0111\u1eddi b\u1ea1n c\u0169ng th\u1ebf. \u0110\u00f3 l\u00e0 l\u00fd do b\u1ea1n kh\u00f4ng th\u1ec3 qu\u00ean \u0111\u01b0\u1ee3c anh ch\u00e0ng m\u00ecnh t\u1eebng h\u1eb9n h\u00f2 t\u1eeb th\u1eddi c\u1ea5p ba hay c\u1ea3m gi\u00e1c c\u1ee7a n\u1ee5 h\u00f4n \u0111\u1ea7u \u0111\u1eddi d\u00f9 l\u00e0 sau h\u00e0ng ch\u1ee5c n\u0103m. T\u1ea5t c\u1ea3 \u0111\u1ec1u \u0111\u00e3 \u0111\u01b0\u1ee3c khoa h\u1ecdc ch\u1ee9ng th\u1ef1c. V\u00ec th\u1ebf, \u0110\u1ecdc nhi\u1ec1u nh\u1edb \u0111\u01b0\u1ee3c bao nhi\u00eau? kh\u00f4ng ph\u1ea3i l\u00e0 l\u00fd thuy\u1ebft n\u00f3i su\u00f4ng m\u00e0 \u0111\u00e3 \u0111\u01b0\u1ee3c ki\u1ec3m ch\u1ee9ng h\u1eb3n hoi. <\/p>\n<p>N\u1ebfu b\u1ea1n mu\u1ed1n nh\u1edb l\u00e2u v\u00e0 t\u00edch l\u0169y \u0111\u01b0\u1ee3c th\u1eadt nhi\u1ec1u ki\u1ebfn th\u1ee9c \u0111\u1ec3 ph\u00e1t tri\u1ec3n b\u1ea3n th\u00e2n, cu\u1ed1n s\u00e1ch n\u00e0y s\u1ebd ch\u1ec9 b\u1ea1n c\u00e1ch \u0111\u1ec3 l\u00e0m \u0111i\u1ec1u \u0111\u00f3.<\/p>\n","protected":false},"featured_media":23185,"template":"","meta":{"_acf_changed":false},"product_brand":[],"product_cat":[18,15,46],"product_tag":[83],"class_list":{"0":"post-23186","1":"product","2":"type-product","3":"status-publish","4":"has-post-thumbnail","6":"product_cat-kinh-te","7":"product_cat-sach-danh-cho-nguoi-lon","8":"product_cat-ky-nang-song","9":"product_tag-sach-moi-xuat-ban","11":"first","12":"outofstock","13":"taxable","14":"shipping-taxable","15":"purchasable","16":"product-type-simple"},"supplier_id":null,"supplier_sku":"","barcode":null,"atum_controlled":true,"out_stock_date":"2023-04-18 07:47:06","out_stock_threshold":null,"inheritable":false,"inbound_stock":0,"stock_on_hold":0,"sold_today":0,"sales_last_days":0,"reserved_stock":0,"customer_returns":0,"warehouse_damage":0,"lost_in_post":0,"other_logs":0,"out_stock_days":1016,"lost_sales":0,"has_location":false,"update_date":"2026-01-28T23:11:12","atum_locations":[],"atum_stock_status":"outofstock","restock_status":false,"low_stock_amount":"","sales_update_date":"2026-01-28T23:11:12","calc_backorders":null,"acf":{"publisher":{"ID":9147,"post_author":"2","post_date":"2021-05-20 21:06:21","post_date_gmt":"2021-05-20 18:06:21","post_content":"<!-- wp:html \/-->\n\n<!-- wp:image {\"align\":\"center\",\"id\":9152,\"sizeSlug\":\"large\",\"linkDestination\":\"media\"} -->\n<div class=\"wp-block-image\"><figure class=\"aligncenter size-large\"><a href=\"https:\/\/sachviet.eu\/wp-content\/uploads\/2021\/05\/logo.png\"><img src=\"https:\/\/sachviet.eu\/wp-content\/uploads\/2021\/05\/logo.png\" alt=\"\" class=\"wp-image-9152\" \/><\/a><\/figure><\/div>\n<!-- \/wp:image -->\n\n<!-- wp:paragraph -->\n<p>\u0110\u01b0\u1ee3c th\u00e0nh l\u1eadp n\u0103m 2015 b\u1edfi nh\u1eefng c\u1ed5 \u0111\u00f4ng \u0111\u00e3 c\u00f3 nhi\u1ec1u n\u0103m kinh nghi\u1ec7m trong ng\u00e0nh s\u00e1ch \u1edf Vi\u1ec7t Nam, ZENBOOKS h\u01b0\u1edbng \u0111\u1ebfn m\u1ee5c ti\u00eau \u0111\u1ea7y tham v\u1ecdng l\u00e0 tr\u1edf th\u00e0nh m\u1ed9t trong 10 c\u00f4ng ty s\u00e1ch h\u00e0ng \u0111\u1ea7u t\u1ea1i Vi\u1ec7t Nam sau 10 n\u0103m ho\u1ea1t \u0111\u1ed9ng.<\/p>\n<!-- \/wp:paragraph -->\n\n<!-- wp:paragraph -->\n<p>ZENBOOKS t\u1eadp trung v\u00e0o c\u00e1c d\u00f2ng s\u00e1ch gi\u00fap cho ng\u01b0\u1eddi \u0111\u1ecdc t\u00ecm \u0111\u01b0\u1ee3c nh\u1eefng g\u1ee3i \u00fd v\u00e0 h\u01b0\u1edbng d\u1eabn \u0111\u1ec3 c\u00f3 m\u1ed9t cu\u1ed9c s\u1ed1ng c\u00e2n b\u1eb1ng th\u00f4ng qua vi\u1ec7c \u0111i\u1ec1u ch\u1ec9nh h\u00e0nh vi v\u00e0 th\u00e1i \u0111\u1ed9 c\u1ee7a h\u1ecd.<\/p>\n<!-- \/wp:paragraph -->\n\n<!-- wp:paragraph -->\n<p>C\u00e1c d\u00f2ng s\u00e1ch c\u1ee7a ZENBOOKS:<\/p>\n<!-- \/wp:paragraph -->\n\n<!-- wp:paragraph -->\n<p>&nbsp;- T\u00e2m l\u00fd &amp; K\u1ef9 n\u0103ng (Self-help &amp; Life Skills)<\/p>\n<!-- \/wp:paragraph -->\n\n<!-- wp:paragraph -->\n<p>&nbsp;- V\u0103n h\u1ecdc (Literature)<\/p>\n<!-- \/wp:paragraph -->\n\n<!-- wp:paragraph -->\n<p>\u00a0- H\u1ed7 tr\u1ee3 h\u1ecdc t\u1eadp (Textbook Companions)<\/p>\n<!-- \/wp:paragraph -->\n\n<!-- wp:paragraph -->\n<p><\/p>\n<!-- \/wp:paragraph -->","post_title":"Zenbooks","post_excerpt":"","post_status":"publish","comment_status":"closed","ping_status":"closed","post_password":"","post_name":"zenbooks","to_ping":"","pinged":"","post_modified":"2021-05-22 01:04:48","post_modified_gmt":"2021-05-21 22:04:48","post_content_filtered":"","post_parent":0,"guid":"https:\/\/sachviet.eu\/?post_type=publisher&#038;p=9147","menu_order":0,"post_type":"publisher","post_mime_type":"","comment_count":"0","filter":"raw"}},"_links":{"self":[{"href":"https:\/\/sachviet.eu\/en\/wp-json\/wp\/v2\/product\/23186","targetHints":{"allow":["GET"]}}],"collection":[{"href":"https:\/\/sachviet.eu\/en\/wp-json\/wp\/v2\/product"}],"about":[{"href":"https:\/\/sachviet.eu\/en\/wp-json\/wp\/v2\/types\/product"}],"wp:featuredmedia":[{"embeddable":true,"href":"https:\/\/sachviet.eu\/en\/wp-json\/wp\/v2\/media\/23185"}],"wp:attachment":[{"href":"https:\/\/sachviet.eu\/en\/wp-json\/wp\/v2\/media?parent=23186"}],"wp:term":[{"taxonomy":"product_brand","embeddable":true,"href":"https:\/\/sachviet.eu\/en\/wp-json\/wp\/v2\/product_brand?post=23186"},{"taxonomy":"product_cat","embeddable":true,"href":"https:\/\/sachviet.eu\/en\/wp-json\/wp\/v2\/product_cat?post=23186"},{"taxonomy":"product_tag","embeddable":true,"href":"https:\/\/sachviet.eu\/en\/wp-json\/wp\/v2\/product_tag?post=23186"}],"curies":[{"name":"wp","href":"https:\/\/api.w.org\/{rel}","templated":true}]}}