{"id":23182,"date":"2023-04-03T22:55:23","date_gmt":"2023-04-03T19:55:23","guid":{"rendered":"https:\/\/sachviet.eu\/shop\/7-thoi-quen-hieu-qua-the-7-habits-of-highly-effective-people\/"},"modified":"2025-09-13T10:01:22","modified_gmt":"2025-09-13T07:01:22","slug":"7-thoi-quen-hieu-qua-the-7-habits-of-highly-effective-people","status":"publish","type":"product","link":"https:\/\/sachviet.eu\/en\/shop\/7-thoi-quen-hieu-qua-the-7-habits-of-highly-effective-people\/","title":{"rendered":"7 Th\u00f3i Quen Hi\u1ec7u Qu\u1ea3 (The 7 Habits Of Highly Effective People)"},"content":{"rendered":"<p>\u201c7 Habits\u201d kh\u00f4ng ch\u1ec9 l\u00e0 t\u00ean c\u1ee7a m\u1ed9t t\u00e1c ph\u1ea9m kinh \u0111i\u1ec3n v\u1ec1 qu\u1ea3n tr\u1ecb, t\u00ean c\u1ee7a m\u1ed9t ch\u01b0\u01a1ng tr\u00ecnh \u0111\u00e0o t\u1ea1o danh ti\u1ebfng to\u00e0n c\u1ea7u, m\u00e0 c\u00f2n l\u00e0 t\u00ean c\u1ee7a m\u1ed9t n\u1ec1n v\u0103n h\u00f3a m\u1edbi, m\u1ed9t c\u00e1ch s\u1ed1ng m\u1edbi, n\u1ec1n v\u0103n h\u00f3a, m\u1ed9t c\u00e1ch s\u1ed1ng m\u00e0 b\u1ea5t c\u1ee9 c\u00e1 nh\u00e2n, t\u1ed5 ch\u1ee9c hay x\u00e3<br \/>\nh\u1ed9i n\u00e0o c\u0169ng c\u1ea7n v\u00e0 mu\u1ed1n c\u00f3, \u0111\u00f3 l\u00e0 \u201cv\u0103n h\u00f3a hi\u1ec7u qu\u1ea3\u201d hay \u201cc\u00e1ch s\u1ed1ng hi\u1ec7u qu\u1ea3\u201d. N\u00f3i c\u00e1ch kh\u00e1c, v\u1edbi \u201cv\u0103n h\u00f3a 7 Habits\u201d, nh\u00e0 l\u00e3nh \u0111\u1ea1o s\u1ebd l\u00e3nh \u0111\u1ea1o m\u1ed9t c\u00e1ch hi\u1ec7u qu\u1ea3 h\u01a1n, nh\u00e2n vi\u00ean s\u1ebd l\u00e0m vi\u1ec7c hi\u1ec7u qu\u1ea3 h\u01a1n v\u00e0 ai \u00e1p d\u1ee5ng c\u0169ng s\u1ebd s\u1ed1ng m\u1ed9t c\u00e1ch hi\u1ec7u qu\u1ea3 h\u01a1n.<\/p>\n","protected":false},"excerpt":{"rendered":"<p>\u201c7 Habits\u201d kh\u00f4ng ch\u1ec9 l\u00e0 t\u00ean c\u1ee7a m\u1ed9t t\u00e1c ph\u1ea9m kinh \u0111i\u1ec3n v\u1ec1 qu\u1ea3n tr\u1ecb, t\u00ean c\u1ee7a m\u1ed9t ch\u01b0\u01a1ng tr\u00ecnh \u0111\u00e0o t\u1ea1o danh ti\u1ebfng to\u00e0n c\u1ea7u, m\u00e0 c\u00f2n l\u00e0 t\u00ean c\u1ee7a m\u1ed9t n\u1ec1n v\u0103n h\u00f3a m\u1edbi, m\u1ed9t c\u00e1ch s\u1ed1ng m\u1edbi, n\u1ec1n v\u0103n h\u00f3a, m\u1ed9t c\u00e1ch s\u1ed1ng m\u00e0 b\u1ea5t c\u1ee9 c\u00e1 nh\u00e2n, t\u1ed5 ch\u1ee9c hay x\u00e3<br \/>\nh\u1ed9i n\u00e0o c\u0169ng c\u1ea7n v\u00e0 mu\u1ed1n c\u00f3, \u0111\u00f3 l\u00e0 \u201cv\u0103n h\u00f3a hi\u1ec7u qu\u1ea3\u201d hay \u201cc\u00e1ch s\u1ed1ng hi\u1ec7u qu\u1ea3\u201d. N\u00f3i c\u00e1ch kh\u00e1c, v\u1edbi \u201cv\u0103n h\u00f3a 7 Habits\u201d, nh\u00e0 l\u00e3nh \u0111\u1ea1o s\u1ebd l\u00e3nh \u0111\u1ea1o m\u1ed9t c\u00e1ch hi\u1ec7u qu\u1ea3 h\u01a1n, nh\u00e2n vi\u00ean s\u1ebd l\u00e0m vi\u1ec7c hi\u1ec7u qu\u1ea3 h\u01a1n v\u00e0 ai \u00e1p d\u1ee5ng c\u0169ng s\u1ebd s\u1ed1ng m\u1ed9t c\u00e1ch hi\u1ec7u qu\u1ea3 h\u01a1n.<\/p>\n","protected":false},"featured_media":23181,"template":"","meta":{"_acf_changed":false},"product_brand":[],"product_cat":[18,15,46],"product_tag":[83],"class_list":{"0":"post-23182","1":"product","2":"type-product","3":"status-publish","4":"has-post-thumbnail","6":"product_cat-kinh-te","7":"product_cat-sach-danh-cho-nguoi-lon","8":"product_cat-ky-nang-song","9":"product_tag-sach-moi-xuat-ban","11":"first","12":"instock","13":"taxable","14":"shipping-taxable","15":"purchasable","16":"product-type-simple"},"supplier_id":null,"supplier_sku":"","barcode":null,"atum_controlled":true,"out_stock_date":null,"out_stock_threshold":null,"inheritable":false,"inbound_stock":0,"stock_on_hold":0,"sold_today":0,"sales_last_days":0,"reserved_stock":0,"customer_returns":0,"warehouse_damage":0,"lost_in_post":0,"other_logs":0,"out_stock_days":0,"lost_sales":0,"has_location":false,"update_date":"2026-01-28T23:11:30","atum_locations":[],"atum_stock_status":"instock","restock_status":false,"low_stock_amount":"","sales_update_date":"2026-01-28T23:11:30","calc_backorders":null,"acf":{"publisher":{"ID":23180,"post_author":"1","post_date":"2023-04-03 22:55:20","post_date_gmt":"2023-04-03 19:55:20","post_content":"","post_title":"Vi\u1ec7n Qu\u1ea3n l\u00fd PACE","post_excerpt":"","post_status":"publish","comment_status":"closed","ping_status":"closed","post_password":"","post_name":"vien-quan-ly-pace","to_ping":"","pinged":"","post_modified":"2023-04-03 22:55:20","post_modified_gmt":"2023-04-03 19:55:20","post_content_filtered":"","post_parent":0,"guid":"https:\/\/sachviet.eu\/nha-phat-hanh\/vien-quan-ly-pace\/","menu_order":0,"post_type":"publisher","post_mime_type":"","comment_count":"0","filter":"raw"}},"_links":{"self":[{"href":"https:\/\/sachviet.eu\/en\/wp-json\/wp\/v2\/product\/23182","targetHints":{"allow":["GET"]}}],"collection":[{"href":"https:\/\/sachviet.eu\/en\/wp-json\/wp\/v2\/product"}],"about":[{"href":"https:\/\/sachviet.eu\/en\/wp-json\/wp\/v2\/types\/product"}],"wp:featuredmedia":[{"embeddable":true,"href":"https:\/\/sachviet.eu\/en\/wp-json\/wp\/v2\/media\/23181"}],"wp:attachment":[{"href":"https:\/\/sachviet.eu\/en\/wp-json\/wp\/v2\/media?parent=23182"}],"wp:term":[{"taxonomy":"product_brand","embeddable":true,"href":"https:\/\/sachviet.eu\/en\/wp-json\/wp\/v2\/product_brand?post=23182"},{"taxonomy":"product_cat","embeddable":true,"href":"https:\/\/sachviet.eu\/en\/wp-json\/wp\/v2\/product_cat?post=23182"},{"taxonomy":"product_tag","embeddable":true,"href":"https:\/\/sachviet.eu\/en\/wp-json\/wp\/v2\/product_tag?post=23182"}],"curies":[{"name":"wp","href":"https:\/\/api.w.org\/{rel}","templated":true}]}}