{"id":23179,"date":"2023-04-03T22:55:16","date_gmt":"2023-04-03T19:55:16","guid":{"rendered":"https:\/\/sachviet.eu\/shop\/soi-doi-lot-cuu-ke-hieu-chien-ngam-va-cac-thu-thuat-thao-tung-tam-li\/"},"modified":"2024-08-12T01:20:56","modified_gmt":"2024-08-11T22:20:56","slug":"soi-doi-lot-cuu-ke-hieu-chien-ngam-va-cac-thu-thuat-thao-tung-tam-li","status":"publish","type":"product","link":"https:\/\/sachviet.eu\/en\/shop\/soi-doi-lot-cuu-ke-hieu-chien-ngam-va-cac-thu-thuat-thao-tung-tam-li\/","title":{"rendered":"S\u00f3i \u0111\u1ed9i l\u1ed1t C\u1eebu &#8211; K\u1ebb hi\u1ebfu chi\u1ebfn ng\u1ea7m v\u00e0 c\u00e1c th\u1ee7 thu\u1eadt thao t\u00fang t\u00e2m l\u00ed"},"content":{"rendered":"<p>M\u1ed7i khi b\u1ecb thao t\u00fang t\u00e2m l\u00ed v\u00e0 \u0111\u1ed1i x\u1eed t\u00e0n t\u1ec7, n\u1ea1n nh\u00e2n th\u01b0\u1eddng t\u1ef1 di\u1ec5n gi\u1ea3i v\u00e0 h\u1ee3p l\u00ed h\u00f3a cho c\u00e1c h\u00e0nh vi l\u1ec7ch l\u1ea1c c\u1ee7a k\u1ebb thao t\u00fang. H\u1ecd cho r\u1eb1ng k\u1ebb thao t\u00fang\u2014nh\u1eefng con s\u00f3i \u0111\u1ed9i l\u1ed1t c\u1eebu\u2014th\u01b0\u1eddng kh\u00f4ng c\u1ed1 \u00fd l\u00e0m h\u1ea1i ng\u01b0\u1eddi xung quanh, r\u1eb1ng c\u00e1c h\u00e0nh vi x\u1ea5u \u1ea5y v\u1ed1n c\u00f3 nguy\u00ean nh\u00e2n l\u00e0 nh\u1eefng t\u1ed5n th\u01b0\u01a1ng t\u00e2m l\u00ed \u1ea9n b\u00ean trong k\u1ebb thao t\u00fang.<\/p>\n<p>Nh\u01b0ng kh\u00f4ng. B\u00e1c s\u0129 George K. Simon \u0111\u00e3 ch\u1ec9 ra r\u1eb1ng, trong x\u00e3 h\u1ed9i, t\u1ed3n t\u1ea1i nh\u1eefng k\u1ebb c\u1ef1c k\u00ec hi\u1ebfu chi\u1ebfn, s\u1eb5n s\u00e0ng t\u1ea5n c\u00f4ng m\u1ed9t c\u00e1ch ng\u1ea5m ng\u1ea7m qua c\u00e1c th\u1ee7 thu\u1eadt thao t\u00fang t\u00e2m l\u00ed tinh vi. Nh\u1eefng con s\u00f3i \u0111\u1ed9i l\u1ed1t c\u1eebu kh\u00f4ng t\u1ea5n c\u00f4ng v\u00ec b\u1ecb \u0111e d\u1ecda\u2014ch\u00fang t\u1ea5n c\u00f4ng ch\u1ec9 \u0111\u01a1n thu\u1ea7n v\u00ec mu\u1ed1n gi\u00e0nh l\u1ee3i th\u1ebf v\u00e0 ki\u1ec3m so\u00e1t m\u1ecdi ng\u01b0\u1eddi xung quanh, trong khi v\u1eabn gi\u1eef v\u1ebb b\u1ec1 ngo\u00e0i l\u01b0\u01a1ng thi\u1ec7n d\u1ec5 t\u1ed5n th\u01b0\u01a1ng. \u0110\u00f3 l\u00e0 nh\u1eefng k\u1ebb c\u1ef1c k\u00ec nguy hi\u1ec3m.<\/p>\n<p>M\u1ed9t s\u1ed1 th\u1ee7 thu\u1eadt thao t\u00fang c\u1ee7a l\u0169 s\u00f3i \u0111\u1ed9i l\u1ed1t c\u1eebu:<br \/>\n&#8211; \u0111\u00f3ng vai n\u1ea1n nh\u00e2n<br \/>\n&#8211; \u0111e d\u1ecda ng\u1ea5m ng\u1ea7m t\u1ea5t c\u1ea3 nh\u1eefng k\u1ebb c\u1ea3n \u0111\u01b0\u1eddng<br \/>\n&#8211; ch\u00e2m bi\u1ebfm v\u00e0 nh\u1ee5c m\u1ea1 tinh vi con m\u1ed3i<br \/>\n&#8211; lu\u00f4n mi\u1ec7ng n\u00f3i m\u00ecnh h\u00e0nh \u0111\u1ed9ng v\u00ec m\u1ecdi ng\u01b0\u1eddi\u2014nh\u01b0ng kh\u00f4ng ph\u1ea3i<br \/>\n&#8211; vu kh\u1ed1ng n\u1ea1n nh\u00e2n v\u00e0 s\u1eed d\u1ee5ng th\u1ee7 thu\u1eadt \u0111\u00e8n ga (gaslighting)<\/p>\n<p>K\u1ebb thao t\u00fang t\u00e2m l\u00ed th\u01b0\u1eddng h\u00e0nh \u0111\u1ed9ng nh\u01b0 m\u1ed9t con th\u00fa chu\u1ea9n b\u1ecb v\u1ed3 m\u1ed3i. N\u00f3 h\u1ea1 th\u1ea5p m\u00ecnh s\u00e1t \u0111\u1ea5t, k\u00edn \u0111\u00e1o v\u00e0 c\u1ea9n th\u1eadn, b\u00ecnh t\u0129nh v\u00e0 t\u1ef1 ch\u1ee7 h\u1ebft m\u1ee9c c\u00f3 th\u1ec3. N\u1ea1n nh\u00e2n kh\u00f4ng bao gi\u1edd nh\u00ecn th\u1ea5y \u0111i\u1ec1u g\u00ec s\u1eafp \u1eadp t\u1edbi. N\u1ebfu nh\u00ecn th\u1ea5y, th\u00ec th\u01b0\u1eddng \u0111\u00e3 qu\u00e1 mu\u1ed9n.<\/p>\n<p>Ph\u00e1t hi\u1ec7n v\u00e0 \u0111\u1ed1i ph\u00f3 v\u1edbi nh\u1eefng con s\u00f3i \u1ea9n d\u01b0\u1edbi b\u1ed9 l\u00f4ng c\u1eebu kh\u00f4ng ph\u1ea3i l\u00e0 vi\u1ec7c \u0111\u01a1n gi\u1ea3n. V\u1edbi quy\u1ec3n s\u00e1ch S\u00f3i \u0111\u1ed9i l\u1ed1t c\u1eebu, B\u00e1c s\u0129 George K. Simon s\u1ebd cung c\u1ea5p cho b\u1ea1n nh\u1eefng ph\u01b0\u01a1ng ph\u00e1p \u0111\u1ed1i ph\u00f3 h\u1eefu hi\u1ec7u, \u0111\u1ec3 c\u1ea3i thi\u1ec7n cu\u1ed9c s\u1ed1ng c\u1ee7a ch\u00ednh b\u1ea1n, tr\u00e1nh tr\u1edf th\u00e0nh n\u1ea1n nh\u00e2n d\u01b0\u1edbi nanh vu\u1ed1t c\u1ee7a nh\u1eefng con s\u00f3i \u0111\u1ed9i l\u1ed1t c\u1eebu trong x\u00e3 h\u1ed9i.<\/p>\n","protected":false},"excerpt":{"rendered":"<p>M\u1ed7i khi b\u1ecb thao t\u00fang t\u00e2m l\u00ed v\u00e0 \u0111\u1ed1i x\u1eed t\u00e0n t\u1ec7, n\u1ea1n nh\u00e2n th\u01b0\u1eddng t\u1ef1 di\u1ec5n gi\u1ea3i v\u00e0 h\u1ee3p l\u00ed h\u00f3a cho c\u00e1c h\u00e0nh vi l\u1ec7ch l\u1ea1c c\u1ee7a k\u1ebb thao t\u00fang. H\u1ecd cho r\u1eb1ng k\u1ebb thao t\u00fang\u2014nh\u1eefng con s\u00f3i \u0111\u1ed9i l\u1ed1t c\u1eebu\u2014th\u01b0\u1eddng kh\u00f4ng c\u1ed1 \u00fd l\u00e0m h\u1ea1i ng\u01b0\u1eddi xung quanh, r\u1eb1ng c\u00e1c h\u00e0nh vi x\u1ea5u \u1ea5y v\u1ed1n c\u00f3 nguy\u00ean nh\u00e2n l\u00e0 nh\u1eefng t\u1ed5n th\u01b0\u01a1ng t\u00e2m l\u00ed \u1ea9n b\u00ean trong k\u1ebb thao t\u00fang.<\/p>\n<p>Nh\u01b0ng kh\u00f4ng. B\u00e1c s\u0129 George K. Simon \u0111\u00e3 ch\u1ec9 ra r\u1eb1ng, trong x\u00e3 h\u1ed9i, t\u1ed3n t\u1ea1i nh\u1eefng k\u1ebb c\u1ef1c k\u00ec hi\u1ebfu chi\u1ebfn, s\u1eb5n s\u00e0ng t\u1ea5n c\u00f4ng m\u1ed9t c\u00e1ch ng\u1ea5m ng\u1ea7m qua c\u00e1c th\u1ee7 thu\u1eadt thao t\u00fang t\u00e2m l\u00ed tinh vi. Nh\u1eefng con s\u00f3i \u0111\u1ed9i l\u1ed1t c\u1eebu kh\u00f4ng t\u1ea5n c\u00f4ng v\u00ec b\u1ecb \u0111e d\u1ecda\u2014ch\u00fang t\u1ea5n c\u00f4ng ch\u1ec9 \u0111\u01a1n thu\u1ea7n v\u00ec mu\u1ed1n gi\u00e0nh l\u1ee3i th\u1ebf v\u00e0 ki\u1ec3m so\u00e1t m\u1ecdi ng\u01b0\u1eddi xung quanh, trong khi v\u1eabn gi\u1eef v\u1ebb b\u1ec1 ngo\u00e0i l\u01b0\u01a1ng thi\u1ec7n d\u1ec5 t\u1ed5n th\u01b0\u01a1ng. \u0110\u00f3 l\u00e0 nh\u1eefng k\u1ebb c\u1ef1c k\u00ec nguy hi\u1ec3m.<\/p>\n<p>M\u1ed9t s\u1ed1 th\u1ee7 thu\u1eadt thao t\u00fang c\u1ee7a l\u0169 s\u00f3i \u0111\u1ed9i l\u1ed1t c\u1eebu:<br \/>\n&#8211; \u0111\u00f3ng vai n\u1ea1n nh\u00e2n<br \/>\n&#8211; \u0111e d\u1ecda ng\u1ea5m ng\u1ea7m t\u1ea5t c\u1ea3 nh\u1eefng k\u1ebb c\u1ea3n \u0111\u01b0\u1eddng<br \/>\n&#8211; ch\u00e2m bi\u1ebfm v\u00e0 nh\u1ee5c m\u1ea1 tinh vi con m\u1ed3i<br \/>\n&#8211; lu\u00f4n mi\u1ec7ng n\u00f3i m\u00ecnh h\u00e0nh \u0111\u1ed9ng v\u00ec m\u1ecdi ng\u01b0\u1eddi\u2014nh\u01b0ng kh\u00f4ng ph\u1ea3i<br \/>\n&#8211; vu kh\u1ed1ng n\u1ea1n nh\u00e2n v\u00e0 s\u1eed d\u1ee5ng th\u1ee7 thu\u1eadt \u0111\u00e8n ga (gaslighting)<\/p>\n<p>K\u1ebb thao t\u00fang t\u00e2m l\u00ed th\u01b0\u1eddng h\u00e0nh \u0111\u1ed9ng nh\u01b0 m\u1ed9t con th\u00fa chu\u1ea9n b\u1ecb v\u1ed3 m\u1ed3i. N\u00f3 h\u1ea1 th\u1ea5p m\u00ecnh s\u00e1t \u0111\u1ea5t, k\u00edn \u0111\u00e1o v\u00e0 c\u1ea9n th\u1eadn, b\u00ecnh t\u0129nh v\u00e0 t\u1ef1 ch\u1ee7 h\u1ebft m\u1ee9c c\u00f3 th\u1ec3. N\u1ea1n nh\u00e2n kh\u00f4ng bao gi\u1edd nh\u00ecn th\u1ea5y \u0111i\u1ec1u g\u00ec s\u1eafp \u1eadp t\u1edbi. N\u1ebfu nh\u00ecn th\u1ea5y, th\u00ec th\u01b0\u1eddng \u0111\u00e3 qu\u00e1 mu\u1ed9n.<\/p>\n<p>Ph\u00e1t hi\u1ec7n v\u00e0 \u0111\u1ed1i ph\u00f3 v\u1edbi nh\u1eefng con s\u00f3i \u1ea9n d\u01b0\u1edbi b\u1ed9 l\u00f4ng c\u1eebu kh\u00f4ng ph\u1ea3i l\u00e0 vi\u1ec7c \u0111\u01a1n gi\u1ea3n. V\u1edbi quy\u1ec3n s\u00e1ch S\u00f3i \u0111\u1ed9i l\u1ed1t c\u1eebu, B\u00e1c s\u0129 George K. Simon s\u1ebd cung c\u1ea5p cho b\u1ea1n nh\u1eefng ph\u01b0\u01a1ng ph\u00e1p \u0111\u1ed1i ph\u00f3 h\u1eefu hi\u1ec7u, \u0111\u1ec3 c\u1ea3i thi\u1ec7n cu\u1ed9c s\u1ed1ng c\u1ee7a ch\u00ednh b\u1ea1n, tr\u00e1nh tr\u1edf th\u00e0nh n\u1ea1n nh\u00e2n d\u01b0\u1edbi nanh vu\u1ed1t c\u1ee7a nh\u1eefng con s\u00f3i \u0111\u1ed9i l\u1ed1t c\u1eebu trong x\u00e3 h\u1ed9i.<\/p>\n","protected":false},"featured_media":23178,"template":"","meta":{"_acf_changed":false},"product_brand":[],"product_cat":[15,46],"product_tag":[83],"class_list":{"0":"post-23179","1":"product","2":"type-product","3":"status-publish","4":"has-post-thumbnail","6":"product_cat-sach-danh-cho-nguoi-lon","7":"product_cat-ky-nang-song","8":"product_tag-sach-moi-xuat-ban","10":"first","11":"outofstock","12":"taxable","13":"shipping-taxable","14":"purchasable","15":"product-type-simple"},"supplier_id":null,"supplier_sku":"","barcode":null,"atum_controlled":true,"out_stock_date":"2024-08-11 22:20:56","out_stock_threshold":null,"inheritable":false,"inbound_stock":0,"stock_on_hold":0,"sold_today":0,"sales_last_days":0,"reserved_stock":0,"customer_returns":0,"warehouse_damage":0,"lost_in_post":0,"other_logs":0,"out_stock_days":535,"lost_sales":0,"has_location":false,"update_date":"2026-01-28T23:11:20","atum_locations":[],"atum_stock_status":"outofstock","restock_status":false,"low_stock_amount":"","sales_update_date":"2026-01-28T23:11:20","calc_backorders":null,"acf":{"publisher":{"ID":22343,"post_author":"1","post_date":"2023-01-21 02:40:10","post_date_gmt":"2023-01-21 00:40:10","post_content":"<!-- wp:html \/-->","post_title":"Ecoblader","post_excerpt":"","post_status":"publish","comment_status":"closed","ping_status":"closed","post_password":"","post_name":"ecoblader","to_ping":"","pinged":"","post_modified":"2023-01-21 02:40:12","post_modified_gmt":"2023-01-21 00:40:12","post_content_filtered":"","post_parent":0,"guid":"https:\/\/sachviet.eu\/?post_type=publisher&#038;p=22343","menu_order":0,"post_type":"publisher","post_mime_type":"","comment_count":"0","filter":"raw"}},"_links":{"self":[{"href":"https:\/\/sachviet.eu\/en\/wp-json\/wp\/v2\/product\/23179","targetHints":{"allow":["GET"]}}],"collection":[{"href":"https:\/\/sachviet.eu\/en\/wp-json\/wp\/v2\/product"}],"about":[{"href":"https:\/\/sachviet.eu\/en\/wp-json\/wp\/v2\/types\/product"}],"wp:featuredmedia":[{"embeddable":true,"href":"https:\/\/sachviet.eu\/en\/wp-json\/wp\/v2\/media\/23178"}],"wp:attachment":[{"href":"https:\/\/sachviet.eu\/en\/wp-json\/wp\/v2\/media?parent=23179"}],"wp:term":[{"taxonomy":"product_brand","embeddable":true,"href":"https:\/\/sachviet.eu\/en\/wp-json\/wp\/v2\/product_brand?post=23179"},{"taxonomy":"product_cat","embeddable":true,"href":"https:\/\/sachviet.eu\/en\/wp-json\/wp\/v2\/product_cat?post=23179"},{"taxonomy":"product_tag","embeddable":true,"href":"https:\/\/sachviet.eu\/en\/wp-json\/wp\/v2\/product_tag?post=23179"}],"curies":[{"name":"wp","href":"https:\/\/api.w.org\/{rel}","templated":true}]}}