{"id":23177,"date":"2023-04-03T22:55:11","date_gmt":"2023-04-03T19:55:11","guid":{"rendered":"https:\/\/sachviet.eu\/shop\/dac-quyen-cua-gai-hu\/"},"modified":"2025-09-13T10:03:30","modified_gmt":"2025-09-13T07:03:30","slug":"dac-quyen-cua-gai-hu","status":"publish","type":"product","link":"https:\/\/sachviet.eu\/en\/shop\/dac-quyen-cua-gai-hu\/","title":{"rendered":"\u0110\u1eb7c Quy\u1ec1n C\u1ee7a G\u00e1i H\u01b0"},"content":{"rendered":"<p>Cu\u1ed1n s\u00e1ch gi\u00fap b\u1ea1n nh\u1eadn ra \u0111\u00e3 \u0111\u1ebfn l\u00fac b\u1ea1n kh\u00f4ng c\u00f2n ph\u1ea3i l\u1ef1a ch\u1ecdn gi\u1eefa t\u00ecnh y\u00eau, s\u1ef1 t\u00f4n tr\u1ecdng hay m\u1ed9t chi\u1ebfc nh\u1eabn. B\u1edfi b\u1ea1n x\u1ee9ng \u0111\u00e1ng c\u00f3 \u0111\u01b0\u1ee3c t\u1ea5t c\u1ea3 nh\u1eefng \u0111i\u1ec1u \u0111\u00f3!<\/p>\n<p>B\u1eb1ng nh\u1eefng chia s\u1ebb th\u1eb3ng th\u1eafn v\u00e0 l\u1ed1i suy ngh\u0129 c\u1edfi m\u1edf v\u1ec1 nh\u1eefng v\u1ea5n \u0111\u1ec1 nh\u1ea1y c\u1ea3m trong \u0111\u1eddi s\u1ed1ng c\u1ee7a ph\u00e1i \u0111\u1eb9p, t\u00e1c gi\u1ea3 Kira King s\u1ebd gi\u00fap b\u1ea1n ph\u00e1 v\u1ee1 m\u1ecdi r\u00e0o c\u1ea3n m\u00e0 tr\u01b0\u1edbc gi\u1edd b\u1ea1n v\u1eabn h\u1eb1ng e s\u1ee3.<\/p>\n<p>Quan h\u1ec7 t\u00ecnh d\u1ee5c tr\u01b0\u1edbc h\u00f4n nh\u00e2n li\u1ec7u c\u00f3 ph\u1ea3i l\u00e0 x\u1ea5u?<\/p>\n<p>L\u00e0m t\u00ecnh v\u1edbi ng\u01b0\u1eddi m\u00ecnh y\u00eau c\u00f3 b\u1ecb coi l\u00e0 d\u1ec5 d\u00e3i?<\/p>\n<p>L\u00e0 ph\u1ee5 n\u1eef th\u00ec kh\u00f4ng n\u00ean ch\u1ee7 \u0111\u1ed9ng trong chuy\u1ec7n \u201cgi\u01b0\u1eddng chi\u1ebfu\u201d?<\/p>\n<p>V\u1edbi \u201c\u0110\u1eb6C QUY\u1ec0N C\u1ee6A G\u00c1I H\u01af\u201d, b\u1ea1n s\u1ebd t\u00ecm \u0111\u01b0\u1ee3c \u0111\u00e1p \u00e1n c\u1ee7a ri\u00eang b\u1ea1n cho t\u1ea5t c\u1ea3 nh\u1eefng c\u00e2u h\u1ecfi c\u00f2n b\u1ecf ng\u1ecf \u0111\u00f3. Nh\u01b0ng d\u00f9 c\u00e2u tr\u1ea3 l\u1eddi b\u1ea1n ch\u1ecdn c\u00f3 l\u00e0 g\u00ec, th\u00ec khi kh\u00e1m ph\u00e1 h\u1ebft 12 s\u1ee9c m\u1ea1nh ti\u1ec1m \u1ea9n c\u1ee7a ph\u00e1i \u0111\u1eb9p (t\u01b0\u01a1ng \u0111\u01b0\u01a1ng v\u1edbi 12 ch\u01b0\u01a1ng s\u00e1ch), b\u1ea1n c\u0169ng s\u1ebd hi\u1ec3u ra r\u1eb1ng: B\u1ea1n c\u00f3 th\u1ec3 l\u1ea5y m\u1ecdi th\u1ee9 b\u1ea1n mu\u1ed1n t\u1eeb \u0111\u00e0n \u00f4ng m\u00e0 kh\u00f4ng c\u00f2n c\u1ea7n ph\u1ea3i lo s\u1ee3 vi\u1ec7c s\u1ebd b\u1ecb t\u1ed5n th\u01b0\u01a1ng, b\u1ecb l\u1eeba, hay b\u1ecb \u0111\u00e1.<\/p>\n<p>\u0110\u00f4i khi b\u1ea1n c\u0169ng c\u1ea7n tham lam, v\u00e0 th\u1eadt nh\u1eabn t\u00e2m \u0111\u1ec3 n\u1eafm m\u1ecdi th\u1ee9 trong tay, xoay m\u1ecdi th\u1ee9 quanh m\u00ecnh. Th\u1ebf gi\u1edbi n\u00e0y c\u1ea7n nh\u1eefng ng\u01b0\u1eddi ph\u1ee5 n\u1eef nh\u01b0 v\u1eady \u0111\u1ec3 b\u1edbt \u0111i kh\u1ed5 \u0111au, v\u01a1i \u0111i n\u01b0\u1edbc m\u1eaft.<\/p>\n<p>V\u00e0 h\u00e3y \u0111\u1ecdc cu\u1ed1n s\u00e1ch n\u00e0y v\u1edbi m\u1ed9t tr\u00e1i tim v\u1eefng v\u00e0ng, m\u1ed9t c\u00e1i \u0111\u1ea7u th\u1eadt r\u1ed9ng m\u1edf. Sau c\u00f9ng, b\u1ea1n s\u1ebd c\u00f3 \u0111\u01b0\u1ee3c l\u1eddi cam k\u1ebft, chi\u1ebfc nh\u1eabn v\u00e0 c\u1ea3 ng\u01b0\u1eddi \u0111\u00e0n \u00f4ng trong m\u01a1 c\u1ee7a b\u1ea1n.<\/p>\n","protected":false},"excerpt":{"rendered":"<p>Cu\u1ed1n s\u00e1ch gi\u00fap b\u1ea1n nh\u1eadn ra \u0111\u00e3 \u0111\u1ebfn l\u00fac b\u1ea1n kh\u00f4ng c\u00f2n ph\u1ea3i l\u1ef1a ch\u1ecdn gi\u1eefa t\u00ecnh y\u00eau, s\u1ef1 t\u00f4n tr\u1ecdng hay m\u1ed9t chi\u1ebfc nh\u1eabn. B\u1edfi b\u1ea1n x\u1ee9ng \u0111\u00e1ng c\u00f3 \u0111\u01b0\u1ee3c t\u1ea5t c\u1ea3 nh\u1eefng \u0111i\u1ec1u \u0111\u00f3!<\/p>\n<p>B\u1eb1ng nh\u1eefng chia s\u1ebb th\u1eb3ng th\u1eafn v\u00e0 l\u1ed1i suy ngh\u0129 c\u1edfi m\u1edf v\u1ec1 nh\u1eefng v\u1ea5n \u0111\u1ec1 nh\u1ea1y c\u1ea3m trong \u0111\u1eddi s\u1ed1ng c\u1ee7a ph\u00e1i \u0111\u1eb9p, t\u00e1c gi\u1ea3 Kira King s\u1ebd gi\u00fap b\u1ea1n ph\u00e1 v\u1ee1 m\u1ecdi r\u00e0o c\u1ea3n m\u00e0 tr\u01b0\u1edbc gi\u1edd b\u1ea1n v\u1eabn h\u1eb1ng e s\u1ee3.<\/p>\n<p>Quan h\u1ec7 t\u00ecnh d\u1ee5c tr\u01b0\u1edbc h\u00f4n nh\u00e2n li\u1ec7u c\u00f3 ph\u1ea3i l\u00e0 x\u1ea5u?<\/p>\n<p>L\u00e0m t\u00ecnh v\u1edbi ng\u01b0\u1eddi m\u00ecnh y\u00eau c\u00f3 b\u1ecb coi l\u00e0 d\u1ec5 d\u00e3i?<\/p>\n<p>L\u00e0 ph\u1ee5 n\u1eef th\u00ec kh\u00f4ng n\u00ean ch\u1ee7 \u0111\u1ed9ng trong chuy\u1ec7n \u201cgi\u01b0\u1eddng chi\u1ebfu\u201d?<\/p>\n<p>V\u1edbi \u201c\u0110\u1eb6C QUY\u1ec0N C\u1ee6A G\u00c1I H\u01af\u201d, b\u1ea1n s\u1ebd t\u00ecm \u0111\u01b0\u1ee3c \u0111\u00e1p \u00e1n c\u1ee7a ri\u00eang b\u1ea1n cho t\u1ea5t c\u1ea3 nh\u1eefng c\u00e2u h\u1ecfi c\u00f2n b\u1ecf ng\u1ecf \u0111\u00f3. Nh\u01b0ng d\u00f9 c\u00e2u tr\u1ea3 l\u1eddi b\u1ea1n ch\u1ecdn c\u00f3 l\u00e0 g\u00ec, th\u00ec khi kh\u00e1m ph\u00e1 h\u1ebft 12 s\u1ee9c m\u1ea1nh ti\u1ec1m \u1ea9n c\u1ee7a ph\u00e1i \u0111\u1eb9p (t\u01b0\u01a1ng \u0111\u01b0\u01a1ng v\u1edbi 12 ch\u01b0\u01a1ng s\u00e1ch), b\u1ea1n c\u0169ng s\u1ebd hi\u1ec3u ra r\u1eb1ng: B\u1ea1n c\u00f3 th\u1ec3 l\u1ea5y m\u1ecdi th\u1ee9 b\u1ea1n mu\u1ed1n t\u1eeb \u0111\u00e0n \u00f4ng m\u00e0 kh\u00f4ng c\u00f2n c\u1ea7n ph\u1ea3i lo s\u1ee3 vi\u1ec7c s\u1ebd b\u1ecb t\u1ed5n th\u01b0\u01a1ng, b\u1ecb l\u1eeba, hay b\u1ecb \u0111\u00e1.<\/p>\n<p>\u0110\u00f4i khi b\u1ea1n c\u0169ng c\u1ea7n tham lam, v\u00e0 th\u1eadt nh\u1eabn t\u00e2m \u0111\u1ec3 n\u1eafm m\u1ecdi th\u1ee9 trong tay, xoay m\u1ecdi th\u1ee9 quanh m\u00ecnh. Th\u1ebf gi\u1edbi n\u00e0y c\u1ea7n nh\u1eefng ng\u01b0\u1eddi ph\u1ee5 n\u1eef nh\u01b0 v\u1eady \u0111\u1ec3 b\u1edbt \u0111i kh\u1ed5 \u0111au, v\u01a1i \u0111i n\u01b0\u1edbc m\u1eaft.<\/p>\n<p>V\u00e0 h\u00e3y \u0111\u1ecdc cu\u1ed1n s\u00e1ch n\u00e0y v\u1edbi m\u1ed9t tr\u00e1i tim v\u1eefng v\u00e0ng, m\u1ed9t c\u00e1i \u0111\u1ea7u th\u1eadt r\u1ed9ng m\u1edf. Sau c\u00f9ng, b\u1ea1n s\u1ebd c\u00f3 \u0111\u01b0\u1ee3c l\u1eddi cam k\u1ebft, chi\u1ebfc nh\u1eabn v\u00e0 c\u1ea3 ng\u01b0\u1eddi \u0111\u00e0n \u00f4ng trong m\u01a1 c\u1ee7a b\u1ea1n.<\/p>\n","protected":false},"featured_media":23176,"template":"","meta":{"_acf_changed":false},"product_brand":[],"product_cat":[15,46],"product_tag":[83],"class_list":{"0":"post-23177","1":"product","2":"type-product","3":"status-publish","4":"has-post-thumbnail","6":"product_cat-sach-danh-cho-nguoi-lon","7":"product_cat-ky-nang-song","8":"product_tag-sach-moi-xuat-ban","10":"first","11":"instock","12":"taxable","13":"shipping-taxable","14":"purchasable","15":"product-type-simple"},"supplier_id":null,"supplier_sku":"","barcode":null,"atum_controlled":true,"out_stock_date":null,"out_stock_threshold":null,"inheritable":false,"inbound_stock":0,"stock_on_hold":0,"sold_today":0,"sales_last_days":0,"reserved_stock":0,"customer_returns":0,"warehouse_damage":0,"lost_in_post":0,"other_logs":0,"out_stock_days":0,"lost_sales":0,"has_location":false,"update_date":"2026-01-28T23:11:30","atum_locations":[],"atum_stock_status":"instock","restock_status":false,"low_stock_amount":"","sales_update_date":"2026-01-28T23:11:30","calc_backorders":null,"acf":{"publisher":{"ID":1460,"post_author":"1","post_date":"2021-02-17 01:12:24","post_date_gmt":"2021-02-16 23:12:24","post_content":"<!-- wp:flatsome\/uxbuilder -->\n<h1 style=\"text-align: center;\"><strong>Skybooks<\/strong><\/h1>\n[row]\n\n[col span=\"7\" span__sm=\"12\"]\n\n<p>C\u00f4ng ty ph\u00e1t h\u00e0nh s\u00e1ch Skybooks. \"T\u00f4i tr\u1ebb, t\u00f4i \u0111am m\u00ea\" v\u1edbi s\u1ee9 m\u1ec7nh lan to\u1ea3 c\u1ea3m x\u00fac v\u00e0 k\u1ebft n\u1ed1i t\u00e2m h\u1ed3n<\/p>\n<p><strong>Skybooks l\u00e0 c\u00e2u chuy\u1ec7n k\u1ec3 v\u1ec1:<\/strong><br \/>M\u1ed9t th\u1ebf h\u1ec7 ng\u01b0\u1eddi vi\u1ebft tr\u1ebb, \u0111am m\u00ea v\u0103n ch\u01b0\u01a1ng v\u00e0 t\u00f4n tr\u1ecdng, g\u00ecn gi\u1eef, s\u00e1ng t\u1ea1o Ti\u1ebfng Vi\u1ec7t. M\u1ed9t th\u1ebf h\u1ec7 \u0111\u1ed9c gi\u1ea3 tr\u1ebb, \u0111am m\u00ea kh\u00e1m ph\u00e1 ng\u00f4n ng\u1eef v\u00e0 say m\u00ea \u0111\u1ebfn v\u1edbi th\u1ebf gi\u1edbi c\u1ee7a nh\u1eefng quy\u1ec3n s\u00e1ch. M\u1ed9t th\u1ebf h\u1ec7 ng\u01b0\u1eddi l\u00e0m s\u00e1ch tr\u1ebb, \u0111am m\u00ea mang nh\u1eefng gi\u00e1 tr\u1ecb tinh th\u1ea7n l\u1ea1i g\u1ea7n ng\u01b0\u1eddi \u0111\u1ecdc.<br \/>Trong b\u1ed9 nh\u1eadn d\u1ea1ng th\u01b0\u01a1ng hi\u1ec7u:<br \/>Skybooks v\u1edbi ch\u1eef Sky m\u00e0u xanh da tr\u1eddi c\u00f3 \u00fd ngh\u0129a l\u00e0 c\u00f4ng ty B\u1ea7u Tr\u1eddi - n\u01a1i t\u1ea5t c\u1ea3 \u01b0\u1edbc m\u01a1 \u0111\u01b0\u1ee3c t\u1ef1 do tung c\u00e1nh.<br \/>V\u1edbi logo h\u00ecnh hoa b\u1ed3 c\u00f4ng anh \u0111ang bay t\u01b0\u1ee3ng tr\u01b0ng cho s\u1ef1 lan to\u1ea3 c\u1ea3m x\u00fac v\u00e0 kh\u00e1t v\u1ecdng bay cao.<br \/>K\u1ebb v\u1ea1ch logo c\u00f3 n\u1ec1n m\u00e0u ghi x\u00e1m xu\u1ea5t hi\u1ec7n tr\u00ean b\u00eca m\u1ecdi \u1ea5n ph\u1ea9m th\u1ec3 hi\u1ec7n con \u0111\u01b0\u1eddng b\u01b0\u1edbc v\u00e0o th\u1ecb tr\u01b0\u1eddng s\u00e1ch v\u00e0 chinh ph\u1ee5c \u0111\u1ed9c gi\u1ea3 l\u00e0 m\u1ed9t h\u00e0nh tr\u00ecnh d\u00e0i, \u0111\u1ea7y gian kh\u00f3, c\u00f3 nhi\u1ec1u b\u00e3o t\u1ed1, nh\u01b0ng ch\u1ec9 c\u1ea7n n\u1ed7 l\u1ef1c c\u1ed1 g\u1eafng nh\u1ea5t \u0111\u1ecbnh s\u1ebd ngo\u1ea1n m\u1ee5c v\u01b0\u1ee3t qua. \u0110\u1ec3 kh\u1eb3ng \u0111\u1ecbnh v\u00e0 ch\u1ee9ng minh ch\u00ednh m\u00ecnh!<\/p>\n\n[\/col]\n[col span=\"5\" span__sm=\"12\"]\n\n[ux_image id=\"1825\" image_size=\"medium\"]\n\n\n[\/col]\n\n[\/row]\n\n<!-- \/wp:flatsome\/uxbuilder -->","post_title":"Skybooks","post_excerpt":"","post_status":"publish","comment_status":"closed","ping_status":"closed","post_password":"","post_name":"skybooks","to_ping":"","pinged":"","post_modified":"2021-02-17 01:57:31","post_modified_gmt":"2021-02-16 23:57:31","post_content_filtered":"","post_parent":0,"guid":"https:\/\/sachviet.eu\/nha-phat-hanh\/skybooks\/","menu_order":0,"post_type":"publisher","post_mime_type":"","comment_count":"0","filter":"raw"}},"_links":{"self":[{"href":"https:\/\/sachviet.eu\/en\/wp-json\/wp\/v2\/product\/23177","targetHints":{"allow":["GET"]}}],"collection":[{"href":"https:\/\/sachviet.eu\/en\/wp-json\/wp\/v2\/product"}],"about":[{"href":"https:\/\/sachviet.eu\/en\/wp-json\/wp\/v2\/types\/product"}],"wp:featuredmedia":[{"embeddable":true,"href":"https:\/\/sachviet.eu\/en\/wp-json\/wp\/v2\/media\/23176"}],"wp:attachment":[{"href":"https:\/\/sachviet.eu\/en\/wp-json\/wp\/v2\/media?parent=23177"}],"wp:term":[{"taxonomy":"product_brand","embeddable":true,"href":"https:\/\/sachviet.eu\/en\/wp-json\/wp\/v2\/product_brand?post=23177"},{"taxonomy":"product_cat","embeddable":true,"href":"https:\/\/sachviet.eu\/en\/wp-json\/wp\/v2\/product_cat?post=23177"},{"taxonomy":"product_tag","embeddable":true,"href":"https:\/\/sachviet.eu\/en\/wp-json\/wp\/v2\/product_tag?post=23177"}],"curies":[{"name":"wp","href":"https:\/\/api.w.org\/{rel}","templated":true}]}}