{"id":23169,"date":"2023-04-03T22:54:32","date_gmt":"2023-04-03T19:54:32","guid":{"rendered":"https:\/\/sachviet.eu\/shop\/tam-ly-hoc-ung-dung\/"},"modified":"2023-04-18T10:47:07","modified_gmt":"2023-04-18T07:47:07","slug":"tam-ly-hoc-ung-dung","status":"publish","type":"product","link":"https:\/\/sachviet.eu\/en\/shop\/tam-ly-hoc-ung-dung\/","title":{"rendered":"T\u00c2M L\u00dd H\u1eccC \u1ee8NG D\u1ee4NG"},"content":{"rendered":"<p>Tr\u00ed th\u00f4ng minh x\u00e3 h\u1ed9i l\u00e0 vi\u1ec7c h\u00f2a nh\u1eadp, thu h\u00fat m\u1ecdi ng\u01b0\u1eddi v\u00e0 khi\u1ebfn s\u1ef1 giao ti\u1ebfp x\u00e3 h\u1ed9i \u0111em l\u1ea1i l\u1ee3i \u00edch cho b\u1ea1n, thay v\u00ec c\u1ea3n tr\u1edf b\u1ea1n \u0111\u1ea1t \u0111\u01b0\u1ee3c nh\u1eefng m\u1ee5c ti\u00eau c\u1ee7a m\u00ecnh. N\u00f3i c\u00e1ch kh\u00e1c, s\u1edf h\u1eefu tr\u00ed th\u00f4ng minh x\u00e3 h\u1ed9i s\u1ebd gi\u00fap b\u1ea1n \u0111\u01b0\u1ee3c y\u00eau m\u1ebfn h\u01a1n, t\u0103ng c\u01b0\u1eddng v\u1ecb th\u1ebf c\u1ee7a b\u1ea1n trong c\u1ed9ng \u0111\u1ed3ng v\u00e0 t\u1ea1o \u0111i\u1ec1u ki\u1ec7n thu\u1eadn l\u1ee3i \u0111\u1ec3 b\u1ea1n v\u01b0\u01a1n t\u1edbi nhi\u1ec1u th\u00e0nh c\u00f4ng trong cu\u1ed9c s\u1ed1ng.<\/p>\n<p>Cu\u1ed1n s\u00e1ch n\u00e0y cung c\u1ea5p c\u00e1c chi\u1ebfn thu\u1eadt \u0111\u00e3 \u0111\u01b0\u1ee3c khoa h\u1ecdc ch\u1ee9ng minh \u0111\u1ec3 m\u1ed7i c\u00e1 nh\u00e2n t\u0103ng c\u01b0\u1eddng tr\u00ed th\u00f4ng minh x\u00e3 h\u1ed9i c\u1ee7a m\u00ecnh. H\u1ea7u h\u1ebft c\u00e1c ph\u01b0\u01a1ng ph\u00e1p c\u00f3 trong s\u00e1ch s\u1ebd li\u00ean quan \u00edt nhi\u1ec1u t\u1edbi nh\u1eefng c\u00e1ch th\u1ee9c th\u1eddi nguy\u00ean th\u1ee7y &#8211; nh\u1eefng ph\u01b0\u01a1ng ph\u00e1p \u0111\u1ea7y b\u1ea3n n\u0103ng m\u00e0 con ng\u01b0\u1eddi \u0111\u00e3 t\u1eadn d\u1ee5ng \u0111\u1ec3 th\u1ed1ng tr\u1ecb th\u1ebf gi\u1edbi.<\/p>\n<p>Cu\u1ed1n s\u00e1ch\u201dT\u00e2m l\u00fd h\u1ecdc \u1ee9ng d\u1ee5ng\u201d gi\u00fap \u0111\u1ed9c gi\u1ea3:<\/p>\n<p>Tr\u1edf n\u00ean d\u1ec5 m\u1ebfn m\u1ed9t c\u00e1ch ch\u00e2n th\u00e0nh, t\u1ea1o d\u1ef1ng \u0111\u01b0\u1ee3c \u1ea5n t\u01b0\u1ee3ng t\u1ed1t v\u00e0 kh\u00f4ng ng\u1ea1i ng\u1ea7n trong c\u00e1c t\u00ecnh hu\u1ed1ng giao ti\u1ebfp x\u00e3 h\u1ed9i.<br \/>\nX\u00e2y d\u1ef1ng n\u00ean nh\u1eefng m\u1ed1i quan h\u1ec7 t\u1ed1t \u0111\u1eb9p, l\u00e0nh m\u1ea1nh v\u00e0 s\u00e2u s\u1eafc cho t\u1ea5t c\u1ea3 c\u00e1c b\u00ean, b\u1ea5t k\u1ec3 \u0111\u00f3 l\u00e0 c\u00e1c g\u1eafn k\u1ebft gi\u1eefa c\u1ed9ng s\u1ef1, b\u1ea1n b\u00e8, ng\u01b0\u1eddi th\u00e2n hay ng\u01b0\u1eddi y\u00eau.<br \/>\nHi\u1ec3u r\u00f5 nh\u1eefng c\u1ea3m x\u00fac c\u1ee7a b\u1ea3n th\u00e2n, n\u1eafm b\u1eaft \u0111\u01b0\u1ee3c nh\u1eefng c\u1ea3m nh\u1eadn c\u1ee7a m\u1ecdi ng\u01b0\u1eddi \u0111\u1ec3 t\u1eeb \u0111\u00f3 \u0111i\u1ec1u ch\u1ec9nh h\u1ee3p l\u00fd, t\u1ea1o ra nh\u1eefng t\u01b0\u01a1ng t\u00e1c gi\u00e0u \u00fd ngh\u0129a.<br \/>\nM\u1edf ra nh\u1eefng c\u01a1 h\u1ed9i qu\u00fd gi\u00e1 \u0111\u1ec3 hi\u1ec7n th\u1ef1c h\u00f3a c\u00e1c m\u1ee5c ti\u00eau trong cu\u1ed9c s\u1ed1ng.<\/p>\n","protected":false},"excerpt":{"rendered":"<p>Tr\u00ed th\u00f4ng minh x\u00e3 h\u1ed9i l\u00e0 vi\u1ec7c h\u00f2a nh\u1eadp, thu h\u00fat m\u1ecdi ng\u01b0\u1eddi v\u00e0 khi\u1ebfn s\u1ef1 giao ti\u1ebfp x\u00e3 h\u1ed9i \u0111em l\u1ea1i l\u1ee3i \u00edch cho b\u1ea1n, thay v\u00ec c\u1ea3n tr\u1edf b\u1ea1n \u0111\u1ea1t \u0111\u01b0\u1ee3c nh\u1eefng m\u1ee5c ti\u00eau c\u1ee7a m\u00ecnh. N\u00f3i c\u00e1ch kh\u00e1c, s\u1edf h\u1eefu tr\u00ed th\u00f4ng minh x\u00e3 h\u1ed9i s\u1ebd gi\u00fap b\u1ea1n \u0111\u01b0\u1ee3c y\u00eau m\u1ebfn h\u01a1n, t\u0103ng c\u01b0\u1eddng v\u1ecb th\u1ebf c\u1ee7a b\u1ea1n trong c\u1ed9ng \u0111\u1ed3ng v\u00e0 t\u1ea1o \u0111i\u1ec1u ki\u1ec7n thu\u1eadn l\u1ee3i \u0111\u1ec3 b\u1ea1n v\u01b0\u01a1n t\u1edbi nhi\u1ec1u th\u00e0nh c\u00f4ng trong cu\u1ed9c s\u1ed1ng.<\/p>\n<p>Cu\u1ed1n s\u00e1ch n\u00e0y cung c\u1ea5p c\u00e1c chi\u1ebfn thu\u1eadt \u0111\u00e3 \u0111\u01b0\u1ee3c khoa h\u1ecdc ch\u1ee9ng minh \u0111\u1ec3 m\u1ed7i c\u00e1 nh\u00e2n t\u0103ng c\u01b0\u1eddng tr\u00ed th\u00f4ng minh x\u00e3 h\u1ed9i c\u1ee7a m\u00ecnh. H\u1ea7u h\u1ebft c\u00e1c ph\u01b0\u01a1ng ph\u00e1p c\u00f3 trong s\u00e1ch s\u1ebd li\u00ean quan \u00edt nhi\u1ec1u t\u1edbi nh\u1eefng c\u00e1ch th\u1ee9c th\u1eddi nguy\u00ean th\u1ee7y &#8211; nh\u1eefng ph\u01b0\u01a1ng ph\u00e1p \u0111\u1ea7y b\u1ea3n n\u0103ng m\u00e0 con ng\u01b0\u1eddi \u0111\u00e3 t\u1eadn d\u1ee5ng \u0111\u1ec3 th\u1ed1ng tr\u1ecb th\u1ebf gi\u1edbi.<\/p>\n","protected":false},"featured_media":23168,"template":"","meta":{"_acf_changed":false},"product_brand":[],"product_cat":[18,15,46],"product_tag":[],"class_list":{"0":"post-23169","1":"product","2":"type-product","3":"status-publish","4":"has-post-thumbnail","6":"product_cat-kinh-te","7":"product_cat-sach-danh-cho-nguoi-lon","8":"product_cat-ky-nang-song","10":"first","11":"outofstock","12":"taxable","13":"shipping-taxable","14":"purchasable","15":"product-type-simple"},"supplier_id":null,"supplier_sku":"","barcode":null,"atum_controlled":true,"out_stock_date":"2023-04-18 07:47:07","out_stock_threshold":null,"inheritable":false,"inbound_stock":0,"stock_on_hold":0,"sold_today":0,"sales_last_days":0,"reserved_stock":0,"customer_returns":0,"warehouse_damage":0,"lost_in_post":0,"other_logs":0,"out_stock_days":1016,"lost_sales":0,"has_location":false,"update_date":"2026-01-28T23:11:12","atum_locations":[],"atum_stock_status":"outofstock","restock_status":false,"low_stock_amount":"","sales_update_date":"2026-01-28T23:11:12","calc_backorders":null,"acf":{"publisher":{"ID":4030,"post_author":"1","post_date":"2021-03-02 03:51:27","post_date_gmt":"2021-03-02 01:51:27","post_content":"","post_title":"1980 Books","post_excerpt":"","post_status":"publish","comment_status":"closed","ping_status":"closed","post_password":"","post_name":"1980-books","to_ping":"","pinged":"","post_modified":"2021-03-02 03:51:27","post_modified_gmt":"2021-03-02 01:51:27","post_content_filtered":"","post_parent":0,"guid":"https:\/\/sachviet.eu\/nha-phat-hanh\/1980-books\/","menu_order":0,"post_type":"publisher","post_mime_type":"","comment_count":"0","filter":"raw"}},"_links":{"self":[{"href":"https:\/\/sachviet.eu\/en\/wp-json\/wp\/v2\/product\/23169","targetHints":{"allow":["GET"]}}],"collection":[{"href":"https:\/\/sachviet.eu\/en\/wp-json\/wp\/v2\/product"}],"about":[{"href":"https:\/\/sachviet.eu\/en\/wp-json\/wp\/v2\/types\/product"}],"wp:featuredmedia":[{"embeddable":true,"href":"https:\/\/sachviet.eu\/en\/wp-json\/wp\/v2\/media\/23168"}],"wp:attachment":[{"href":"https:\/\/sachviet.eu\/en\/wp-json\/wp\/v2\/media?parent=23169"}],"wp:term":[{"taxonomy":"product_brand","embeddable":true,"href":"https:\/\/sachviet.eu\/en\/wp-json\/wp\/v2\/product_brand?post=23169"},{"taxonomy":"product_cat","embeddable":true,"href":"https:\/\/sachviet.eu\/en\/wp-json\/wp\/v2\/product_cat?post=23169"},{"taxonomy":"product_tag","embeddable":true,"href":"https:\/\/sachviet.eu\/en\/wp-json\/wp\/v2\/product_tag?post=23169"}],"curies":[{"name":"wp","href":"https:\/\/api.w.org\/{rel}","templated":true}]}}