{"id":23156,"date":"2023-04-02T18:48:39","date_gmt":"2023-04-02T15:48:39","guid":{"rendered":"https:\/\/sachviet.eu\/shop\/bo-sach-thieu-nhi-cu-lac\/"},"modified":"2024-08-25T22:41:46","modified_gmt":"2024-08-25T19:41:46","slug":"bo-sach-thieu-nhi-cu-lac","status":"publish","type":"product","link":"https:\/\/sachviet.eu\/en\/shop\/bo-sach-thieu-nhi-cu-lac\/","title":{"rendered":"B\u1ed9 S\u00e1ch Thi\u1ebfu Nhi &#8211; C\u1ee7 L\u1ea1c"},"content":{"rendered":"<p>T\u00e1c gi\u1ea3 \u0111\u00e3 s\u1eed d\u1ee5ng gi\u1ecdng v\u0103n t\u00ecnh c\u1ea3m, d\u00ed d\u1ecfm, n\u00e9t v\u1ebd tr\u00f2n tr\u0129nh \u0111\u00e1ng y\u00eau,\u2026 nh\u1eb1m gi\u00fap c\u00e1c em ti\u1ebfp nh\u1eadn v\u00e0 th\u1ea9m th\u1ea5u nhanh nh\u1ea5t. \u0110\u00e2y b\u1ed9 s\u00e1ch c\u00f3 kh\u1ea3 n\u0103ng theo c\u00e1c em r\u1ea5t nhi\u1ec1u n\u0103m. B\u1ea3n th\u00e2n qu\u00e1 tr\u00ecnh s\u00e1ng t\u00e1c c\u0169ng kh\u00e1 d\u00e0i, t\u00e1c gi\u1ea3 ph\u1ea3i c\u1ea5u t\u1ee9 trong su\u1ed1t 23 n\u0103m m\u1edbi ho\u00e0n th\u00e0nh.<\/p>\n<p>\u0110\u1ec3 b\u1ed1 m\u1eb9 v\u00e0 c\u00e1c em c\u00f3 th\u1ec3 khai th\u00e1c b\u1ed9 s\u00e1ch m\u1ed9t c\u00e1ch t\u1ed1i \u0111a v\u1ec1 ph\u01b0\u01a1ng di\u1ec7n gi\u1ea3i tr\u00ed v\u00e0 gi\u00e1o d\u1ee5c, m\u1ed7i cu\u1ed1n c\u00f3 k\u00e8m theo m\u1ed9t b\u1ea3n \u1ee9ng d\u1ee5ng ho\u1ea1t \u0111\u1ed9ng (guidebook).<\/p>\n<p>B\u1ed9 s\u00e1ch bao g\u1ed3m:<\/p>\n<p>C\u00fan Con H\u00ecnh C\u1ee7 L\u1ea1c<br \/>\nC\u00fa X\u00ec H\u01a1i H\u00ecnh C\u1ee7 L\u1ea1c<br \/>\n\u0110\u00e1m M\u00e2y H\u00ecnh C\u1ee7 L\u1ea1c<br \/>\n\u00d4ng L\u1ea1c<\/p>\n","protected":false},"excerpt":{"rendered":"<p>T\u00e1c gi\u1ea3 \u0111\u00e3 s\u1eed d\u1ee5ng gi\u1ecdng v\u0103n t\u00ecnh c\u1ea3m, d\u00ed d\u1ecfm, n\u00e9t v\u1ebd tr\u00f2n tr\u0129nh \u0111\u00e1ng y\u00eau,\u2026 nh\u1eb1m gi\u00fap c\u00e1c em ti\u1ebfp nh\u1eadn v\u00e0 th\u1ea9m th\u1ea5u nhanh nh\u1ea5t. \u0110\u00e2y b\u1ed9 s\u00e1ch c\u00f3 kh\u1ea3 n\u0103ng theo c\u00e1c em r\u1ea5t nhi\u1ec1u n\u0103m. B\u1ea3n th\u00e2n qu\u00e1 tr\u00ecnh s\u00e1ng t\u00e1c c\u0169ng kh\u00e1 d\u00e0i, t\u00e1c gi\u1ea3 ph\u1ea3i c\u1ea5u t\u1ee9 trong su\u1ed1t 23 n\u0103m m\u1edbi ho\u00e0n th\u00e0nh.<\/p>\n<p>\u0110\u1ec3 b\u1ed1 m\u1eb9 v\u00e0 c\u00e1c em c\u00f3 th\u1ec3 khai th\u00e1c b\u1ed9 s\u00e1ch m\u1ed9t c\u00e1ch t\u1ed1i \u0111a v\u1ec1 ph\u01b0\u01a1ng di\u1ec7n gi\u1ea3i tr\u00ed v\u00e0 gi\u00e1o d\u1ee5c, m\u1ed7i cu\u1ed1n c\u00f3 k\u00e8m theo m\u1ed9t b\u1ea3n \u1ee9ng d\u1ee5ng ho\u1ea1t \u0111\u1ed9ng (guidebook).<\/p>\n<p>B\u1ed9 s\u00e1ch bao g\u1ed3m:<\/p>\n<p>C\u00fan Con H\u00ecnh C\u1ee7 L\u1ea1c<br \/>\nC\u00fa X\u00ec H\u01a1i H\u00ecnh C\u1ee7 L\u1ea1c<br \/>\n\u0110\u00e1m M\u00e2y H\u00ecnh C\u1ee7 L\u1ea1c<br \/>\n\u00d4ng L\u1ea1c<\/p>\n","protected":false},"featured_media":23155,"template":"","meta":{"_acf_changed":false},"product_brand":[],"product_cat":[24,25,17],"product_tag":[83],"class_list":{"0":"post-23156","1":"product","2":"type-product","3":"status-publish","4":"has-post-thumbnail","6":"product_cat-nha-tre-mau-giao-0-tuoi-6-tuoi","7":"product_cat-nhi-dong-6-tuoi-12-tuoi","8":"product_cat-sach-danh-cho-cac-be","9":"product_tag-sach-moi-xuat-ban","11":"first","12":"outofstock","13":"taxable","14":"shipping-taxable","15":"purchasable","16":"product-type-simple"},"supplier_id":null,"supplier_sku":"","barcode":null,"atum_controlled":true,"out_stock_date":"2024-08-25 19:41:46","out_stock_threshold":null,"inheritable":false,"inbound_stock":0,"stock_on_hold":0,"sold_today":0,"sales_last_days":0,"reserved_stock":0,"customer_returns":0,"warehouse_damage":0,"lost_in_post":0,"other_logs":0,"out_stock_days":521,"lost_sales":1525,"has_location":false,"update_date":"2026-01-28T23:11:24","atum_locations":[],"atum_stock_status":"outofstock","restock_status":false,"low_stock_amount":"","sales_update_date":"2026-01-28T23:11:24","calc_backorders":null,"acf":{"publisher":{"ID":8612,"post_author":"1","post_date":"2021-04-28 14:27:30","post_date_gmt":"2021-04-28 11:27:30","post_content":"","post_title":"IPM","post_excerpt":"","post_status":"publish","comment_status":"closed","ping_status":"closed","post_password":"","post_name":"ipm","to_ping":"","pinged":"","post_modified":"2021-04-28 14:27:30","post_modified_gmt":"2021-04-28 11:27:30","post_content_filtered":"","post_parent":0,"guid":"https:\/\/sachviet.eu\/nha-phat-hanh\/ipm\/","menu_order":0,"post_type":"publisher","post_mime_type":"","comment_count":"0","filter":"raw"}},"_links":{"self":[{"href":"https:\/\/sachviet.eu\/en\/wp-json\/wp\/v2\/product\/23156","targetHints":{"allow":["GET"]}}],"collection":[{"href":"https:\/\/sachviet.eu\/en\/wp-json\/wp\/v2\/product"}],"about":[{"href":"https:\/\/sachviet.eu\/en\/wp-json\/wp\/v2\/types\/product"}],"wp:featuredmedia":[{"embeddable":true,"href":"https:\/\/sachviet.eu\/en\/wp-json\/wp\/v2\/media\/23155"}],"wp:attachment":[{"href":"https:\/\/sachviet.eu\/en\/wp-json\/wp\/v2\/media?parent=23156"}],"wp:term":[{"taxonomy":"product_brand","embeddable":true,"href":"https:\/\/sachviet.eu\/en\/wp-json\/wp\/v2\/product_brand?post=23156"},{"taxonomy":"product_cat","embeddable":true,"href":"https:\/\/sachviet.eu\/en\/wp-json\/wp\/v2\/product_cat?post=23156"},{"taxonomy":"product_tag","embeddable":true,"href":"https:\/\/sachviet.eu\/en\/wp-json\/wp\/v2\/product_tag?post=23156"}],"curies":[{"name":"wp","href":"https:\/\/api.w.org\/{rel}","templated":true}]}}