{"id":23154,"date":"2023-04-02T18:48:35","date_gmt":"2023-04-02T15:48:35","guid":{"rendered":"https:\/\/sachviet.eu\/shop\/eq-tri-thong-minh-xuc-cam-trong-cong-viec\/"},"modified":"2023-04-18T10:47:06","modified_gmt":"2023-04-18T07:47:06","slug":"eq-tri-thong-minh-xuc-cam-trong-cong-viec","status":"publish","type":"product","link":"https:\/\/sachviet.eu\/en\/shop\/eq-tri-thong-minh-xuc-cam-trong-cong-viec\/","title":{"rendered":"EQ &#8211; Tr\u00ed Th\u00f4ng Minh X\u00fac C\u1ea3m Trong C\u00f4ng Vi\u1ec7c"},"content":{"rendered":"<p>Trong x\u00e3 h\u1ed9i hi\u1ec7n \u0111\u1ea1i ng\u00e0y nay, t\u00e2m l\u00fd c\u1ee7a m\u1ed7i c\u00e1 nh\u00e2n \u0111ang b\u1ecb \u1ea3nh h\u01b0\u1edfng r\u1ea5t nhi\u1ec1u b\u1edfi nh\u1eefng \u00e1p l\u1ef1c c\u1ee7a cu\u1ed9c s\u1ed1ng hi\u1ec7n \u0111\u1ea1i h\u00e0ng ng\u00e0y.<\/p>\n<p>\u1ede trong b\u1ed1i c\u1ea3nh n\u00e0y, ch\u1ec9 s\u1ed1 EQ &#8211; hay ch\u1ec9 s\u1ed1 tr\u00ed tu\u1ec7 x\u00fac c\u1ea3m tr\u1edf n\u00ean quan tr\u1ecdng h\u01a1n bao gi\u1edd h\u1ebft. Bi\u1ebft c\u00e1ch l\u00e0m ch\u1ee7 c\u1ea3m x\u00fac c\u1ee7a m\u00ecnh, b\u1ea1n s\u1ebd n\u1eafm \u0111\u01b0\u1ee3c ch\u00eca kh\u00f3a \u0111\u1ec3 n\u00e2ng cao ch\u1ea5t l\u01b0\u1ee3ng c\u00f4ng vi\u1ec7c, x\u00e2y d\u1ef1ng nh\u1eefng m\u1ed1i quan h\u1ec7 t\u1ed1t \u0111\u1eb9p v\u00e0 nu\u00f4i d\u01b0\u1ee1ng n\u1ed9i t\u00e2m m\u1ea1nh m\u1ebd.<\/p>\n<p>T\u00e1c ph\u1ea9m c\u1ee7a Justin Bariso gi\u00fap b\u1ea1n th\u1ea5u hi\u1ec3u t\u1ea7m quan tr\u1ecdng c\u1ee7a tr\u00ed tu\u1ec7 x\u00fac c\u1ea3m trong c\u00f4ng vi\u1ec7c c\u0169ng nh\u01b0 \u0111\u1eddi s\u1ed1ng c\u00e1 nh\u00e2n, t\u1eeb \u0111\u00f3 cho b\u1ea1n l\u1eddi khuy\u00ean \u0111\u1ec3 kh\u00f4ng ng\u1eebng n\u00e2ng cao EQ c\u1ee7a m\u00ecnh. L\u00e0m th\u1ebf n\u00e0o \u0111\u1ec3 h\u1ea1n ch\u1ebf nh\u1eefng c\u1ea3m x\u00fac ti\u00eau c\u1ef1c, kh\u01a1i d\u1eady nh\u1eefng c\u1ea3m x\u00fac t\u00edch c\u1ef1c \u1edf b\u1ea3n th\u00e2n m\u00ecnh c\u0169ng nh\u01b0 \u1edf m\u1ecdi ng\u01b0\u1eddi xung quanh? L\u00e0m th\u1ebf n\u00e0o \u0111\u1ec3 tr\u00e1nh kh\u1ecfi nh\u1eefng t\u00ecnh hu\u1ed1ng kh\u00f3 x\u1eed v\u00e0 th\u1eadm ch\u00ed, xoay chuy\u1ec3n t\u00ecnh th\u1ebf \u0111\u1ec3 ch\u00fang tr\u1edf n\u00ean c\u00f3 l\u1ee3i cho m\u00ecnh? L\u00e0m th\u1ebf n\u00e0o \u0111\u1ec3 t\u1ea1o ra t\u1ea7m \u1ea3nh h\u01b0\u1edfng, ph\u00e1 v\u1ee1 c\u00e1c r\u00e0o c\u1ea3n c\u1ea3m x\u00fac \u0111\u1ec3 k\u1ebft n\u1ed1i v\u1edbi m\u1ecdi ng\u01b0\u1eddi v\u00e0 x\u00e2y \u0111\u1eafp c\u00e1c m\u1ed1i quan h\u1ec7 ch\u00e2n th\u00e0nh, l\u00e0nh m\u1ea1nh v\u00e0 s\u00e2u s\u1eafc? C\u1ea3m x\u00fac c\u00f3 \u00fd ngh\u0129a v\u00f4 gi\u00e1 trong cu\u1ed9c s\u1ed1ng m\u1ed7i ng\u01b0\u1eddi, v\u00e0 th\u00f4ng qua vi\u1ec7c gi\u1ea3i \u0111\u00e1p nh\u1eefng c\u00e2u h\u1ecfi tr\u00ean.<\/p>\n<p>Cu\u1ed1n s\u00e1ch EQ &#8211; Tr\u00ed th\u00f4ng minh x\u00fac c\u1ea3m trong c\u00f4ng vi\u1ec7c s\u1ebd gi\u00fap b\u1ea1n bi\u1ebfn c\u1ea3m x\u00fac th\u00e0nh tr\u1ee3 th\u1ee7 \u0111\u1eafc l\u1ef1c c\u1ee7a m\u00ecnh, \u0111\u1ec3 b\u1ea1n tr\u1edf th\u00e0nh m\u1ed9t con ng\u01b0\u1eddi t\u1ed1t h\u01a1n, h\u1ea1nh ph\u00fac h\u01a1n v\u00e0 th\u00e0nh c\u00f4ng h\u01a1n.<\/p>\n","protected":false},"excerpt":{"rendered":"<p>Trong x\u00e3 h\u1ed9i hi\u1ec7n \u0111\u1ea1i ng\u00e0y nay, t\u00e2m l\u00fd c\u1ee7a m\u1ed7i c\u00e1 nh\u00e2n \u0111ang b\u1ecb \u1ea3nh h\u01b0\u1edfng r\u1ea5t nhi\u1ec1u b\u1edfi nh\u1eefng \u00e1p l\u1ef1c c\u1ee7a cu\u1ed9c s\u1ed1ng hi\u1ec7n \u0111\u1ea1i h\u00e0ng ng\u00e0y.<\/p>\n<p>\u1ede trong b\u1ed1i c\u1ea3nh n\u00e0y, ch\u1ec9 s\u1ed1 EQ &#8211; hay ch\u1ec9 s\u1ed1 tr\u00ed tu\u1ec7 x\u00fac c\u1ea3m tr\u1edf n\u00ean quan tr\u1ecdng h\u01a1n bao gi\u1edd h\u1ebft. Bi\u1ebft c\u00e1ch l\u00e0m ch\u1ee7 c\u1ea3m x\u00fac c\u1ee7a m\u00ecnh, b\u1ea1n s\u1ebd n\u1eafm \u0111\u01b0\u1ee3c ch\u00eca kh\u00f3a \u0111\u1ec3 n\u00e2ng cao ch\u1ea5t l\u01b0\u1ee3ng c\u00f4ng vi\u1ec7c, x\u00e2y d\u1ef1ng nh\u1eefng m\u1ed1i quan h\u1ec7 t\u1ed1t \u0111\u1eb9p v\u00e0 nu\u00f4i d\u01b0\u1ee1ng n\u1ed9i t\u00e2m m\u1ea1nh m\u1ebd.<\/p>\n<p>T\u00e1c ph\u1ea9m c\u1ee7a Justin Bariso gi\u00fap b\u1ea1n th\u1ea5u hi\u1ec3u t\u1ea7m quan tr\u1ecdng c\u1ee7a tr\u00ed tu\u1ec7 x\u00fac c\u1ea3m trong c\u00f4ng vi\u1ec7c c\u0169ng nh\u01b0 \u0111\u1eddi s\u1ed1ng c\u00e1 nh\u00e2n, t\u1eeb \u0111\u00f3 cho b\u1ea1n l\u1eddi khuy\u00ean \u0111\u1ec3 kh\u00f4ng ng\u1eebng n\u00e2ng cao EQ c\u1ee7a m\u00ecnh. L\u00e0m th\u1ebf n\u00e0o \u0111\u1ec3 h\u1ea1n ch\u1ebf nh\u1eefng c\u1ea3m x\u00fac ti\u00eau c\u1ef1c, kh\u01a1i d\u1eady nh\u1eefng c\u1ea3m x\u00fac t\u00edch c\u1ef1c \u1edf b\u1ea3n th\u00e2n m\u00ecnh c\u0169ng nh\u01b0 \u1edf m\u1ecdi ng\u01b0\u1eddi xung quanh? L\u00e0m th\u1ebf n\u00e0o \u0111\u1ec3 tr\u00e1nh kh\u1ecfi nh\u1eefng t\u00ecnh hu\u1ed1ng kh\u00f3 x\u1eed v\u00e0 th\u1eadm ch\u00ed, xoay chuy\u1ec3n t\u00ecnh th\u1ebf \u0111\u1ec3 ch\u00fang tr\u1edf n\u00ean c\u00f3 l\u1ee3i cho m\u00ecnh? L\u00e0m th\u1ebf n\u00e0o \u0111\u1ec3 t\u1ea1o ra t\u1ea7m \u1ea3nh h\u01b0\u1edfng, ph\u00e1 v\u1ee1 c\u00e1c r\u00e0o c\u1ea3n c\u1ea3m x\u00fac \u0111\u1ec3 k\u1ebft n\u1ed1i v\u1edbi m\u1ecdi ng\u01b0\u1eddi v\u00e0 x\u00e2y \u0111\u1eafp c\u00e1c m\u1ed1i quan h\u1ec7 ch\u00e2n th\u00e0nh, l\u00e0nh m\u1ea1nh v\u00e0 s\u00e2u s\u1eafc? C\u1ea3m x\u00fac c\u00f3 \u00fd ngh\u0129a v\u00f4 gi\u00e1 trong cu\u1ed9c s\u1ed1ng m\u1ed7i ng\u01b0\u1eddi, v\u00e0 th\u00f4ng qua vi\u1ec7c gi\u1ea3i \u0111\u00e1p nh\u1eefng c\u00e2u h\u1ecfi tr\u00ean.<\/p>\n<p>Cu\u1ed1n s\u00e1ch EQ &#8211; Tr\u00ed th\u00f4ng minh x\u00fac c\u1ea3m trong c\u00f4ng vi\u1ec7c s\u1ebd gi\u00fap b\u1ea1n bi\u1ebfn c\u1ea3m x\u00fac th\u00e0nh tr\u1ee3 th\u1ee7 \u0111\u1eafc l\u1ef1c c\u1ee7a m\u00ecnh, \u0111\u1ec3 b\u1ea1n tr\u1edf th\u00e0nh m\u1ed9t con ng\u01b0\u1eddi t\u1ed1t h\u01a1n, h\u1ea1nh ph\u00fac h\u01a1n v\u00e0 th\u00e0nh c\u00f4ng h\u01a1n.<\/p>\n","protected":false},"featured_media":23153,"template":"","meta":{"_acf_changed":false},"product_brand":[],"product_cat":[15,46],"product_tag":[],"class_list":{"0":"post-23154","1":"product","2":"type-product","3":"status-publish","4":"has-post-thumbnail","6":"product_cat-sach-danh-cho-nguoi-lon","7":"product_cat-ky-nang-song","9":"first","10":"outofstock","11":"taxable","12":"shipping-taxable","13":"purchasable","14":"product-type-simple"},"supplier_id":null,"supplier_sku":"","barcode":null,"atum_controlled":true,"out_stock_date":"2023-04-18 07:47:06","out_stock_threshold":null,"inheritable":false,"inbound_stock":0,"stock_on_hold":0,"sold_today":0,"sales_last_days":0,"reserved_stock":0,"customer_returns":0,"warehouse_damage":0,"lost_in_post":0,"other_logs":0,"out_stock_days":1016,"lost_sales":0,"has_location":false,"update_date":"2026-01-28T23:11:12","atum_locations":[],"atum_stock_status":"outofstock","restock_status":false,"low_stock_amount":"","sales_update_date":"2026-01-28T23:11:12","calc_backorders":null,"acf":{"publisher":{"ID":4030,"post_author":"1","post_date":"2021-03-02 03:51:27","post_date_gmt":"2021-03-02 01:51:27","post_content":"","post_title":"1980 Books","post_excerpt":"","post_status":"publish","comment_status":"closed","ping_status":"closed","post_password":"","post_name":"1980-books","to_ping":"","pinged":"","post_modified":"2021-03-02 03:51:27","post_modified_gmt":"2021-03-02 01:51:27","post_content_filtered":"","post_parent":0,"guid":"https:\/\/sachviet.eu\/nha-phat-hanh\/1980-books\/","menu_order":0,"post_type":"publisher","post_mime_type":"","comment_count":"0","filter":"raw"}},"_links":{"self":[{"href":"https:\/\/sachviet.eu\/en\/wp-json\/wp\/v2\/product\/23154","targetHints":{"allow":["GET"]}}],"collection":[{"href":"https:\/\/sachviet.eu\/en\/wp-json\/wp\/v2\/product"}],"about":[{"href":"https:\/\/sachviet.eu\/en\/wp-json\/wp\/v2\/types\/product"}],"wp:featuredmedia":[{"embeddable":true,"href":"https:\/\/sachviet.eu\/en\/wp-json\/wp\/v2\/media\/23153"}],"wp:attachment":[{"href":"https:\/\/sachviet.eu\/en\/wp-json\/wp\/v2\/media?parent=23154"}],"wp:term":[{"taxonomy":"product_brand","embeddable":true,"href":"https:\/\/sachviet.eu\/en\/wp-json\/wp\/v2\/product_brand?post=23154"},{"taxonomy":"product_cat","embeddable":true,"href":"https:\/\/sachviet.eu\/en\/wp-json\/wp\/v2\/product_cat?post=23154"},{"taxonomy":"product_tag","embeddable":true,"href":"https:\/\/sachviet.eu\/en\/wp-json\/wp\/v2\/product_tag?post=23154"}],"curies":[{"name":"wp","href":"https:\/\/api.w.org\/{rel}","templated":true}]}}