{"id":23152,"date":"2023-04-02T18:48:29","date_gmt":"2023-04-02T15:48:29","guid":{"rendered":"https:\/\/sachviet.eu\/shop\/tu-duy-he-thong-trong-cong-viec\/"},"modified":"2023-12-11T10:50:30","modified_gmt":"2023-12-11T08:50:30","slug":"tu-duy-he-thong-trong-cong-viec","status":"publish","type":"product","link":"https:\/\/sachviet.eu\/en\/shop\/tu-duy-he-thong-trong-cong-viec\/","title":{"rendered":"T\u01b0 Duy H\u1ec7 Th\u1ed1ng Trong C\u00f4ng Vi\u1ec7c"},"content":{"rendered":"<p>Khi \u0111\u1ed1i m\u1eb7t v\u1edbi nh\u1eefng v\u1ea5n \u0111\u1ec1 ph\u1ee9c t\u1ea1p, ch\u00fang ta kh\u00f4ng th\u1ec3 gi\u1ea3i quy\u1ebft ch\u00fang b\u1eb1ng ki\u1ec3u suy ngh\u0129 l\u1ed1i m\u00f2n, n\u01b0\u1edbc \u0111\u1ebfn ch\u00e2n m\u1edbi nh\u1ea3y, m\u00f9 qu\u00e1ng \u0111\u00e2m \u0111\u1ea7u v\u00e0o s\u1ef1 v\u1ee5&#8230; N\u1ebfu b\u1ea1n mu\u1ed1n gi\u1ea3i quy\u1ebft t\u1ed1t h\u01a1n c\u00e1c kh\u00fac m\u1eafc, x\u00f3a b\u1ecf nh\u1eefng lo \u00e2u v\u00e0 ph\u00e2n v\u00e2n khi b\u1eaft tay v\u00e0o c\u00f4ng vi\u1ec7c; h\u00e3y th\u1eed t\u00ecm hi\u1ec3u m\u1ed9t m\u00f4 h\u00ecnh t\u01b0 duy cao c\u1ea5p \u0111\u00e3 \u0111\u01b0\u1ee3c ch\u1ee9ng minh hi\u1ec7u qu\u1ea3 trong th\u1ef1c ti\u1ec5n: M\u00f4 h\u00ecnh t\u01b0 duy h\u1ec7 th\u1ed1ng.<\/p>\n<p>Cu\u1ed1n s\u00e1ch &#8220;T\u01b0 duy h\u1ec7 th\u1ed1ng trong c\u00f4ng vi\u1ec7c&#8221; c\u1ee7a t\u00e1c gi\u1ea3 Steven Schuster h\u01b0\u1edbng d\u1eabn b\u1ea1n c\u00e1ch nh\u00ecn xa h\u01a1n nh\u1eefng k\u1ebft n\u1ed1i th\u00f4ng th\u01b0\u1eddng, \u0111\u1ec3 \u0111\u00e1nh gi\u00e1 v\u1ea5n \u0111\u1ec1 m\u1ed9t c\u00e1ch to\u00e0n di\u1ec7n, s\u00e2u s\u1eafc v\u00e0 ch\u00ednh x\u00e1c h\u01a1n. T\u01b0 duy h\u1ec7 th\u1ed1ng trong c\u00f4ng vi\u1ec7c r\u00e0nh m\u1ea1ch gi\u00fap b\u1ea1n hi\u1ec3u \u0111\u01b0\u1ee3c m\u1ed1i t\u01b0\u01a1ng quan gi\u1eefa c\u00e1c y\u1ebfu t\u1ed1, qua \u0111\u00f3 \u0111\u1ec1 ra \u0111\u01b0\u1ee3c k\u1ebf ho\u1ea1ch chi\u1ebfn l\u01b0\u1ee3c v\u00e0 ti\u1ebfn t\u1edbi h\u00e0nh \u0111\u1ed9ng th\u1eadt quy\u1ebft \u0111o\u00e1n. N\u00f3i c\u00e1ch kh\u00e1c, t\u01b0 duy h\u1ec7 th\u1ed1ng cho ph\u00e9p b\u1ea1n tr\u1edf th\u00e0nh chuy\u00ean gia trong tr\u00f2 ch\u01a1i &#8220;gh\u00e9p h\u00ecnh&#8221;. Khi s\u1edf h\u1eefu m\u1ed9t c\u00e1i nh\u00ecn bao qu\u00e1t, t\u00ednh to\u00e1n \u0111\u01b0\u1ee3c t\u01b0\u01a1ng quan gi\u1eefa c\u00e1c th\u00e0nh ph\u1ea7n, b\u1ea1n ho\u00e0n to\u00e0n c\u00f3 th\u1ec3 gh\u00e9p n\u00ean nh\u1eefng b\u1ee9c tranh, nh\u1eefng m\u00f4 h\u00ecnh kh\u00f4ng nh\u1eefng ho\u00e0n ch\u1ec9nh m\u00e0 c\u00f2n \u0111\u1ea7y t\u00ednh s\u00e1ng t\u1ea1o.<\/p>\n","protected":false},"excerpt":{"rendered":"<p>Khi \u0111\u1ed1i m\u1eb7t v\u1edbi nh\u1eefng v\u1ea5n \u0111\u1ec1 ph\u1ee9c t\u1ea1p, ch\u00fang ta kh\u00f4ng th\u1ec3 gi\u1ea3i quy\u1ebft ch\u00fang b\u1eb1ng ki\u1ec3u suy ngh\u0129 l\u1ed1i m\u00f2n, n\u01b0\u1edbc \u0111\u1ebfn ch\u00e2n m\u1edbi nh\u1ea3y, m\u00f9 qu\u00e1ng \u0111\u00e2m \u0111\u1ea7u v\u00e0o s\u1ef1 v\u1ee5&#8230; N\u1ebfu b\u1ea1n mu\u1ed1n gi\u1ea3i quy\u1ebft t\u1ed1t h\u01a1n c\u00e1c kh\u00fac m\u1eafc, x\u00f3a b\u1ecf nh\u1eefng lo \u00e2u v\u00e0 ph\u00e2n v\u00e2n khi b\u1eaft tay v\u00e0o c\u00f4ng vi\u1ec7c; h\u00e3y th\u1eed t\u00ecm hi\u1ec3u m\u1ed9t m\u00f4 h\u00ecnh t\u01b0 duy cao c\u1ea5p \u0111\u00e3 \u0111\u01b0\u1ee3c ch\u1ee9ng minh hi\u1ec7u qu\u1ea3 trong th\u1ef1c ti\u1ec5n: M\u00f4 h\u00ecnh t\u01b0 duy h\u1ec7 th\u1ed1ng.<\/p>\n<p>Cu\u1ed1n s\u00e1ch &#8220;T\u01b0 duy h\u1ec7 th\u1ed1ng trong c\u00f4ng vi\u1ec7c&#8221; c\u1ee7a t\u00e1c gi\u1ea3 Steven Schuster h\u01b0\u1edbng d\u1eabn b\u1ea1n c\u00e1ch nh\u00ecn xa h\u01a1n nh\u1eefng k\u1ebft n\u1ed1i th\u00f4ng th\u01b0\u1eddng, \u0111\u1ec3 \u0111\u00e1nh gi\u00e1 v\u1ea5n \u0111\u1ec1 m\u1ed9t c\u00e1ch to\u00e0n di\u1ec7n, s\u00e2u s\u1eafc v\u00e0 ch\u00ednh x\u00e1c h\u01a1n. T\u01b0 duy h\u1ec7 th\u1ed1ng trong c\u00f4ng vi\u1ec7c r\u00e0nh m\u1ea1ch gi\u00fap b\u1ea1n hi\u1ec3u \u0111\u01b0\u1ee3c m\u1ed1i t\u01b0\u01a1ng quan gi\u1eefa c\u00e1c y\u1ebfu t\u1ed1, qua \u0111\u00f3 \u0111\u1ec1 ra \u0111\u01b0\u1ee3c k\u1ebf ho\u1ea1ch chi\u1ebfn l\u01b0\u1ee3c v\u00e0 ti\u1ebfn t\u1edbi h\u00e0nh \u0111\u1ed9ng th\u1eadt quy\u1ebft \u0111o\u00e1n. N\u00f3i c\u00e1ch kh\u00e1c, t\u01b0 duy h\u1ec7 th\u1ed1ng cho ph\u00e9p b\u1ea1n tr\u1edf th\u00e0nh chuy\u00ean gia trong tr\u00f2 ch\u01a1i &#8220;gh\u00e9p h\u00ecnh&#8221;. Khi s\u1edf h\u1eefu m\u1ed9t c\u00e1i nh\u00ecn bao qu\u00e1t, t\u00ednh to\u00e1n \u0111\u01b0\u1ee3c t\u01b0\u01a1ng quan gi\u1eefa c\u00e1c th\u00e0nh ph\u1ea7n, b\u1ea1n ho\u00e0n to\u00e0n c\u00f3 th\u1ec3 gh\u00e9p n\u00ean nh\u1eefng b\u1ee9c tranh, nh\u1eefng m\u00f4 h\u00ecnh kh\u00f4ng nh\u1eefng ho\u00e0n ch\u1ec9nh m\u00e0 c\u00f2n \u0111\u1ea7y t\u00ednh s\u00e1ng t\u1ea1o.<\/p>\n","protected":false},"featured_media":23151,"template":"","meta":{"_acf_changed":false},"product_brand":[],"product_cat":[15,46],"product_tag":[],"class_list":{"0":"post-23152","1":"product","2":"type-product","3":"status-publish","4":"has-post-thumbnail","6":"product_cat-sach-danh-cho-nguoi-lon","7":"product_cat-ky-nang-song","9":"first","10":"outofstock","11":"taxable","12":"shipping-taxable","13":"purchasable","14":"product-type-simple"},"supplier_id":null,"supplier_sku":"","barcode":null,"atum_controlled":true,"out_stock_date":"2023-12-11 08:50:30","out_stock_threshold":null,"inheritable":false,"inbound_stock":0,"stock_on_hold":0,"sold_today":0,"sales_last_days":0,"reserved_stock":0,"customer_returns":0,"warehouse_damage":0,"lost_in_post":0,"other_logs":0,"out_stock_days":779,"lost_sales":0,"has_location":false,"update_date":"2026-01-28T23:11:12","atum_locations":[],"atum_stock_status":"outofstock","restock_status":false,"low_stock_amount":"","sales_update_date":"2026-01-28T23:11:12","calc_backorders":null,"acf":{"publisher":{"ID":4030,"post_author":"1","post_date":"2021-03-02 03:51:27","post_date_gmt":"2021-03-02 01:51:27","post_content":"","post_title":"1980 Books","post_excerpt":"","post_status":"publish","comment_status":"closed","ping_status":"closed","post_password":"","post_name":"1980-books","to_ping":"","pinged":"","post_modified":"2021-03-02 03:51:27","post_modified_gmt":"2021-03-02 01:51:27","post_content_filtered":"","post_parent":0,"guid":"https:\/\/sachviet.eu\/nha-phat-hanh\/1980-books\/","menu_order":0,"post_type":"publisher","post_mime_type":"","comment_count":"0","filter":"raw"}},"_links":{"self":[{"href":"https:\/\/sachviet.eu\/en\/wp-json\/wp\/v2\/product\/23152","targetHints":{"allow":["GET"]}}],"collection":[{"href":"https:\/\/sachviet.eu\/en\/wp-json\/wp\/v2\/product"}],"about":[{"href":"https:\/\/sachviet.eu\/en\/wp-json\/wp\/v2\/types\/product"}],"wp:featuredmedia":[{"embeddable":true,"href":"https:\/\/sachviet.eu\/en\/wp-json\/wp\/v2\/media\/23151"}],"wp:attachment":[{"href":"https:\/\/sachviet.eu\/en\/wp-json\/wp\/v2\/media?parent=23152"}],"wp:term":[{"taxonomy":"product_brand","embeddable":true,"href":"https:\/\/sachviet.eu\/en\/wp-json\/wp\/v2\/product_brand?post=23152"},{"taxonomy":"product_cat","embeddable":true,"href":"https:\/\/sachviet.eu\/en\/wp-json\/wp\/v2\/product_cat?post=23152"},{"taxonomy":"product_tag","embeddable":true,"href":"https:\/\/sachviet.eu\/en\/wp-json\/wp\/v2\/product_tag?post=23152"}],"curies":[{"name":"wp","href":"https:\/\/api.w.org\/{rel}","templated":true}]}}