{"id":23150,"date":"2023-04-02T18:48:22","date_gmt":"2023-04-02T15:48:22","guid":{"rendered":"https:\/\/sachviet.eu\/shop\/truyen-co-tich-tu-te\/"},"modified":"2023-04-02T20:45:03","modified_gmt":"2023-04-02T17:45:03","slug":"truyen-co-tich-tu-te","status":"publish","type":"product","link":"https:\/\/sachviet.eu\/en\/shop\/truyen-co-tich-tu-te\/","title":{"rendered":"Truy\u1ec7n C\u1ed5 T\u00edch T\u1eed T\u1ebf"},"content":{"rendered":"<p>NH\u1eeeNG B\u00c0I H\u1eccC TH\u1ef0C T\u1ebe G\u1eecI G\u1eaeM TRONG \u201cTRUY\u1ec6N C\u1ed4 T\u00cdCH T\u1eec T\u1ebe\u201d<br \/>\nKh\u00f4ng c\u1ea7n h\u00f9 d\u1ecda, tr\u1ea3 gi\u00e1 th\u1eadt gh\u00ea g\u1edbm th\u00ec con m\u1edbi c\u00f3 th\u1ec3 r\u00fat ra \u0111\u01b0\u1ee3c b\u00e0i h\u1ecdc. M\u1ed9t b\u00e0i h\u1ecdc th\u1ef1c s\u1ef1 tr\u1edf n\u00ean s\u00e2u s\u1eafc ph\u1ea3i xu\u1ea5t ph\u00e1t t\u1eeb n\u1ed9i t\u1ea1i c\u1ee7a con: con th\u1ea5u hi\u1ec3u, t\u00f4n tr\u1ecdng s\u1ef1 th\u1eadt v\u00e0 nh\u1eefng \u0111i\u1ec1u \u0111\u00fang \u0111\u1eafn. T\u1eeb \u0111\u00f3 m\u1ed7i b\u00e0i h\u1ecdc m\u00e0 con nh\u1eadn \u0111\u01b0\u1ee3c m\u1edbi th\u1ef1c s\u1ef1 tr\u1edf th\u00e0nh nh\u1eefng ch\u1ea5t li\u1ec7u \u201ckim c\u01b0\u01a1ng\u201d nu\u00f4i l\u1edbn m\u1ed9t em b\u00e9 tr\u01b0\u1edfng th\u00e0nh t\u1eed t\u1ebf v\u00e0 m\u1ea1nh m\u1ebd.<\/p>\n<p>\u0110\u00e2y c\u0169ng l\u00e0 \u0111i\u1ec1u m\u00e0 t\u00e1c gi\u1ea3 Alicia Vu g\u1eedi g\u1eafm trong 4 c\u00e2u truy\u1ec7n c\u1ed5 t\u00edch \u0111\u01b0\u1ee3c vi\u1ebft l\u1ea1i t\u1eeb nh\u1eefng truy\u1ec7n c\u1ed5 t\u00edch kinh \u0111i\u1ec3n:<br \/>\nBa ch\u00fa heo con<br \/>\nC\u00f4 b\u00e9 qu\u00e0ng kh\u0103n \u0111\u1ecf<br \/>\nHai anh em v\u00e0 ng\u00f4i nh\u00e0 b\u00e1nh g\u1eebng<br \/>\nC\u00f4 b\u00e9 b\u00e1n di\u00eam<\/p>\n","protected":false},"excerpt":{"rendered":"<p>NH\u1eeeNG B\u00c0I H\u1eccC TH\u1ef0C T\u1ebe G\u1eecI G\u1eaeM TRONG \u201cTRUY\u1ec6N C\u1ed4 T\u00cdCH T\u1eec T\u1ebe\u201d<br \/>\nKh\u00f4ng c\u1ea7n h\u00f9 d\u1ecda, tr\u1ea3 gi\u00e1 th\u1eadt gh\u00ea g\u1edbm th\u00ec con m\u1edbi c\u00f3 th\u1ec3 r\u00fat ra \u0111\u01b0\u1ee3c b\u00e0i h\u1ecdc. M\u1ed9t b\u00e0i h\u1ecdc th\u1ef1c s\u1ef1 tr\u1edf n\u00ean s\u00e2u s\u1eafc ph\u1ea3i xu\u1ea5t ph\u00e1t t\u1eeb n\u1ed9i t\u1ea1i c\u1ee7a con: con th\u1ea5u hi\u1ec3u, t\u00f4n tr\u1ecdng s\u1ef1 th\u1eadt v\u00e0 nh\u1eefng \u0111i\u1ec1u \u0111\u00fang \u0111\u1eafn. T\u1eeb \u0111\u00f3 m\u1ed7i b\u00e0i h\u1ecdc m\u00e0 con nh\u1eadn \u0111\u01b0\u1ee3c m\u1edbi th\u1ef1c s\u1ef1 tr\u1edf th\u00e0nh nh\u1eefng ch\u1ea5t li\u1ec7u \u201ckim c\u01b0\u01a1ng\u201d nu\u00f4i l\u1edbn m\u1ed9t em b\u00e9 tr\u01b0\u1edfng th\u00e0nh t\u1eed t\u1ebf v\u00e0 m\u1ea1nh m\u1ebd.<\/p>\n<p>\u0110\u00e2y c\u0169ng l\u00e0 \u0111i\u1ec1u m\u00e0 t\u00e1c gi\u1ea3 Alicia Vu g\u1eedi g\u1eafm trong 4 c\u00e2u truy\u1ec7n c\u1ed5 t\u00edch \u0111\u01b0\u1ee3c vi\u1ebft l\u1ea1i t\u1eeb nh\u1eefng truy\u1ec7n c\u1ed5 t\u00edch kinh \u0111i\u1ec3n:<br \/>\nBa ch\u00fa heo con<br \/>\nC\u00f4 b\u00e9 qu\u00e0ng kh\u0103n \u0111\u1ecf<br \/>\nHai anh em v\u00e0 ng\u00f4i nh\u00e0 b\u00e1nh g\u1eebng<br \/>\nC\u00f4 b\u00e9 b\u00e1n di\u00eam<\/p>\n","protected":false},"featured_media":23149,"template":"","meta":{"_acf_changed":false},"product_brand":[],"product_cat":[25,17,26],"product_tag":[83],"class_list":{"0":"post-23150","1":"product","2":"type-product","3":"status-publish","4":"has-post-thumbnail","6":"product_cat-nhi-dong-6-tuoi-12-tuoi","7":"product_cat-sach-danh-cho-cac-be","8":"product_cat-thieu-nien-11-tuoi-18-tuoi","9":"product_tag-sach-moi-xuat-ban","11":"first","12":"instock","13":"taxable","14":"shipping-taxable","15":"purchasable","16":"product-type-simple"},"supplier_id":null,"supplier_sku":"","barcode":null,"atum_controlled":true,"out_stock_date":null,"out_stock_threshold":null,"inheritable":false,"inbound_stock":0,"stock_on_hold":0,"sold_today":0,"sales_last_days":0,"reserved_stock":0,"customer_returns":0,"warehouse_damage":0,"lost_in_post":0,"other_logs":0,"out_stock_days":0,"lost_sales":0,"has_location":false,"update_date":"2026-01-28T23:11:12","atum_locations":[],"atum_stock_status":"instock","restock_status":false,"low_stock_amount":"","sales_update_date":"2026-01-28T23:11:12","calc_backorders":null,"acf":{"publisher":{"ID":15270,"post_author":"1","post_date":"2021-08-04 15:01:56","post_date_gmt":"2021-08-04 12:01:56","post_content":"","post_title":"Lionbooks","post_excerpt":"","post_status":"publish","comment_status":"closed","ping_status":"closed","post_password":"","post_name":"lionbooks","to_ping":"","pinged":"","post_modified":"2021-08-04 15:01:56","post_modified_gmt":"2021-08-04 12:01:56","post_content_filtered":"","post_parent":0,"guid":"https:\/\/sachviet.eu\/nha-phat-hanh\/lionbooks\/","menu_order":0,"post_type":"publisher","post_mime_type":"","comment_count":"0","filter":"raw"}},"_links":{"self":[{"href":"https:\/\/sachviet.eu\/en\/wp-json\/wp\/v2\/product\/23150","targetHints":{"allow":["GET"]}}],"collection":[{"href":"https:\/\/sachviet.eu\/en\/wp-json\/wp\/v2\/product"}],"about":[{"href":"https:\/\/sachviet.eu\/en\/wp-json\/wp\/v2\/types\/product"}],"wp:featuredmedia":[{"embeddable":true,"href":"https:\/\/sachviet.eu\/en\/wp-json\/wp\/v2\/media\/23149"}],"wp:attachment":[{"href":"https:\/\/sachviet.eu\/en\/wp-json\/wp\/v2\/media?parent=23150"}],"wp:term":[{"taxonomy":"product_brand","embeddable":true,"href":"https:\/\/sachviet.eu\/en\/wp-json\/wp\/v2\/product_brand?post=23150"},{"taxonomy":"product_cat","embeddable":true,"href":"https:\/\/sachviet.eu\/en\/wp-json\/wp\/v2\/product_cat?post=23150"},{"taxonomy":"product_tag","embeddable":true,"href":"https:\/\/sachviet.eu\/en\/wp-json\/wp\/v2\/product_tag?post=23150"}],"curies":[{"name":"wp","href":"https:\/\/api.w.org\/{rel}","templated":true}]}}