{"id":23148,"date":"2023-04-02T18:48:17","date_gmt":"2023-04-02T15:48:17","guid":{"rendered":"https:\/\/sachviet.eu\/shop\/bo-3-cuon-ehon-bia-cung-lung-danh-tiem-sup-lung-danh-tiem-banh-my-lung-danh-tiem-mat-ong-lung-danh\/"},"modified":"2024-08-25T22:41:47","modified_gmt":"2024-08-25T19:41:47","slug":"bo-3-cuon-ehon-bia-cung-lung-danh-tiem-sup-lung-danh-tiem-banh-my-lung-danh-tiem-mat-ong-lung-danh","status":"publish","type":"product","link":"https:\/\/sachviet.eu\/en\/shop\/bo-3-cuon-ehon-bia-cung-lung-danh-tiem-sup-lung-danh-tiem-banh-my-lung-danh-tiem-mat-ong-lung-danh\/","title":{"rendered":"B\u1ed9 3 cu\u1ed1n Ehon b\u00eca c\u1ee9ng &#8220;l\u1eebng danh&#8221; &#8211; Ti\u1ec7m s\u00fap l\u1eebng danh, Ti\u1ec7m b\u00e1nh m\u1ef3 l\u1eebng danh, Ti\u1ec7m m\u1eadt ong l\u1eebng danh"},"content":{"rendered":"[B\u1ed8 3 CU\u1ed0N B\u00ccA C\u1ee8NG &#8220;L\u1eeaNG DANH&#8221;]\nTI\u1ec6M S\u00daP L\u1eeaNG DANH &#8211; TI\u1ec6M M\u1eacT ONG L\u1eeaNG DANH &#8211; TI\u1ec6M B\u00c1NH M\u1ef2 L\u1eeaNG DANH<\/p>\n<p>C\u00e2u chuy\u1ec7n v\u1ec1 s\u1ef1 s\u1ebb chia, h\u1ecdc c\u00e1ch gi\u00fap \u0111\u1ee1 ng\u01b0\u1eddi l\u1edbn v\u00e0 b\u00e0i h\u1ecdc v\u1ec1 gi\u00e1 tr\u1ecb c\u1ee7a th\u00e0nh qu\u1ea3 lao \u0111\u1ed9ng \u0111\u01b0\u1ee3c \u0111an xen th\u1eadt kh\u00e9o l\u00e9o trong ba cu\u1ed1n tranh truy\u1ec7n ehon Ti\u1ec7m S\u00fap l\u1eebng danh &#8211; Ti\u1ec7m M\u1eadt Ong l\u1eebng danh &#8211; Ti\u1ec7m B\u00e1nh M\u00ec l\u1eebng danh.<br \/>\nNh\u1eefng m\u00f3n \u0103n xu\u1ea5t hi\u1ec7n trong t\u1eebng trang s\u00e1ch khi\u1ebfn ta kh\u00f4ng ng\u1eebng su\u00fdt xoa khi \u0111\u1ecdc s\u00e1ch v\u00e0 m\u00f3n qu\u00e0 &#8220;d\u1ec5 th\u01b0\u01a1ng&#8221; d\u00e0nh t\u1eb7ng c\u00e1c b\u1ea1n nh\u1ecf v\u00e0 c\u00e1c b\u1ed1 m\u1eb9 \u1edf trong m\u1ed7i cu\u1ed1n s\u00e1ch n\u00e0y ch\u00ednh l\u00e0 c\u00f4ng th\u1ee9c l\u00e0m ch\u00ednh nh\u1eefng m\u00f3n \u0103n \u0111\u00f3!<\/p>\n<p>Series &#8220;l\u1eebng danh&#8221; h\u1ee9a h\u1eb9n s\u1ebd \u0111em \u0111\u1ebfn cho c\u00e1c b\u1ea1n nh\u1ecf tr\u1ea3i nghi\u1ec7m th\u1ecb gi\u00e1c v\u00f4 c\u00f9ng tuy\u1ec7t v\u1eddi. <\/p>\n[ Ti\u1ec7m s\u00fap l\u1eebng danh]\nL\u00e0 m\u1ed9t t\u00e1c ph\u1ea9m n\u1eb1m trong series truy\u1ec7n c\u00e1c c\u1eeda ti\u1ec7m l\u1eebng danh c\u1ee7a t\u00e1c gi\u1ea3 Yumiko Fukuzawa. V\u1edbi ph\u1ea7n tranh minh h\u1ecda nh\u01b0 nh\u1eefng t\u00e1c ph\u1ea9m tranh ngh\u1ec7 thu\u1eadt v\u00e0 n\u1ed9i dung h\u1ea5p d\u1eabn, cu\u1ed1n tranh truy\u1ec7n b\u00eca c\u1ee9ng tuy\u1ec7t \u0111\u1eb9p n\u00e0y l\u00e0 m\u00f3n qu\u00e0 v\u00f4 c\u00f9ng tuy\u1ec7t v\u1eddi cho b\u1ea1n \u0111\u1ecdc.  <\/p>\n<p>Trong n\u00fai, ph\u00eda sau h\u00e0ng r\u00e0o \u0111\u1ea7y gai nh\u1ecdn kia ch\u00ednh l\u00e0 nh\u00e0 c\u1ee7a m\u1ed9t m\u1ee5 ph\u00f9 th\u1ee7y \u0111\u00e1ng s\u1ee3. Th\u1ebf m\u00e0 sao t\u1eeb trong \u0111\u00f3 l\u1ea1i t\u1ecfa ra m\u00f9i s\u00fap th\u01a1m ngon \u0111\u1ebfn v\u1eady? C\u00e1c c\u01b0 d\u00e2n h\u00e1u \u0103n c\u1ee7a n\u00fai \u00d9ng \u1ee4c kh\u00f4ng th\u1ec3 c\u01b0\u1ee1ng l\u1ea1i \u0111\u01b0\u1ee3c m\u00e0 \u0111\u00e3 \u0111\u1ebfn tr\u01b0\u1edbc c\u1ed5ng nh\u00e0 m\u1ee5 ph\u00f9 th\u1ee7y \u0111\u00e1ng s\u1ee3\u2026<\/p>\n[ Ti\u1ec7m b\u00e1nh m\u1ef3 l\u1eebng danh]\n<p>Ti\u1ec7m b\u00e1nh m\u00ec c\u1ee7a ch\u00fa Ph\u1ed3ng X\u1ed1p n\u1eb1m \u1edf t\u00edt s\u00e2u trong n\u00fai \u00d9ng \u1ee4c, l\u00e0m g\u00ec c\u00f3 v\u1ecb kh\u00e1ch n\u00e0o l\u1ea1i \u0111i l\u1eb7n l\u1ed9i v\u00e0o t\u1eadn \u0111\u00e2y \u0111\u1ec3 mua b\u00e1nh ch\u1ee9! L\u00e0m th\u1ebf n\u00e0o \u0111\u1ec3 c\u1eeda h\u00e0ng c\u00f3 kh\u00e1ch \u0111\u00e2y? H\u00e3y h\u1ecfi c\u00e1c b\u1ea1n \u0111\u1ed9ng v\u1eadt \u1edf n\u00fai v\u00e0 c\u00e1c v\u00f9ng l\u00e2n c\u1eadn \u0111\u00f3 nh\u00e9.<\/p>\n[ Ti\u1ec7m m\u1eadt ong l\u1eebng danh]\n<p>Su\u1ed1t c\u1ea3 m\u00f9a \u0111\u00f4ng, b\u1ed1 c\u1ee7a hai anh em g\u1ea5u K\u01b0 v\u00e0 Ma \u0111i thu ho\u1ea1ch m\u1eadt ong xa nh\u00e0. \u0110\u01b0\u1ee3c nh\u1eadn nh\u1eefng t\u1ea5m b\u01b0u thi\u1ebfp \u0111\u1eb9p v\u00e0 m\u00f3n qu\u00e0 m\u1eadt ong c\u1ee7a b\u1ed1 g\u1eedi v\u1ec1 l\u00e0 \u0111i\u1ec1u m\u00e0 anh em K\u01b0, Ma v\u00e0 m\u1eb9 th\u00edch nh\u1ea5t. H\u00e3y c\u00f9ng xem gia \u0111\u00ecnh g\u1ea5u s\u1ebd l\u00e0m g\u00ec v\u1edbi m\u1eadt ong m\u00e0 g\u1ea5u b\u1ed1 mang v\u1ec1 nh\u00e9.<\/p>\n<p>\u0110\u1ecdc cho b\u00e9: t\u1eeb 2 tu\u1ed5i tr\u1edf l\u00ean. <\/p>\n","protected":false},"excerpt":{"rendered":"<p>N\u1ebfu trong nh\u00e0 b\u1ea1n c\u00f3 tr\u1ebb d\u01b0\u1edbi 10 tu\u1ed5i, \u0111\u1eebng ch\u1ea7n ch\u1eeb g\u00ec n\u1eefa, h\u00e3y mua ngay b\u1ed9 s\u00e1ch n\u00e0y<\/p>\n<p>N\u1ebfu trong nh\u00e0 b\u1ea1n c\u00f3 ph\u1ee5 n\u1eef, \u0111\u1eebng ch\u1ea7n ch\u1eeb g\u00ec n\u1eefa, h\u00e3y mua ngay b\u1ed9 s\u00e1ch n\u00e0y.<\/p>\n<p>M\u00ecnh \u0111\u1ecdc m\u00e0 th\u1ea5y th\u1ed5n th\u1ee9c lu\u00f4n<\/p>\n<p>V\u00ec c\u00e2u chuy\u1ec7n \u0111\u1eb9p qu\u00e1. Nh\u1eefng c\u00e2u chuy\u1ec7n ng\u1ecdt ng\u00e0o, \u00eam \u00e1i v\u00e0 th\u01a1m tho.<\/p>\n<p>M\u00ecnh kh\u00f4ng tin l\u00e0 c\u00f3 ng\u01b0\u1eddi ph\u1ee5 n\u1eef n\u00e0o m\u00e0 kh\u00f4ng th\u1ea5y l\u00f2ng d\u1ecbu l\u1ea1i tr\u01b0\u1edbc nh\u1eefng c\u00e2u chuy\u1ec7n nh\u1ecf n\u00e0y \u0111\u00e2u.<\/p>\n<p>M\u00ecnh \u0111\u01b0\u1ee3c bi\u1ebft l\u00e0, c\u1ee9 m\u1ed7i khi \u0111\u01b0\u1ee3c ho\u00e0 m\u00ecnh v\u00e0o v\u1edbi thi\u00ean nhi\u00ean, c\u1ecf c\u00e2y hoa l\u00e1 chim mu\u00f4ng l\u00e0 con ng\u01b0\u1eddi \u0111\u1ec1u c\u1ea3m th\u1ea5y h\u1ea1nh ph\u00fac. V\u00ec b\u1ea3n t\u00ednh t\u1ef1 nhi\u00ean c\u1ee7a con ng\u01b0\u1eddi t\u1eeb ng\u00e0n \u0111\u1eddi l\u00e0 nh\u01b0 th\u1ebf.<\/p>\n<p>C\u0169ng m\u1ed7i khi \u0111\u01b0\u1ee3c th\u1ea5y t\u00ecnh y\u00eau th\u01b0\u01a1ng, s\u1ef1 quan t\u00e2m ch\u0103m s\u00f3c v\u00e0 chia s\u1ebb, l\u00e0 con ng\u01b0\u1eddi c\u0169ng c\u1ea3m th\u1ea5y h\u1ea1nh ph\u00fac (d\u00f9 \u0111\u00f4i khi t\u00ecnh y\u00eau th\u01b0\u01a1ng \u0111\u00f3 kh\u00f4ng tr\u1ef1c ti\u1ebfp d\u00e0nh cho m\u00ecnh) v\u00ec b\u1ea3n t\u00ednh t\u1ef1 nhi\u00ean c\u1ee7a con ng\u01b0\u1eddi t\u1eeb thu\u1edf s\u01a1 khai l\u00e0 nh\u01b0 th\u1ebf.<\/p>\n<p>V\u00e0 b\u1ea1n s\u1ebd t\u00ecm th\u1ea5y b\u1ea3n t\u00ednh t\u1ef1 nhi\u00ean c\u1ee7a ch\u00ednh m\u00ecnh \u1edf \u0111\u00e2y, trong t\u1eadp truy\u1ec7n tr\u00e0n ng\u1eadp v\u1ebb \u0111\u1eb9p c\u1ee7a thi\u00ean nhi\u00ean v\u00e0 t\u00ecnh y\u00eau th\u01b0\u01a1ng gi\u1eefa mu\u00f4n lo\u00e0i.<\/p>\n<p>H\u00e3y c\u00f9ng nhau t\u1eadn h\u01b0\u1edfng nh\u1eefng bu\u1ed5i t\u1ed1i m\u00f9a \u0111\u00f4ng \u1ea5m \u00e1p b\u00ean nh\u1eefng cu\u1ed1n s\u00e1ch ng\u1ecdt ng\u00e0o d\u1ec5 th\u01b0\u01a1ng n\u00e0y b\u1ea1n nh\u00e9<\/p>\n<p>B\u1ed9 s\u00e1ch v\u1ec1 c\u00e1c Ti\u1ec7m l\u1eebng danh g\u1ed3m 3 cu\u1ed1n<\/p>\n<p>Ti\u1ec7m m\u1eadt ong l\u1eebng danh<\/p>\n<p>Ti\u1ec7m b\u00e1nh m\u00ec l\u1eebng danh<\/p>\n<p>Ti\u1ec7m s\u00fap l\u1eebng danh<\/p>\n","protected":false},"featured_media":23147,"template":"","meta":{"_acf_changed":false},"product_brand":[],"product_cat":[25,17,26],"product_tag":[],"class_list":{"0":"post-23148","1":"product","2":"type-product","3":"status-publish","4":"has-post-thumbnail","6":"product_cat-nhi-dong-6-tuoi-12-tuoi","7":"product_cat-sach-danh-cho-cac-be","8":"product_cat-thieu-nien-11-tuoi-18-tuoi","10":"first","11":"instock","12":"taxable","13":"shipping-taxable","14":"purchasable","15":"product-type-simple"},"supplier_id":null,"supplier_sku":"","barcode":null,"atum_controlled":true,"out_stock_date":null,"out_stock_threshold":null,"inheritable":false,"inbound_stock":0,"stock_on_hold":0,"sold_today":0,"sales_last_days":0,"reserved_stock":0,"customer_returns":0,"warehouse_damage":0,"lost_in_post":0,"other_logs":0,"out_stock_days":0,"lost_sales":0,"has_location":false,"update_date":"2026-01-28T23:11:25","atum_locations":[],"atum_stock_status":"instock","restock_status":false,"low_stock_amount":"","sales_update_date":"2026-01-28T23:11:25","calc_backorders":null,"acf":{"publisher":{"ID":9154,"post_author":"2","post_date":"2021-05-21 19:37:16","post_date_gmt":"2021-05-21 16:37:16","post_content":"<!-- wp:html \/-->\n\n<!-- wp:image {\"id\":9157,\"sizeSlug\":\"large\",\"linkDestination\":\"media\"} -->\n<figure class=\"wp-block-image size-large\"><a href=\"https:\/\/sachviet.eu\/wp-content\/uploads\/2021\/05\/123004127_112271897340455_8566439221456752927_n-1.jpg\"><img src=\"https:\/\/sachviet.eu\/wp-content\/uploads\/2021\/05\/123004127_112271897340455_8566439221456752927_n-1-1024x666.jpg\" alt=\"\" class=\"wp-image-9157\" \/><\/a><\/figure>\n<!-- \/wp:image -->\n\n<!-- wp:heading {\"level\":3} -->\n<h3>M\u1ee4C TI\u00caU<\/h3>\n<!-- \/wp:heading -->\n\n<!-- wp:paragraph -->\n<p>D\u1ef1 \u00e1n M\u1ecdt s\u00e1ch Mogu \u0111ang ph\u00e1t tri\u1ec3n k\u1ebf ho\u1ea1ch h\u1ee3p t\u00e1c c\u00f9ng c\u00e1c tr\u01b0\u1eddng n\u1ea7m non, c\u00e1c \u0111\u01a1n v\u1ecb l\u00e0m v\u1ec1 s\u00e1ch, c\u00e1c \u0111\u01a1n v\u1ecb c\u00f3 c\u00f9ng m\u1ee5c ti\u00eau ph\u00e1t tri\u1ec3n v\u0103n h\u00f3a \u0111\u1ecdc v\u1ec1 vi\u1ec7c \u0111\u1ecdc truy\u1ec7n Ehoncho tr\u1ebb v\u00e0 nh\u1eadn \u0111\u01b0\u1ee3c r\u1ea5t nhi\u1ec1u s\u1ef1 quan t\u00e2m c\u1ee7a c\u00e1c v\u1ecb ph\u1ee5 huynh c\u0169ng nh\u01b0 c\u00e1c b\u00e9.<\/p>\n<!-- \/wp:paragraph -->\n\n<!-- wp:heading {\"level\":3} -->\n<h3>S\u1ee8 M\u1ec6NH<\/h3>\n<!-- \/wp:heading -->\n\n<!-- wp:paragraph -->\n<p>M\u1ecdt s\u00e1ch Mogu l\u00e0 d\u1ef1 \u00e1n \u0111\u1ecdc tranh truy\u1ec7n Ehon mi\u1ec5n ph\u00ed cho tr\u1ebb nh\u1ecf c\u1ee7a c\u00f4ng ty More Production Vi\u1ec7t Nam t\u1eeb n\u0103m 2014. V\u1edbi mong mu\u1ed1n c\u00e1c b\u1ea1n nh\u1ecf \u0111\u01b0\u1ee3c ti\u1ebfp x\u00fac t\u1edbi s\u00e1ch truy\u1ec7n t\u1eeb khi c\u00f2n nh\u1ecf v\u00e0 ph\u00e1t tri\u1ec3n t\u00ecnh y\u00eau v\u1edbi s\u00e1ch khi l\u1edbn l\u00ean.<\/p>\n<!-- \/wp:paragraph -->\n\n<!-- wp:heading {\"level\":3} -->\n<h3><\/h3>\n<!-- \/wp:heading -->","post_title":"Mogu","post_excerpt":"","post_status":"publish","comment_status":"closed","ping_status":"closed","post_password":"","post_name":"mogu","to_ping":"","pinged":"","post_modified":"2021-05-21 19:37:19","post_modified_gmt":"2021-05-21 16:37:19","post_content_filtered":"","post_parent":0,"guid":"https:\/\/sachviet.eu\/?post_type=publisher&#038;p=9154","menu_order":0,"post_type":"publisher","post_mime_type":"","comment_count":"0","filter":"raw"}},"_links":{"self":[{"href":"https:\/\/sachviet.eu\/en\/wp-json\/wp\/v2\/product\/23148","targetHints":{"allow":["GET"]}}],"collection":[{"href":"https:\/\/sachviet.eu\/en\/wp-json\/wp\/v2\/product"}],"about":[{"href":"https:\/\/sachviet.eu\/en\/wp-json\/wp\/v2\/types\/product"}],"wp:featuredmedia":[{"embeddable":true,"href":"https:\/\/sachviet.eu\/en\/wp-json\/wp\/v2\/media\/23147"}],"wp:attachment":[{"href":"https:\/\/sachviet.eu\/en\/wp-json\/wp\/v2\/media?parent=23148"}],"wp:term":[{"taxonomy":"product_brand","embeddable":true,"href":"https:\/\/sachviet.eu\/en\/wp-json\/wp\/v2\/product_brand?post=23148"},{"taxonomy":"product_cat","embeddable":true,"href":"https:\/\/sachviet.eu\/en\/wp-json\/wp\/v2\/product_cat?post=23148"},{"taxonomy":"product_tag","embeddable":true,"href":"https:\/\/sachviet.eu\/en\/wp-json\/wp\/v2\/product_tag?post=23148"}],"curies":[{"name":"wp","href":"https:\/\/api.w.org\/{rel}","templated":true}]}}