{"id":23146,"date":"2023-04-02T18:48:12","date_gmt":"2023-04-02T15:48:12","guid":{"rendered":"https:\/\/sachviet.eu\/shop\/nhung-chuyen-ke-yeu-thich-cua-tre-em-nhat-ban\/"},"modified":"2025-04-24T12:28:53","modified_gmt":"2025-04-24T09:28:53","slug":"nhung-chuyen-ke-yeu-thich-cua-tre-em-nhat-ban","status":"publish","type":"product","link":"https:\/\/sachviet.eu\/en\/shop\/nhung-chuyen-ke-yeu-thich-cua-tre-em-nhat-ban\/","title":{"rendered":"Nh\u1eefng Chuy\u1ec7n K\u1ec3 Y\u00eau Th\u00edch C\u1ee7a Tr\u1ebb Em Nh\u1eadt B\u1ea3n"},"content":{"rendered":"<p>Cu\u1ed9c s\u1ed1ng \u0111\u1ed1i v\u1edbi c\u00e1c b\u00e9 \u0111\u1ea7y th\u00fa v\u1ecb v\u00e0 b\u00ed \u1ea9n. B\u1ed9 s\u00e1ch Nh\u1eefng C\u00e2u Chuy\u1ec7n Tr\u1ebb Em Y\u00eau Th\u00edch Nh\u1ea5t s\u1ebd gi\u00fap cho t\u00e2m h\u1ed3n tr\u1ebb con ng\u00e2y th\u01a1, trong s\u00e1ng ti\u1ebfp nh\u1eadn cu\u1ed9c s\u1ed1ng theo c\u00e1ch c\u1ee7a ri\u00eang m\u00ecnh. \u0110\u00f3 l\u00e0 s\u1ef1 ti\u1ebfp nh\u1eadn r\u1ea5t gi\u1ea3n \u0111\u01a1n, nh\u1eb9 nh\u00e0ng nh\u01b0 ch\u00ednh t\u00e2m h\u1ed3n c\u1ee7a c\u00e1c em. Th\u00f4ng qua nh\u1eefng c\u00e2u chuy\u1ec7n nh\u1eb9 nh\u00e0ng, th\u00fa v\u1ecb v\u1ec1 nh\u1eefng con v\u1eadt ng\u1ed9 ngh\u0129nh \u0111\u00e1ng y\u00eau, c\u00e1c b\u00e9 s\u1ebd r\u00fat ra \u0111\u01b0\u1ee3c cho m\u00ecnh nh\u1eefng b\u00e0i h\u1ecdc nh\u1ecf sau m\u1ed7i c\u00e2u chuy\u1ec7n.<\/p>\n<p>B\u1eb1ng nh\u1eefng h\u00ecnh v\u1ebd minh h\u1ecda ch\u00e2n th\u1eadt, sinh \u0111\u1ed9ng, b\u1ed9 s\u00e1ch s\u1ebd gi\u00fap c\u00e1c b\u00e9 l\u0129nh h\u1ed9i cu\u1ed9c s\u1ed1ng m\u1ed9t c\u00e1ch d\u1ec5 hi\u1ec3u nh\u1ea5t. Th\u00f4ng qua \u0111\u00f3, b\u1ed9 s\u00e1ch g\u00f3p ph\u1ea7n t\u00edch c\u1ef1c v\u00e0o qu\u00e1 tr\u00ecnh h\u00ecnh th\u00e0nh nh\u00e2n c\u00e1ch, trang b\u1ecb cho c\u00e1c b\u00e9 nh\u1eefng ki\u1ebfn th\u1ee9c, k\u0129 n\u0103ng s\u1ed1ng c\u01a1 b\u1ea3n. M\u1eddi c\u00e1c b\u1ea1n \u0111\u00f3n \u0111\u1ecdc<\/p>\n","protected":false},"excerpt":{"rendered":"<p>Cu\u1ed9c s\u1ed1ng \u0111\u1ed1i v\u1edbi c\u00e1c b\u00e9 \u0111\u1ea7y th\u00fa v\u1ecb v\u00e0 b\u00ed \u1ea9n. B\u1ed9 s\u00e1ch Nh\u1eefng C\u00e2u Chuy\u1ec7n Tr\u1ebb Em Y\u00eau Th\u00edch Nh\u1ea5t s\u1ebd gi\u00fap cho t\u00e2m h\u1ed3n tr\u1ebb con ng\u00e2y th\u01a1, trong s\u00e1ng ti\u1ebfp nh\u1eadn cu\u1ed9c s\u1ed1ng theo c\u00e1ch c\u1ee7a ri\u00eang m\u00ecnh. \u0110\u00f3 l\u00e0 s\u1ef1 ti\u1ebfp nh\u1eadn r\u1ea5t gi\u1ea3n \u0111\u01a1n, nh\u1eb9 nh\u00e0ng nh\u01b0 ch\u00ednh t\u00e2m h\u1ed3n c\u1ee7a c\u00e1c em. Th\u00f4ng qua nh\u1eefng c\u00e2u chuy\u1ec7n nh\u1eb9 nh\u00e0ng, th\u00fa v\u1ecb v\u1ec1 nh\u1eefng con v\u1eadt ng\u1ed9 ngh\u0129nh \u0111\u00e1ng y\u00eau, c\u00e1c b\u00e9 s\u1ebd r\u00fat ra \u0111\u01b0\u1ee3c cho m\u00ecnh nh\u1eefng b\u00e0i h\u1ecdc nh\u1ecf sau m\u1ed7i c\u00e2u chuy\u1ec7n.<\/p>\n<p>B\u1eb1ng nh\u1eefng h\u00ecnh v\u1ebd minh h\u1ecda ch\u00e2n th\u1eadt, sinh \u0111\u1ed9ng, b\u1ed9 s\u00e1ch s\u1ebd gi\u00fap c\u00e1c b\u00e9 l\u0129nh h\u1ed9i cu\u1ed9c s\u1ed1ng m\u1ed9t c\u00e1ch d\u1ec5 hi\u1ec3u nh\u1ea5t. Th\u00f4ng qua \u0111\u00f3, b\u1ed9 s\u00e1ch g\u00f3p ph\u1ea7n t\u00edch c\u1ef1c v\u00e0o qu\u00e1 tr\u00ecnh h\u00ecnh th\u00e0nh nh\u00e2n c\u00e1ch, trang b\u1ecb cho c\u00e1c b\u00e9 nh\u1eefng ki\u1ebfn th\u1ee9c, k\u0129 n\u0103ng s\u1ed1ng c\u01a1 b\u1ea3n. M\u1eddi c\u00e1c b\u1ea1n \u0111\u00f3n \u0111\u1ecdc<\/p>\n","protected":false},"featured_media":23145,"template":"","meta":{"_acf_changed":false},"product_brand":[],"product_cat":[25,17,26],"product_tag":[],"class_list":{"0":"post-23146","1":"product","2":"type-product","3":"status-publish","4":"has-post-thumbnail","6":"product_cat-nhi-dong-6-tuoi-12-tuoi","7":"product_cat-sach-danh-cho-cac-be","8":"product_cat-thieu-nien-11-tuoi-18-tuoi","10":"first","11":"outofstock","12":"taxable","13":"shipping-taxable","14":"purchasable","15":"product-type-simple"},"supplier_id":null,"supplier_sku":"","barcode":null,"atum_controlled":true,"out_stock_date":"2025-04-24 09:28:53","out_stock_threshold":null,"inheritable":false,"inbound_stock":0,"stock_on_hold":0,"sold_today":0,"sales_last_days":0,"reserved_stock":0,"customer_returns":0,"warehouse_damage":0,"lost_in_post":0,"other_logs":0,"out_stock_days":279,"lost_sales":0,"has_location":false,"update_date":"2026-01-28T23:11:28","atum_locations":[],"atum_stock_status":"outofstock","restock_status":false,"low_stock_amount":"","sales_update_date":"2026-01-28T23:11:28","calc_backorders":null,"acf":{"publisher":{"ID":5988,"post_author":"1","post_date":"2021-03-14 02:36:31","post_date_gmt":"2021-03-14 00:36:31","post_content":"","post_title":"Ph\u1ee5 N\u1eef","post_excerpt":"","post_status":"publish","comment_status":"closed","ping_status":"closed","post_password":"","post_name":"phu-nu","to_ping":"","pinged":"","post_modified":"2021-03-14 02:36:31","post_modified_gmt":"2021-03-14 00:36:31","post_content_filtered":"","post_parent":0,"guid":"https:\/\/sachviet.eu\/blog\/nha-phat-hanh\/phu-nu\/","menu_order":0,"post_type":"publisher","post_mime_type":"","comment_count":"0","filter":"raw"}},"_links":{"self":[{"href":"https:\/\/sachviet.eu\/en\/wp-json\/wp\/v2\/product\/23146","targetHints":{"allow":["GET"]}}],"collection":[{"href":"https:\/\/sachviet.eu\/en\/wp-json\/wp\/v2\/product"}],"about":[{"href":"https:\/\/sachviet.eu\/en\/wp-json\/wp\/v2\/types\/product"}],"wp:featuredmedia":[{"embeddable":true,"href":"https:\/\/sachviet.eu\/en\/wp-json\/wp\/v2\/media\/23145"}],"wp:attachment":[{"href":"https:\/\/sachviet.eu\/en\/wp-json\/wp\/v2\/media?parent=23146"}],"wp:term":[{"taxonomy":"product_brand","embeddable":true,"href":"https:\/\/sachviet.eu\/en\/wp-json\/wp\/v2\/product_brand?post=23146"},{"taxonomy":"product_cat","embeddable":true,"href":"https:\/\/sachviet.eu\/en\/wp-json\/wp\/v2\/product_cat?post=23146"},{"taxonomy":"product_tag","embeddable":true,"href":"https:\/\/sachviet.eu\/en\/wp-json\/wp\/v2\/product_tag?post=23146"}],"curies":[{"name":"wp","href":"https:\/\/api.w.org\/{rel}","templated":true}]}}