{"id":23142,"date":"2023-04-02T18:47:43","date_gmt":"2023-04-02T15:47:43","guid":{"rendered":"https:\/\/sachviet.eu\/shop\/nghe-thuat-danh-cap-y-tuong-10-bi-mat-khong-ai-noi-voi-ban-ve-sang-tao\/"},"modified":"2024-06-07T14:04:05","modified_gmt":"2024-06-07T11:04:05","slug":"nghe-thuat-danh-cap-y-tuong-10-bi-mat-khong-ai-noi-voi-ban-ve-sang-tao","status":"publish","type":"product","link":"https:\/\/sachviet.eu\/en\/shop\/nghe-thuat-danh-cap-y-tuong-10-bi-mat-khong-ai-noi-voi-ban-ve-sang-tao\/","title":{"rendered":"Ngh\u1ec7 Thu\u1eadt \u0110\u00e1nh C\u1eafp \u00dd T\u01b0\u1edfng (10 B\u00ed M\u1eadt Kh\u00f4ng Ai N\u00f3i V\u1edbi B\u1ea1n V\u1ec1 S\u00e1ng T\u1ea1o)"},"content":{"rendered":"<p>Cu\u1ed1n s\u00e1ch g\u1eedi t\u1edbi ch\u00fang ta th\u00f4ng \u0111i\u1ec7p: th\u1ef1c t\u1ebf l\u00e0 kh\u00f4ng c\u00f3 th\u1ee9 g\u00ec tr\u00ean \u0111\u1eddi l\u00e0 nguy\u00ean b\u1ea3n. V\u1eady n\u00ean h\u00e3y h\u1ecdc h\u1ecfi t\u1eeb c\u00e1c t\u00e1c ph\u1ea9m c\u1ee7a ng\u01b0\u1eddi kh\u00e1c, ph\u1ed1i l\u1ea1i, m\u01b0\u1eddng t\u01b0\u1ee3ng l\u1ea1i v\u00e0 kh\u00e1m ph\u00e1 ra tr\u00ean con \u0111\u01b0\u1eddng ri\u00eang c\u1ee7a b\u1ea1n. H\u00e3y c\u1ee9 d\u00e0nh th\u1eddi gian cho nh\u1eefng vi\u1ec7c b\u1ea1n th\u00edch l\u00e0m, \u0111\u00f4i khi nh\u1eefng \u0111i\u1ec1u ban \u0111\u1ea7u ch\u1ec9 l\u00e0 s\u1edf th\u00edch l\u1ea1i tr\u1edf th\u00e0nh c\u00f4ng vi\u1ec7c b\u1ea1n s\u1ebd \u0111eo \u0111u\u1ed5i su\u1ed1t \u0111\u1eddi. H\u00e3y c\u1ee9 vi\u1ebft cu\u1ed1n s\u00e1ch m\u00e0 b\u1ea1n mu\u1ed1n \u0111\u1ecdc, s\u1ea3n xu\u1ea5t b\u1ed9 phim m\u00e0 b\u1ea1n mu\u1ed1n xem.<\/p>\n<p>Nh\u01b0 Nh\u00e0 thi\u1ebft k\u1ebf T\u1ea1 Qu\u1ed1c K\u1ef3 Nam c\u0169ng \u0111\u00e3 vi\u1ebft trong l\u1eddi gi\u1edbi thi\u1ec7u cu\u1ed1n s\u00e1ch: \u201cS\u00e1ng t\u1ea1o l\u00e0 g\u00ec?\u201d, \u201cranh gi\u1edbi gi\u1eefa t\u00ecm c\u1ea3m h\u1ee9ng v\u00e0 \u0111\u1ea1o nh\u00e1i?\u201d, \u201cl\u00e0m sao \u0111\u1ec3 l\u00e0m t\u1ed1t h\u01a1n vi\u1ec7c m\u00ecnh \u0111ang l\u00e0m?\u201d v\u00e0 \u201c\u00fd t\u01b0\u1edfng \u0111\u1ebfn t\u1eeb \u0111\u00e2u?\u201d\u2026 Ng\u01b0\u1eddi ta ki\u1ebfm r\u1ea5t nhi\u1ec1u ti\u1ec1n t\u1eeb vi\u1ec7c tr\u1ea3 l\u1eddi nh\u1eefng c\u00e2u h\u1ecfi n\u00e0y qua nh\u1eefng kho\u00e1 h\u1ecdc, workshop, s\u00e1ch self-help\u2026 Nh\u01b0ng cu\u1ed1n s\u00e1ch n\u00e0y s\u1ebd khi\u1ebfn b\u1ea1n ng\u01b0ng l\u00e0m m\u00ecnh m\u1ec7t m\u1ecfi v\u1edbi c\u00e1c c\u00e2u h\u1ecfi s\u00e1o m\u00f2n \u1ea5y v\u00e0 \u0111\u01b0a b\u1ea1n \u0111\u1ebfn b\u01b0\u1edbc ti\u1ebfp theo hi\u1ec7u qu\u1ea3 h\u01a1n: b\u1eaft \u0111\u1ea7u \u201c\u0111\u00e1nh c\u1eafp\u201d nh\u1eefng \u0111i\u1ec1u hay ho nh\u01b0 c\u00e1ch nh\u1eefng ng\u01b0\u1eddi b\u1ea1n th\u1ea7n t\u01b0\u1ee3ng l\u00e0m n\u00ean s\u1ef1 nghi\u1ec7p c\u1ee7a h\u1ecd, v\u00e0 b\u1ea1n s\u1ebd l\u00e0m chuy\u1ec7n \u1ea5y t\u1ec9nh t\u00e1o v\u00e0 b\u00e0i b\u1ea3n \u2013 nh\u01b0 m\u1ed9t ngh\u1ec7 s\u0129.\u201d<\/p>\n","protected":false},"excerpt":{"rendered":"<p>Cu\u1ed1n s\u00e1ch g\u1eedi t\u1edbi ch\u00fang ta th\u00f4ng \u0111i\u1ec7p: th\u1ef1c t\u1ebf l\u00e0 kh\u00f4ng c\u00f3 th\u1ee9 g\u00ec tr\u00ean \u0111\u1eddi l\u00e0 nguy\u00ean b\u1ea3n. V\u1eady n\u00ean h\u00e3y h\u1ecdc h\u1ecfi t\u1eeb c\u00e1c t\u00e1c ph\u1ea9m c\u1ee7a ng\u01b0\u1eddi kh\u00e1c, ph\u1ed1i l\u1ea1i, m\u01b0\u1eddng t\u01b0\u1ee3ng l\u1ea1i v\u00e0 kh\u00e1m ph\u00e1 ra tr\u00ean con \u0111\u01b0\u1eddng ri\u00eang c\u1ee7a b\u1ea1n. H\u00e3y c\u1ee9 d\u00e0nh th\u1eddi gian cho nh\u1eefng vi\u1ec7c b\u1ea1n th\u00edch l\u00e0m, \u0111\u00f4i khi nh\u1eefng \u0111i\u1ec1u ban \u0111\u1ea7u ch\u1ec9 l\u00e0 s\u1edf th\u00edch l\u1ea1i tr\u1edf th\u00e0nh c\u00f4ng vi\u1ec7c b\u1ea1n s\u1ebd \u0111eo \u0111u\u1ed5i su\u1ed1t \u0111\u1eddi. H\u00e3y c\u1ee9 vi\u1ebft cu\u1ed1n s\u00e1ch m\u00e0 b\u1ea1n mu\u1ed1n \u0111\u1ecdc, s\u1ea3n xu\u1ea5t b\u1ed9 phim m\u00e0 b\u1ea1n mu\u1ed1n xem.<\/p>\n<p>Nh\u01b0 Nh\u00e0 thi\u1ebft k\u1ebf T\u1ea1 Qu\u1ed1c K\u1ef3 Nam c\u0169ng \u0111\u00e3 vi\u1ebft trong l\u1eddi gi\u1edbi thi\u1ec7u cu\u1ed1n s\u00e1ch: \u201cS\u00e1ng t\u1ea1o l\u00e0 g\u00ec?\u201d, \u201cranh gi\u1edbi gi\u1eefa t\u00ecm c\u1ea3m h\u1ee9ng v\u00e0 \u0111\u1ea1o nh\u00e1i?\u201d, \u201cl\u00e0m sao \u0111\u1ec3 l\u00e0m t\u1ed1t h\u01a1n vi\u1ec7c m\u00ecnh \u0111ang l\u00e0m?\u201d v\u00e0 \u201c\u00fd t\u01b0\u1edfng \u0111\u1ebfn t\u1eeb \u0111\u00e2u?\u201d\u2026 Ng\u01b0\u1eddi ta ki\u1ebfm r\u1ea5t nhi\u1ec1u ti\u1ec1n t\u1eeb vi\u1ec7c tr\u1ea3 l\u1eddi nh\u1eefng c\u00e2u h\u1ecfi n\u00e0y qua nh\u1eefng kho\u00e1 h\u1ecdc, workshop, s\u00e1ch self-help\u2026 Nh\u01b0ng cu\u1ed1n s\u00e1ch n\u00e0y s\u1ebd khi\u1ebfn b\u1ea1n ng\u01b0ng l\u00e0m m\u00ecnh m\u1ec7t m\u1ecfi v\u1edbi c\u00e1c c\u00e2u h\u1ecfi s\u00e1o m\u00f2n \u1ea5y v\u00e0 \u0111\u01b0a b\u1ea1n \u0111\u1ebfn b\u01b0\u1edbc ti\u1ebfp theo hi\u1ec7u qu\u1ea3 h\u01a1n: b\u1eaft \u0111\u1ea7u \u201c\u0111\u00e1nh c\u1eafp\u201d nh\u1eefng \u0111i\u1ec1u hay ho nh\u01b0 c\u00e1ch nh\u1eefng ng\u01b0\u1eddi b\u1ea1n th\u1ea7n t\u01b0\u1ee3ng l\u00e0m n\u00ean s\u1ef1 nghi\u1ec7p c\u1ee7a h\u1ecd, v\u00e0 b\u1ea1n s\u1ebd l\u00e0m chuy\u1ec7n \u1ea5y t\u1ec9nh t\u00e1o v\u00e0 b\u00e0i b\u1ea3n \u2013 nh\u01b0 m\u1ed9t ngh\u1ec7 s\u0129.\u201d<\/p>\n","protected":false},"featured_media":23141,"template":"","meta":{"_acf_changed":false},"product_brand":[],"product_cat":[15,46],"product_tag":[],"class_list":{"0":"post-23142","1":"product","2":"type-product","3":"status-publish","4":"has-post-thumbnail","6":"product_cat-sach-danh-cho-nguoi-lon","7":"product_cat-ky-nang-song","9":"first","10":"outofstock","11":"taxable","12":"shipping-taxable","13":"purchasable","14":"product-type-simple"},"supplier_id":null,"supplier_sku":"","barcode":null,"atum_controlled":true,"out_stock_date":"2024-06-07 11:04:05","out_stock_threshold":null,"inheritable":false,"inbound_stock":0,"stock_on_hold":0,"sold_today":0,"sales_last_days":0,"reserved_stock":0,"customer_returns":0,"warehouse_damage":0,"lost_in_post":0,"other_logs":0,"out_stock_days":600,"lost_sales":0,"has_location":false,"update_date":"2026-01-28T23:11:12","atum_locations":[],"atum_stock_status":"outofstock","restock_status":false,"low_stock_amount":"","sales_update_date":"2026-01-28T23:11:12","calc_backorders":null,"acf":{"publisher":{"ID":8671,"post_author":"1","post_date":"2021-04-28 14:30:12","post_date_gmt":"2021-04-28 11:30:12","post_content":"","post_title":"Alphabooks","post_excerpt":"","post_status":"publish","comment_status":"closed","ping_status":"closed","post_password":"","post_name":"alphabooks","to_ping":"","pinged":"","post_modified":"2021-04-28 14:30:12","post_modified_gmt":"2021-04-28 11:30:12","post_content_filtered":"","post_parent":0,"guid":"https:\/\/sachviet.eu\/nha-phat-hanh\/alphabooks\/","menu_order":0,"post_type":"publisher","post_mime_type":"","comment_count":"0","filter":"raw"}},"_links":{"self":[{"href":"https:\/\/sachviet.eu\/en\/wp-json\/wp\/v2\/product\/23142","targetHints":{"allow":["GET"]}}],"collection":[{"href":"https:\/\/sachviet.eu\/en\/wp-json\/wp\/v2\/product"}],"about":[{"href":"https:\/\/sachviet.eu\/en\/wp-json\/wp\/v2\/types\/product"}],"wp:featuredmedia":[{"embeddable":true,"href":"https:\/\/sachviet.eu\/en\/wp-json\/wp\/v2\/media\/23141"}],"wp:attachment":[{"href":"https:\/\/sachviet.eu\/en\/wp-json\/wp\/v2\/media?parent=23142"}],"wp:term":[{"taxonomy":"product_brand","embeddable":true,"href":"https:\/\/sachviet.eu\/en\/wp-json\/wp\/v2\/product_brand?post=23142"},{"taxonomy":"product_cat","embeddable":true,"href":"https:\/\/sachviet.eu\/en\/wp-json\/wp\/v2\/product_cat?post=23142"},{"taxonomy":"product_tag","embeddable":true,"href":"https:\/\/sachviet.eu\/en\/wp-json\/wp\/v2\/product_tag?post=23142"}],"curies":[{"name":"wp","href":"https:\/\/api.w.org\/{rel}","templated":true}]}}