{"id":23140,"date":"2023-04-02T18:47:37","date_gmt":"2023-04-02T15:47:37","guid":{"rendered":"https:\/\/sachviet.eu\/shop\/nghe-thuat-pr-ban-than\/"},"modified":"2024-04-06T00:14:55","modified_gmt":"2024-04-05T21:14:55","slug":"nghe-thuat-pr-ban-than","status":"publish","type":"product","link":"https:\/\/sachviet.eu\/en\/shop\/nghe-thuat-pr-ban-than\/","title":{"rendered":"Ngh\u1ec7 Thu\u1eadt PR B\u1ea3n Th\u00e2n"},"content":{"rendered":"<p>T\u00f4i mu\u1ed1n vi\u1ebft m\u1ed9t cu\u1ed1n s\u00e1ch h\u01b0\u1edbng d\u1eabn cho ng\u01b0\u1eddi m\u1edbi b\u1eaft \u0111\u1ea7u v\u1ec1 c\u00e1ch l\u00e0m vi\u1ec7c n\u00e0y: cu\u1ed1n s\u00e1ch d\u00e0nh cho nh\u1eefng ai gh\u00e9t t\u1ef1 qu\u1ea3ng c\u00e1o b\u1ea3n th\u00e2n. C\u00f3 th\u1ec3 g\u1ecdi \u0111\u00e2y l\u00e0 m\u1ed9t h\u00ecnh th\u1ee9c thay th\u1ebf cho t\u1ef1 qu\u1ea3ng c\u00e1o. T\u00f4i s\u1ebd c\u1ed1 g\u1eafng ch\u1ec9 cho c\u00e1c b\u1ea1n c\u00e1ch nh\u00ecn c\u00f4ng vi\u1ec7c nh\u01b0 m\u1ed9t qu\u00e1 tr\u00ecnh kh\u00f4ng bao gi\u1edd k\u1ebft th\u00fac, c\u00e1ch chia s\u1ebb qu\u00e1 tr\u00ecnh \u0111\u00f3 \u0111\u1ec3 thu h\u00fat nh\u1eefng ng\u01b0\u1eddi c\u00f3 th\u1ec3 s\u1ebd h\u1ee9ng th\u00fa v\u1edbi c\u00f4ng vi\u1ec7c b\u1ea1n l\u00e0m, v\u00e0 c\u00e1ch x\u1eed l\u00fd c\u00e1c giai \u0111o\u1ea1n th\u0103ng tr\u1ea7m khi tr\u01b0ng s\u1ea3n ph\u1ea9m v\u00e0 b\u1ea3n th\u00e2n ra tr\u01b0\u1edbc x\u00e3 h\u1ed9i. N\u1ebfu cu\u1ed1n Steal Like an Artist (t\u1ea1m d\u1ecbch: Tr\u1ed9m c\u1eafp nh\u01b0 m\u1ed9t ngh\u1ec7 s\u0129) n\u00f3i v\u1ec1 vi\u1ec7c vay m\u01b0\u1ee3n \u1ea3nh h\u01b0\u1edfng t\u1eeb ng\u01b0\u1eddi kh\u00e1c th\u00ec cu\u1ed1n s\u00e1ch n\u00e0y n\u00f3i v\u1ec1 vi\u1ec7c g\u00e2y \u1ea3nh h\u01b0\u1edfng \u0111\u1ebfn m\u1ecdi ng\u01b0\u1eddi b\u1eb1ng c\u00e1ch \u0111\u1ec3 h\u1ecd sao ch\u00e9p \u00fd t\u01b0\u1edfng c\u1ee7a b\u1ea1n.<\/p>\n","protected":false},"excerpt":{"rendered":"<p>T\u00f4i mu\u1ed1n vi\u1ebft m\u1ed9t cu\u1ed1n s\u00e1ch h\u01b0\u1edbng d\u1eabn cho ng\u01b0\u1eddi m\u1edbi b\u1eaft \u0111\u1ea7u v\u1ec1 c\u00e1ch l\u00e0m vi\u1ec7c n\u00e0y: cu\u1ed1n s\u00e1ch d\u00e0nh cho nh\u1eefng ai gh\u00e9t t\u1ef1 qu\u1ea3ng c\u00e1o b\u1ea3n th\u00e2n. C\u00f3 th\u1ec3 g\u1ecdi \u0111\u00e2y l\u00e0 m\u1ed9t h\u00ecnh th\u1ee9c thay th\u1ebf cho t\u1ef1 qu\u1ea3ng c\u00e1o. T\u00f4i s\u1ebd c\u1ed1 g\u1eafng ch\u1ec9 cho c\u00e1c b\u1ea1n c\u00e1ch nh\u00ecn c\u00f4ng vi\u1ec7c nh\u01b0 m\u1ed9t qu\u00e1 tr\u00ecnh kh\u00f4ng bao gi\u1edd k\u1ebft th\u00fac, c\u00e1ch chia s\u1ebb qu\u00e1 tr\u00ecnh \u0111\u00f3 \u0111\u1ec3 thu h\u00fat nh\u1eefng ng\u01b0\u1eddi c\u00f3 th\u1ec3 s\u1ebd h\u1ee9ng th\u00fa v\u1edbi c\u00f4ng vi\u1ec7c b\u1ea1n l\u00e0m, v\u00e0 c\u00e1ch x\u1eed l\u00fd c\u00e1c giai \u0111o\u1ea1n th\u0103ng tr\u1ea7m khi tr\u01b0ng s\u1ea3n ph\u1ea9m v\u00e0 b\u1ea3n th\u00e2n ra tr\u01b0\u1edbc x\u00e3 h\u1ed9i. N\u1ebfu cu\u1ed1n Steal Like an Artist (t\u1ea1m d\u1ecbch: Tr\u1ed9m c\u1eafp nh\u01b0 m\u1ed9t ngh\u1ec7 s\u0129) n\u00f3i v\u1ec1 vi\u1ec7c vay m\u01b0\u1ee3n \u1ea3nh h\u01b0\u1edfng t\u1eeb ng\u01b0\u1eddi kh\u00e1c th\u00ec cu\u1ed1n s\u00e1ch n\u00e0y n\u00f3i v\u1ec1 vi\u1ec7c g\u00e2y \u1ea3nh h\u01b0\u1edfng \u0111\u1ebfn m\u1ecdi ng\u01b0\u1eddi b\u1eb1ng c\u00e1ch \u0111\u1ec3 h\u1ecd sao ch\u00e9p \u00fd t\u01b0\u1edfng c\u1ee7a b\u1ea1n.<\/p>\n","protected":false},"featured_media":23139,"template":"","meta":{"_acf_changed":false},"product_brand":[],"product_cat":[15,46],"product_tag":[],"class_list":{"0":"post-23140","1":"product","2":"type-product","3":"status-publish","4":"has-post-thumbnail","6":"product_cat-sach-danh-cho-nguoi-lon","7":"product_cat-ky-nang-song","9":"first","10":"outofstock","11":"taxable","12":"shipping-taxable","13":"purchasable","14":"product-type-simple"},"supplier_id":null,"supplier_sku":"","barcode":null,"atum_controlled":true,"out_stock_date":"2024-04-05 21:14:55","out_stock_threshold":null,"inheritable":false,"inbound_stock":0,"stock_on_hold":0,"sold_today":0,"sales_last_days":0,"reserved_stock":0,"customer_returns":0,"warehouse_damage":0,"lost_in_post":0,"other_logs":0,"out_stock_days":663,"lost_sales":0,"has_location":false,"update_date":"2026-01-28T23:11:12","atum_locations":[],"atum_stock_status":"outofstock","restock_status":false,"low_stock_amount":"","sales_update_date":"2026-01-28T23:11:12","calc_backorders":null,"acf":{"publisher":{"ID":8671,"post_author":"1","post_date":"2021-04-28 14:30:12","post_date_gmt":"2021-04-28 11:30:12","post_content":"","post_title":"Alphabooks","post_excerpt":"","post_status":"publish","comment_status":"closed","ping_status":"closed","post_password":"","post_name":"alphabooks","to_ping":"","pinged":"","post_modified":"2021-04-28 14:30:12","post_modified_gmt":"2021-04-28 11:30:12","post_content_filtered":"","post_parent":0,"guid":"https:\/\/sachviet.eu\/nha-phat-hanh\/alphabooks\/","menu_order":0,"post_type":"publisher","post_mime_type":"","comment_count":"0","filter":"raw"}},"_links":{"self":[{"href":"https:\/\/sachviet.eu\/en\/wp-json\/wp\/v2\/product\/23140","targetHints":{"allow":["GET"]}}],"collection":[{"href":"https:\/\/sachviet.eu\/en\/wp-json\/wp\/v2\/product"}],"about":[{"href":"https:\/\/sachviet.eu\/en\/wp-json\/wp\/v2\/types\/product"}],"wp:featuredmedia":[{"embeddable":true,"href":"https:\/\/sachviet.eu\/en\/wp-json\/wp\/v2\/media\/23139"}],"wp:attachment":[{"href":"https:\/\/sachviet.eu\/en\/wp-json\/wp\/v2\/media?parent=23140"}],"wp:term":[{"taxonomy":"product_brand","embeddable":true,"href":"https:\/\/sachviet.eu\/en\/wp-json\/wp\/v2\/product_brand?post=23140"},{"taxonomy":"product_cat","embeddable":true,"href":"https:\/\/sachviet.eu\/en\/wp-json\/wp\/v2\/product_cat?post=23140"},{"taxonomy":"product_tag","embeddable":true,"href":"https:\/\/sachviet.eu\/en\/wp-json\/wp\/v2\/product_tag?post=23140"}],"curies":[{"name":"wp","href":"https:\/\/api.w.org\/{rel}","templated":true}]}}