{"id":23136,"date":"2023-04-02T18:47:26","date_gmt":"2023-04-02T15:47:26","guid":{"rendered":"https:\/\/sachviet.eu\/shop\/bi-mat-va-thuc-te-ve-tu-ky-am-thi-self-mastery-through-conscious-autosuggestion\/"},"modified":"2023-04-06T18:41:00","modified_gmt":"2023-04-06T15:41:00","slug":"bi-mat-va-thuc-te-ve-tu-ky-am-thi-self-mastery-through-conscious-autosuggestion","status":"publish","type":"product","link":"https:\/\/sachviet.eu\/en\/shop\/bi-mat-va-thuc-te-ve-tu-ky-am-thi-self-mastery-through-conscious-autosuggestion\/","title":{"rendered":"B\u00ed M\u1eadt V\u00e0 Th\u1ef1c T\u1ebf V\u1ec1 T\u1ef1 K\u1ef7 \u00c1m Th\u1ecb &#8211; Self Mastery Through Conscious Autosuggestion"},"content":{"rendered":"<p>Cu\u1ed1n s\u00e1ch v\u1ec1 T\u1ef1 k\u1ec9 \u00e1m th\u1ecb \u0111\u01b0\u1ee3c Freud v\u00e0 c\u00e1c b\u1eadc th\u1ea7y Ph\u00e2n t\u00e2m tr\u00edch d\u1eabn v\u00e0 nghi\u00ean c\u1ee9u.<br \/>\nCh\u00fang ta s\u1edf h\u1eefu m\u1ed9t s\u1ee9c m\u1ea1nh v\u00f4 bi\u00ean b\u00ean trong m\u1ed7i ng\u01b0\u1eddi. S\u1ee9c m\u1ea1nh n\u00e0y c\u00f3 th\u1ec3 g\u00e2y t\u1ed5n h\u1ea1i cho ch\u00fang ta n\u1ebfu ta kh\u00f4ng bi\u1ebft c\u00e1ch \u0111i\u1ec1u h\u01b0\u1edbng n\u00f3<br \/>\nNh\u01b0ng n\u1ebfu ch\u00fang ta kh\u00e9o l\u00e9o th\u1ef1c hi\u1ec7n \u00e1m th\u1ecb c\u00f3 \u00fd th\u1ee9c, n\u00f3 s\u1ebd gi\u00fap ta l\u00e0m ch\u1ee7 ch\u00ednh m\u00ecnh v\u00e0 ch\u1eefa l\u00e0nh t\u1ed5n th\u01b0\u01a1ng, c\u1ea3 th\u1ec3 ch\u1ea5t l\u1eabn tinh th\u1ea7n. Ch\u00fang ta c\u0169ng c\u00f3 th\u1ec3 gi\u00fap \u0111\u1ee1 nh\u1eefng ng\u01b0\u1eddi xung quanh, c\u00f9ng nhau h\u01b0\u1edbng t\u1edbi m\u1ed9t cu\u1ed9c s\u1ed1ng an l\u00e0nh v\u00e0 h\u1ea1nh ph\u00fac<br \/>\nH\u00e3y c\u00f3 l\u00f2ng tin v\u00e0o ch\u00ednh m\u00ecnh, s\u1ee9c m\u1ea1nh ch\u1eefa l\u00e0nh n\u1eb1m b\u00ean trong b\u1ea1n. Cu\u1ed1n s\u00e1ch n\u00e0y s\u1ebd gi\u00fap b\u1ea1n khai ph\u00e1 s\u1ee9c m\u1ea1nh \u0111\u00f3<br \/>\nD\u00e0nh t\u1eb7ng nh\u1eefng ai c\u00f2n ch\u01b0a bi\u1ebft tin t\u01b0\u1edfng v\u00e0o ch\u00ednh m\u00ecnh v\u00e0 mong mu\u1ed1n b\u1ea3n th\u00e2n tr\u1edf n\u00ean t\u1ed1t h\u01a1n v\u00e0 t\u1ed1t h\u01a1n<br \/>\n\u0110i\u1ec1u k\u00ec di\u1ec7u c\u1ee7a li\u1ec7u ph\u00e1p ch\u1eefa l\u00e0nh t\u1ef1 k\u1ec9 \u00e1m th\u1ecb ch\u00ednh l\u00e0 kh\u1ea3 n\u0103ng hi\u1ec7n th\u1ef1c h\u00f3a \u00fd ch\u00ed ch\u1ee7 quan, t\u1ea1o ra nh\u1eefng \u0111i\u1ec1u phi th\u01b0\u1eddng trong th\u1ef1c t\u1ebf<br \/>\nCh\u1eafc ch\u1eafn b\u1ea1n s\u1ebd:<br \/>\nM\u00c3I NG\u00c2N NGA NH\u1eeeNG L\u1edcI T\u00cdCH C\u1ef0C V\u00c0 S\u1ed0NG M\u1ed8T \u0110\u1edcI R\u1ea4T M\u1ef0C T\u1ef0 NHI\u00caN.<\/p>\n","protected":false},"excerpt":{"rendered":"<p>Cu\u1ed1n s\u00e1ch v\u1ec1 T\u1ef1 k\u1ec9 \u00e1m th\u1ecb \u0111\u01b0\u1ee3c Freud v\u00e0 c\u00e1c b\u1eadc th\u1ea7y Ph\u00e2n t\u00e2m tr\u00edch d\u1eabn v\u00e0 nghi\u00ean c\u1ee9u.<br \/>\nCh\u00fang ta s\u1edf h\u1eefu m\u1ed9t s\u1ee9c m\u1ea1nh v\u00f4 bi\u00ean b\u00ean trong m\u1ed7i ng\u01b0\u1eddi. S\u1ee9c m\u1ea1nh n\u00e0y c\u00f3 th\u1ec3 g\u00e2y t\u1ed5n h\u1ea1i cho ch\u00fang ta n\u1ebfu ta kh\u00f4ng bi\u1ebft c\u00e1ch \u0111i\u1ec1u h\u01b0\u1edbng n\u00f3<br \/>\nNh\u01b0ng n\u1ebfu ch\u00fang ta kh\u00e9o l\u00e9o th\u1ef1c hi\u1ec7n \u00e1m th\u1ecb c\u00f3 \u00fd th\u1ee9c, n\u00f3 s\u1ebd gi\u00fap ta l\u00e0m ch\u1ee7 ch\u00ednh m\u00ecnh v\u00e0 ch\u1eefa l\u00e0nh t\u1ed5n th\u01b0\u01a1ng, c\u1ea3 th\u1ec3 ch\u1ea5t l\u1eabn tinh th\u1ea7n. Ch\u00fang ta c\u0169ng c\u00f3 th\u1ec3 gi\u00fap \u0111\u1ee1 nh\u1eefng ng\u01b0\u1eddi xung quanh, c\u00f9ng nhau h\u01b0\u1edbng t\u1edbi m\u1ed9t cu\u1ed9c s\u1ed1ng an l\u00e0nh v\u00e0 h\u1ea1nh ph\u00fac<br \/>\nH\u00e3y c\u00f3 l\u00f2ng tin v\u00e0o ch\u00ednh m\u00ecnh, s\u1ee9c m\u1ea1nh ch\u1eefa l\u00e0nh n\u1eb1m b\u00ean trong b\u1ea1n. Cu\u1ed1n s\u00e1ch n\u00e0y s\u1ebd gi\u00fap b\u1ea1n khai ph\u00e1 s\u1ee9c m\u1ea1nh \u0111\u00f3<br \/>\nD\u00e0nh t\u1eb7ng nh\u1eefng ai c\u00f2n ch\u01b0a bi\u1ebft tin t\u01b0\u1edfng v\u00e0o ch\u00ednh m\u00ecnh v\u00e0 mong mu\u1ed1n b\u1ea3n th\u00e2n tr\u1edf n\u00ean t\u1ed1t h\u01a1n v\u00e0 t\u1ed1t h\u01a1n<br \/>\n\u0110i\u1ec1u k\u00ec di\u1ec7u c\u1ee7a li\u1ec7u ph\u00e1p ch\u1eefa l\u00e0nh t\u1ef1 k\u1ec9 \u00e1m th\u1ecb ch\u00ednh l\u00e0 kh\u1ea3 n\u0103ng hi\u1ec7n th\u1ef1c h\u00f3a \u00fd ch\u00ed ch\u1ee7 quan, t\u1ea1o ra nh\u1eefng \u0111i\u1ec1u phi th\u01b0\u1eddng trong th\u1ef1c t\u1ebf<br \/>\nCh\u1eafc ch\u1eafn b\u1ea1n s\u1ebd:<br \/>\nM\u00c3I NG\u00c2N NGA NH\u1eeeNG L\u1edcI T\u00cdCH C\u1ef0C V\u00c0 S\u1ed0NG M\u1ed8T \u0110\u1edcI R\u1ea4T M\u1ef0C T\u1ef0 NHI\u00caN.<\/p>\n","protected":false},"featured_media":23135,"template":"","meta":{"_acf_changed":false},"product_brand":[],"product_cat":[18,15,46],"product_tag":[],"class_list":{"0":"post-23136","1":"product","2":"type-product","3":"status-publish","4":"has-post-thumbnail","6":"product_cat-kinh-te","7":"product_cat-sach-danh-cho-nguoi-lon","8":"product_cat-ky-nang-song","10":"first","11":"outofstock","12":"taxable","13":"shipping-taxable","14":"purchasable","15":"product-type-simple"},"supplier_id":null,"supplier_sku":"","barcode":null,"atum_controlled":true,"out_stock_date":"2023-04-06 15:41:00","out_stock_threshold":null,"inheritable":false,"inbound_stock":0,"stock_on_hold":0,"sold_today":0,"sales_last_days":0,"reserved_stock":0,"customer_returns":0,"warehouse_damage":0,"lost_in_post":0,"other_logs":0,"out_stock_days":1028,"lost_sales":0,"has_location":false,"update_date":"2026-01-28T23:11:12","atum_locations":[],"atum_stock_status":"outofstock","restock_status":false,"low_stock_amount":"","sales_update_date":"2026-01-28T23:11:12","calc_backorders":null,"acf":{"publisher":{"ID":5988,"post_author":"1","post_date":"2021-03-14 02:36:31","post_date_gmt":"2021-03-14 00:36:31","post_content":"","post_title":"Ph\u1ee5 N\u1eef","post_excerpt":"","post_status":"publish","comment_status":"closed","ping_status":"closed","post_password":"","post_name":"phu-nu","to_ping":"","pinged":"","post_modified":"2021-03-14 02:36:31","post_modified_gmt":"2021-03-14 00:36:31","post_content_filtered":"","post_parent":0,"guid":"https:\/\/sachviet.eu\/blog\/nha-phat-hanh\/phu-nu\/","menu_order":0,"post_type":"publisher","post_mime_type":"","comment_count":"0","filter":"raw"}},"_links":{"self":[{"href":"https:\/\/sachviet.eu\/en\/wp-json\/wp\/v2\/product\/23136","targetHints":{"allow":["GET"]}}],"collection":[{"href":"https:\/\/sachviet.eu\/en\/wp-json\/wp\/v2\/product"}],"about":[{"href":"https:\/\/sachviet.eu\/en\/wp-json\/wp\/v2\/types\/product"}],"wp:featuredmedia":[{"embeddable":true,"href":"https:\/\/sachviet.eu\/en\/wp-json\/wp\/v2\/media\/23135"}],"wp:attachment":[{"href":"https:\/\/sachviet.eu\/en\/wp-json\/wp\/v2\/media?parent=23136"}],"wp:term":[{"taxonomy":"product_brand","embeddable":true,"href":"https:\/\/sachviet.eu\/en\/wp-json\/wp\/v2\/product_brand?post=23136"},{"taxonomy":"product_cat","embeddable":true,"href":"https:\/\/sachviet.eu\/en\/wp-json\/wp\/v2\/product_cat?post=23136"},{"taxonomy":"product_tag","embeddable":true,"href":"https:\/\/sachviet.eu\/en\/wp-json\/wp\/v2\/product_tag?post=23136"}],"curies":[{"name":"wp","href":"https:\/\/api.w.org\/{rel}","templated":true}]}}