{"id":23132,"date":"2023-04-02T18:47:14","date_gmt":"2023-04-02T15:47:14","guid":{"rendered":"https:\/\/sachviet.eu\/shop\/ky-uc-lich-su-ve-sai-gon-va-cac-vung-phu-can-nguyen-dinh-dau\/"},"modified":"2023-06-24T09:14:51","modified_gmt":"2023-06-24T06:14:51","slug":"ky-uc-lich-su-ve-sai-gon-va-cac-vung-phu-can-nguyen-dinh-dau","status":"publish","type":"product","link":"https:\/\/sachviet.eu\/en\/shop\/ky-uc-lich-su-ve-sai-gon-va-cac-vung-phu-can-nguyen-dinh-dau\/","title":{"rendered":"K\u00fd \u1ee8c L\u1ecbch S\u1eed V\u1ec1 S\u00e0i G\u00f2n V\u00e0 C\u00e1c V\u00f9ng Ph\u1ee5 C\u1eadn &#8211; Nguy\u1ec5n \u0110\u00ecnh \u0110\u1ea7u"},"content":{"rendered":"<p>\u201cK\u00fd \u1ee9c l\u1ecbch s\u1eed v\u1ec1 S\u00e0i G\u00f2n v\u00e0 c\u00e1c v\u00f9ng ph\u1ee5 c\u1eadn l\u00e0 \u0111\u1ec1 t\u00e0i c\u1ee7a Tr\u01b0\u01a1ng V\u0129nh K\u00fd di\u1ec5n thuy\u1ebft m\u00e0 t\u00f4i d\u1ecbch ra. \u0110\u00f3 l\u00e0 t\u01b0 li\u1ec7u r\u1ea5t qu\u00fd \u0111\u1ec3 ch\u00fang ta bi\u1ebft \u0111\u01b0\u1ee3c qu\u00e1 tr\u00ecnh h\u00ecnh th\u00e0nh S\u00e0i G\u00f2n. Tr\u01b0\u01a1ng V\u0129nh K\u00fd m\u00f4 t\u1ea3 r\u1ea5t sinh \u0111\u1ed9ng v\u00e0 ghi ch\u00fa c\u1ea9n th\u1eadn nh\u1eefng \u0111\u1ecba danh \u0111\u01b0\u01a1ng th\u1eddi. C\u1ea1nh \u0111\u00f3, t\u00f4i m\u1ea1n ph\u00e9p gi\u1ea3i th\u00edch nh\u1eefng ghi ch\u00fa \u1ea5y nay \u0111\u00e3 thay \u0111\u1ed5i th\u1ebf n\u00e0o v\u00e0 t\u1ed3n t\u1ea1i n\u01a1i \u0111\u00e2u. Th\u00eam v\u00e0o t\u1eadp s\u00e1ch nh\u1ecf n\u00e0y, t\u00f4i d\u1ecbch t\u01b0 li\u1ec7u v\u00e0 b\u1ea3n \u0111\u1ed3 c\u1ee7a trung t\u00e1 Coffyn v\u1edbi nhan \u0111\u1ec1 \u201cS\u00e0i G\u00f2n th\u00e0nh ph\u1ed1 500.000 d\u00e2n\u201d. Tr\u01b0\u01a1ng V\u0129nh K\u00fd n\u00f3i v\u1ec1 qu\u00e1 kh\u1ee9 S\u00e0i G\u00f2n. C\u00f2n Coffyn n\u00f3i v\u1ec1 t\u01b0\u01a1ng lai S\u00e0i G\u00f2n. Nh\u01b0 v\u1eady gi\u00fap ta nh\u1eadn th\u1ee9c v\u1ec1 S\u00e0i G\u00f2n c\u00f3 tr\u01b0\u1edbc c\u00f3 sau v\u1eady.<\/p>\n<p>Ch\u1eafc c\u00f2n c\u00f3 \u0111i\u1ec1u sai s\u00f3t. Xin qu\u00fd \u0111\u1ed9c gi\u1ea3 ch\u1ec9 b\u1ea3o cho. T\u00f4i th\u1ef1c l\u00f2ng c\u1ea3m \u01a1n.\u201d<\/p>\n","protected":false},"excerpt":{"rendered":"<p>\u201cK\u00fd \u1ee9c l\u1ecbch s\u1eed v\u1ec1 S\u00e0i G\u00f2n v\u00e0 c\u00e1c v\u00f9ng ph\u1ee5 c\u1eadn l\u00e0 \u0111\u1ec1 t\u00e0i c\u1ee7a Tr\u01b0\u01a1ng V\u0129nh K\u00fd di\u1ec5n thuy\u1ebft m\u00e0 t\u00f4i d\u1ecbch ra. \u0110\u00f3 l\u00e0 t\u01b0 li\u1ec7u r\u1ea5t qu\u00fd \u0111\u1ec3 ch\u00fang ta bi\u1ebft \u0111\u01b0\u1ee3c qu\u00e1 tr\u00ecnh h\u00ecnh th\u00e0nh S\u00e0i G\u00f2n. Tr\u01b0\u01a1ng V\u0129nh K\u00fd m\u00f4 t\u1ea3 r\u1ea5t sinh \u0111\u1ed9ng v\u00e0 ghi ch\u00fa c\u1ea9n th\u1eadn nh\u1eefng \u0111\u1ecba danh \u0111\u01b0\u01a1ng th\u1eddi. C\u1ea1nh \u0111\u00f3, t\u00f4i m\u1ea1n ph\u00e9p gi\u1ea3i th\u00edch nh\u1eefng ghi ch\u00fa \u1ea5y nay \u0111\u00e3 thay \u0111\u1ed5i th\u1ebf n\u00e0o v\u00e0 t\u1ed3n t\u1ea1i n\u01a1i \u0111\u00e2u. Th\u00eam v\u00e0o t\u1eadp s\u00e1ch nh\u1ecf n\u00e0y, t\u00f4i d\u1ecbch t\u01b0 li\u1ec7u v\u00e0 b\u1ea3n \u0111\u1ed3 c\u1ee7a trung t\u00e1 Coffyn v\u1edbi nhan \u0111\u1ec1 \u201cS\u00e0i G\u00f2n th\u00e0nh ph\u1ed1 500.000 d\u00e2n\u201d. Tr\u01b0\u01a1ng V\u0129nh K\u00fd n\u00f3i v\u1ec1 qu\u00e1 kh\u1ee9 S\u00e0i G\u00f2n. C\u00f2n Coffyn n\u00f3i v\u1ec1 t\u01b0\u01a1ng lai S\u00e0i G\u00f2n. Nh\u01b0 v\u1eady gi\u00fap ta nh\u1eadn th\u1ee9c v\u1ec1 S\u00e0i G\u00f2n c\u00f3 tr\u01b0\u1edbc c\u00f3 sau v\u1eady.<\/p>\n<p>Ch\u1eafc c\u00f2n c\u00f3 \u0111i\u1ec1u sai s\u00f3t. Xin qu\u00fd \u0111\u1ed9c gi\u1ea3 ch\u1ec9 b\u1ea3o cho. T\u00f4i th\u1ef1c l\u00f2ng c\u1ea3m \u01a1n.\u201d<\/p>\n","protected":false},"featured_media":23131,"template":"","meta":{"_acf_changed":false},"product_brand":[],"product_cat":[18,15,47],"product_tag":[],"class_list":{"0":"post-23132","1":"product","2":"type-product","3":"status-publish","4":"has-post-thumbnail","6":"product_cat-kinh-te","7":"product_cat-sach-danh-cho-nguoi-lon","8":"product_cat-truyen-ngan-tan-van","10":"first","11":"outofstock","12":"taxable","13":"shipping-taxable","14":"purchasable","15":"product-type-simple"},"supplier_id":null,"supplier_sku":"","barcode":null,"atum_controlled":true,"out_stock_date":"2023-06-24 06:14:51","out_stock_threshold":null,"inheritable":false,"inbound_stock":0,"stock_on_hold":0,"sold_today":0,"sales_last_days":0,"reserved_stock":0,"customer_returns":0,"warehouse_damage":0,"lost_in_post":0,"other_logs":0,"out_stock_days":949,"lost_sales":0,"has_location":false,"update_date":"2026-01-28T23:11:12","atum_locations":[],"atum_stock_status":"outofstock","restock_status":false,"low_stock_amount":"","sales_update_date":"2026-01-28T23:11:12","calc_backorders":null,"acf":{"publisher":{"ID":1517,"post_author":"1","post_date":"2021-02-17 01:14:41","post_date_gmt":"2021-02-16 23:14:41","post_content":"","post_title":"NXB Tr\u1ebb","post_excerpt":"","post_status":"publish","comment_status":"closed","ping_status":"closed","post_password":"","post_name":"nxb-tre","to_ping":"","pinged":"","post_modified":"2021-02-17 01:14:41","post_modified_gmt":"2021-02-16 23:14:41","post_content_filtered":"","post_parent":0,"guid":"https:\/\/sachviet.eu\/nha-phat-hanh\/nxb-tre\/","menu_order":0,"post_type":"publisher","post_mime_type":"","comment_count":"0","filter":"raw"}},"_links":{"self":[{"href":"https:\/\/sachviet.eu\/en\/wp-json\/wp\/v2\/product\/23132","targetHints":{"allow":["GET"]}}],"collection":[{"href":"https:\/\/sachviet.eu\/en\/wp-json\/wp\/v2\/product"}],"about":[{"href":"https:\/\/sachviet.eu\/en\/wp-json\/wp\/v2\/types\/product"}],"wp:featuredmedia":[{"embeddable":true,"href":"https:\/\/sachviet.eu\/en\/wp-json\/wp\/v2\/media\/23131"}],"wp:attachment":[{"href":"https:\/\/sachviet.eu\/en\/wp-json\/wp\/v2\/media?parent=23132"}],"wp:term":[{"taxonomy":"product_brand","embeddable":true,"href":"https:\/\/sachviet.eu\/en\/wp-json\/wp\/v2\/product_brand?post=23132"},{"taxonomy":"product_cat","embeddable":true,"href":"https:\/\/sachviet.eu\/en\/wp-json\/wp\/v2\/product_cat?post=23132"},{"taxonomy":"product_tag","embeddable":true,"href":"https:\/\/sachviet.eu\/en\/wp-json\/wp\/v2\/product_tag?post=23132"}],"curies":[{"name":"wp","href":"https:\/\/api.w.org\/{rel}","templated":true}]}}