{"id":23128,"date":"2023-04-02T18:47:00","date_gmt":"2023-04-02T15:47:00","guid":{"rendered":"https:\/\/sachviet.eu\/shop\/nghe-thuat-tap-trung-nang-cao-nang-suat-toi-uu-thoi-gian-hieu-qua-bat-ngo\/"},"modified":"2023-04-06T18:40:59","modified_gmt":"2023-04-06T15:40:59","slug":"nghe-thuat-tap-trung-nang-cao-nang-suat-toi-uu-thoi-gian-hieu-qua-bat-ngo","status":"publish","type":"product","link":"https:\/\/sachviet.eu\/en\/shop\/nghe-thuat-tap-trung-nang-cao-nang-suat-toi-uu-thoi-gian-hieu-qua-bat-ngo\/","title":{"rendered":"Ngh\u1ec7 Thu\u1eadt T\u1eadp Trung &#8211; N\u00e2ng Cao N\u0103ng Su\u1ea5t, T\u1ed1i \u01afu Th\u1eddi Gian, Hi\u1ec7u Qu\u1ea3 B\u1ea5t Ng\u1edd"},"content":{"rendered":"<p>Ng\u00e0y c\u00f2n \u0111i h\u1ecdc, b\u1ea1n quy\u1ebft t\u00e2m h\u1ecdc b\u00e0i xong m\u1edbi ngh\u1ec9 ng\u01a1i xem tivi, nh\u01b0ng ch\u1ec9 c\u1ea7n nh\u1ea1c hi\u1ec7u ch\u01b0\u01a1ng tr\u00ecnh y\u00eau th\u00edch vang l\u00ean ngo\u00e0i ph\u00f2ng kh\u00e1ch, b\u1ea1n \u0111\u00e3 v\u1ed9i ph\u00e2n t\u00e2m, kh\u00f4ng c\u00f2n mu\u1ed1n l\u00e0m b\u00e0i n\u1eefa. \u0110\u1ebfn l\u00fac \u0111i l\u00e0m, b\u1ea1n ch\u1ec9 t\u1eadp trung l\u00e0m vi\u1ec7c \u0111\u01b0\u1ee3c 30 ph\u00fat, sau \u0111\u00f3 ph\u1ea3i l\u01b0\u1edbt web, mua s\u1eafm online, \u0111\u1ecdc b\u00e1o l\u00e1 c\u1ea3i xong m\u1edbi c\u00f3 th\u1ec3 quay l\u1ea1i l\u00e0m vi\u1ec7c ti\u1ebfp.<\/p>\n<p>Nguy\u00ean nh\u00e2n ch\u1ec9 c\u00f3 m\u1ed9t: m\u1ea5t \u2013 t\u1eadp \u2013 trung.<\/p>\n<p>\u201cNgh\u1ec7 thu\u1eadt t\u1eadp trung: n\u00e2ng cao n\u0103ng su\u1ea5t, t\u1ed1i \u01b0u th\u1eddi gian, hi\u1ec7u qu\u1ea3 b\u1ea5t ng\u1edd\u201d gi\u1edbi thi\u1ec7u t\u1edbi b\u1ea1n nh\u1eefng ph\u01b0\u01a1ng ph\u00e1p khoa h\u1ecdc gi\u00fap t\u0103ng c\u01b0\u1eddng kh\u1ea3 n\u0103ng t\u1eadp trung, d\u1ef1a tr\u00ean kinh nghi\u1ec7m th\u1ef1c t\u1ebf c\u1ee7a nh\u00e0 t\u00e2m th\u1ea7n h\u1ecdc n\u1ed5i ti\u1ebfng x\u1ee9 s\u1edf m\u1eb7t tr\u1eddi m\u1ecdc Daigo.<\/p>\n<p>\u201cNgh\u1ec7 thu\u1eadt t\u1eadp trung: n\u00e2ng cao n\u0103ng su\u1ea5t, t\u1ed1i \u01b0u th\u1eddi gian, hi\u1ec7u qu\u1ea3 b\u1ea5t ng\u1edd\u201d d\u1ea1y b\u1ea1n c\u00e1ch t\u1eadp trung v\u00e0o m\u1ed9t h\u00e0nh \u0111\u1ed9ng v\u00e0 d\u1ea7n bi\u1ebfn n\u00f3 th\u00e0nh th\u00f3i quen v\u1eefng ch\u1eafc. Sau \u0111\u00f3, b\u1ea1n s\u1ebd c\u00f3 \u0111\u01b0\u1ee3c s\u1ef1 t\u1eadp trung t\u1ed1i th\u01b0\u1ee3ng, n\u0103ng su\u1ea5t l\u00e0m vi\u1ec7c c\u0169ng cao h\u01a1n nhi\u1ec1u ng\u01b0\u1eddi b\u00ecnh th\u01b0\u1eddng. N\u0103ng l\u1ef1c t\u1eadp trung b\u1ea1n s\u1ebd tr\u1edf th\u00e0nh v\u0169 kh\u00ed c\u1ea3 \u0111\u1eddi cho ph\u00e9p b\u1ea1n ki\u1ec3m so\u00e1t to\u00e0n b\u1ed9 cu\u1ed9c s\u1ed1ng c\u1ee7a m\u00ecnh nh\u01b0 mong mu\u1ed1n.<\/p>\n<p>\u201cTh\u00e0nh c\u00f4ng kh\u00f4ng ph\u1ea3i ph\u00e9p m\u00e0u nhi\u1ec7m hay tr\u00f2 l\u1eeba g\u1ea1t, n\u00f3 ch\u1ec9 \u0111\u01a1n gi\u1ea3n l\u00e0 h\u1ecdc c\u00e1ch t\u1eadp trung\u201d (Jack Canfield). T\u1eadp trung kh\u00f4ng ph\u1ea3i t\u00e0i n\u0103ng thi\u00ean b\u1ea9m m\u00e0 c\u00f3 th\u1ec3 \u0111\u01b0\u1ee3c t\u0103ng c\u01b0\u1eddng th\u00f4ng qua qu\u00e1 tr\u00ecnh r\u00e8n luy\u1ec7n, th\u1ef1c h\u00e0nh. N\u1ebfu b\u1ea1n \u0111ang mu\u1ed1n n\u0103ng cao n\u0103ng su\u1ea5t, hi\u1ec7u qu\u1ea3 l\u00e0m vi\u1ec7c m\u00e0 ch\u01b0a bi\u1ebft b\u1eaft \u0111\u1ea7u t\u1eeb \u0111\u00e2u, h\u00e3y t\u00ecm \u0111\u1ecdc cu\u1ed1n s\u00e1ch n\u00e0y!<\/p>\n","protected":false},"excerpt":{"rendered":"<p>Ng\u00e0y c\u00f2n \u0111i h\u1ecdc, b\u1ea1n quy\u1ebft t\u00e2m h\u1ecdc b\u00e0i xong m\u1edbi ngh\u1ec9 ng\u01a1i xem tivi, nh\u01b0ng ch\u1ec9 c\u1ea7n nh\u1ea1c hi\u1ec7u ch\u01b0\u01a1ng tr\u00ecnh y\u00eau th\u00edch vang l\u00ean ngo\u00e0i ph\u00f2ng kh\u00e1ch, b\u1ea1n \u0111\u00e3 v\u1ed9i ph\u00e2n t\u00e2m, kh\u00f4ng c\u00f2n mu\u1ed1n l\u00e0m b\u00e0i n\u1eefa. \u0110\u1ebfn l\u00fac \u0111i l\u00e0m, b\u1ea1n ch\u1ec9 t\u1eadp trung l\u00e0m vi\u1ec7c \u0111\u01b0\u1ee3c 30 ph\u00fat, sau \u0111\u00f3 ph\u1ea3i l\u01b0\u1edbt web, mua s\u1eafm online, \u0111\u1ecdc b\u00e1o l\u00e1 c\u1ea3i xong m\u1edbi c\u00f3 th\u1ec3 quay l\u1ea1i l\u00e0m vi\u1ec7c ti\u1ebfp.<\/p>\n<p>Nguy\u00ean nh\u00e2n ch\u1ec9 c\u00f3 m\u1ed9t: m\u1ea5t \u2013 t\u1eadp \u2013 trung.<\/p>\n<p>\u201cNgh\u1ec7 thu\u1eadt t\u1eadp trung: n\u00e2ng cao n\u0103ng su\u1ea5t, t\u1ed1i \u01b0u th\u1eddi gian, hi\u1ec7u qu\u1ea3 b\u1ea5t ng\u1edd\u201d gi\u1edbi thi\u1ec7u t\u1edbi b\u1ea1n nh\u1eefng ph\u01b0\u01a1ng ph\u00e1p khoa h\u1ecdc gi\u00fap t\u0103ng c\u01b0\u1eddng kh\u1ea3 n\u0103ng t\u1eadp trung, d\u1ef1a tr\u00ean kinh nghi\u1ec7m th\u1ef1c t\u1ebf c\u1ee7a nh\u00e0 t\u00e2m th\u1ea7n h\u1ecdc n\u1ed5i ti\u1ebfng x\u1ee9 s\u1edf m\u1eb7t tr\u1eddi m\u1ecdc Daigo.<\/p>\n<p>\u201cNgh\u1ec7 thu\u1eadt t\u1eadp trung: n\u00e2ng cao n\u0103ng su\u1ea5t, t\u1ed1i \u01b0u th\u1eddi gian, hi\u1ec7u qu\u1ea3 b\u1ea5t ng\u1edd\u201d d\u1ea1y b\u1ea1n c\u00e1ch t\u1eadp trung v\u00e0o m\u1ed9t h\u00e0nh \u0111\u1ed9ng v\u00e0 d\u1ea7n bi\u1ebfn n\u00f3 th\u00e0nh th\u00f3i quen v\u1eefng ch\u1eafc. Sau \u0111\u00f3, b\u1ea1n s\u1ebd c\u00f3 \u0111\u01b0\u1ee3c s\u1ef1 t\u1eadp trung t\u1ed1i th\u01b0\u1ee3ng, n\u0103ng su\u1ea5t l\u00e0m vi\u1ec7c c\u0169ng cao h\u01a1n nhi\u1ec1u ng\u01b0\u1eddi b\u00ecnh th\u01b0\u1eddng. N\u0103ng l\u1ef1c t\u1eadp trung b\u1ea1n s\u1ebd tr\u1edf th\u00e0nh v\u0169 kh\u00ed c\u1ea3 \u0111\u1eddi cho ph\u00e9p b\u1ea1n ki\u1ec3m so\u00e1t to\u00e0n b\u1ed9 cu\u1ed9c s\u1ed1ng c\u1ee7a m\u00ecnh nh\u01b0 mong mu\u1ed1n.<\/p>\n<p>\u201cTh\u00e0nh c\u00f4ng kh\u00f4ng ph\u1ea3i ph\u00e9p m\u00e0u nhi\u1ec7m hay tr\u00f2 l\u1eeba g\u1ea1t, n\u00f3 ch\u1ec9 \u0111\u01a1n gi\u1ea3n l\u00e0 h\u1ecdc c\u00e1ch t\u1eadp trung\u201d (Jack Canfield). T\u1eadp trung kh\u00f4ng ph\u1ea3i t\u00e0i n\u0103ng thi\u00ean b\u1ea9m m\u00e0 c\u00f3 th\u1ec3 \u0111\u01b0\u1ee3c t\u0103ng c\u01b0\u1eddng th\u00f4ng qua qu\u00e1 tr\u00ecnh r\u00e8n luy\u1ec7n, th\u1ef1c h\u00e0nh. N\u1ebfu b\u1ea1n \u0111ang mu\u1ed1n n\u0103ng cao n\u0103ng su\u1ea5t, hi\u1ec7u qu\u1ea3 l\u00e0m vi\u1ec7c m\u00e0 ch\u01b0a bi\u1ebft b\u1eaft \u0111\u1ea7u t\u1eeb \u0111\u00e2u, h\u00e3y t\u00ecm \u0111\u1ecdc cu\u1ed1n s\u00e1ch n\u00e0y!<\/p>\n","protected":false},"featured_media":23127,"template":"","meta":{"_acf_changed":false},"product_brand":[],"product_cat":[15,46],"product_tag":[],"class_list":{"0":"post-23128","1":"product","2":"type-product","3":"status-publish","4":"has-post-thumbnail","6":"product_cat-sach-danh-cho-nguoi-lon","7":"product_cat-ky-nang-song","9":"first","10":"outofstock","11":"taxable","12":"shipping-taxable","13":"purchasable","14":"product-type-simple"},"supplier_id":null,"supplier_sku":"","barcode":null,"atum_controlled":true,"out_stock_date":"2023-04-06 15:40:59","out_stock_threshold":null,"inheritable":false,"inbound_stock":0,"stock_on_hold":0,"sold_today":0,"sales_last_days":0,"reserved_stock":0,"customer_returns":0,"warehouse_damage":0,"lost_in_post":0,"other_logs":0,"out_stock_days":1028,"lost_sales":0,"has_location":false,"update_date":"2026-01-28T23:11:12","atum_locations":[],"atum_stock_status":"outofstock","restock_status":false,"low_stock_amount":"","sales_update_date":"2026-01-28T23:11:12","calc_backorders":null,"acf":{"publisher":{"ID":23126,"post_author":"1","post_date":"2023-04-02 18:46:56","post_date_gmt":"2023-04-02 15:46:56","post_content":"","post_title":"Vibooks","post_excerpt":"","post_status":"publish","comment_status":"closed","ping_status":"closed","post_password":"","post_name":"vibooks","to_ping":"","pinged":"","post_modified":"2023-04-02 18:46:56","post_modified_gmt":"2023-04-02 15:46:56","post_content_filtered":"","post_parent":0,"guid":"https:\/\/sachviet.eu\/nha-phat-hanh\/vibooks\/","menu_order":0,"post_type":"publisher","post_mime_type":"","comment_count":"0","filter":"raw"}},"_links":{"self":[{"href":"https:\/\/sachviet.eu\/en\/wp-json\/wp\/v2\/product\/23128","targetHints":{"allow":["GET"]}}],"collection":[{"href":"https:\/\/sachviet.eu\/en\/wp-json\/wp\/v2\/product"}],"about":[{"href":"https:\/\/sachviet.eu\/en\/wp-json\/wp\/v2\/types\/product"}],"wp:featuredmedia":[{"embeddable":true,"href":"https:\/\/sachviet.eu\/en\/wp-json\/wp\/v2\/media\/23127"}],"wp:attachment":[{"href":"https:\/\/sachviet.eu\/en\/wp-json\/wp\/v2\/media?parent=23128"}],"wp:term":[{"taxonomy":"product_brand","embeddable":true,"href":"https:\/\/sachviet.eu\/en\/wp-json\/wp\/v2\/product_brand?post=23128"},{"taxonomy":"product_cat","embeddable":true,"href":"https:\/\/sachviet.eu\/en\/wp-json\/wp\/v2\/product_cat?post=23128"},{"taxonomy":"product_tag","embeddable":true,"href":"https:\/\/sachviet.eu\/en\/wp-json\/wp\/v2\/product_tag?post=23128"}],"curies":[{"name":"wp","href":"https:\/\/api.w.org\/{rel}","templated":true}]}}