{"id":23125,"date":"2023-04-02T18:46:52","date_gmt":"2023-04-02T15:46:52","guid":{"rendered":"https:\/\/sachviet.eu\/shop\/gia-tri-cua-su-tu-te\/"},"modified":"2023-04-05T00:17:03","modified_gmt":"2023-04-04T21:17:03","slug":"gia-tri-cua-su-tu-te","status":"publish","type":"product","link":"https:\/\/sachviet.eu\/en\/shop\/gia-tri-cua-su-tu-te\/","title":{"rendered":"Gi\u00e1 Tr\u1ecb C\u1ee7a S\u1ef1 T\u1eed T\u1ebf"},"content":{"rendered":"<p>L\u00f2ng t\u1ed1t v\u00e0 s\u1ef1 \u0111\u1ed3ng c\u1ea3m l\u00e0 hai trong s\u1ed1 nhi\u1ec1u \u0111i\u1ec1u thi\u1ebft y\u1ebfu khi\u1ebfn cu\u1ed9c s\u1ed1ng c\u1ee7a ch\u00fang ta c\u00f3 \u00fd ngh\u0129a. Ch\u00fang l\u00e0 kh\u1edfi ngu\u1ed3n cho h\u1ea1nh ph\u00fac v\u00e0 ni\u1ec1m vui v\u0129nh c\u1eedu. Ch\u00fang l\u00e0 n\u1ec1n t\u1ea3ng c\u1ee7a m\u1ed9t tr\u00e1i tim n\u1ed3ng \u1ea5m, tr\u00e1i tim c\u1ee7a ng\u01b0\u1eddi s\u1eb5n l\u00f2ng dang tay gi\u00fap \u0111\u1ee1 ng\u01b0\u1eddi kh\u00e1c m\u1ed9t c\u00e1ch v\u00f4 t\u01b0. B\u1eb1ng l\u00f2ng t\u1ed1t, t\u00ecnh th\u01b0\u01a1ng y\u00eau, s\u1ef1 trung th\u1ef1c, ch\u00e2n th\u00e0nh v\u00e0 c\u00f4ng b\u1eb1ng v\u1edbi t\u1ea5t c\u1ea3 m\u1ecdi ng\u01b0\u1eddi, ta c\u00f3 th\u1ec3 b\u1ea3o v\u1ec7 s\u1ef1 t\u1eed t\u1ebf. \u0110\u00f3 l\u00e0 l\u1ebd th\u01b0\u1eddng t\u00ecnh.<\/p>\n<p>Quan t\u00e2m t\u1edbi m\u1ecdi ng\u01b0\u1eddi l\u00e0 m\u1ed9t vi\u1ec7c \u0111\u00e1ng l\u00e0m, b\u1edfi v\u00ec h\u1ea1nh ph\u00fac c\u1ee7a ch\u00fang ta g\u1eafn li\u1ec1n v\u1edbi h\u1ea1nh ph\u00fac c\u1ee7a nh\u1eefng ng\u01b0\u1eddi kh\u00e1c. N\u1ebfu x\u00e3 h\u1ed9i ch\u00ecm trong \u0111au kh\u1ed5, b\u1ea3n th\u00e2n ch\u00fang ta c\u0169ng \u0111au kh\u1ed5. Khi tr\u00e1i tim v\u00e0 t\u00e2m tr\u00ed ta c\u00e0ng b\u1ecb c\u00e1i \u00e1c l\u1ea5n \u00e1t, ta c\u00e0ng tr\u1edf n\u00ean b\u1ea5t h\u1ea1nh. B\u1edfi v\u1eady, l\u00f2ng t\u1ed1t v\u00e0 s\u1ef1 \u0111\u1ed3ng c\u1ea3m l\u00e0 nh\u1eefng gi\u00e1 tr\u1ecb ta kh\u00f4ng th\u1ec3 thi\u1ebfu \u0111\u01b0\u1ee3c.<\/p>\n<p>Vi\u1ec7c c\u1ed1 g\u1eafng t\u1ea1o ra \u0111i\u1ec1u g\u00ec \u0111\u00f3 t\u00edch c\u1ef1c trong cu\u1ed9c s\u1ed1ng l\u00e0 \u0111i\u1ec1u v\u00f4 c\u00f9ng quan tr\u1ecdng. Ch\u00fang ta kh\u00f4ng \u0111\u01b0\u1ee3c sinh ra \u0111\u1ec3 g\u00e2y r\u1eafc r\u1ed1i v\u00e0 l\u00e0m h\u1ea1i ng\u01b0\u1eddi kh\u00e1c. Nh\u01b0 Piero Ferrucci \u0111\u00e3 tr\u00ecnh b\u00e0y m\u1ed9t c\u00e1ch \u0111\u1ea7y \u0111\u1ee7 v\u00e0 m\u1ea1ch l\u1ea1c trong cu\u1ed1n s\u00e1ch Gi\u00e1 tr\u1ecb c\u1ee7a s\u1ef1 t\u1eed t\u1ebf n\u00e0y, \u0111\u1ec3 cu\u1ed9c s\u1ed1ng th\u1eadt s\u1ef1 c\u00f3 gi\u00e1 tr\u1ecb, ta c\u1ea7n c\u1ee7ng c\u1ed1 v\u00e0 nu\u00f4i d\u01b0\u1ee1ng nh\u1eefng gi\u00e1 tr\u1ecb c\u01a1 b\u1ea3n c\u1ee7a con ng\u01b0\u1eddi nh\u01b0 s\u1ef1 nhi\u1ec7t th\u00e0nh, l\u00f2ng t\u1ed1t v\u00e0 s\u1ef1 \u0111\u1ed3ng c\u1ea3m. N\u1ebfu l\u00e0m \u0111\u01b0\u1ee3c \u0111i\u1ec1<\/p>\n","protected":false},"excerpt":{"rendered":"<p>L\u00f2ng t\u1ed1t v\u00e0 s\u1ef1 \u0111\u1ed3ng c\u1ea3m l\u00e0 hai trong s\u1ed1 nhi\u1ec1u \u0111i\u1ec1u thi\u1ebft y\u1ebfu khi\u1ebfn cu\u1ed9c s\u1ed1ng c\u1ee7a ch\u00fang ta c\u00f3 \u00fd ngh\u0129a. Ch\u00fang l\u00e0 kh\u1edfi ngu\u1ed3n cho h\u1ea1nh ph\u00fac v\u00e0 ni\u1ec1m vui v\u0129nh c\u1eedu. Ch\u00fang l\u00e0 n\u1ec1n t\u1ea3ng c\u1ee7a m\u1ed9t tr\u00e1i tim n\u1ed3ng \u1ea5m, tr\u00e1i tim c\u1ee7a ng\u01b0\u1eddi s\u1eb5n l\u00f2ng dang tay gi\u00fap \u0111\u1ee1 ng\u01b0\u1eddi kh\u00e1c m\u1ed9t c\u00e1ch v\u00f4 t\u01b0. B\u1eb1ng l\u00f2ng t\u1ed1t, t\u00ecnh th\u01b0\u01a1ng y\u00eau, s\u1ef1 trung th\u1ef1c, ch\u00e2n th\u00e0nh v\u00e0 c\u00f4ng b\u1eb1ng v\u1edbi t\u1ea5t c\u1ea3 m\u1ecdi ng\u01b0\u1eddi, ta c\u00f3 th\u1ec3 b\u1ea3o v\u1ec7 s\u1ef1 t\u1eed t\u1ebf. \u0110\u00f3 l\u00e0 l\u1ebd th\u01b0\u1eddng t\u00ecnh.<\/p>\n<p>Quan t\u00e2m t\u1edbi m\u1ecdi ng\u01b0\u1eddi l\u00e0 m\u1ed9t vi\u1ec7c \u0111\u00e1ng l\u00e0m, b\u1edfi v\u00ec h\u1ea1nh ph\u00fac c\u1ee7a ch\u00fang ta g\u1eafn li\u1ec1n v\u1edbi h\u1ea1nh ph\u00fac c\u1ee7a nh\u1eefng ng\u01b0\u1eddi kh\u00e1c. N\u1ebfu x\u00e3 h\u1ed9i ch\u00ecm trong \u0111au kh\u1ed5, b\u1ea3n th\u00e2n ch\u00fang ta c\u0169ng \u0111au kh\u1ed5. Khi tr\u00e1i tim v\u00e0 t\u00e2m tr\u00ed ta c\u00e0ng b\u1ecb c\u00e1i \u00e1c l\u1ea5n \u00e1t, ta c\u00e0ng tr\u1edf n\u00ean b\u1ea5t h\u1ea1nh. B\u1edfi v\u1eady, l\u00f2ng t\u1ed1t v\u00e0 s\u1ef1 \u0111\u1ed3ng c\u1ea3m l\u00e0 nh\u1eefng gi\u00e1 tr\u1ecb ta kh\u00f4ng th\u1ec3 thi\u1ebfu \u0111\u01b0\u1ee3c.<\/p>\n<p>Vi\u1ec7c c\u1ed1 g\u1eafng t\u1ea1o ra \u0111i\u1ec1u g\u00ec \u0111\u00f3 t\u00edch c\u1ef1c trong cu\u1ed9c s\u1ed1ng l\u00e0 \u0111i\u1ec1u v\u00f4 c\u00f9ng quan tr\u1ecdng. Ch\u00fang ta kh\u00f4ng \u0111\u01b0\u1ee3c sinh ra \u0111\u1ec3 g\u00e2y r\u1eafc r\u1ed1i v\u00e0 l\u00e0m h\u1ea1i ng\u01b0\u1eddi kh\u00e1c. Nh\u01b0 Piero Ferrucci \u0111\u00e3 tr\u00ecnh b\u00e0y m\u1ed9t c\u00e1ch \u0111\u1ea7y \u0111\u1ee7 v\u00e0 m\u1ea1ch l\u1ea1c trong cu\u1ed1n s\u00e1ch Gi\u00e1 tr\u1ecb c\u1ee7a s\u1ef1 t\u1eed t\u1ebf n\u00e0y, \u0111\u1ec3 cu\u1ed9c s\u1ed1ng th\u1eadt s\u1ef1 c\u00f3 gi\u00e1 tr\u1ecb, ta c\u1ea7n c\u1ee7ng c\u1ed1 v\u00e0 nu\u00f4i d\u01b0\u1ee1ng nh\u1eefng gi\u00e1 tr\u1ecb c\u01a1 b\u1ea3n c\u1ee7a con ng\u01b0\u1eddi nh\u01b0 s\u1ef1 nhi\u1ec7t th\u00e0nh, l\u00f2ng t\u1ed1t v\u00e0 s\u1ef1 \u0111\u1ed3ng c\u1ea3m. N\u1ebfu l\u00e0m \u0111\u01b0\u1ee3c \u0111i\u1ec1<\/p>\n","protected":false},"featured_media":23124,"template":"","meta":{"_acf_changed":false},"product_brand":[],"product_cat":[79,15,46],"product_tag":[],"class_list":{"0":"post-23125","1":"product","2":"type-product","3":"status-publish","4":"has-post-thumbnail","6":"product_cat-uncategorized","7":"product_cat-sach-danh-cho-nguoi-lon","8":"product_cat-ky-nang-song","10":"first","11":"outofstock","12":"taxable","13":"shipping-taxable","14":"purchasable","15":"product-type-simple"},"supplier_id":null,"supplier_sku":"","barcode":null,"atum_controlled":true,"out_stock_date":"2023-04-04 21:17:03","out_stock_threshold":null,"inheritable":false,"inbound_stock":0,"stock_on_hold":0,"sold_today":0,"sales_last_days":0,"reserved_stock":0,"customer_returns":0,"warehouse_damage":0,"lost_in_post":0,"other_logs":0,"out_stock_days":1030,"lost_sales":0,"has_location":false,"update_date":"2026-01-28T23:11:12","atum_locations":[],"atum_stock_status":"outofstock","restock_status":false,"low_stock_amount":"","sales_update_date":"2026-01-28T23:11:12","calc_backorders":null,"acf":{"publisher":{"ID":9871,"post_author":"1","post_date":"2021-06-02 17:52:59","post_date_gmt":"2021-06-02 14:52:59","post_content":"","post_title":"Saigon Books","post_excerpt":"","post_status":"publish","comment_status":"closed","ping_status":"closed","post_password":"","post_name":"saigon-books","to_ping":"","pinged":"","post_modified":"2021-06-02 17:52:59","post_modified_gmt":"2021-06-02 14:52:59","post_content_filtered":"","post_parent":0,"guid":"https:\/\/sachviet.eu\/nha-phat-hanh\/saigon-books\/","menu_order":0,"post_type":"publisher","post_mime_type":"","comment_count":"0","filter":"raw"}},"_links":{"self":[{"href":"https:\/\/sachviet.eu\/en\/wp-json\/wp\/v2\/product\/23125","targetHints":{"allow":["GET"]}}],"collection":[{"href":"https:\/\/sachviet.eu\/en\/wp-json\/wp\/v2\/product"}],"about":[{"href":"https:\/\/sachviet.eu\/en\/wp-json\/wp\/v2\/types\/product"}],"wp:featuredmedia":[{"embeddable":true,"href":"https:\/\/sachviet.eu\/en\/wp-json\/wp\/v2\/media\/23124"}],"wp:attachment":[{"href":"https:\/\/sachviet.eu\/en\/wp-json\/wp\/v2\/media?parent=23125"}],"wp:term":[{"taxonomy":"product_brand","embeddable":true,"href":"https:\/\/sachviet.eu\/en\/wp-json\/wp\/v2\/product_brand?post=23125"},{"taxonomy":"product_cat","embeddable":true,"href":"https:\/\/sachviet.eu\/en\/wp-json\/wp\/v2\/product_cat?post=23125"},{"taxonomy":"product_tag","embeddable":true,"href":"https:\/\/sachviet.eu\/en\/wp-json\/wp\/v2\/product_tag?post=23125"}],"curies":[{"name":"wp","href":"https:\/\/api.w.org\/{rel}","templated":true}]}}