{"id":23123,"date":"2023-04-02T18:46:47","date_gmt":"2023-04-02T15:46:47","guid":{"rendered":"https:\/\/sachviet.eu\/shop\/dung-viec-mot-goc-nhin-ve-cau-chuyen-khai-minh-gian-tu-trung\/"},"modified":"2023-05-24T07:45:36","modified_gmt":"2023-05-24T04:45:36","slug":"dung-viec-mot-goc-nhin-ve-cau-chuyen-khai-minh-gian-tu-trung","status":"publish","type":"product","link":"https:\/\/sachviet.eu\/en\/shop\/dung-viec-mot-goc-nhin-ve-cau-chuyen-khai-minh-gian-tu-trung\/","title":{"rendered":"\u0110\u00fang Vi\u1ec7c: M\u1ed9t G\u00f3c Nh\u00ecn V\u1ec1 C\u00e2u Chuy\u1ec7n Khai Minh &#8211; Gi\u1ea3n T\u01b0 Trung"},"content":{"rendered":"<p>\u0110\u00fang Vi\u1ec7c l\u00e0 con \u0111\u01b0\u1eddng cho m\u1ecdi \u0111\u1ed5i thay c\u00f3 t\u00ednh c\u00e1ch m\u1ea1ng. \u0110\u00fang Vi\u1ec7c \u0111\u1ec1 c\u1eadp \u0111\u1ebfn nh\u1eefng v\u1ea5n \u0111\u1ec1 c\u0103n c\u01a1 v\u00e0 n\u1ec1n t\u1ea3ng nh\u1ea5t c\u1ee7a con ng\u01b0\u1eddi, \u0111\u00f3 l\u00e0: l\u00e0m ng\u01b0\u1eddi (\u0111\u1ea1o nh\u00e2n), l\u00e0m m\u00ecnh (\u0111\u1ea1o s\u1ed1ng), l\u00e0m d\u00e2n (\u0111\u1ea1o d\u00e2n) v\u00e0 l\u00e0m ngh\u1ec1 (\u0111\u1ea1o ngh\u1ec1) b\u1eb1ng v\u0103n phong d\u00ed d\u1ecfm, s\u00fac t\u00edch v\u00e0 c\u00f3 t\u00ednh h\u1ec7 th\u1ed1ng cao. T\u1eeb \u0111\u00f3, s\u00e1ch \u0111\u01b0a ra ph\u01b0\u01a1ng ph\u00e1p lu\u1eadn \u0111\u1ec3 m\u1ed7i ng\u01b0\u1eddi t\u1ef1 th\u1ea5u hi\u1ec3u b\u1ea3n th\u00e2n, t\u1ef1 t\u00ecm ra \u0111\u01b0\u1eddng \u0111\u1eddi c\u1ee7a m\u00ecnh, h\u00ecnh th\u00e0nh \u0111\u1ea1o nh\u00e2n, \u0111\u1ea1o s\u1ed1ng v\u00e0 \u0111\u1ea1o ngh\u1ec1 c\u1ee7a ri\u00eang m\u00ecnh. Hay n\u00f3i c\u00e1ch kh\u00e1c, \u201c\u0110\u00fang Vi\u1ec7c\u201d l\u00e0 m\u1ed9t ph\u01b0\u01a1ng ph\u00e1p lu\u1eadn \u0111\u1ec3 g\u00f3p s\u1ee9c cho m\u1ed7i ng\u01b0\u1eddi, m\u1ed7i nh\u00e0, m\u1ed7i t\u1ed5 ch\u1ee9c v\u00e0 m\u1ed7i x\u1ee9 s\u1edf tr\u00ean h\u00e0nh tr\u00ecnh t\u1ef1 t\u00ecm ra \u201c\u0111\u00edch \u0111\u1ebfn\u201d v\u00e0 \u201ccon \u0111\u01b0\u1eddng\u201d cho s\u1ef1 \u0111\u1ed5i thay c\u00f3 t\u00ednh c\u00e1ch m\u1ea1ng c\u1ee7a ri\u00eang m\u00ecnh.<\/p>\n","protected":false},"excerpt":{"rendered":"<p>\u0110\u00fang Vi\u1ec7c l\u00e0 con \u0111\u01b0\u1eddng cho m\u1ecdi \u0111\u1ed5i thay c\u00f3 t\u00ednh c\u00e1ch m\u1ea1ng. \u0110\u00fang Vi\u1ec7c \u0111\u1ec1 c\u1eadp \u0111\u1ebfn nh\u1eefng v\u1ea5n \u0111\u1ec1 c\u0103n c\u01a1 v\u00e0 n\u1ec1n t\u1ea3ng nh\u1ea5t c\u1ee7a con ng\u01b0\u1eddi, \u0111\u00f3 l\u00e0: l\u00e0m ng\u01b0\u1eddi (\u0111\u1ea1o nh\u00e2n), l\u00e0m m\u00ecnh (\u0111\u1ea1o s\u1ed1ng), l\u00e0m d\u00e2n (\u0111\u1ea1o d\u00e2n) v\u00e0 l\u00e0m ngh\u1ec1 (\u0111\u1ea1o ngh\u1ec1) b\u1eb1ng v\u0103n phong d\u00ed d\u1ecfm, s\u00fac t\u00edch v\u00e0 c\u00f3 t\u00ednh h\u1ec7 th\u1ed1ng cao. T\u1eeb \u0111\u00f3, s\u00e1ch \u0111\u01b0a ra ph\u01b0\u01a1ng ph\u00e1p lu\u1eadn \u0111\u1ec3 m\u1ed7i ng\u01b0\u1eddi t\u1ef1 th\u1ea5u hi\u1ec3u b\u1ea3n th\u00e2n, t\u1ef1 t\u00ecm ra \u0111\u01b0\u1eddng \u0111\u1eddi c\u1ee7a m\u00ecnh, h\u00ecnh th\u00e0nh \u0111\u1ea1o nh\u00e2n, \u0111\u1ea1o s\u1ed1ng v\u00e0 \u0111\u1ea1o ngh\u1ec1 c\u1ee7a ri\u00eang m\u00ecnh. Hay n\u00f3i c\u00e1ch kh\u00e1c, \u201c\u0110\u00fang Vi\u1ec7c\u201d l\u00e0 m\u1ed9t ph\u01b0\u01a1ng ph\u00e1p lu\u1eadn \u0111\u1ec3 g\u00f3p s\u1ee9c cho m\u1ed7i ng\u01b0\u1eddi, m\u1ed7i nh\u00e0, m\u1ed7i t\u1ed5 ch\u1ee9c v\u00e0 m\u1ed7i x\u1ee9 s\u1edf tr\u00ean h\u00e0nh tr\u00ecnh t\u1ef1 t\u00ecm ra \u201c\u0111\u00edch \u0111\u1ebfn\u201d v\u00e0 \u201ccon \u0111\u01b0\u1eddng\u201d cho s\u1ef1 \u0111\u1ed5i thay c\u00f3 t\u00ednh c\u00e1ch m\u1ea1ng c\u1ee7a ri\u00eang m\u00ecnh.<\/p>\n","protected":false},"featured_media":23122,"template":"","meta":{"_acf_changed":false},"product_brand":[],"product_cat":[18,15,47],"product_tag":[],"class_list":{"0":"post-23123","1":"product","2":"type-product","3":"status-publish","4":"has-post-thumbnail","6":"product_cat-kinh-te","7":"product_cat-sach-danh-cho-nguoi-lon","8":"product_cat-truyen-ngan-tan-van","10":"first","11":"outofstock","12":"taxable","13":"shipping-taxable","14":"purchasable","15":"product-type-simple"},"supplier_id":null,"supplier_sku":"","barcode":null,"atum_controlled":true,"out_stock_date":"2023-05-24 04:45:37","out_stock_threshold":null,"inheritable":false,"inbound_stock":0,"stock_on_hold":0,"sold_today":0,"sales_last_days":0,"reserved_stock":0,"customer_returns":0,"warehouse_damage":0,"lost_in_post":0,"other_logs":0,"out_stock_days":980,"lost_sales":0,"has_location":false,"update_date":"2026-01-28T23:11:12","atum_locations":[],"atum_stock_status":"outofstock","restock_status":false,"low_stock_amount":"","sales_update_date":"2026-01-28T23:11:12","calc_backorders":null,"acf":{"publisher":{"ID":23121,"post_author":"1","post_date":"2023-04-02 18:46:44","post_date_gmt":"2023-04-02 15:46:44","post_content":"","post_title":"T\u1ed5ng h\u1ee3p","post_excerpt":"","post_status":"publish","comment_status":"closed","ping_status":"closed","post_password":"","post_name":"tong-hop","to_ping":"","pinged":"","post_modified":"2023-04-02 18:46:44","post_modified_gmt":"2023-04-02 15:46:44","post_content_filtered":"","post_parent":0,"guid":"https:\/\/sachviet.eu\/nha-phat-hanh\/tong-hop\/","menu_order":0,"post_type":"publisher","post_mime_type":"","comment_count":"0","filter":"raw"}},"_links":{"self":[{"href":"https:\/\/sachviet.eu\/en\/wp-json\/wp\/v2\/product\/23123","targetHints":{"allow":["GET"]}}],"collection":[{"href":"https:\/\/sachviet.eu\/en\/wp-json\/wp\/v2\/product"}],"about":[{"href":"https:\/\/sachviet.eu\/en\/wp-json\/wp\/v2\/types\/product"}],"wp:featuredmedia":[{"embeddable":true,"href":"https:\/\/sachviet.eu\/en\/wp-json\/wp\/v2\/media\/23122"}],"wp:attachment":[{"href":"https:\/\/sachviet.eu\/en\/wp-json\/wp\/v2\/media?parent=23123"}],"wp:term":[{"taxonomy":"product_brand","embeddable":true,"href":"https:\/\/sachviet.eu\/en\/wp-json\/wp\/v2\/product_brand?post=23123"},{"taxonomy":"product_cat","embeddable":true,"href":"https:\/\/sachviet.eu\/en\/wp-json\/wp\/v2\/product_cat?post=23123"},{"taxonomy":"product_tag","embeddable":true,"href":"https:\/\/sachviet.eu\/en\/wp-json\/wp\/v2\/product_tag?post=23123"}],"curies":[{"name":"wp","href":"https:\/\/api.w.org\/{rel}","templated":true}]}}