{"id":23120,"date":"2023-04-02T18:46:40","date_gmt":"2023-04-02T15:46:40","guid":{"rendered":"https:\/\/sachviet.eu\/shop\/van-minh-vat-chat-cua-nguoi-viet\/"},"modified":"2023-04-07T08:39:49","modified_gmt":"2023-04-07T05:39:49","slug":"van-minh-vat-chat-cua-nguoi-viet","status":"publish","type":"product","link":"https:\/\/sachviet.eu\/en\/shop\/van-minh-vat-chat-cua-nguoi-viet\/","title":{"rendered":"V\u0103n Minh V\u1eadt Ch\u1ea5t C\u1ee7a Ng\u01b0\u1eddi Vi\u1ec7t"},"content":{"rendered":"<p>Tr\u00ean tay ch\u00fang ta l\u00e0 m\u1ed9t cu\u1ed1n s\u00e1ch l\u1ea1. Trong th\u01b0 m\u1ee5c tr\u01b0\u1edbc t\u00e1c c\u1ee7a c\u00e1c t\u00e1c gi\u1ea3 Vi\u1ec7t Nam t\u00f4i ch\u01b0a th\u1ea5y m\u1ed9t cu\u1ed1n n\u00e0o c\u00f9ng lo\u1ea1i. V\u0103n minh v\u1eadt ch\u1ea5t c\u1ee7a ng\u01b0\u1eddi Vi\u1ec7t l\u00e0 m\u1ed9t ch\u1ee7 \u0111\u1ec1 qu\u00e1 r\u1ed9ng d\u00f9 t\u00e1c gi\u1ea3 \u0111\u00e3 gi\u1edbi h\u1ea1n n\u00f3 trong th\u1eddi \u0111\u1ea1i \u201cti\u1ec1n c\u00f4ng nghi\u1ec7p\u201d. <\/p>\n<p>Song ch\u1ee7 \u0111\u1ec1 n\u00e0y c\u0169ng th\u1eadt gi\u1ea3n d\u1ecb. N\u00f3 l\u00e0 c\u00e2u chuy\u1ec7n c\u1ee7a c\u00e1c \u0111\u1ed3 v\u1eadt do con ng\u01b0\u1eddi l\u00e0m ra v\u00e0 s\u1eed d\u1ee5ng. Nh\u1eefng \u0111\u1ed3 v\u1eadt \u1ea5y l\u00e0m n\u00ean c\u00e1i th\u1ebf gi\u1edbi v\u1eadt ch\u1ea5t nh\u00e2n t\u1ea1o m\u00e0 ta s\u1ed1ng trong \u0111\u00f3, bi\u1ebfn \u0111\u1ed5i n\u00f3 v\u00e0 c\u00f9ng ti\u1ebfn h\u00f3a v\u1edbi n\u00f3. Quan h\u1ec7 ng\u01b0\u1eddi v\u1edbi thi\u00ean nhi\u00ean, ng\u01b0\u1eddi v\u1edbi ng\u01b0\u1eddi \u0111\u01b0\u1ee3c b\u00e0n lu\u1eadn, kh\u1ea3o c\u1ee9u, nghi\u1ec1n ng\u1eabm r\u1ea5t nhi\u1ec1u nh\u01b0ng quan h\u1ec7 t\u01b0\u01a1ng t\u00e1c ng\u01b0\u1eddi v\u1edbi \u0111\u1ed3 v\u1eadt th\u00ec th\u01b0\u1eddng \u0111\u01b0\u1ee3c coi l\u00e0 hi\u1ec3n nhi\u00ean \u0111\u01a1n gi\u1ea3n. Song c\u0169ng hi\u1ec3n nhi\u00ean l\u00e0 c\u00e1i nh\u00e0 v\u1ec7 sinh, \u0111\u1ed3 v\u1eadt ta d\u00f9ng t\u1eafm r\u1eeda, trang \u0111i\u1ec3 kh\u00f4ng ph\u1ea3i l\u00e0 qu\u00e1 nh\u1ecf nh\u1eb7t m\u00e0 ch\u1eebng m\u1ef1c n\u00e0o \u0111\u00f3 ch\u00fang \u0111\u00e1nh d\u1ea5u nh\u1eefng c\u1ed9t m\u1ed1c v\u0103n minh nh\u00e2n lo\u1ea1i. Trong nh\u1eefng \u0111\u00f3ng g\u00f3p c\u1ee7a ng\u01b0\u1eddi Vi\u1ec7t v\u00e0o v\u0103n h\u00f3a th\u1ebf gi\u1edbi t\u00f4i cho r\u1eb1ng nh\u1ea5t \u0111\u1ecbnh c\u00f3 nh\u1eefng c\u00e1i b\u00e1t, c\u00e1i b\u00ecnh, c\u00e1i l\u1ecd, c\u00e1i th\u1ea1 g\u1ed1m th\u1eddi L\u00fd-Tr\u1ea7n. S\u1ef1 ph\u00e1t minh v\u00e0 m\u1ed7i b\u01b0\u1edbc c\u1ea3i ti\u1ebfn c\u1ee7a c\u00e1i c\u00e0y hay c\u00e1c c\u00f4ng c\u1ee5 c\u1ea5p tho\u00e1t n\u01b0\u1edbc cho ru\u1ed9ng l\u00faa r\u00f5 r\u00e0ng l\u00e0 quy\u1ebft \u0111\u1ecbnh \u0111\u1ed1i v\u1edbi n\u1ec1n v\u0103n minh l\u00faa n\u01b0\u1edbc v\u00e0 \u1ede B\u1ea3o t\u00e0ng D\u00e2n t\u1ed9c h\u1ecdc H\u00e0 N\u1ed9i kh\u00e1n gi\u1ea3 th\u00edch th\u00fa h\u1ecdc h\u1ecfi \u0111\u01b0\u1ee3c bao \u0111i\u1ec1u t\u1eeb c\u00e1c \u0111\u1ed3 v\u1eadt c\u1ee7a con ng\u01b0\u1eddi Vi\u1ec7t Nam. B\u1ed9 b\u00e1ch khoa b\u1eb1ng h\u00ecnh \u1ea3nh \u201cTechnique du peuple Annamite\u201d (t\u1ea1m d\u1ecbch: K\u1ef9 thu\u1eadt c\u1ee7a ng\u01b0\u1eddi An Nam) do H.Oger ch\u1ee7 bi\u00ean v\u00e0 c\u00e1c ngh\u1ec7 s\u0129 Vi\u1ec7t Nam minh h\u1ecda th\u1eadt qu\u00fd gi\u00e1 v\u1ec1 m\u1eb7t nghi\u00ean c\u1ee9u v\u00e0 ngh\u1ec7 thu\u1eadt. Phan C\u1ea9m Th\u01b0\u1ee3ng kh\u00f4ng d\u1eebng \u1edf vi\u1ec7c tr\u00ecnh b\u00e0y m\u1ed9t l\u00e1t c\u1eaft th\u1eddi gian, m\u1ed9t to\u00e0n c\u1ea3nh \u0111\u01b0\u01a1ng \u0111\u1ea1i c\u1ee7a th\u1ebf gi\u1edbi \u0111\u1ed3 v\u1eadt m\u00e0 xem x\u00e9t v\u00f4 v\u00e0n \u0111\u1ed3 v\u1eadt v\u00e0 c\u00f4ng vi\u1ec7c \u201cc\u1ee7a ng\u01b0\u1eddi Vi\u1ec7t\u201d c\u1ea3 theo chi\u1ec1u l\u1ecbch \u0111\u1ea1i, b\u1ed5 d\u1ecdc l\u1ecbch s\u1eed, nh\u1eb1m cho th\u1ea5y s\u1ef1 ti\u1ebfn h\u00f3a c\u1ee7a th\u1ebf gi\u1edbi \u1ea5y, v\u00e0 c\u1ee7a c\u1ed9ng \u0111\u1ed3ng ch\u1ee7 nh\u00e2n th\u1ebf gi\u1edbi \u1ea5y, ch\u1ee7 y\u1ebfu t\u1eeb c\u00e1i n\u00f4i c\u1ee7a n\u00f3 l\u00e0 \u0111\u1ed3ng b\u1eb1ng s\u00f4ng H\u1ed3ng v\u00e0o t\u1edbi b\u1eafc Trung b\u1ed9, t\u1eeb th\u1eddi ti\u1ec1n, s\u01a1 s\u1eed t\u1edbi th\u1ebf k\u1ef7 19. L\u00e0m m\u1ed9t c\u00f4ng vi\u1ec7c \u0111\u1ed3 s\u1ed9, kh\u1ea3o c\u1ee9u m\u1ed9t di\u1ec7n t\u01b0 li\u1ec7u m\u00eanh m\u00f4ng qu\u00e1 s\u1ee9c m\u1ed9t c\u00e1 nh\u00e2n nh\u01b0 ch\u00ednh \u00f4ng b\u1ed9c b\u1ea1ch: \u201cKhi vi\u1ebft nh\u01b0 \u0111\u01b0\u1ee3c d\u1eabn d\u1eaft b\u1edfi m\u1ed9t ng\u01b0\u1eddi x\u01b0a n\u00e0o \u0111\u00f3, \u0111\u1ecdc cho ch\u00e9p, v\u00e0 vi\u1ebft theo c\u1ea3m h\u1ee9ng, ch\u1ee9 nghi\u00ean c\u1ee9u \u1edf \u0111\u00e2u ra \u0111\u01b0\u1ee3c ng\u1ea7n \u1ea5y th\u1ee9\u201d (E-mail g\u1eedi Nguy\u1ec5n Qu\u00e2n, 29\/6\/2010).<\/p>\n<p>\u0110\u00f3 l\u00e0 m\u1ed9t c\u00e1i may \u0111\u1ec3 t\u00f4i v\u00e0 qu\u00fd \u0111\u1ed9c gi\u1ea3 \u0111\u01b0\u1ee3c c\u1ea7m tr\u00ean tay m\u1ed9t cu\u1ed1n s\u00e1ch hay. Nh\u1edd ph\u01b0\u01a1ng ph\u00e1p kh\u1ea3o c\u1ee9u v\u00e0 phong c\u00e1ch vi\u1ebft \u0111\u1eb7c s\u1eafc c\u1ee7a ri\u00eang n\u00ean ng\u01b0\u1eddi vi\u1ebft m\u1edbi bao qu\u00e1t \u0111\u01b0\u1ee3c di\u1ec7n r\u1ed9ng, s\u1eafp x\u1ebfp ng\u0103n n\u1eafp, m\u1ea1ch l\u1ea1c c\u00e1c ch\u1ee7 \u0111\u1ec1 t\u01b0\u1edfng nh\u01b0 s\u1ebd qu\u00e1 d\u00e0n tr\u1ea3i, \u0111\u1ed3ng th\u1eddi t\u00f9y h\u1ee9ng \u0111i s\u00e2u v\u00e0o nh\u1eefng ch\u1ee7 \u0111\u1ec1 m\u00ecnh \u0111\u1eb7c bi\u1ec7t quan t\u00e2m, nh\u1eefng l\u1eadp lu\u1eadn m\u00ecnh \u0111\u1eb7c bi\u1ec7t cam k\u1ebft, nh\u1eefng chi ti\u1ebft m\u00ecnh \u0111\u1eb7c bi\u1ec7t h\u1ee9ng th\u00fa. V\u0103n phong linh ho\u1ea1t pha tr\u1ed9n c\u1ea3 c\u00e1ch l\u00e0m nghi\u00ean c\u1ee9u, t\u01b0 bi\u1ec7n chuy\u00ean nghi\u1ec7p l\u1eabn c\u00e1ch vi\u1ebft t\u1ea3n v\u0103n sinh \u0111\u1ed9ng, ng\u1eabu h\u1ee9ng. C\u00e1c t\u01b0 t\u01b0\u1edfng uy\u00ean th\u00e2m tr\u1eebu t\u01b0\u1ee3ng, c\u00f3 khi kh\u00e1 c\u1ef1c \u0111oan th\u00e1ch th\u1ee9c, chung s\u1ed1ng v\u1edbi nh\u1eefng t\u1ef1 s\u1ef1 tr\u1ea7n tr\u1ee5i t\u01b0\u01a1i s\u1ed1ng v\u00e0 nh\u1eefng c\u1ea3m h\u1ee9ng ngh\u1ec7 s\u0129 v\u1ed7 c\u00e1nh bay l\u00ean. Nh\u1edd s\u1ef1 pha tr\u1ed9n kh\u00e9o l\u00e9o, t\u1ef1 nhi\u00ean \u1ea5y m\u00e0 m\u1ea5y tr\u0103m trang s\u00e1ch r\u1ea5t hay, nh\u1eb9 nh\u00e0ng \u201cd\u1ec5 \u0111\u1ecdc\u201d, kh\u00f4ng kh\u00f4 khan gi\u00e1o hu\u1ea5n.<\/p>\n<p>Cu\u1ed1n s\u00e1ch d\u1ea7y v\u1edbi l\u01b0\u1ee3ng minh h\u1ecda l\u1edbn v\u00e0 \u0111\u1eb9p l\u00e0 m\u1ed9t m\u00f3n qu\u00e0 tr\u00ed tu\u1ec7 qu\u00fd gi\u00e1: Ta bi\u1ebft r\u1ea5t nhi\u1ec1u v\u1ec1 th\u1ebf gi\u1edbi v\u1eadt ch\u1ea5t m\u00e0 \u00f4ng cha, t\u1ed5 ti\u00ean ta, ch\u00ednh ch\u00fang ta \u0111\u00e3 v\u00e0 \u0111ang t\u1ea1o ra, s\u1eed d\u1ee5ng, h\u01b0\u1edfng th\u1ee5. Th\u1ebf gi\u1edbi v\u1eadt ch\u1ea5t \u1ea5y l\u00e0m ta th\u00e0nh v\u0103n minh v\u00e0 t\u1ea1o n\u00ean m\u1ed9t ph\u1ea7n quan tr\u1ecdng c\u1ee7a V\u0103n minh Vi\u1ec7t r\u1ea5t \u0111\u00e1ng t\u1ef1 h\u00e0o. Qua c\u00e1ch nh\u00ecn t\u1eeb nhi\u1ec1u kh\u00eda c\u1ea1nh, c\u1ea3 c\u00e1i y\u1ebfu v\u00e0 c\u00e1i m\u1ea1nh, c\u00e1i hay v\u00e0 c\u00e1i d\u1edf, c\u00e1i \u201ct\u1ed1t\u201d v\u00e0 c\u00e1i \u201cx\u1ea5u\u201d, c\u00e1i k\u00e9m c\u1ecfi v\u00e0 c\u00e1i gi\u1ecfi giang, c\u00e1i c\u1ea5p ti\u1ebfn v\u00e0 c\u00e1i h\u1ee7 l\u1eadu v\u00e0  c\u1ee7a d\u00e2n m\u00ecnh, ta d\u01b0\u1eddng nh\u01b0 t\u1ef1 nh\u00ecn l\u1ea1i m\u00ecnh v\u00e0 d\u00e2n t\u1ed9c m\u00ecnh m\u1ed9t c\u00e1ch r\u00f5 r\u00e0ng h\u01a1n, \u00e2u y\u1ebfm h\u01a1n. M\u1ed9t cu\u1ed1n s\u00e1ch kh\u00f3 x\u1ebfp g\u1ecdn v\u00e0o h\u1ea1ng m\u1ee5c l\u1ecbch s\u1eed v\u0103n h\u00f3a, v\u0103n h\u00f3a h\u1ecdc hay d\u00e2n t\u1ed9c h\u1ecdc, x\u00e3 h\u1ed9i h\u01b0\u1edbng \u0111\u1ea1t t\u1edbi m\u1ed9t chi\u1ec1u k\u00edch nghi\u00ean c\u1ee9u \u0111\u00e1ng n\u1ec3 tr\u1ecdng.<\/p>\n","protected":false},"excerpt":{"rendered":"<p>Tr\u00ean tay ch\u00fang ta l\u00e0 m\u1ed9t cu\u1ed1n s\u00e1ch l\u1ea1. Trong th\u01b0 m\u1ee5c tr\u01b0\u1edbc t\u00e1c c\u1ee7a c\u00e1c t\u00e1c gi\u1ea3 Vi\u1ec7t Nam t\u00f4i ch\u01b0a th\u1ea5y m\u1ed9t cu\u1ed1n n\u00e0o c\u00f9ng lo\u1ea1i. V\u0103n minh v\u1eadt ch\u1ea5t c\u1ee7a ng\u01b0\u1eddi Vi\u1ec7t l\u00e0 m\u1ed9t ch\u1ee7 \u0111\u1ec1 qu\u00e1 r\u1ed9ng d\u00f9 t\u00e1c gi\u1ea3 \u0111\u00e3 gi\u1edbi h\u1ea1n n\u00f3 trong th\u1eddi \u0111\u1ea1i \u201cti\u1ec1n c\u00f4ng nghi\u1ec7p\u201d. <\/p>\n<p>Song ch\u1ee7 \u0111\u1ec1 n\u00e0y c\u0169ng th\u1eadt gi\u1ea3n d\u1ecb. N\u00f3 l\u00e0 c\u00e2u chuy\u1ec7n c\u1ee7a c\u00e1c \u0111\u1ed3 v\u1eadt do con ng\u01b0\u1eddi l\u00e0m ra v\u00e0 s\u1eed d\u1ee5ng. Nh\u1eefng \u0111\u1ed3 v\u1eadt \u1ea5y l\u00e0m n\u00ean c\u00e1i th\u1ebf gi\u1edbi v\u1eadt ch\u1ea5t nh\u00e2n t\u1ea1o m\u00e0 ta s\u1ed1ng trong \u0111\u00f3, bi\u1ebfn \u0111\u1ed5i n\u00f3 v\u00e0 c\u00f9ng ti\u1ebfn h\u00f3a v\u1edbi n\u00f3. Quan h\u1ec7 ng\u01b0\u1eddi v\u1edbi thi\u00ean nhi\u00ean, ng\u01b0\u1eddi v\u1edbi ng\u01b0\u1eddi \u0111\u01b0\u1ee3c b\u00e0n lu\u1eadn, kh\u1ea3o c\u1ee9u, nghi\u1ec1n ng\u1eabm r\u1ea5t nhi\u1ec1u nh\u01b0ng quan h\u1ec7 t\u01b0\u01a1ng t\u00e1c ng\u01b0\u1eddi v\u1edbi \u0111\u1ed3 v\u1eadt th\u00ec th\u01b0\u1eddng \u0111\u01b0\u1ee3c coi l\u00e0 hi\u1ec3n nhi\u00ean \u0111\u01a1n gi\u1ea3n. Song c\u0169ng hi\u1ec3n nhi\u00ean l\u00e0 c\u00e1i nh\u00e0 v\u1ec7 sinh, \u0111\u1ed3 v\u1eadt ta d\u00f9ng t\u1eafm r\u1eeda, trang \u0111i\u1ec3 kh\u00f4ng ph\u1ea3i l\u00e0 qu\u00e1 nh\u1ecf nh\u1eb7t m\u00e0 ch\u1eebng m\u1ef1c n\u00e0o \u0111\u00f3 ch\u00fang \u0111\u00e1nh d\u1ea5u nh\u1eefng c\u1ed9t m\u1ed1c v\u0103n minh nh\u00e2n lo\u1ea1i. Trong nh\u1eefng \u0111\u00f3ng g\u00f3p c\u1ee7a ng\u01b0\u1eddi Vi\u1ec7t v\u00e0o v\u0103n h\u00f3a th\u1ebf gi\u1edbi t\u00f4i cho r\u1eb1ng nh\u1ea5t \u0111\u1ecbnh c\u00f3 nh\u1eefng c\u00e1i b\u00e1t, c\u00e1i b\u00ecnh, c\u00e1i l\u1ecd, c\u00e1i th\u1ea1 g\u1ed1m th\u1eddi L\u00fd-Tr\u1ea7n. S\u1ef1 ph\u00e1t minh v\u00e0 m\u1ed7i b\u01b0\u1edbc c\u1ea3i ti\u1ebfn c\u1ee7a c\u00e1i c\u00e0y hay c\u00e1c c\u00f4ng c\u1ee5 c\u1ea5p tho\u00e1t n\u01b0\u1edbc cho ru\u1ed9ng l\u00faa r\u00f5 r\u00e0ng l\u00e0 quy\u1ebft \u0111\u1ecbnh \u0111\u1ed1i v\u1edbi n\u1ec1n v\u0103n minh l\u00faa n\u01b0\u1edbc v\u00e0 \u1ede B\u1ea3o t\u00e0ng D\u00e2n t\u1ed9c h\u1ecdc H\u00e0 N\u1ed9i kh\u00e1n gi\u1ea3 th\u00edch th\u00fa h\u1ecdc h\u1ecfi \u0111\u01b0\u1ee3c bao \u0111i\u1ec1u t\u1eeb c\u00e1c \u0111\u1ed3 v\u1eadt c\u1ee7a con ng\u01b0\u1eddi Vi\u1ec7t Nam. B\u1ed9 b\u00e1ch khoa b\u1eb1ng h\u00ecnh \u1ea3nh \u201cTechnique du peuple Annamite\u201d (t\u1ea1m d\u1ecbch: K\u1ef9 thu\u1eadt c\u1ee7a ng\u01b0\u1eddi An Nam) do H.Oger ch\u1ee7 bi\u00ean v\u00e0 c\u00e1c ngh\u1ec7 s\u0129 Vi\u1ec7t Nam minh h\u1ecda th\u1eadt qu\u00fd gi\u00e1 v\u1ec1 m\u1eb7t nghi\u00ean c\u1ee9u v\u00e0 ngh\u1ec7 thu\u1eadt. Phan C\u1ea9m Th\u01b0\u1ee3ng kh\u00f4ng d\u1eebng \u1edf vi\u1ec7c tr\u00ecnh b\u00e0y m\u1ed9t l\u00e1t c\u1eaft th\u1eddi gian, m\u1ed9t to\u00e0n c\u1ea3nh \u0111\u01b0\u01a1ng \u0111\u1ea1i c\u1ee7a th\u1ebf gi\u1edbi \u0111\u1ed3 v\u1eadt m\u00e0 xem x\u00e9t v\u00f4 v\u00e0n \u0111\u1ed3 v\u1eadt v\u00e0 c\u00f4ng vi\u1ec7c \u201cc\u1ee7a ng\u01b0\u1eddi Vi\u1ec7t\u201d c\u1ea3 theo chi\u1ec1u l\u1ecbch \u0111\u1ea1i, b\u1ed5 d\u1ecdc l\u1ecbch s\u1eed, nh\u1eb1m cho th\u1ea5y s\u1ef1 ti\u1ebfn h\u00f3a c\u1ee7a th\u1ebf gi\u1edbi \u1ea5y, v\u00e0 c\u1ee7a c\u1ed9ng \u0111\u1ed3ng ch\u1ee7 nh\u00e2n th\u1ebf gi\u1edbi \u1ea5y, ch\u1ee7 y\u1ebfu t\u1eeb c\u00e1i n\u00f4i c\u1ee7a n\u00f3 l\u00e0 \u0111\u1ed3ng b\u1eb1ng s\u00f4ng H\u1ed3ng v\u00e0o t\u1edbi b\u1eafc Trung b\u1ed9, t\u1eeb th\u1eddi ti\u1ec1n, s\u01a1 s\u1eed t\u1edbi th\u1ebf k\u1ef7 19. L\u00e0m m\u1ed9t c\u00f4ng vi\u1ec7c \u0111\u1ed3 s\u1ed9, kh\u1ea3o c\u1ee9u m\u1ed9t di\u1ec7n t\u01b0 li\u1ec7u m\u00eanh m\u00f4ng qu\u00e1 s\u1ee9c m\u1ed9t c\u00e1 nh\u00e2n nh\u01b0 ch\u00ednh \u00f4ng b\u1ed9c b\u1ea1ch: \u201cKhi vi\u1ebft nh\u01b0 \u0111\u01b0\u1ee3c d\u1eabn d\u1eaft b\u1edfi m\u1ed9t ng\u01b0\u1eddi x\u01b0a n\u00e0o \u0111\u00f3, \u0111\u1ecdc cho ch\u00e9p, v\u00e0 vi\u1ebft theo c\u1ea3m h\u1ee9ng, ch\u1ee9 nghi\u00ean c\u1ee9u \u1edf \u0111\u00e2u ra \u0111\u01b0\u1ee3c ng\u1ea7n \u1ea5y th\u1ee9\u201d (E-mail g\u1eedi Nguy\u1ec5n Qu\u00e2n, 29\/6\/2010).<\/p>\n<p>\u0110\u00f3 l\u00e0 m\u1ed9t c\u00e1i may \u0111\u1ec3 t\u00f4i v\u00e0 qu\u00fd \u0111\u1ed9c gi\u1ea3 \u0111\u01b0\u1ee3c c\u1ea7m tr\u00ean tay m\u1ed9t cu\u1ed1n s\u00e1ch hay. Nh\u1edd ph\u01b0\u01a1ng ph\u00e1p kh\u1ea3o c\u1ee9u v\u00e0 phong c\u00e1ch vi\u1ebft \u0111\u1eb7c s\u1eafc c\u1ee7a ri\u00eang n\u00ean ng\u01b0\u1eddi vi\u1ebft m\u1edbi bao qu\u00e1t \u0111\u01b0\u1ee3c di\u1ec7n r\u1ed9ng, s\u1eafp x\u1ebfp ng\u0103n n\u1eafp, m\u1ea1ch l\u1ea1c c\u00e1c ch\u1ee7 \u0111\u1ec1 t\u01b0\u1edfng nh\u01b0 s\u1ebd qu\u00e1 d\u00e0n tr\u1ea3i, \u0111\u1ed3ng th\u1eddi t\u00f9y h\u1ee9ng \u0111i s\u00e2u v\u00e0o nh\u1eefng ch\u1ee7 \u0111\u1ec1 m\u00ecnh \u0111\u1eb7c bi\u1ec7t quan t\u00e2m, nh\u1eefng l\u1eadp lu\u1eadn m\u00ecnh \u0111\u1eb7c bi\u1ec7t cam k\u1ebft, nh\u1eefng chi ti\u1ebft m\u00ecnh \u0111\u1eb7c bi\u1ec7t h\u1ee9ng th\u00fa. V\u0103n phong linh ho\u1ea1t pha tr\u1ed9n c\u1ea3 c\u00e1ch l\u00e0m nghi\u00ean c\u1ee9u, t\u01b0 bi\u1ec7n chuy\u00ean nghi\u1ec7p l\u1eabn c\u00e1ch vi\u1ebft t\u1ea3n v\u0103n sinh \u0111\u1ed9ng, ng\u1eabu h\u1ee9ng. C\u00e1c t\u01b0 t\u01b0\u1edfng uy\u00ean th\u00e2m tr\u1eebu t\u01b0\u1ee3ng, c\u00f3 khi kh\u00e1 c\u1ef1c \u0111oan th\u00e1ch th\u1ee9c, chung s\u1ed1ng v\u1edbi nh\u1eefng t\u1ef1 s\u1ef1 tr\u1ea7n tr\u1ee5i t\u01b0\u01a1i s\u1ed1ng v\u00e0 nh\u1eefng c\u1ea3m h\u1ee9ng ngh\u1ec7 s\u0129 v\u1ed7 c\u00e1nh bay l\u00ean. Nh\u1edd s\u1ef1 pha tr\u1ed9n kh\u00e9o l\u00e9o, t\u1ef1 nhi\u00ean \u1ea5y m\u00e0 m\u1ea5y tr\u0103m trang s\u00e1ch r\u1ea5t hay, nh\u1eb9 nh\u00e0ng \u201cd\u1ec5 \u0111\u1ecdc\u201d, kh\u00f4ng kh\u00f4 khan gi\u00e1o hu\u1ea5n.<\/p>\n<p>Cu\u1ed1n s\u00e1ch d\u1ea7y v\u1edbi l\u01b0\u1ee3ng minh h\u1ecda l\u1edbn v\u00e0 \u0111\u1eb9p l\u00e0 m\u1ed9t m\u00f3n qu\u00e0 tr\u00ed tu\u1ec7 qu\u00fd gi\u00e1: Ta bi\u1ebft r\u1ea5t nhi\u1ec1u v\u1ec1 th\u1ebf gi\u1edbi v\u1eadt ch\u1ea5t m\u00e0 \u00f4ng cha, t\u1ed5 ti\u00ean ta, ch\u00ednh ch\u00fang ta \u0111\u00e3 v\u00e0 \u0111ang t\u1ea1o ra, s\u1eed d\u1ee5ng, h\u01b0\u1edfng th\u1ee5. Th\u1ebf gi\u1edbi v\u1eadt ch\u1ea5t \u1ea5y l\u00e0m ta th\u00e0nh v\u0103n minh v\u00e0 t\u1ea1o n\u00ean m\u1ed9t ph\u1ea7n quan tr\u1ecdng c\u1ee7a V\u0103n minh Vi\u1ec7t r\u1ea5t \u0111\u00e1ng t\u1ef1 h\u00e0o. Qua c\u00e1ch nh\u00ecn t\u1eeb nhi\u1ec1u kh\u00eda c\u1ea1nh, c\u1ea3 c\u00e1i y\u1ebfu v\u00e0 c\u00e1i m\u1ea1nh, c\u00e1i hay v\u00e0 c\u00e1i d\u1edf, c\u00e1i \u201ct\u1ed1t\u201d v\u00e0 c\u00e1i \u201cx\u1ea5u\u201d, c\u00e1i k\u00e9m c\u1ecfi v\u00e0 c\u00e1i gi\u1ecfi giang, c\u00e1i c\u1ea5p ti\u1ebfn v\u00e0 c\u00e1i h\u1ee7 l\u1eadu v\u00e0  c\u1ee7a d\u00e2n m\u00ecnh, ta d\u01b0\u1eddng nh\u01b0 t\u1ef1 nh\u00ecn l\u1ea1i m\u00ecnh v\u00e0 d\u00e2n t\u1ed9c m\u00ecnh m\u1ed9t c\u00e1ch r\u00f5 r\u00e0ng h\u01a1n, \u00e2u y\u1ebfm h\u01a1n. M\u1ed9t cu\u1ed1n s\u00e1ch kh\u00f3 x\u1ebfp g\u1ecdn v\u00e0o h\u1ea1ng m\u1ee5c l\u1ecbch s\u1eed v\u0103n h\u00f3a, v\u0103n h\u00f3a h\u1ecdc hay d\u00e2n t\u1ed9c h\u1ecdc, x\u00e3 h\u1ed9i h\u01b0\u1edbng \u0111\u1ea1t t\u1edbi m\u1ed9t chi\u1ec1u k\u00edch nghi\u00ean c\u1ee9u \u0111\u00e1ng n\u1ec3 tr\u1ecdng.<\/p>\n","protected":false},"featured_media":23119,"template":"","meta":{"_acf_changed":false},"product_brand":[],"product_cat":[18,15,47],"product_tag":[],"class_list":{"0":"post-23120","1":"product","2":"type-product","3":"status-publish","4":"has-post-thumbnail","6":"product_cat-kinh-te","7":"product_cat-sach-danh-cho-nguoi-lon","8":"product_cat-truyen-ngan-tan-van","10":"first","11":"outofstock","12":"taxable","13":"shipping-taxable","14":"purchasable","15":"product-type-simple"},"supplier_id":null,"supplier_sku":"","barcode":null,"atum_controlled":true,"out_stock_date":"2023-04-07 05:39:49","out_stock_threshold":null,"inheritable":false,"inbound_stock":0,"stock_on_hold":0,"sold_today":0,"sales_last_days":0,"reserved_stock":0,"customer_returns":0,"warehouse_damage":0,"lost_in_post":0,"other_logs":0,"out_stock_days":1027,"lost_sales":0,"has_location":false,"update_date":"2026-01-28T23:11:12","atum_locations":[],"atum_stock_status":"outofstock","restock_status":false,"low_stock_amount":"","sales_update_date":"2026-01-28T23:11:12","calc_backorders":null,"acf":{"publisher":{"ID":9147,"post_author":"2","post_date":"2021-05-20 21:06:21","post_date_gmt":"2021-05-20 18:06:21","post_content":"<!-- wp:html \/-->\n\n<!-- wp:image {\"align\":\"center\",\"id\":9152,\"sizeSlug\":\"large\",\"linkDestination\":\"media\"} -->\n<div class=\"wp-block-image\"><figure class=\"aligncenter size-large\"><a href=\"https:\/\/sachviet.eu\/wp-content\/uploads\/2021\/05\/logo.png\"><img src=\"https:\/\/sachviet.eu\/wp-content\/uploads\/2021\/05\/logo.png\" alt=\"\" class=\"wp-image-9152\" \/><\/a><\/figure><\/div>\n<!-- \/wp:image -->\n\n<!-- wp:paragraph -->\n<p>\u0110\u01b0\u1ee3c th\u00e0nh l\u1eadp n\u0103m 2015 b\u1edfi nh\u1eefng c\u1ed5 \u0111\u00f4ng \u0111\u00e3 c\u00f3 nhi\u1ec1u n\u0103m kinh nghi\u1ec7m trong ng\u00e0nh s\u00e1ch \u1edf Vi\u1ec7t Nam, ZENBOOKS h\u01b0\u1edbng \u0111\u1ebfn m\u1ee5c ti\u00eau \u0111\u1ea7y tham v\u1ecdng l\u00e0 tr\u1edf th\u00e0nh m\u1ed9t trong 10 c\u00f4ng ty s\u00e1ch h\u00e0ng \u0111\u1ea7u t\u1ea1i Vi\u1ec7t Nam sau 10 n\u0103m ho\u1ea1t \u0111\u1ed9ng.<\/p>\n<!-- \/wp:paragraph -->\n\n<!-- wp:paragraph -->\n<p>ZENBOOKS t\u1eadp trung v\u00e0o c\u00e1c d\u00f2ng s\u00e1ch gi\u00fap cho ng\u01b0\u1eddi \u0111\u1ecdc t\u00ecm \u0111\u01b0\u1ee3c nh\u1eefng g\u1ee3i \u00fd v\u00e0 h\u01b0\u1edbng d\u1eabn \u0111\u1ec3 c\u00f3 m\u1ed9t cu\u1ed9c s\u1ed1ng c\u00e2n b\u1eb1ng th\u00f4ng qua vi\u1ec7c \u0111i\u1ec1u ch\u1ec9nh h\u00e0nh vi v\u00e0 th\u00e1i \u0111\u1ed9 c\u1ee7a h\u1ecd.<\/p>\n<!-- \/wp:paragraph -->\n\n<!-- wp:paragraph -->\n<p>C\u00e1c d\u00f2ng s\u00e1ch c\u1ee7a ZENBOOKS:<\/p>\n<!-- \/wp:paragraph -->\n\n<!-- wp:paragraph -->\n<p>&nbsp;- T\u00e2m l\u00fd &amp; K\u1ef9 n\u0103ng (Self-help &amp; Life Skills)<\/p>\n<!-- \/wp:paragraph -->\n\n<!-- wp:paragraph -->\n<p>&nbsp;- V\u0103n h\u1ecdc (Literature)<\/p>\n<!-- \/wp:paragraph -->\n\n<!-- wp:paragraph -->\n<p>\u00a0- H\u1ed7 tr\u1ee3 h\u1ecdc t\u1eadp (Textbook Companions)<\/p>\n<!-- \/wp:paragraph -->\n\n<!-- wp:paragraph -->\n<p><\/p>\n<!-- \/wp:paragraph -->","post_title":"Zenbooks","post_excerpt":"","post_status":"publish","comment_status":"closed","ping_status":"closed","post_password":"","post_name":"zenbooks","to_ping":"","pinged":"","post_modified":"2021-05-22 01:04:48","post_modified_gmt":"2021-05-21 22:04:48","post_content_filtered":"","post_parent":0,"guid":"https:\/\/sachviet.eu\/?post_type=publisher&#038;p=9147","menu_order":0,"post_type":"publisher","post_mime_type":"","comment_count":"0","filter":"raw"}},"_links":{"self":[{"href":"https:\/\/sachviet.eu\/en\/wp-json\/wp\/v2\/product\/23120","targetHints":{"allow":["GET"]}}],"collection":[{"href":"https:\/\/sachviet.eu\/en\/wp-json\/wp\/v2\/product"}],"about":[{"href":"https:\/\/sachviet.eu\/en\/wp-json\/wp\/v2\/types\/product"}],"wp:featuredmedia":[{"embeddable":true,"href":"https:\/\/sachviet.eu\/en\/wp-json\/wp\/v2\/media\/23119"}],"wp:attachment":[{"href":"https:\/\/sachviet.eu\/en\/wp-json\/wp\/v2\/media?parent=23120"}],"wp:term":[{"taxonomy":"product_brand","embeddable":true,"href":"https:\/\/sachviet.eu\/en\/wp-json\/wp\/v2\/product_brand?post=23120"},{"taxonomy":"product_cat","embeddable":true,"href":"https:\/\/sachviet.eu\/en\/wp-json\/wp\/v2\/product_cat?post=23120"},{"taxonomy":"product_tag","embeddable":true,"href":"https:\/\/sachviet.eu\/en\/wp-json\/wp\/v2\/product_tag?post=23120"}],"curies":[{"name":"wp","href":"https:\/\/api.w.org\/{rel}","templated":true}]}}