{"id":23114,"date":"2023-04-02T18:46:18","date_gmt":"2023-04-02T15:46:18","guid":{"rendered":"https:\/\/sachviet.eu\/shop\/chu-tho-cat-toc-xoet-xoet\/"},"modified":"2023-04-02T20:45:02","modified_gmt":"2023-04-02T17:45:02","slug":"chu-tho-cat-toc-xoet-xoet","status":"publish","type":"product","link":"https:\/\/sachviet.eu\/en\/shop\/chu-tho-cat-toc-xoet-xoet\/","title":{"rendered":"Ch\u00fa Th\u1ee3 C\u1eaft T\u00f3c Xo\u1eb9t Xo\u1eb9t"},"content":{"rendered":"<p>Th\u00f4ng qua tr\u00f2 chuy\u1ec7n v\u1ec1 c\u00f4ng vi\u1ec7c c\u1ee7a ch\u00fa th\u1ee3 c\u1eaft t\u00f3c, b\u1ed1 m\u1eb9 s\u1ebd b\u1ea5t ng\u1edd v\u1edbi kh\u1ea3 n\u0103ng quan s\u00e1t v\u00e0 ghi nh\u1edb c\u1ee7a tr\u1ebb. C\u00e1c v\u1ecb kh\u00e1ch \u0111\u1ed9ng v\u1eadt c\u00f3 th\u1eadt nhi\u1ec1u y\u00eau c\u1ea7u t\u1ea1o ki\u1ec3u t\u00f3c \u0111\u1ed9c \u0111\u00e1o. C\u00f9ng ch\u01a1i tr\u00f2 ch\u01a1i &#8220;h\u00f3a th\u00e2n&#8221; v\u00e0o vai ch\u00fa th\u1ee3 c\u1eaft t\u00f3c, b\u1ed1 m\u1eb9 s\u1ebd b\u1ea5t ng\u1edd, ng\u1ea1c nhi\u00ean v\u1edbi s\u1ef1 th\u00f4ng minh, s\u00e1ng t\u1ea1o c\u1ee7a c\u00e1c b\u1ea1n nh\u1ecf nh\u00e0 m\u00ecnh.<\/p>\n","protected":false},"excerpt":{"rendered":"<p>Th\u00f4ng qua tr\u00f2 chuy\u1ec7n v\u1ec1 c\u00f4ng vi\u1ec7c c\u1ee7a ch\u00fa th\u1ee3 c\u1eaft t\u00f3c, b\u1ed1 m\u1eb9 s\u1ebd b\u1ea5t ng\u1edd v\u1edbi kh\u1ea3 n\u0103ng quan s\u00e1t v\u00e0 ghi nh\u1edb c\u1ee7a tr\u1ebb. C\u00e1c v\u1ecb kh\u00e1ch \u0111\u1ed9ng v\u1eadt c\u00f3 th\u1eadt nhi\u1ec1u y\u00eau c\u1ea7u t\u1ea1o ki\u1ec3u t\u00f3c \u0111\u1ed9c \u0111\u00e1o. C\u00f9ng ch\u01a1i tr\u00f2 ch\u01a1i &#8220;h\u00f3a th\u00e2n&#8221; v\u00e0o vai ch\u00fa th\u1ee3 c\u1eaft t\u00f3c, b\u1ed1 m\u1eb9 s\u1ebd b\u1ea5t ng\u1edd, ng\u1ea1c nhi\u00ean v\u1edbi s\u1ef1 th\u00f4ng minh, s\u00e1ng t\u1ea1o c\u1ee7a c\u00e1c b\u1ea1n nh\u1ecf nh\u00e0 m\u00ecnh.<\/p>\n","protected":false},"featured_media":23113,"template":"","meta":{"_acf_changed":false},"product_brand":[],"product_cat":[24,17],"product_tag":[],"class_list":{"0":"post-23114","1":"product","2":"type-product","3":"status-publish","4":"has-post-thumbnail","6":"product_cat-nha-tre-mau-giao-0-tuoi-6-tuoi","7":"product_cat-sach-danh-cho-cac-be","9":"first","10":"instock","11":"taxable","12":"shipping-taxable","13":"purchasable","14":"product-type-simple"},"supplier_id":null,"supplier_sku":"","barcode":null,"atum_controlled":true,"out_stock_date":null,"out_stock_threshold":null,"inheritable":false,"inbound_stock":0,"stock_on_hold":0,"sold_today":0,"sales_last_days":0,"reserved_stock":0,"customer_returns":0,"warehouse_damage":0,"lost_in_post":0,"other_logs":0,"out_stock_days":0,"lost_sales":0,"has_location":false,"update_date":"2026-01-28T23:11:12","atum_locations":[],"atum_stock_status":"instock","restock_status":false,"low_stock_amount":"","sales_update_date":"2026-01-28T23:11:12","calc_backorders":null,"acf":{"publisher":{"ID":9154,"post_author":"2","post_date":"2021-05-21 19:37:16","post_date_gmt":"2021-05-21 16:37:16","post_content":"<!-- wp:html \/-->\n\n<!-- wp:image {\"id\":9157,\"sizeSlug\":\"large\",\"linkDestination\":\"media\"} -->\n<figure class=\"wp-block-image size-large\"><a href=\"https:\/\/sachviet.eu\/wp-content\/uploads\/2021\/05\/123004127_112271897340455_8566439221456752927_n-1.jpg\"><img src=\"https:\/\/sachviet.eu\/wp-content\/uploads\/2021\/05\/123004127_112271897340455_8566439221456752927_n-1-1024x666.jpg\" alt=\"\" class=\"wp-image-9157\" \/><\/a><\/figure>\n<!-- \/wp:image -->\n\n<!-- wp:heading {\"level\":3} -->\n<h3>M\u1ee4C TI\u00caU<\/h3>\n<!-- \/wp:heading -->\n\n<!-- wp:paragraph -->\n<p>D\u1ef1 \u00e1n M\u1ecdt s\u00e1ch Mogu \u0111ang ph\u00e1t tri\u1ec3n k\u1ebf ho\u1ea1ch h\u1ee3p t\u00e1c c\u00f9ng c\u00e1c tr\u01b0\u1eddng n\u1ea7m non, c\u00e1c \u0111\u01a1n v\u1ecb l\u00e0m v\u1ec1 s\u00e1ch, c\u00e1c \u0111\u01a1n v\u1ecb c\u00f3 c\u00f9ng m\u1ee5c ti\u00eau ph\u00e1t tri\u1ec3n v\u0103n h\u00f3a \u0111\u1ecdc v\u1ec1 vi\u1ec7c \u0111\u1ecdc truy\u1ec7n Ehoncho tr\u1ebb v\u00e0 nh\u1eadn \u0111\u01b0\u1ee3c r\u1ea5t nhi\u1ec1u s\u1ef1 quan t\u00e2m c\u1ee7a c\u00e1c v\u1ecb ph\u1ee5 huynh c\u0169ng nh\u01b0 c\u00e1c b\u00e9.<\/p>\n<!-- \/wp:paragraph -->\n\n<!-- wp:heading {\"level\":3} -->\n<h3>S\u1ee8 M\u1ec6NH<\/h3>\n<!-- \/wp:heading -->\n\n<!-- wp:paragraph -->\n<p>M\u1ecdt s\u00e1ch Mogu l\u00e0 d\u1ef1 \u00e1n \u0111\u1ecdc tranh truy\u1ec7n Ehon mi\u1ec5n ph\u00ed cho tr\u1ebb nh\u1ecf c\u1ee7a c\u00f4ng ty More Production Vi\u1ec7t Nam t\u1eeb n\u0103m 2014. V\u1edbi mong mu\u1ed1n c\u00e1c b\u1ea1n nh\u1ecf \u0111\u01b0\u1ee3c ti\u1ebfp x\u00fac t\u1edbi s\u00e1ch truy\u1ec7n t\u1eeb khi c\u00f2n nh\u1ecf v\u00e0 ph\u00e1t tri\u1ec3n t\u00ecnh y\u00eau v\u1edbi s\u00e1ch khi l\u1edbn l\u00ean.<\/p>\n<!-- \/wp:paragraph -->\n\n<!-- wp:heading {\"level\":3} -->\n<h3><\/h3>\n<!-- \/wp:heading -->","post_title":"Mogu","post_excerpt":"","post_status":"publish","comment_status":"closed","ping_status":"closed","post_password":"","post_name":"mogu","to_ping":"","pinged":"","post_modified":"2021-05-21 19:37:19","post_modified_gmt":"2021-05-21 16:37:19","post_content_filtered":"","post_parent":0,"guid":"https:\/\/sachviet.eu\/?post_type=publisher&#038;p=9154","menu_order":0,"post_type":"publisher","post_mime_type":"","comment_count":"0","filter":"raw"}},"_links":{"self":[{"href":"https:\/\/sachviet.eu\/en\/wp-json\/wp\/v2\/product\/23114","targetHints":{"allow":["GET"]}}],"collection":[{"href":"https:\/\/sachviet.eu\/en\/wp-json\/wp\/v2\/product"}],"about":[{"href":"https:\/\/sachviet.eu\/en\/wp-json\/wp\/v2\/types\/product"}],"wp:featuredmedia":[{"embeddable":true,"href":"https:\/\/sachviet.eu\/en\/wp-json\/wp\/v2\/media\/23113"}],"wp:attachment":[{"href":"https:\/\/sachviet.eu\/en\/wp-json\/wp\/v2\/media?parent=23114"}],"wp:term":[{"taxonomy":"product_brand","embeddable":true,"href":"https:\/\/sachviet.eu\/en\/wp-json\/wp\/v2\/product_brand?post=23114"},{"taxonomy":"product_cat","embeddable":true,"href":"https:\/\/sachviet.eu\/en\/wp-json\/wp\/v2\/product_cat?post=23114"},{"taxonomy":"product_tag","embeddable":true,"href":"https:\/\/sachviet.eu\/en\/wp-json\/wp\/v2\/product_tag?post=23114"}],"curies":[{"name":"wp","href":"https:\/\/api.w.org\/{rel}","templated":true}]}}