{"id":23112,"date":"2023-04-02T18:46:11","date_gmt":"2023-04-02T15:46:11","guid":{"rendered":"https:\/\/sachviet.eu\/shop\/combo-4-cuon-bo-tuyen-tap-truyen-hay-danh-cho-thieu-nhi-tai-ban\/"},"modified":"2023-04-02T20:45:02","modified_gmt":"2023-04-02T17:45:02","slug":"combo-4-cuon-bo-tuyen-tap-truyen-hay-danh-cho-thieu-nhi-tai-ban","status":"publish","type":"product","link":"https:\/\/sachviet.eu\/en\/shop\/combo-4-cuon-bo-tuyen-tap-truyen-hay-danh-cho-thieu-nhi-tai-ban\/","title":{"rendered":"Combo 4 Cu\u1ed1n: B\u1ed9 Tuy\u1ec3n T\u1eadp Truy\u1ec7n Hay D\u00e0nh Cho Thi\u1ebfu Nhi (T\u00e1i B\u1ea3n)"},"content":{"rendered":"<p>T\u1eadp h\u1ee3p truy\u1ec7n c\u1ed5 t\u00edch v\u00e0 nh\u1eefng c\u00e2u chuy\u1ec7n mang m\u00e0u s\u1eafc th\u1ea7n ti\u00ean c\u1ee7a nhi\u1ec1u n\u01b0\u1edbc tr\u00ean th\u1ebf gi\u1edbi. N\u00f3 s\u1ebd m\u1edf ra tr\u01b0\u1edbc m\u1eaft c\u00e1c em m\u1ed9t th\u1ebf gi\u1edbi t\u1ed1t \u0111\u1eb9p v\u1edbi nh\u1eefng \u0111i\u1ec1u k\u1ef3 di\u1ec7u \u2013 n\u01a1i ng\u01b0\u1eddi t\u1ed1t lu\u00f4n \u0111\u01b0\u1ee3c ch\u1edf che, gi\u00fap \u0111\u1ee1 c\u00f2n k\u1ebb \u0111\u1ed9c \u00e1c, gian d\u1ed1i lu\u00f4n b\u1ecb tr\u1eebng tr\u1ecb. Th\u1ebf gi\u1edbi \u1ea5y \u0111\u01b0\u1ee3c soi s\u00e1ng b\u1eb1ng nh\u1eefng \u0111\u1ee9c t\u00ednh t\u1ed1t \u0111\u1eb9p c\u1ee7a con ng\u01b0\u1eddi. T\u1eadp s\u00e1ch \u0111\u1ec1 c\u1eadp \u0111\u1ebfn c\u00e1c m\u1ed1i quan h\u1ec7 trong cu\u1ed9c s\u1ed1ng con ng\u01b0\u1eddi nh\u01b0 cha m\u1eb9 &#8211; con c\u00e1i, v\u1ee3 ch\u1ed3ng, anh ch\u1ecb em, b\u1ea1n b\u00e8\u2026<\/p>\n<p>Nh\u1eefng c\u00e2u chuy\u1ec7n g\u1ea7n g\u0169i v\u1edbi \u0111\u1eddi th\u1ef1c, cho c\u00e1c em \u0111\u1ed9ng l\u1ef1c m\u1ea1nh m\u1ebd \u0111\u1ec3 s\u1ed1ng v\u00e0 l\u00e0m nh\u1eefng \u0111i\u1ec1u t\u1ed1t l\u00e0nh cho b\u1ea3n th\u00e2n v\u00e0 nh\u1eefng ng\u01b0\u1eddi xung quanh. \u0110\u00f3 l\u00e0 c\u00e2u chuy\u1ec7n v\u1ec1 nh\u1eefng t\u1ea5m g\u01b0\u01a1ng qu\u00ean m\u00ecnh c\u1ee9u gi\u00fap ng\u01b0\u1eddi kh\u00e1c; l\u00e0 c\u00e2u chuy\u1ec7n v\u1ec1 \u00fd ch\u00ed v\u00e0 ngh\u1ecb l\u1ef1c c\u1ee7a nh\u1eefng con ng\u01b0\u1eddi v\u01b0\u01a1n l\u00ean t\u1eeb ngh\u1ecbch c\u1ea3nh \u0111\u1ec3 \u0111\u1ea1t \u0111\u01b0\u1ee3c th\u00e0nh c\u00f4ng\u2026 Th\u00f4ng qua b\u1ed9 s\u00e1ch n\u00e0y, ch\u00fang t\u00f4i c\u0169ng mong mu\u1ed1n g\u1eedi \u0111\u1ebfn c\u00e1c b\u1eadc ph\u1ee5 huynh m\u1ed9t th\u00f4ng \u0111i\u1ec7p, r\u1eb1ng: \u201cTh\u1ebf gi\u1edbi tu\u1ed5i th\u01a1 lu\u00f4n \u1ea9n ch\u1ee9a r\u1ea5t nhi\u1ec1u \u0111i\u1ec1u k\u1ef3 di\u1ec7u b\u1eaft ngu\u1ed3n t\u1eeb nh\u1eefng c\u00e2u chuy\u1ec7n th\u1ea7n k\u1ef3. V\u00ec th\u1ebf, h\u00e3y n\u1eafm l\u1ea5y b\u00e0n tay b\u00e9 b\u1ecfng c\u1ee7a tr\u1ebb v\u00e0 trao v\u00e0o \u0111\u00f3 \u00e1nh s\u00e1ng c\u1ee7a t\u00ecnh y\u00eau th\u01b0\u01a1ng v\u00e0 s\u1ef1 bao dung. T\u01b0\u01a1ng lai c\u1ee7a ch\u00fang ta ph\u1ee5 thu\u1ed9c v\u00e0o \u01b0\u1edbc m\u01a1 c\u1ee7a c\u00e1c em nh\u1ecf ng\u00e0y nay\u201d.<\/p>\n","protected":false},"excerpt":{"rendered":"<p>T\u1eadp h\u1ee3p truy\u1ec7n c\u1ed5 t\u00edch v\u00e0 nh\u1eefng c\u00e2u chuy\u1ec7n mang m\u00e0u s\u1eafc th\u1ea7n ti\u00ean c\u1ee7a nhi\u1ec1u n\u01b0\u1edbc tr\u00ean th\u1ebf gi\u1edbi. N\u00f3 s\u1ebd m\u1edf ra tr\u01b0\u1edbc m\u1eaft c\u00e1c em m\u1ed9t th\u1ebf gi\u1edbi t\u1ed1t \u0111\u1eb9p v\u1edbi nh\u1eefng \u0111i\u1ec1u k\u1ef3 di\u1ec7u \u2013 n\u01a1i ng\u01b0\u1eddi t\u1ed1t lu\u00f4n \u0111\u01b0\u1ee3c ch\u1edf che, gi\u00fap \u0111\u1ee1 c\u00f2n k\u1ebb \u0111\u1ed9c \u00e1c, gian d\u1ed1i lu\u00f4n b\u1ecb tr\u1eebng tr\u1ecb. Th\u1ebf gi\u1edbi \u1ea5y \u0111\u01b0\u1ee3c soi s\u00e1ng b\u1eb1ng nh\u1eefng \u0111\u1ee9c t\u00ednh t\u1ed1t \u0111\u1eb9p c\u1ee7a con ng\u01b0\u1eddi. T\u1eadp s\u00e1ch \u0111\u1ec1 c\u1eadp \u0111\u1ebfn c\u00e1c m\u1ed1i quan h\u1ec7 trong cu\u1ed9c s\u1ed1ng con ng\u01b0\u1eddi nh\u01b0 cha m\u1eb9 &#8211; con c\u00e1i, v\u1ee3 ch\u1ed3ng, anh ch\u1ecb em, b\u1ea1n b\u00e8\u2026<\/p>\n<p>Nh\u1eefng c\u00e2u chuy\u1ec7n g\u1ea7n g\u0169i v\u1edbi \u0111\u1eddi th\u1ef1c, cho c\u00e1c em \u0111\u1ed9ng l\u1ef1c m\u1ea1nh m\u1ebd \u0111\u1ec3 s\u1ed1ng v\u00e0 l\u00e0m nh\u1eefng \u0111i\u1ec1u t\u1ed1t l\u00e0nh cho b\u1ea3n th\u00e2n v\u00e0 nh\u1eefng ng\u01b0\u1eddi xung quanh. \u0110\u00f3 l\u00e0 c\u00e2u chuy\u1ec7n v\u1ec1 nh\u1eefng t\u1ea5m g\u01b0\u01a1ng qu\u00ean m\u00ecnh c\u1ee9u gi\u00fap ng\u01b0\u1eddi kh\u00e1c; l\u00e0 c\u00e2u chuy\u1ec7n v\u1ec1 \u00fd ch\u00ed v\u00e0 ngh\u1ecb l\u1ef1c c\u1ee7a nh\u1eefng con ng\u01b0\u1eddi v\u01b0\u01a1n l\u00ean t\u1eeb ngh\u1ecbch c\u1ea3nh \u0111\u1ec3 \u0111\u1ea1t \u0111\u01b0\u1ee3c th\u00e0nh c\u00f4ng\u2026 Th\u00f4ng qua b\u1ed9 s\u00e1ch n\u00e0y, ch\u00fang t\u00f4i c\u0169ng mong mu\u1ed1n g\u1eedi \u0111\u1ebfn c\u00e1c b\u1eadc ph\u1ee5 huynh m\u1ed9t th\u00f4ng \u0111i\u1ec7p, r\u1eb1ng: \u201cTh\u1ebf gi\u1edbi tu\u1ed5i th\u01a1 lu\u00f4n \u1ea9n ch\u1ee9a r\u1ea5t nhi\u1ec1u \u0111i\u1ec1u k\u1ef3 di\u1ec7u b\u1eaft ngu\u1ed3n t\u1eeb nh\u1eefng c\u00e2u chuy\u1ec7n th\u1ea7n k\u1ef3. V\u00ec th\u1ebf, h\u00e3y n\u1eafm l\u1ea5y b\u00e0n tay b\u00e9 b\u1ecfng c\u1ee7a tr\u1ebb v\u00e0 trao v\u00e0o \u0111\u00f3 \u00e1nh s\u00e1ng c\u1ee7a t\u00ecnh y\u00eau th\u01b0\u01a1ng v\u00e0 s\u1ef1 bao dung. T\u01b0\u01a1ng lai c\u1ee7a ch\u00fang ta ph\u1ee5 thu\u1ed9c v\u00e0o \u01b0\u1edbc m\u01a1 c\u1ee7a c\u00e1c em nh\u1ecf ng\u00e0y nay\u201d.<\/p>\n","protected":false},"featured_media":23111,"template":"","meta":{"_acf_changed":false},"product_brand":[],"product_cat":[25,17,26],"product_tag":[],"class_list":{"0":"post-23112","1":"product","2":"type-product","3":"status-publish","4":"has-post-thumbnail","6":"product_cat-nhi-dong-6-tuoi-12-tuoi","7":"product_cat-sach-danh-cho-cac-be","8":"product_cat-thieu-nien-11-tuoi-18-tuoi","10":"first","11":"instock","12":"taxable","13":"shipping-taxable","14":"purchasable","15":"product-type-simple"},"supplier_id":null,"supplier_sku":"","barcode":null,"atum_controlled":true,"out_stock_date":null,"out_stock_threshold":null,"inheritable":false,"inbound_stock":0,"stock_on_hold":0,"sold_today":0,"sales_last_days":0,"reserved_stock":0,"customer_returns":0,"warehouse_damage":0,"lost_in_post":0,"other_logs":0,"out_stock_days":0,"lost_sales":0,"has_location":false,"update_date":"2026-01-28T23:11:12","atum_locations":[],"atum_stock_status":"instock","restock_status":false,"low_stock_amount":"","sales_update_date":"2026-01-28T23:11:12","calc_backorders":null,"acf":{"publisher":{"ID":6196,"post_author":"1","post_date":"2021-03-15 01:26:01","post_date_gmt":"2021-03-14 23:26:01","post_content":"","post_title":"FIRST NEWS","post_excerpt":"","post_status":"publish","comment_status":"closed","ping_status":"closed","post_password":"","post_name":"first-news","to_ping":"","pinged":"","post_modified":"2021-03-15 01:26:01","post_modified_gmt":"2021-03-14 23:26:01","post_content_filtered":"","post_parent":0,"guid":"https:\/\/sachviet.eu\/blog\/nha-phat-hanh\/first-news\/","menu_order":0,"post_type":"publisher","post_mime_type":"","comment_count":"0","filter":"raw"}},"_links":{"self":[{"href":"https:\/\/sachviet.eu\/en\/wp-json\/wp\/v2\/product\/23112","targetHints":{"allow":["GET"]}}],"collection":[{"href":"https:\/\/sachviet.eu\/en\/wp-json\/wp\/v2\/product"}],"about":[{"href":"https:\/\/sachviet.eu\/en\/wp-json\/wp\/v2\/types\/product"}],"wp:featuredmedia":[{"embeddable":true,"href":"https:\/\/sachviet.eu\/en\/wp-json\/wp\/v2\/media\/23111"}],"wp:attachment":[{"href":"https:\/\/sachviet.eu\/en\/wp-json\/wp\/v2\/media?parent=23112"}],"wp:term":[{"taxonomy":"product_brand","embeddable":true,"href":"https:\/\/sachviet.eu\/en\/wp-json\/wp\/v2\/product_brand?post=23112"},{"taxonomy":"product_cat","embeddable":true,"href":"https:\/\/sachviet.eu\/en\/wp-json\/wp\/v2\/product_cat?post=23112"},{"taxonomy":"product_tag","embeddable":true,"href":"https:\/\/sachviet.eu\/en\/wp-json\/wp\/v2\/product_tag?post=23112"}],"curies":[{"name":"wp","href":"https:\/\/api.w.org\/{rel}","templated":true}]}}