{"id":23110,"date":"2023-04-02T18:46:04","date_gmt":"2023-04-02T15:46:04","guid":{"rendered":"https:\/\/sachviet.eu\/shop\/minh-triet-trong-an-uong-cua-phuong-dong\/"},"modified":"2024-04-06T00:14:55","modified_gmt":"2024-04-05T21:14:55","slug":"minh-triet-trong-an-uong-cua-phuong-dong","status":"publish","type":"product","link":"https:\/\/sachviet.eu\/en\/shop\/minh-triet-trong-an-uong-cua-phuong-dong\/","title":{"rendered":"Minh Tri\u1ebft Trong \u0102n U\u1ed1ng C\u1ee7a Ph\u01b0\u01a1ng \u0110\u00f4ng"},"content":{"rendered":"<p>C\u01a1 th\u1ec3 \u0111\u01b0\u1ee3c x\u00e2y \u0111\u1eafp b\u1edfi \u0111\u1ed3 \u0103n th\u1ee9c u\u1ed1ng h\u00e0ng ng\u00e0y, ngu\u1ed3n n\u0103ng l\u01b0\u1ee3ng cho ch\u00fang ta ho\u1ea1t \u0111\u1ed9ng c\u0169ng t\u1eeb \u0111\u00f3. V\u00ec v\u1eady, hi\u1ec3u bi\u1ebft Minh tri\u1ebft trong \u0102n u\u1ed1ng c\u1ee7a ph\u01b0\u01a1ng \u0110\u00f4ng l\u00e0 \u0111i\u1ec1u v\u00f4 c\u00f9ng c\u1ea7n thi\u1ebft. T\u00e1c gi\u1ea3 Ng\u00f4 \u0110\u1ee9c V\u01b0\u1ee3ng t\u1eeb l\u00e2u \u0111\u00e3 quan t\u00e2m t\u1edbi v\u1ea5n \u0111\u1ec1 n\u00e0y. \u00d4ng \u0111\u00e3 \u0103n chay tr\u01b0\u1eddng, \u0103n g\u1ea1o l\u1ee9t mu\u1ed1i v\u1eebng, nh\u1ecbn \u0103n ch\u1eefa b\u1ec7nh cho ch\u00ednh m\u00ecnh v\u00e0 gi\u00fap cho nhi\u1ec1u ng\u01b0\u1eddi th\u1ef1c h\u00e0nh t\u1ef1 ch\u1eefa b\u1ec7nh, d\u01b0\u1ee1ng sinh, n\u00e2ng cao s\u1ee9c kh\u1ecfe, thu nhi\u1ec1u k\u1ebft qu\u1ea3 t\u1ed1t \u0111\u1eb9p t\u1eeb nhi\u1ec1u n\u0103m nay. V\u1edbi thi\u1ec7n ch\u00ed \u0111em l\u1ea1i s\u1ee9c kh\u1ecfe v\u00e0 tr\u1ecb b\u1ec7nh kh\u00f4ng d\u00f9ng thu\u1ed1c, \u00edt t\u1ed1n k\u00e9m, d\u1ec5 th\u1ef1c h\u00e0nh\u2026cho c\u1ed9ng \u0111\u1ed3ng, t\u00e1c gi\u1ea3 \u0111\u00e3 vi\u1ebft cu\u1ed1n s\u00e1ch n\u00e0y, nh\u1eb1m c\u1ed1ng hi\u1ebfn cho b\u1ea1n \u0111\u1ecdc nh\u1eefng l\u1eddi khuy\u00ean qu\u00fd gi\u00e1 v\u00e0 \u0111\u00e1p \u1ee9ng nh\u1eefng nhu c\u1ea7u c\u1ea7n thi\u1ebft cho \u0111\u1ed9c gi\u1ea3.<\/p>\n","protected":false},"excerpt":{"rendered":"<p>C\u01a1 th\u1ec3 \u0111\u01b0\u1ee3c x\u00e2y \u0111\u1eafp b\u1edfi \u0111\u1ed3 \u0103n th\u1ee9c u\u1ed1ng h\u00e0ng ng\u00e0y, ngu\u1ed3n n\u0103ng l\u01b0\u1ee3ng cho ch\u00fang ta ho\u1ea1t \u0111\u1ed9ng c\u0169ng t\u1eeb \u0111\u00f3. V\u00ec v\u1eady, hi\u1ec3u bi\u1ebft Minh tri\u1ebft trong \u0102n u\u1ed1ng c\u1ee7a ph\u01b0\u01a1ng \u0110\u00f4ng l\u00e0 \u0111i\u1ec1u v\u00f4 c\u00f9ng c\u1ea7n thi\u1ebft. T\u00e1c gi\u1ea3 Ng\u00f4 \u0110\u1ee9c V\u01b0\u1ee3ng t\u1eeb l\u00e2u \u0111\u00e3 quan t\u00e2m t\u1edbi v\u1ea5n \u0111\u1ec1 n\u00e0y. \u00d4ng \u0111\u00e3 \u0103n chay tr\u01b0\u1eddng, \u0103n g\u1ea1o l\u1ee9t mu\u1ed1i v\u1eebng, nh\u1ecbn \u0103n ch\u1eefa b\u1ec7nh cho ch\u00ednh m\u00ecnh v\u00e0 gi\u00fap cho nhi\u1ec1u ng\u01b0\u1eddi th\u1ef1c h\u00e0nh t\u1ef1 ch\u1eefa b\u1ec7nh, d\u01b0\u1ee1ng sinh, n\u00e2ng cao s\u1ee9c kh\u1ecfe, thu nhi\u1ec1u k\u1ebft qu\u1ea3 t\u1ed1t \u0111\u1eb9p t\u1eeb nhi\u1ec1u n\u0103m nay. V\u1edbi thi\u1ec7n ch\u00ed \u0111em l\u1ea1i s\u1ee9c kh\u1ecfe v\u00e0 tr\u1ecb b\u1ec7nh kh\u00f4ng d\u00f9ng thu\u1ed1c, \u00edt t\u1ed1n k\u00e9m, d\u1ec5 th\u1ef1c h\u00e0nh\u2026cho c\u1ed9ng \u0111\u1ed3ng, t\u00e1c gi\u1ea3 \u0111\u00e3 vi\u1ebft cu\u1ed1n s\u00e1ch n\u00e0y, nh\u1eb1m c\u1ed1ng hi\u1ebfn cho b\u1ea1n \u0111\u1ecdc nh\u1eefng l\u1eddi khuy\u00ean qu\u00fd gi\u00e1 v\u00e0 \u0111\u00e1p \u1ee9ng nh\u1eefng nhu c\u1ea7u c\u1ea7n thi\u1ebft cho \u0111\u1ed9c gi\u1ea3.<\/p>\n","protected":false},"featured_media":23109,"template":"","meta":{"_acf_changed":false},"product_brand":[],"product_cat":[18,15,46],"product_tag":[],"class_list":{"0":"post-23110","1":"product","2":"type-product","3":"status-publish","4":"has-post-thumbnail","6":"product_cat-kinh-te","7":"product_cat-sach-danh-cho-nguoi-lon","8":"product_cat-ky-nang-song","10":"first","11":"outofstock","12":"taxable","13":"shipping-taxable","14":"purchasable","15":"product-type-simple"},"supplier_id":null,"supplier_sku":"","barcode":null,"atum_controlled":true,"out_stock_date":"2024-04-05 21:14:56","out_stock_threshold":null,"inheritable":false,"inbound_stock":0,"stock_on_hold":0,"sold_today":0,"sales_last_days":0,"reserved_stock":0,"customer_returns":0,"warehouse_damage":0,"lost_in_post":0,"other_logs":0,"out_stock_days":663,"lost_sales":0,"has_location":false,"update_date":"2026-01-28T23:11:12","atum_locations":[],"atum_stock_status":"outofstock","restock_status":false,"low_stock_amount":"","sales_update_date":"2026-01-28T23:11:12","calc_backorders":null,"acf":{"publisher":{"ID":6196,"post_author":"1","post_date":"2021-03-15 01:26:01","post_date_gmt":"2021-03-14 23:26:01","post_content":"","post_title":"FIRST NEWS","post_excerpt":"","post_status":"publish","comment_status":"closed","ping_status":"closed","post_password":"","post_name":"first-news","to_ping":"","pinged":"","post_modified":"2021-03-15 01:26:01","post_modified_gmt":"2021-03-14 23:26:01","post_content_filtered":"","post_parent":0,"guid":"https:\/\/sachviet.eu\/blog\/nha-phat-hanh\/first-news\/","menu_order":0,"post_type":"publisher","post_mime_type":"","comment_count":"0","filter":"raw"}},"_links":{"self":[{"href":"https:\/\/sachviet.eu\/en\/wp-json\/wp\/v2\/product\/23110","targetHints":{"allow":["GET"]}}],"collection":[{"href":"https:\/\/sachviet.eu\/en\/wp-json\/wp\/v2\/product"}],"about":[{"href":"https:\/\/sachviet.eu\/en\/wp-json\/wp\/v2\/types\/product"}],"wp:featuredmedia":[{"embeddable":true,"href":"https:\/\/sachviet.eu\/en\/wp-json\/wp\/v2\/media\/23109"}],"wp:attachment":[{"href":"https:\/\/sachviet.eu\/en\/wp-json\/wp\/v2\/media?parent=23110"}],"wp:term":[{"taxonomy":"product_brand","embeddable":true,"href":"https:\/\/sachviet.eu\/en\/wp-json\/wp\/v2\/product_brand?post=23110"},{"taxonomy":"product_cat","embeddable":true,"href":"https:\/\/sachviet.eu\/en\/wp-json\/wp\/v2\/product_cat?post=23110"},{"taxonomy":"product_tag","embeddable":true,"href":"https:\/\/sachviet.eu\/en\/wp-json\/wp\/v2\/product_tag?post=23110"}],"curies":[{"name":"wp","href":"https:\/\/api.w.org\/{rel}","templated":true}]}}