{"id":23108,"date":"2023-04-02T18:45:59","date_gmt":"2023-04-02T15:45:59","guid":{"rendered":"https:\/\/sachviet.eu\/shop\/chang-kep-hat-de-va-vua-chuot-tu-sach-van-hoc-thieu-nhi\/"},"modified":"2024-06-17T07:00:55","modified_gmt":"2024-06-17T04:00:55","slug":"chang-kep-hat-de-va-vua-chuot-tu-sach-van-hoc-thieu-nhi","status":"publish","type":"product","link":"https:\/\/sachviet.eu\/en\/shop\/chang-kep-hat-de-va-vua-chuot-tu-sach-van-hoc-thieu-nhi\/","title":{"rendered":"Ch\u00e0ng k\u1eb9p h\u1ea1t d\u1ebb v\u00e0 Vua Chu\u1ed9t &#8211; T\u1ee7 s\u00e1ch v\u0103n h\u1ecdc thi\u1ebfu nhi"},"content":{"rendered":"<p>\u0110\u01b0a truy\u1ec7n c\u1ed5 t\u00edch kinh \u0111i\u1ec3n \u0111\u1ebfn g\u1ea7n tr\u1ebb em h\u01a1n: Phi\u00ean b\u1ea3n b\u00eca c\u1ee9ng v\u00e0 minh h\u1ecda m\u00e0u tuy\u1ec7t \u0111\u1eb9p <\/p>\n<p>\u201cCh\u00e0ng K\u1eb9p H\u1ea1t D\u1ebb v\u00e0 Vua Chu\u1ed9t\u201d l\u00e0 t\u00e1c ph\u1ea9m \u0111\u01b0\u1ee3c nh\u00e0 v\u0103n l\u1ed7i l\u1ea1c E.T.A Hoffmann s\u00e1ng t\u00e1c n\u0103m 1816 d\u00e0nh cho c\u00e1c em nh\u1ecf nh\u00e2n d\u1ecbp Gi\u00e1ng Sinh. \u0110\u00e2y l\u00e0 m\u1ed9t trong nh\u1eefng t\u00e1c ph\u1ea9m vi\u1ebft cho thi\u1ebfu nhi hay nh\u1ea5t c\u1ee7a n\u1ec1n v\u0103n h\u1ecdc \u0110\u1ee9c. H\u01a1n hai th\u1ebf k\u1ef7 qua, h\u00e0ng tri\u1ec7u tr\u1ebb em v\u00e0 ng\u01b0\u1eddi l\u1edbn \u1edf \u0110\u1ee9c c\u0169ng nh\u01b0 nhi\u1ec1u qu\u1ed1c gia tr\u00ean kh\u1eafp th\u1ebf gi\u1edbi say m\u00ea c\u00e2u chuy\u1ec7n c\u1ed5 t\u00edch huy\u1ec1n b\u00ed h\u00f2a quy\u1ec7n hi\u1ec7n th\u1ef1c k\u1ef3 l\u1ea1 n\u00e0y. V\u00e0 Gi\u00e1ng Sinh n\u0103m nay, Crabit Kidbooks \u0111\u01b0a \u201cCh\u00e0ng K\u1eb9p H\u1ea1t D\u1ebb v\u00e0 Vua Chu\u1ed9t\u201d \u0111\u1ebfn v\u1edbi \u0111\u1ed9c gi\u1ea3 Vi\u1ec7t Nam v\u1edbi \u1ea5n b\u1ea3n b\u00eca c\u1ee9ng v\u00e0 minh h\u1ecda m\u00e0u tuy\u1ec7t \u0111\u1eb9p! <\/p>\n<p>Truy\u1ec7n c\u1ed5 t\u00edch c\u1ee7a Hoffmann lu\u00f4n mang h\u01a1i th\u1edf c\u1ee7a \u0111\u1eddi s\u1ed1ng. \u00d4ng kh\u00f4ng vi\u1ebft nh\u1eefng c\u00e2u chuy\u1ec7n qu\u00e1 k\u00ec \u1ea3o nh\u01b0 c\u00e1c t\u00e1c gi\u1ea3 c\u00f9ng th\u1eddi. B\u1eb1ng s\u1ef1 s\u00e1ng t\u1ea1o t\u1ed9t b\u1eadc c\u00f9ng t\u00e0i n\u0103ng k\u1ec3 chuy\u1ec7n \u0111i\u00eau luy\u1ec7n c\u1ee7a m\u00ecnh, Hoffmann khi\u1ebfn ng\u01b0\u1eddi ta c\u1ea3m nh\u1eadn \u0111\u01b0\u1ee3c ph\u00e9p m\u00e0u hi\u1ec7n h\u1eefu m\u1ed9t c\u00e1ch s\u1ed1ng \u0111\u1ed9ng v\u00e0 ch\u00e2n th\u1eadt nh\u1ea5t trong nh\u1eefng b\u1ed1i c\u1ea3nh quen thu\u1ed9c c\u1ee7a \u0111\u1eddi s\u1ed1ng h\u1eb1ng ng\u00e0y. <\/p>\n<p>Trong \u201cCh\u00e0ng K\u1eb9p H\u1ea1t D\u1ebb v\u00e0 Vua Chu\u1ed9t\u201d, ph\u00e9p m\u00e0u xu\u1ea5t hi\u1ec7n trong m\u1ed9t \u0111\u00eam Gi\u00e1ng Sinh. C\u00f4 b\u00e9 Marie nh\u1eadn th\u1ea5y ch\u00e0ng K\u1eb9p H\u1ea1t D\u1ebb v\u00e0 nh\u1eefng m\u00f3n \u0111\u1ed3 ch\u01a1i kh\u00e1c tr\u1edf n\u00ean c\u00f3 h\u1ed3n, bi\u1ebft n\u00f3i v\u00e0 c\u1eed \u0111\u1ed9ng, th\u1eadm ch\u00ed c\u00f2n h\u1ee3p s\u1ee9c chi\u1ebfn \u0111\u1ea5u b\u1ea3o v\u1ec7 Marie kh\u1ecfi Vua Chu\u1ed9t. Nh\u01b0ng khi c\u00f4 b\u00e9 t\u1ec9nh d\u1eady v\u00e0o s\u00e1ng h\u00f4m sau, nh\u1eefng m\u00f3n \u0111\u1ed3 ch\u01a1i l\u1ea1i b\u1ea5t \u0111\u1ed9ng nh\u01b0 th\u1ec3 tr\u1eadn chi\u1ebfn kinh ho\u00e0ng h\u00f4m qua ch\u1ec9 l\u00e0 m\u1ed9t gi\u1ea5c m\u01a1 th\u1ea7n ti\u00ean c\u1ee7a tr\u1ebb con. <\/p>\n<p>Tr\u00ed t\u01b0\u1edfng t\u01b0\u1ee3ng v\u00e0 phong c\u00e1ch k\u1ec3 chuy\u1ec7n c\u1ee7a Hoffmann qu\u00e1 t\u00e0i t\u00ecnh. C\u00e1c phong c\u1ea3nh th\u1ea7n ti\u00ean \u0111\u01b0\u1ee3c \u00f4ng mi\u00eau t\u1ea3 chi ti\u1ebft, k\u1ef9 l\u01b0\u1ee3ng \u0111\u1ebfn m\u1ee9c ta ng\u1ee1 ch\u00ednh \u00f4ng \u0111\u00e3 ch\u1ee9ng ki\u1ebfn t\u1ea5t c\u1ea3 v\u00e0 thu\u1eadt l\u1ea1i cho ng\u01b0\u1eddi \u0111\u1ecdc; \u0111\u1ebfn m\u1ee9c kh\u00f3 ai c\u00f3 th\u1ec3 d\u00e1m ch\u1eafc nh\u1eefng \u0111i\u1ec1u k\u1ef3 \u1ea3o trong truy\u1ec7n kh\u00f4ng c\u00f3 th\u1ef1c. Ng\u01b0\u1eddi \u0111\u1ecdc ph\u1ea3i v\u1eadn d\u1ee5ng to\u00e0n b\u1ed9 kh\u1ea3 n\u0103ng t\u01b0\u1edfng t\u01b0\u1ee3ng v\u00e0 v\u1ed1n t\u1eeb m\u00ecnh c\u00f3 \u0111\u1ec3 c\u00f3 th\u1ec3 \u201cnh\u00ecn ng\u1eafm\u201d th\u1ebf gi\u1edbi c\u1ed5 t\u00edch huy\u1ec5n t\u01b0\u1edfng trong truy\u1ec7n.<\/p>\n<p>Hoffmann khi\u1ebfn ranh gi\u1edbi gi\u1eefa th\u1ef1c v\u00e0 m\u1ed9ng, tr\u1ea7n gian v\u00e0 th\u1ea7n ti\u00ean, cu\u1ed9c s\u1ed1ng v\u00e0 ph\u00e9p thu\u1eadt tr\u1edf n\u00ean m\u1edd nh\u1ea1t. L\u00fac th\u00ec ta th\u1ea5y hi\u1ec7n th\u1ef1c x\u00e3 h\u1ed9i v\u00e0 con ng\u01b0\u1eddi trong l\u1ecbch s\u1eed hi\u1ec7n l\u00ean r\u00f5 r\u00e0ng trong trang s\u00e1ch, l\u00fac th\u00ec m\u01a1 m\u00e0ng phi\u00eau l\u00e3ng \u0111\u1ebfn v\u01b0\u01a1ng qu\u1ed1c c\u1ee7a nh\u1eefng m\u00f3n \u0111\u1ed3 ch\u01a1i bi\u1ebft n\u00f3i, l\u00e2u \u0111\u00e0i ph\u1ee7 \u0111\u01b0\u1eddng v\u00e0 vua chu\u1ed9t v\u1edbi 7 c\u00e1i \u0111\u1ea7u. <\/p>\n<p>Ranh gi\u1edbi gi\u1eefa thi\u1ec7n \u00e1c c\u0169ng v\u1eady. Kh\u00e1c v\u1edbi nh\u1eefng truy\u1ec7n c\u1ed5 t\u00edch th\u00f4ng th\u01b0\u1eddng cho ta bi\u1ebft ai thu\u1ed9c phe n\u00e0o ngay t\u1eeb \u0111\u00e2u, truy\u1ec7n c\u1ee7a Hoffmann g\u00e2y t\u00f2 m\u00f2 \u0111\u1ebfn t\u1eadn trang cu\u1ed1i. Ng\u01b0\u1eddi \u0111\u1ecdc ph\u1ea3i theo d\u00f5i h\u1ebft c\u00e2u chuy\u1ec7n c\u00f9ng s\u1ef1 ph\u00e1t tri\u1ec3n c\u1ee7a c\u00e1c t\u00ecnh ti\u1ebft, \u0111\u1ec3 r\u1ed3i nh\u1eadn ra, truy\u1ec7n c\u1ed5 t\u00edch Hoffmann kh\u00f4ng theo m\u1ed9t m\u00f4-t\u00edp th\u01b0\u1eddng th\u1ea5y n\u00e0o c\u1ea3. <\/p>\n<p>V\u1edbi mong mu\u1ed1n \u0111\u01b0a truy\u1ec7n c\u1ed5 \u0111\u1ebfn g\u1ea7n tr\u1ebb em th\u1eddi nay h\u01a1n, phi\u00ean b\u1ea3n b\u00eca c\u1ee9ng \u201cCh\u00e0ng K\u1eb9p H\u1ea1t D\u1ebb v\u00e0 Vua Chu\u1ed9t\u201d c\u1ee7a Crabit Kidbooks l\u00e0 s\u1ef1 k\u1ebft h\u1ee3p b\u1ea3n d\u1ecbch t\u1eeb b\u1ea3n g\u1ed1c ti\u1ebfng \u0110\u1ee9c c\u1ee7a Hoffmann n\u0103m 1816 v\u1edbi tranh minh h\u1ecda hi\u1ec7n \u0111\u1ea1i. Trong \u1ea5n b\u1ea3n n\u00e0y, d\u1ecbch gi\u1ea3 Nh\u1eadt V\u01b0\u01a1ng s\u00e1ng t\u1ea1o nh\u1eefng \u0111o\u1ea1n th\u01a1 l\u1ee5c b\u00e1t d\u1ec5 \u0111\u1ecdc, d\u1ec5 nh\u1edb v\u1edbi tr\u1ebb em Vi\u1ec7t Nam; c\u00f2n h\u1ecda s\u0129 Ho\u00e0ng Giang mang \u0111\u1ebfn nh\u1eefng tranh minh h\u1ecda m\u00e0u b\u1eaft m\u1eaft, g\u1ea7n g\u0169i v\u00e0 h\u1ee3p th\u1eddi. <\/p>\n<p>N\u1ebfu b\u1ea1n \u0111ang t\u00ecm ki\u1ebfm m\u1ed9t m\u00f3n qu\u00e0 Gi\u00e1ng Sinh \u0111\u1eb9p \u0111\u1ebd c\u1ea3 v\u1ec1 h\u00ecnh th\u1ee9c l\u1eabn n\u1ed9i dung cho ng\u01b0\u1eddi th\u00e2n y\u00eau, th\u00ec \u201cCh\u00e0ng K\u1eb9p H\u1ea1t D\u1ebb v\u00e0 Vua Chu\u1ed9t\u201d c\u00f3 th\u1ec3 l\u00e0 m\u1ed9t l\u1ef1a ch\u1ecdn tuy\u1ec7t c\u00fa \u0111\u00f3! <\/p>\n","protected":false},"excerpt":{"rendered":"<p>Trong s\u1ed1 c\u00e1c m\u00f3n qu\u00e0 Gi\u00e1ng Sinh \u0111\u01b0\u1ee3c nh\u1eadn n\u0103m nay, c\u00f4 b\u00e9 Marie v\u00f4 c\u00f9ng y\u00eau th\u00edch ch\u00e0ng K\u1eb9p h\u1ea1t d\u1ebb &#8211; m\u00e0 th\u1ef1c ch\u1ea5t l\u00e0 m\u1ed9t ch\u00e0ng ho\u00e0ng t\u1eed tr\u1ebb tu\u1ed5i ph\u1ea3i h\u1ee9ng ch\u1ecbu l\u1eddi nguy\u1ec1n c\u1ee7a m\u1ee5 ph\u00f9 th\u1ee7y Mauserinks, v\u00e0 b\u1ecb Vua Chu\u1ed9t &#8211; \u0111\u1ee9a con c\u1ee7a b\u00e0 ta s\u0103n \u0111u\u1ed5i.<\/p>\n","protected":false},"featured_media":23107,"template":"","meta":{"_acf_changed":false},"product_brand":[],"product_cat":[25,17,26],"product_tag":[],"class_list":{"0":"post-23108","1":"product","2":"type-product","3":"status-publish","4":"has-post-thumbnail","6":"product_cat-nhi-dong-6-tuoi-12-tuoi","7":"product_cat-sach-danh-cho-cac-be","8":"product_cat-thieu-nien-11-tuoi-18-tuoi","10":"first","11":"instock","12":"taxable","13":"shipping-taxable","14":"purchasable","15":"product-type-simple"},"supplier_id":null,"supplier_sku":"","barcode":null,"atum_controlled":true,"out_stock_date":null,"out_stock_threshold":null,"inheritable":false,"inbound_stock":0,"stock_on_hold":0,"sold_today":0,"sales_last_days":0,"reserved_stock":0,"customer_returns":0,"warehouse_damage":0,"lost_in_post":0,"other_logs":0,"out_stock_days":0,"lost_sales":0,"has_location":false,"update_date":"2026-01-28T23:11:18","atum_locations":[],"atum_stock_status":"instock","restock_status":false,"low_stock_amount":"","sales_update_date":"2026-01-28T23:11:18","calc_backorders":null,"acf":{"publisher":{"ID":1458,"post_author":"1","post_date":"2021-02-17 01:12:22","post_date_gmt":"2021-02-16 23:12:22","post_content":"<!-- wp:flatsome\/uxbuilder -->\n<h1 style=\"text-align: center\"><strong>Crabit Kidbooks<\/strong><\/h1>\n[row]\n\n[col span=\"8\" span__sm=\"12\"]\n\n<p>Crabit Kidbooks l\u00e0 nh\u00e0 ph\u00e1t h\u00e0nh s\u00e1ch thi\u1ebfu nhi thu\u1ed9c C\u00f4ng ty CPTM &amp; XNK Ng\u1ecdc \u00c1nh \u2013 \u0111\u01a1n v\u1ecb h\u01a1n 20 n\u0103m kinh nghi\u1ec7m trong ng\u00e0nh in \u1ea5n v\u00e0 l\u00e0 \u0111\u1ed1i t\u00e1c uy t\u00edn cung c\u1ea5p h\u1ecdc li\u1ec7u, s\u00e1ch v\u1edf h\u1ecdc sinh cho h\u01a1n 5000 kh\u00e1ch h\u00e0ng kh\u1eafp 28 t\u1ec9nh th\u00e0nh ph\u00eda B\u1eafc Vi\u1ec7t Nam H\u1ec7 th\u1ed1ng s\u1ea3n ph\u1ea9m Crabit Kidbooks<\/p>\n<p>Theo s\u1ef1 t\u00ecm hi\u1ec3u c\u1ee7a <strong>SACHVIET.EU<\/strong><strong>\u00a0<\/strong>tuy Crabit Kidbooks l\u00e0 m\u1ed9t nh\u00e0 ph\u00e1t h\u00e0nh tr\u1ebb t\u1ea1i Vi\u1ec7t Nam nh\u01b0ng l\u1ea1i mang \u0111\u1ebfn s\u1ef1 ch\u1ec9n chu qua t\u1eebng trang s\u00e1ch, t\u1eeb ch\u1ea5t li\u1ec7u gi\u1ea5y cao c\u1ea5p, b\u00eca c\u1ee9ng gi\u1eef g\u00ecn s\u00e1ch \u0111\u01b0\u1ee3c b\u1ec1n l\u00e2u \u0111\u1ebfn l\u1eddi v\u0103n c\u00e2u ch\u1eef \u0111\u01b0\u1ee3c ch\u1ecdn l\u1ecdc ch\u1ec9nh s\u1eeda sao cho ti\u1ebfp c\u1eadn th\u00e2n thi\u1ec7n nh\u1ea5t v\u1edbi tr\u1ebb em. <strong>SACHVIET.EU<\/strong> th\u1ef1c s\u1ef1 \u1ea5n t\u01b0\u1ee3ng b\u1edfi t\u1ea7m nh\u00ecn v\u00e0 s\u1ef1 c\u1ed1 g\u1eafng ho\u00e0n thi\u1ec7n nh\u1eefng t\u00e1c ph\u1ea9m c\u00f3 gi\u00e1 tr\u1ecb tuy\u1ec7t v\u1eddi m\u00e0 Crabit Kidbooks mang l\u1ea1i. \u0110\u00e2y c\u0169ng l\u00e0 nh\u00e0 ph\u00e1t h\u00e0nh duy nh\u1ea5t t\u1edbi th\u1eddi \u0111i\u1ec3m n\u00e0y m\u00e0 <strong>SACHVIET.EU<\/strong> quy\u1ebft t\u00e2m h\u1ee3p t\u00e1c mang h\u1ebft t\u1ea5t c\u1ea3 c\u00e1c \u0111\u1ea7u s\u00e1ch m\u00e0 Crabit Kidbooks c\u00f3 \u0111\u1ec3 \u0111em \u0111\u1ebfn Ch\u00e2u \u00c2u ph\u1ee5c v\u1ee5 m\u1ecdi ng\u01b0\u1eddi. \u0110\u00e2y th\u1ef1c s\u1ef1 l\u00e0 m\u1ed9t s\u1ef1 li\u1ec1u l\u0129nh c\u1ee7a <strong>SACHVIET.EU<\/strong>, tuy nhi\u00ean ch\u00fang m\u00ecnh tin t\u01b0\u1edfng v\u00e0 t\u1ef1 tin r\u1eb1ng t\u1eebng cu\u1ed1n s\u00e1ch m\u00e0 ch\u00fang m\u00ecnh gi\u1edbi thi\u1ec7u x\u1ee9ng \u0111\u00e1ng v\u1edbi nh\u1eefng g\u00ec ch\u00fang m\u00ecnh theo \u0111u\u1ed5i.<\/p>\n\n[\/col]\n[col span=\"4\" span__sm=\"12\"]\n\n[ux_image id=\"1701\" image_size=\"medium\"]\n\n\n[\/col]\n\n[\/row]\n\n<!-- \/wp:flatsome\/uxbuilder -->","post_title":"Crabit Kidbooks","post_excerpt":"","post_status":"publish","comment_status":"closed","ping_status":"closed","post_password":"","post_name":"crabit-kidbooks","to_ping":"","pinged":"","post_modified":"2022-12-19 23:12:10","post_modified_gmt":"2022-12-19 21:12:10","post_content_filtered":"","post_parent":0,"guid":"https:\/\/sachviet.eu\/nha-phat-hanh\/crabitkidbooks\/","menu_order":0,"post_type":"publisher","post_mime_type":"","comment_count":"0","filter":"raw"}},"_links":{"self":[{"href":"https:\/\/sachviet.eu\/en\/wp-json\/wp\/v2\/product\/23108","targetHints":{"allow":["GET"]}}],"collection":[{"href":"https:\/\/sachviet.eu\/en\/wp-json\/wp\/v2\/product"}],"about":[{"href":"https:\/\/sachviet.eu\/en\/wp-json\/wp\/v2\/types\/product"}],"wp:featuredmedia":[{"embeddable":true,"href":"https:\/\/sachviet.eu\/en\/wp-json\/wp\/v2\/media\/23107"}],"wp:attachment":[{"href":"https:\/\/sachviet.eu\/en\/wp-json\/wp\/v2\/media?parent=23108"}],"wp:term":[{"taxonomy":"product_brand","embeddable":true,"href":"https:\/\/sachviet.eu\/en\/wp-json\/wp\/v2\/product_brand?post=23108"},{"taxonomy":"product_cat","embeddable":true,"href":"https:\/\/sachviet.eu\/en\/wp-json\/wp\/v2\/product_cat?post=23108"},{"taxonomy":"product_tag","embeddable":true,"href":"https:\/\/sachviet.eu\/en\/wp-json\/wp\/v2\/product_tag?post=23108"}],"curies":[{"name":"wp","href":"https:\/\/api.w.org\/{rel}","templated":true}]}}