{"id":23106,"date":"2023-04-02T18:45:41","date_gmt":"2023-04-02T15:45:41","guid":{"rendered":"https:\/\/sachviet.eu\/shop\/nghe-thuat-tinh-te-cua-viec-dech-quan-tam-2\/"},"modified":"2023-04-06T18:41:00","modified_gmt":"2023-04-06T15:41:00","slug":"nghe-thuat-tinh-te-cua-viec-dech-quan-tam-2","status":"publish","type":"product","link":"https:\/\/sachviet.eu\/en\/shop\/nghe-thuat-tinh-te-cua-viec-dech-quan-tam-2\/","title":{"rendered":"Ngh\u1ec7 Thu\u1eadt Tinh T\u1ebf C\u1ee7a Vi\u1ec7c \u0110\u1ebfch Quan T\u00e2m"},"content":{"rendered":"<p>Trong su\u1ed1t nhi\u1ec1u th\u1eadp k\u1ef7, ch\u00fang ta \u0111\u01b0\u1ee3c d\u1ea1y ch\u00eca kh\u00f3a c\u1ee7a m\u1ed9t cu\u1ed9c s\u1ed1ng h\u1ea1nh ph\u00fac, \u0111\u1ee7 \u0111\u1ea7y l\u00e0 suy ngh\u0129 t\u00edch c\u1ef1c. &#8220;M\u1eb7c k\u1ec7 s\u1ef1 t\u00edch c\u1ef1c,&#8221; Mark Manson n\u00f3i, &#8220;H\u00e3y th\u00e0nh th\u1eadt v\u1edbi nhau, nh\u1eefng chuy\u1ec7n r\u1eafc r\u1ed1i v\u1eabn th\u01b0\u1eddng x\u1ea3y ra v\u00e0 ch\u00fang ta ph\u1ea3i s\u1ed1ng chung v\u1edbi n\u00f3.&#8221;<\/p>\n<p>Ngh\u1ec7 Thu\u1eadt Tinh T\u1ebf C\u1ee7a Vi\u1ec7c \u0110\u1ebfch Quan T\u00e2m (T\u00e1i B\u1ea3n)<\/p>\n<p>&#8220;T\u00f4i \u0111\u00e3 t\u1eebng quan t\u00e2m \u0111\u1ebfn qu\u00e1 nhi\u1ec1u th\u1ee9 trong \u0111\u1eddi. \u0110\u1ed3ng th\u1eddi t\u00f4i c\u0169ng &#8216;\u0111\u1ebfch&#8217; quan t\u00e2m t\u1edbi nhi\u1ec1u ng\u01b0\u1eddi, nhi\u1ec1u \u0111i\u1ec1u kh\u00e1c n\u1eefa. V\u00e0 gi\u1ed1ng nh\u01b0 con \u0111\u01b0\u1eddng ch\u01b0a t\u1eebng \u0111\u01b0\u1ee3c khai ph\u00e1, ch\u00ednh nh\u1eefng \u0111i\u1ec1u t\u00f4i &#8216;\u0111\u1ebfch&#8217; quan t\u00e2m \u1ea5y l\u1ea1i t\u1ea1o n\u00ean s\u1ef1 kh\u00e1c bi\u1ec7t.&#8221;<\/p>\n<p>Cu\u1ed1n s\u00e1ch n\u00e0y &#8220;\u0111\u1ebfch&#8221; quan t\u00e2m \u0111\u1ebfn vi\u1ec7c l\u00e0m khu\u00e2y kh\u1ecfa nh\u1eefng v\u1ea5n \u0111\u1ec1 hay nh\u1eefng \u0111\u1edbn \u0111au c\u1ee7a b\u1ea1n. N\u00f3 c\u0169ng kh\u00f4ng ph\u1ea3i m\u1ed9t ch\u1ec9 d\u1eabn \u0111\u1ec3 \u0111\u1ea1t \u0111\u1ebfn s\u1ef1 v\u0129 \u0111\u1ea1i. Thay v\u00e0o \u0111\u00f3, n\u00f3 s\u1ebd bi\u1ebfn nh\u1eefng n\u1ed7i \u0111au c\u1ee7a b\u1ea1n tr\u1edf th\u00e0nh m\u1ed9t th\u1ee9 c\u00f4ng c\u1ee5, bi\u1ebfn nh\u1eefng ch\u1ea5n th\u01b0\u01a1ng th\u00e0nh s\u1ee9c m\u1ea1nh v\u00e0 bi\u1ebfn nh\u1eefng v\u1ea5n \u0111\u1ec1 tr\u1edf n\u00ean nh\u1eb9 nh\u00e0ng h\u01a1n.<\/p>\n<p>\u0110\u00e2y l\u00e0 cu\u1ed1n s\u00e1ch \u0111\u1ec3 b\u1ea1n nh\u1eb9 nh\u00e0ng ti\u1ebfn v\u1ec1 ph\u00eda tr\u01b0\u1edbc m\u1eb7c k\u1ec7 nh\u1eefng th\u1ed1ng kh\u1ed5 d\u1eb1n v\u1eb7t v\u00e0 ngon gi\u1ea5c h\u01a1n, m\u1eb7c k\u1ec7 nh\u1eefng n\u1ed7i s\u1ee3 h\u00e3i kh\u1ee7ng khi\u1ebfp d\u00e0y v\u00f2 b\u1ea1n.<\/p>\n","protected":false},"excerpt":{"rendered":"<p>Trong su\u1ed1t nhi\u1ec1u th\u1eadp k\u1ef7, ch\u00fang ta \u0111\u01b0\u1ee3c d\u1ea1y ch\u00eca kh\u00f3a c\u1ee7a m\u1ed9t cu\u1ed9c s\u1ed1ng h\u1ea1nh ph\u00fac, \u0111\u1ee7 \u0111\u1ea7y l\u00e0 suy ngh\u0129 t\u00edch c\u1ef1c. &#8220;M\u1eb7c k\u1ec7 s\u1ef1 t\u00edch c\u1ef1c,&#8221; Mark Manson n\u00f3i, &#8220;H\u00e3y th\u00e0nh th\u1eadt v\u1edbi nhau, nh\u1eefng chuy\u1ec7n r\u1eafc r\u1ed1i v\u1eabn th\u01b0\u1eddng x\u1ea3y ra v\u00e0 ch\u00fang ta ph\u1ea3i s\u1ed1ng chung v\u1edbi n\u00f3.&#8221;<\/p>\n<p>Ngh\u1ec7 Thu\u1eadt Tinh T\u1ebf C\u1ee7a Vi\u1ec7c \u0110\u1ebfch Quan T\u00e2m (T\u00e1i B\u1ea3n)<\/p>\n<p>&#8220;T\u00f4i \u0111\u00e3 t\u1eebng quan t\u00e2m \u0111\u1ebfn qu\u00e1 nhi\u1ec1u th\u1ee9 trong \u0111\u1eddi. \u0110\u1ed3ng th\u1eddi t\u00f4i c\u0169ng &#8216;\u0111\u1ebfch&#8217; quan t\u00e2m t\u1edbi nhi\u1ec1u ng\u01b0\u1eddi, nhi\u1ec1u \u0111i\u1ec1u kh\u00e1c n\u1eefa. V\u00e0 gi\u1ed1ng nh\u01b0 con \u0111\u01b0\u1eddng ch\u01b0a t\u1eebng \u0111\u01b0\u1ee3c khai ph\u00e1, ch\u00ednh nh\u1eefng \u0111i\u1ec1u t\u00f4i &#8216;\u0111\u1ebfch&#8217; quan t\u00e2m \u1ea5y l\u1ea1i t\u1ea1o n\u00ean s\u1ef1 kh\u00e1c bi\u1ec7t.&#8221;<\/p>\n<p>Cu\u1ed1n s\u00e1ch n\u00e0y &#8220;\u0111\u1ebfch&#8221; quan t\u00e2m \u0111\u1ebfn vi\u1ec7c l\u00e0m khu\u00e2y kh\u1ecfa nh\u1eefng v\u1ea5n \u0111\u1ec1 hay nh\u1eefng \u0111\u1edbn \u0111au c\u1ee7a b\u1ea1n. N\u00f3 c\u0169ng kh\u00f4ng ph\u1ea3i m\u1ed9t ch\u1ec9 d\u1eabn \u0111\u1ec3 \u0111\u1ea1t \u0111\u1ebfn s\u1ef1 v\u0129 \u0111\u1ea1i. Thay v\u00e0o \u0111\u00f3, n\u00f3 s\u1ebd bi\u1ebfn nh\u1eefng n\u1ed7i \u0111au c\u1ee7a b\u1ea1n tr\u1edf th\u00e0nh m\u1ed9t th\u1ee9 c\u00f4ng c\u1ee5, bi\u1ebfn nh\u1eefng ch\u1ea5n th\u01b0\u01a1ng th\u00e0nh s\u1ee9c m\u1ea1nh v\u00e0 bi\u1ebfn nh\u1eefng v\u1ea5n \u0111\u1ec1 tr\u1edf n\u00ean nh\u1eb9 nh\u00e0ng h\u01a1n.<\/p>\n<p>\u0110\u00e2y l\u00e0 cu\u1ed1n s\u00e1ch \u0111\u1ec3 b\u1ea1n nh\u1eb9 nh\u00e0ng ti\u1ebfn v\u1ec1 ph\u00eda tr\u01b0\u1edbc m\u1eb7c k\u1ec7 nh\u1eefng th\u1ed1ng kh\u1ed5 d\u1eb1n v\u1eb7t v\u00e0 ngon gi\u1ea5c h\u01a1n, m\u1eb7c k\u1ec7 nh\u1eefng n\u1ed7i s\u1ee3 h\u00e3i kh\u1ee7ng khi\u1ebfp d\u00e0y v\u00f2 b\u1ea1n.<\/p>\n","protected":false},"featured_media":23105,"template":"","meta":{"_acf_changed":false},"product_brand":[],"product_cat":[15,46],"product_tag":[83],"class_list":{"0":"post-23106","1":"product","2":"type-product","3":"status-publish","4":"has-post-thumbnail","6":"product_cat-sach-danh-cho-nguoi-lon","7":"product_cat-ky-nang-song","8":"product_tag-sach-moi-xuat-ban","10":"first","11":"outofstock","12":"taxable","13":"shipping-taxable","14":"purchasable","15":"product-type-simple"},"supplier_id":null,"supplier_sku":"","barcode":null,"atum_controlled":true,"out_stock_date":"2023-04-06 15:41:00","out_stock_threshold":null,"inheritable":false,"inbound_stock":0,"stock_on_hold":0,"sold_today":0,"sales_last_days":0,"reserved_stock":0,"customer_returns":0,"warehouse_damage":0,"lost_in_post":0,"other_logs":0,"out_stock_days":1028,"lost_sales":0,"has_location":false,"update_date":"2026-01-28T23:11:12","atum_locations":[],"atum_stock_status":"outofstock","restock_status":false,"low_stock_amount":"","sales_update_date":"2026-01-28T23:11:12","calc_backorders":null,"acf":{"publisher":{"ID":1472,"post_author":"1","post_date":"2021-02-17 01:12:50","post_date_gmt":"2021-02-16 23:12:50","post_content":"","post_title":"Huy Ho\u00e0ng Bookstore","post_excerpt":"","post_status":"publish","comment_status":"closed","ping_status":"closed","post_password":"","post_name":"huy-hoang-bookstore","to_ping":"","pinged":"","post_modified":"2021-02-17 01:12:50","post_modified_gmt":"2021-02-16 23:12:50","post_content_filtered":"","post_parent":0,"guid":"https:\/\/sachviet.eu\/nha-phat-hanh\/huy-hoang-bookstore\/","menu_order":0,"post_type":"publisher","post_mime_type":"","comment_count":"0","filter":"raw"}},"_links":{"self":[{"href":"https:\/\/sachviet.eu\/en\/wp-json\/wp\/v2\/product\/23106","targetHints":{"allow":["GET"]}}],"collection":[{"href":"https:\/\/sachviet.eu\/en\/wp-json\/wp\/v2\/product"}],"about":[{"href":"https:\/\/sachviet.eu\/en\/wp-json\/wp\/v2\/types\/product"}],"wp:featuredmedia":[{"embeddable":true,"href":"https:\/\/sachviet.eu\/en\/wp-json\/wp\/v2\/media\/23105"}],"wp:attachment":[{"href":"https:\/\/sachviet.eu\/en\/wp-json\/wp\/v2\/media?parent=23106"}],"wp:term":[{"taxonomy":"product_brand","embeddable":true,"href":"https:\/\/sachviet.eu\/en\/wp-json\/wp\/v2\/product_brand?post=23106"},{"taxonomy":"product_cat","embeddable":true,"href":"https:\/\/sachviet.eu\/en\/wp-json\/wp\/v2\/product_cat?post=23106"},{"taxonomy":"product_tag","embeddable":true,"href":"https:\/\/sachviet.eu\/en\/wp-json\/wp\/v2\/product_tag?post=23106"}],"curies":[{"name":"wp","href":"https:\/\/api.w.org\/{rel}","templated":true}]}}