{"id":23104,"date":"2023-04-02T18:45:35","date_gmt":"2023-04-02T15:45:35","guid":{"rendered":"https:\/\/sachviet.eu\/shop\/bo-4-cuon-song-ngu-viet-anh-co-minh-hoa-mau-chap-chung-lon-len-cam-on-nhe-lan-nua-nao-den-luot-cau-day-mau-khoe-nhe-bo-oi\/"},"modified":"2023-04-02T20:45:02","modified_gmt":"2023-04-02T17:45:02","slug":"bo-4-cuon-song-ngu-viet-anh-co-minh-hoa-mau-chap-chung-lon-len-cam-on-nhe-lan-nua-nao-den-luot-cau-day-mau-khoe-nhe-bo-oi","status":"publish","type":"product","link":"https:\/\/sachviet.eu\/en\/shop\/bo-4-cuon-song-ngu-viet-anh-co-minh-hoa-mau-chap-chung-lon-len-cam-on-nhe-lan-nua-nao-den-luot-cau-day-mau-khoe-nhe-bo-oi\/","title":{"rendered":"(B\u1ed9 4 cu\u1ed1n song ng\u1eef Vi\u1ec7t \u2013 Anh c\u00f3 minh h\u1ecda m\u00e0u) CH\u1eacP CH\u1eeeNG L\u1edaN L\u00caN: C\u1ea3m \u01a1n nh\u00e9! + L\u1ea7n n\u1eefa n\u00e0o! + \u0110\u1ebfn l\u01b0\u1ee3t c\u1eadu \u0111\u1ea5y! + Mau kh\u1ecfe nh\u00e9, b\u1ed1 \u01a1i!"},"content":{"rendered":"<p>\u201cCh\u1eadp ch\u1eefng l\u1edbn l\u00ean \u2013 L\u01b0\u1ee3t t\u1edb, l\u01b0\u1ee3t c\u1eadu!\u201d D\u00e0nh cho c\u00e1c b\u00e9 t\u1eeb \u0111\u1ed9 tu\u1ed5i 3+. B\u1ed9 s\u00e1ch song ng\u1eef Anh \u2013 Vi\u1ec7t \u201cCh\u1eadp ch\u1eefng l\u1edbn l\u00ean\u201d v\u1edbi nh\u1eefng c\u00e2u chuy\u1ec7n \u0111\u01a1n gi\u1ea3n v\u00e0 h\u00ecnh \u1ea3nh minh h\u1ecda h\u1ea5p d\u1eabn, m\u1edf ra nh\u1eefng cu\u1ed9c tr\u00f2 chuy\u1ec7n v\u1ec1 c\u1ea3m x\u00fac v\u00e0 s\u1ee9c kh\u1ecfe tinh th\u1ea7n, cung c\u1ea5p cho cha m\u1eb9 nh\u1eefng c\u00f4ng c\u1ee5 v\u00e0 ng\u00f4n ng\u1eef c\u1ea7n thi\u1ebft \u0111\u1ec3 ph\u00e1t tri\u1ec3n v\u00e0 nu\u00f4i d\u01b0\u1ee1ng tr\u00ed tu\u1ec7 c\u1ea3m x\u00fac \u1edf tr\u1ebb.<\/p>\n<p>\u201cL\u01b0\u1ee3t t\u1edb, l\u01b0\u1ee3t c\u1eadu!\u201d gi\u1edbi thi\u1ec7u v\u00e0 ph\u00e1t tri\u1ec3n \u00fd t\u01b0\u1edfng v\u1ec1 S\u1ef0 CHIA S\u1eba cho tr\u1ebb em t\u1eeb 1\u20133 tu\u1ed5i.<\/p>\n<p>Malik v\u00e0 Cora \u0111\u1ec1u mu\u1ed1n l\u00e1i m\u00e1y bay \u0111\u1ed3 ch\u01a1i gi\u1ed1ng nhau. H\u00e3y xem s\u1ef1 th\u1ea5t v\u1ecdng nh\u01b0\u1eddng ch\u1ed7 cho ni\u1ec1m vui khi c\u1ea3 hai th\u1eed tr\u00f2 ch\u01a1i chia s\u1ebb nh\u00e9!<\/p>\n<p>Nh\u1eefng nghi\u00ean c\u1ee9u g\u1ea7n \u0111\u00e2y cho th\u1ea5y r\u1eb1ng s\u1ef1 ph\u00e1t tri\u1ec3n c\u1ea3m x\u00fac b\u1eaft \u0111\u1ea7u t\u1eeb giai \u0111o\u1ea1n s\u01a1 sinh, khi tr\u1ebb l\u1ea7n \u0111\u1ea7u ti\u00ean g\u1eafn b\u00f3 v\u1edbi ng\u01b0\u1eddi ch\u0103m s\u00f3c c\u1ee7a m\u00ecnh. Ph\u00e1t tri\u1ec3n tr\u00ed tu\u1ec7 c\u1ea3m x\u00fac s\u1edbm gi\u00fap tr\u1ebb h\u00ecnh th\u00e0nh c\u00e1c m\u1ed1i quan h\u1ec7 l\u00e0nh m\u1ea1nh v\u00e0 l\u00e2u d\u00e0i, x\u00e2y d\u1ef1ng n\u1ec1n t\u1ea3ng cho s\u1ee9c kh\u1ecfe tinh th\u1ea7n \u1ed5n \u0111\u1ecbnh v\u00e0 \u0111\u1eb7t n\u1ec1n t\u1ea3ng cho th\u00e0nh t\u00edch h\u1ecdc t\u1eadp. H\u00e3y cho con m\u1ed9t kh\u1edfi \u0111\u1ea7u t\u01b0\u01a1i s\u00e1ng \u0111\u1ec3 c\u00f3 m\u1ed9t cu\u1ed9c s\u1ed1ng kh\u1ecfe m\u1ea1nh v\u00e0 h\u1ea1nh ph\u00fac h\u01a1n.<\/p>\n","protected":false},"excerpt":{"rendered":"<p>\u201cCh\u1eadp ch\u1eefng l\u1edbn l\u00ean \u2013 L\u01b0\u1ee3t t\u1edb, l\u01b0\u1ee3t c\u1eadu!\u201d D\u00e0nh cho c\u00e1c b\u00e9 t\u1eeb \u0111\u1ed9 tu\u1ed5i 3+. B\u1ed9 s\u00e1ch song ng\u1eef Anh \u2013 Vi\u1ec7t \u201cCh\u1eadp ch\u1eefng l\u1edbn l\u00ean\u201d v\u1edbi nh\u1eefng c\u00e2u chuy\u1ec7n \u0111\u01a1n gi\u1ea3n v\u00e0 h\u00ecnh \u1ea3nh minh h\u1ecda h\u1ea5p d\u1eabn, m\u1edf ra nh\u1eefng cu\u1ed9c tr\u00f2 chuy\u1ec7n v\u1ec1 c\u1ea3m x\u00fac v\u00e0 s\u1ee9c kh\u1ecfe tinh th\u1ea7n, cung c\u1ea5p cho cha m\u1eb9 nh\u1eefng c\u00f4ng c\u1ee5 v\u00e0 ng\u00f4n ng\u1eef c\u1ea7n thi\u1ebft \u0111\u1ec3 ph\u00e1t tri\u1ec3n v\u00e0 nu\u00f4i d\u01b0\u1ee1ng tr\u00ed tu\u1ec7 c\u1ea3m x\u00fac \u1edf tr\u1ebb.<\/p>\n<p>\u201cL\u01b0\u1ee3t t\u1edb, l\u01b0\u1ee3t c\u1eadu!\u201d gi\u1edbi thi\u1ec7u v\u00e0 ph\u00e1t tri\u1ec3n \u00fd t\u01b0\u1edfng v\u1ec1 S\u1ef0 CHIA S\u1eba cho tr\u1ebb em t\u1eeb 1\u20133 tu\u1ed5i.<\/p>\n<p>Malik v\u00e0 Cora \u0111\u1ec1u mu\u1ed1n l\u00e1i m\u00e1y bay \u0111\u1ed3 ch\u01a1i gi\u1ed1ng nhau. H\u00e3y xem s\u1ef1 th\u1ea5t v\u1ecdng nh\u01b0\u1eddng ch\u1ed7 cho ni\u1ec1m vui khi c\u1ea3 hai th\u1eed tr\u00f2 ch\u01a1i chia s\u1ebb nh\u00e9!<\/p>\n<p>Nh\u1eefng nghi\u00ean c\u1ee9u g\u1ea7n \u0111\u00e2y cho th\u1ea5y r\u1eb1ng s\u1ef1 ph\u00e1t tri\u1ec3n c\u1ea3m x\u00fac b\u1eaft \u0111\u1ea7u t\u1eeb giai \u0111o\u1ea1n s\u01a1 sinh, khi tr\u1ebb l\u1ea7n \u0111\u1ea7u ti\u00ean g\u1eafn b\u00f3 v\u1edbi ng\u01b0\u1eddi ch\u0103m s\u00f3c c\u1ee7a m\u00ecnh. Ph\u00e1t tri\u1ec3n tr\u00ed tu\u1ec7 c\u1ea3m x\u00fac s\u1edbm gi\u00fap tr\u1ebb h\u00ecnh th\u00e0nh c\u00e1c m\u1ed1i quan h\u1ec7 l\u00e0nh m\u1ea1nh v\u00e0 l\u00e2u d\u00e0i, x\u00e2y d\u1ef1ng n\u1ec1n t\u1ea3ng cho s\u1ee9c kh\u1ecfe tinh th\u1ea7n \u1ed5n \u0111\u1ecbnh v\u00e0 \u0111\u1eb7t n\u1ec1n t\u1ea3ng cho th\u00e0nh t\u00edch h\u1ecdc t\u1eadp. H\u00e3y cho con m\u1ed9t kh\u1edfi \u0111\u1ea7u t\u01b0\u01a1i s\u00e1ng \u0111\u1ec3 c\u00f3 m\u1ed9t cu\u1ed9c s\u1ed1ng kh\u1ecfe m\u1ea1nh v\u00e0 h\u1ea1nh ph\u00fac h\u01a1n.<\/p>\n","protected":false},"featured_media":23103,"template":"","meta":{"_acf_changed":false},"product_brand":[],"product_cat":[24,25,17],"product_tag":[],"class_list":{"0":"post-23104","1":"product","2":"type-product","3":"status-publish","4":"has-post-thumbnail","6":"product_cat-nha-tre-mau-giao-0-tuoi-6-tuoi","7":"product_cat-nhi-dong-6-tuoi-12-tuoi","8":"product_cat-sach-danh-cho-cac-be","10":"first","11":"instock","12":"taxable","13":"shipping-taxable","14":"purchasable","15":"product-type-simple"},"supplier_id":null,"supplier_sku":"","barcode":null,"atum_controlled":true,"out_stock_date":null,"out_stock_threshold":null,"inheritable":false,"inbound_stock":0,"stock_on_hold":0,"sold_today":0,"sales_last_days":0,"reserved_stock":0,"customer_returns":0,"warehouse_damage":0,"lost_in_post":0,"other_logs":0,"out_stock_days":0,"lost_sales":0,"has_location":false,"update_date":"2026-01-28T23:11:18","atum_locations":[],"atum_stock_status":"instock","restock_status":false,"low_stock_amount":"","sales_update_date":"2026-01-28T23:11:18","calc_backorders":null,"acf":{"publisher":{"ID":1474,"post_author":"1","post_date":"2021-02-17 01:12:51","post_date_gmt":"2021-02-16 23:12:51","post_content":"","post_title":"Th\u00e1i H\u00e0","post_excerpt":"","post_status":"publish","comment_status":"closed","ping_status":"closed","post_password":"","post_name":"thai-ha","to_ping":"","pinged":"","post_modified":"2021-02-17 01:12:51","post_modified_gmt":"2021-02-16 23:12:51","post_content_filtered":"","post_parent":0,"guid":"https:\/\/sachviet.eu\/nha-phat-hanh\/thai-ha\/","menu_order":0,"post_type":"publisher","post_mime_type":"","comment_count":"0","filter":"raw"}},"_links":{"self":[{"href":"https:\/\/sachviet.eu\/en\/wp-json\/wp\/v2\/product\/23104","targetHints":{"allow":["GET"]}}],"collection":[{"href":"https:\/\/sachviet.eu\/en\/wp-json\/wp\/v2\/product"}],"about":[{"href":"https:\/\/sachviet.eu\/en\/wp-json\/wp\/v2\/types\/product"}],"wp:featuredmedia":[{"embeddable":true,"href":"https:\/\/sachviet.eu\/en\/wp-json\/wp\/v2\/media\/23103"}],"wp:attachment":[{"href":"https:\/\/sachviet.eu\/en\/wp-json\/wp\/v2\/media?parent=23104"}],"wp:term":[{"taxonomy":"product_brand","embeddable":true,"href":"https:\/\/sachviet.eu\/en\/wp-json\/wp\/v2\/product_brand?post=23104"},{"taxonomy":"product_cat","embeddable":true,"href":"https:\/\/sachviet.eu\/en\/wp-json\/wp\/v2\/product_cat?post=23104"},{"taxonomy":"product_tag","embeddable":true,"href":"https:\/\/sachviet.eu\/en\/wp-json\/wp\/v2\/product_tag?post=23104"}],"curies":[{"name":"wp","href":"https:\/\/api.w.org\/{rel}","templated":true}]}}