{"id":23102,"date":"2023-04-02T18:45:26","date_gmt":"2023-04-02T15:45:26","guid":{"rendered":"https:\/\/sachviet.eu\/shop\/bo-sach-me-va-be-me-oi-minh-cung-lam-nhe-me-la-cua-to-mot-vong-yeu-thuong\/"},"modified":"2024-08-11T22:15:13","modified_gmt":"2024-08-11T19:15:13","slug":"bo-sach-me-va-be-me-oi-minh-cung-lam-nhe-me-la-cua-to-mot-vong-yeu-thuong","status":"publish","type":"product","link":"https:\/\/sachviet.eu\/en\/shop\/bo-sach-me-va-be-me-oi-minh-cung-lam-nhe-me-la-cua-to-mot-vong-yeu-thuong\/","title":{"rendered":"B\u1ed9 s\u00e1ch M\u1eb9 v\u00e0 B\u00e9: M\u1eb8 \u01a0I, M\u00ccNH C\u00d9NG L\u00c0M NH\u00c9!, M\u1eb8 L\u00c0 C\u1ee6A T\u1eda, M\u1ed8T V\u00d2NG Y\u00caU TH\u01af\u01a0NG"},"content":{"rendered":"<p>T\u00e1c gia ng\u01b0\u1eddi M\u0129 chuy\u00ean vi\u1ebft cho thi\u1ebfu nhi &#8211; Kate Douglas Wiggin &#8211; t\u1eebng n\u00f3i: \u201cTr\u00ean \u0111\u1eddi n\u00e0y, h\u1ea7u h\u1ebft nh\u1eefng g\u00ec \u0111\u1eb9p \u0111\u1ebd \u0111\u1ec1u hi\u1ec7n ra th\u00e0nh \u0111\u00f4i, th\u00e0nh ba, th\u00e0nh h\u00e0ng t\u00e1 hay h\u00e0ng tr\u0103m&#8230; nhi\u1ec1u nh\u01b0 th\u1ec3 nh\u1eefng b\u00f4ng h\u1ed3ng, nh\u1eefng bu\u1ed5i ho\u00e0ng h\u00f4n, nh\u1eefng v\u1ea7ng c\u1ea7u v\u1ed3ng\u2026 nh\u01b0ng ai c\u0169ng ch\u1ec9 c\u00f3 m\u1ed9t ng\u01b0\u1eddi m\u1eb9 m\u00e0 th\u00f4i.\u201d<\/p>\n<p>Th\u1eadt v\u1eady, s\u1ef1 \u00e2u y\u1ebfm c\u1ee7a m\u1eb9, cu\u1ed9c d\u1ea1o ch\u01a1i th\u00fa v\u1ecb, nh\u1eefng gi\u00e2y ph\u00fat say s\u01b0a nghe k\u1ec3 chuy\u1ec7n vui t\u01b0\u01a1i\u2026 s\u1ebd theo b\u00e9 \u0111i su\u1ed1t cu\u1ed9c \u0111\u1eddi.<br \/>\nH\u00e3y c\u00f9ng l\u1eadt gi\u1edf t\u1eebng trang s\u00e1ch tuy\u1ec7t \u0111\u1eb9p v\u00e0 \u0111\u00e1ng y\u00eau \u0111\u1ec3 kh\u00e1m ph\u00e1 t\u00ecnh c\u1ea3m \u1ea5m \u00e1p c\u1ee7a b\u00e9 v\u00e0 m\u1eb9 nh\u00e9!<\/p>\n<p>T\u00e1c gi\u1ea3 Ng\u00f4 Anh Thi (sinh n\u0103m 1979) hi\u1ec7n \u0111ang s\u1ed1ng c\u00f9ng gia \u0111\u00ecnh nh\u1ecf t\u1ea1i H\u00e0 Lan. Ch\u1ecb t\u1eebng tham gia d\u1ecbch m\u1ed9t s\u1ed1 t\u00e1c ph\u1ea9m v\u0103n h\u1ecdc thi\u1ebfu nhi c\u1ee7a H\u00e0 Lan, ti\u00eau bi\u1ec3u l\u00e0 truy\u1ec7n B\u00e0 t\u00f4i \u0111\u00e3 t\u1eeb t\u1eeb nh\u1ecf \u0111i v\u00e0 B\u1ea1n ch\u00ednh l\u00e0 s\u1ea3n ph\u1ea9m c\u1ee7a N\u00e3o\u2026<\/p>\n<p>D\u1ef1a tr\u00ean nh\u1eefng m\u1ea9u chuy\u1ec7n v\u1edbi hai c\u00f4 con g\u00e1i, ch\u1ecb \u0111\u00e3 vi\u1ebft t\u1eadp truy\u1ec7n n\u00e0y \u0111\u1ec3 l\u01b0u l\u1ea1i nh\u1eefng k\u1ec9 ni\u1ec7m \u0111\u1eb9p v\u1ec1 t\u00ecnh m\u1eb9 con.<\/p>\n","protected":false},"excerpt":{"rendered":"<p>T\u00e1c gia ng\u01b0\u1eddi M\u0129 chuy\u00ean vi\u1ebft cho thi\u1ebfu nhi &#8211; Kate Douglas Wiggin &#8211; t\u1eebng n\u00f3i: \u201cTr\u00ean \u0111\u1eddi n\u00e0y, h\u1ea7u h\u1ebft nh\u1eefng g\u00ec \u0111\u1eb9p \u0111\u1ebd \u0111\u1ec1u hi\u1ec7n ra th\u00e0nh \u0111\u00f4i, th\u00e0nh ba, th\u00e0nh h\u00e0ng t\u00e1 hay h\u00e0ng tr\u0103m&#8230; nhi\u1ec1u nh\u01b0 th\u1ec3 nh\u1eefng b\u00f4ng h\u1ed3ng, nh\u1eefng bu\u1ed5i ho\u00e0ng h\u00f4n, nh\u1eefng v\u1ea7ng c\u1ea7u v\u1ed3ng\u2026 nh\u01b0ng ai c\u0169ng ch\u1ec9 c\u00f3 m\u1ed9t ng\u01b0\u1eddi m\u1eb9 m\u00e0 th\u00f4i.\u201d<\/p>\n<p>Th\u1eadt v\u1eady, s\u1ef1 \u00e2u y\u1ebfm c\u1ee7a m\u1eb9, cu\u1ed9c d\u1ea1o ch\u01a1i th\u00fa v\u1ecb, nh\u1eefng gi\u00e2y ph\u00fat say s\u01b0a nghe k\u1ec3 chuy\u1ec7n vui t\u01b0\u01a1i\u2026 s\u1ebd theo b\u00e9 \u0111i su\u1ed1t cu\u1ed9c \u0111\u1eddi.<br \/>\nH\u00e3y c\u00f9ng l\u1eadt gi\u1edf t\u1eebng trang s\u00e1ch tuy\u1ec7t \u0111\u1eb9p v\u00e0 \u0111\u00e1ng y\u00eau \u0111\u1ec3 kh\u00e1m ph\u00e1 t\u00ecnh c\u1ea3m \u1ea5m \u00e1p c\u1ee7a b\u00e9 v\u00e0 m\u1eb9 nh\u00e9!<\/p>\n<p>T\u00e1c gi\u1ea3 Ng\u00f4 Anh Thi (sinh n\u0103m 1979) hi\u1ec7n \u0111ang s\u1ed1ng c\u00f9ng gia \u0111\u00ecnh nh\u1ecf t\u1ea1i H\u00e0 Lan. Ch\u1ecb t\u1eebng tham gia d\u1ecbch m\u1ed9t s\u1ed1 t\u00e1c ph\u1ea9m v\u0103n h\u1ecdc thi\u1ebfu nhi c\u1ee7a H\u00e0 Lan, ti\u00eau bi\u1ec3u l\u00e0 truy\u1ec7n B\u00e0 t\u00f4i \u0111\u00e3 t\u1eeb t\u1eeb nh\u1ecf \u0111i v\u00e0 B\u1ea1n ch\u00ednh l\u00e0 s\u1ea3n ph\u1ea9m c\u1ee7a N\u00e3o\u2026<\/p>\n<p>D\u1ef1a tr\u00ean nh\u1eefng m\u1ea9u chuy\u1ec7n v\u1edbi hai c\u00f4 con g\u00e1i, ch\u1ecb \u0111\u00e3 vi\u1ebft t\u1eadp truy\u1ec7n n\u00e0y \u0111\u1ec3 l\u01b0u l\u1ea1i nh\u1eefng k\u1ec9 ni\u1ec7m \u0111\u1eb9p v\u1ec1 t\u00ecnh m\u1eb9 con.<\/p>\n","protected":false},"featured_media":23099,"template":"","meta":{"_acf_changed":false},"product_brand":[],"product_cat":[24,25,17],"product_tag":[83],"class_list":{"0":"post-23102","1":"product","2":"type-product","3":"status-publish","4":"has-post-thumbnail","6":"product_cat-nha-tre-mau-giao-0-tuoi-6-tuoi","7":"product_cat-nhi-dong-6-tuoi-12-tuoi","8":"product_cat-sach-danh-cho-cac-be","9":"product_tag-sach-moi-xuat-ban","11":"first","12":"outofstock","13":"taxable","14":"shipping-taxable","15":"purchasable","16":"product-type-simple"},"supplier_id":null,"supplier_sku":"","barcode":null,"atum_controlled":true,"out_stock_date":"2024-08-11 19:15:13","out_stock_threshold":null,"inheritable":false,"inbound_stock":0,"stock_on_hold":0,"sold_today":0,"sales_last_days":0,"reserved_stock":0,"customer_returns":0,"warehouse_damage":0,"lost_in_post":0,"other_logs":0,"out_stock_days":535,"lost_sales":610,"has_location":false,"update_date":"2026-01-28T23:11:19","atum_locations":[],"atum_stock_status":"outofstock","restock_status":false,"low_stock_amount":"","sales_update_date":"2026-01-28T23:11:19","calc_backorders":null,"acf":{"publisher":{"ID":1454,"post_author":"1","post_date":"2021-02-17 01:11:34","post_date_gmt":"2021-02-16 23:11:34","post_content":"<!-- wp:flatsome\/uxbuilder -->\n<h1 style=\"text-align: center;\"><strong>Kim \u0110\u1ed3ng<\/strong><\/h1>\n[row]\n\n[col span=\"3\" span__sm=\"12\"]\n\n[ux_image id=\"1534\" image_size=\"medium\"]\n\n\n[\/col]\n[col span=\"9\" span__sm=\"12\"]\n\n<p>Nh\u00e0 xu\u1ea5t b\u1ea3n Kim \u0110\u1ed3ng tr\u1ef1c thu\u1ed9c Trung \u01b0\u01a1ng \u0110o\u00e0n TNCS H\u1ed3 Ch\u00ed Minh l\u00e0 Nh\u00e0 xu\u1ea5t b\u1ea3n t\u1ed5ng h\u1ee3p c\u00f3 ch\u1ee9c n\u0103ng xu\u1ea5t b\u1ea3n s\u00e1ch v\u00e0 v\u0103n h\u00f3a ph\u1ea9m ph\u1ee5c v\u1ee5 thi\u1ebfu nhi v\u00e0 c\u00e1c b\u1eadc ph\u1ee5 huynh trong c\u1ea3 n\u01b0\u1edbc, qu\u1ea3ng b\u00e1 v\u00e0 gi\u1edbi thi\u1ec7u v\u0103n h\u00f3a Vi\u1ec7t Nam ra th\u1ebf gi\u1edbi.<br \/>Nh\u00e0 xu\u1ea5t b\u1ea3n c\u00f3 nhi\u1ec7m v\u1ee5 t\u1ed5 ch\u1ee9c b\u1ea3n th\u1ea3o, bi\u00ean so\u1ea1n, bi\u00ean d\u1ecbch, xu\u1ea5t b\u1ea3n v\u00e0 ph\u00e1t h\u00e0nh c\u00e1c xu\u1ea5t b\u1ea3n ph\u1ea9m c\u00f3 n\u1ed9i dung: gi\u00e1o d\u1ee5c truy\u1ec1n th\u1ed1ng d\u00e2n t\u1ed9c, gi\u00e1o d\u1ee5c v\u1ec1 tri th\u1ee9c, ki\u1ebfn th\u1ee9c\u2026 tr\u00ean c\u00e1c l\u0129nh v\u1ef1c v\u0103n h\u1ecdc, ngh\u1ec7 thu\u1eadt, khoa h\u1ecdc k\u1ef9 thu\u1eadt nh\u1eb1m cung c\u1ea5p cho c\u00e1c em thi\u1ebfu nhi c\u0169ng nh\u01b0 c\u00e1c b\u1eadc ph\u1ee5 huynh c\u00e1c ki\u1ebfn th\u1ee9c c\u1ea7n thi\u1ebft trong cu\u1ed9c s\u1ed1ng, nh\u1eefng tinh hoa c\u1ee7a tri th\u1ee9c nh\u00e2n lo\u1ea1i nh\u1eb1m g\u00f3p ph\u1ea7n gi\u00e1o d\u1ee5c v\u00e0 h\u00ecnh th\u00e0nh nh\u00e2n c\u00e1ch th\u1ebf h\u1ec7 tr\u1ebb.<br \/>\u0110\u1ed1i t\u01b0\u1ee3ng ph\u1ee5c v\u1ee5 c\u1ee7a Nh\u00e0 xu\u1ea5t b\u1ea3n l\u00e0 c\u00e1c em t\u1eeb tu\u1ed5i nh\u00e0 tr\u1ebb m\u1eabu gi\u00e1o (1 \u0111\u1ebfn 5 tu\u1ed5i), nhi \u0111\u1ed3ng (6 \u0111\u1ebfn 9 tu\u1ed5i), thi\u1ebfu ni\u00ean (10 \u0111\u1ebfn 15 tu\u1ed5i) \u0111\u1ebfn c\u00e1c em tu\u1ed5i m\u1edbi l\u1edbn (16 \u0111\u1ebfn 18 tu\u1ed5i) v\u00e0 c\u00e1c b\u1eadc ph\u1ee5 huynh.<\/p>\n\n[\/col]\n\n[\/row]\n\n<!-- \/wp:flatsome\/uxbuilder -->","post_title":"Kim \u0110\u1ed3ng","post_excerpt":"","post_status":"publish","comment_status":"closed","ping_status":"closed","post_password":"","post_name":"kim-dong","to_ping":"","pinged":"","post_modified":"2021-02-17 01:31:56","post_modified_gmt":"2021-02-16 23:31:56","post_content_filtered":"","post_parent":0,"guid":"https:\/\/sachviet.eu\/nha-phat-hanh\/kim-dong\/","menu_order":0,"post_type":"publisher","post_mime_type":"","comment_count":"0","filter":"raw"}},"_links":{"self":[{"href":"https:\/\/sachviet.eu\/en\/wp-json\/wp\/v2\/product\/23102","targetHints":{"allow":["GET"]}}],"collection":[{"href":"https:\/\/sachviet.eu\/en\/wp-json\/wp\/v2\/product"}],"about":[{"href":"https:\/\/sachviet.eu\/en\/wp-json\/wp\/v2\/types\/product"}],"wp:featuredmedia":[{"embeddable":true,"href":"https:\/\/sachviet.eu\/en\/wp-json\/wp\/v2\/media\/23099"}],"wp:attachment":[{"href":"https:\/\/sachviet.eu\/en\/wp-json\/wp\/v2\/media?parent=23102"}],"wp:term":[{"taxonomy":"product_brand","embeddable":true,"href":"https:\/\/sachviet.eu\/en\/wp-json\/wp\/v2\/product_brand?post=23102"},{"taxonomy":"product_cat","embeddable":true,"href":"https:\/\/sachviet.eu\/en\/wp-json\/wp\/v2\/product_cat?post=23102"},{"taxonomy":"product_tag","embeddable":true,"href":"https:\/\/sachviet.eu\/en\/wp-json\/wp\/v2\/product_tag?post=23102"}],"curies":[{"name":"wp","href":"https:\/\/api.w.org\/{rel}","templated":true}]}}