{"id":23088,"date":"2023-04-02T18:44:40","date_gmt":"2023-04-02T15:44:40","guid":{"rendered":"https:\/\/sachviet.eu\/shop\/storytime-truyen-hay-vun-dap-tinh-cam-bo-5-cuon\/"},"modified":"2023-06-12T21:20:35","modified_gmt":"2023-06-12T18:20:35","slug":"storytime-truyen-hay-vun-dap-tinh-cam-bo-5-cuon","status":"publish","type":"product","link":"https:\/\/sachviet.eu\/en\/shop\/storytime-truyen-hay-vun-dap-tinh-cam-bo-5-cuon\/","title":{"rendered":"Storytime &#8211; Truy\u1ec7n Hay Vun \u0110\u1eafp T\u00ecnh C\u1ea3m &#8211; B\u1ed9 5 cu\u1ed1n"},"content":{"rendered":"<p>Ti\u1ebfp t\u1ee5c series s\u00e1ch r\u1ea5t \u0111\u01b0\u1ee3c y\u00eau th\u00edch, Storytime &#8211; Truy\u1ec7n hay vun \u0111\u1eafp t\u00ecnh c\u1ea3m t\u1eadp h\u1ee3p nh\u1eefng c\u00e2u chuy\u1ec7n \u1ea5m \u00e1p, ng\u1ecdt ng\u00e0o, \u0111\u01b0\u1ee3c minh ho\u1ea1 sinh \u0111\u1ed9ng, b\u1eaft m\u1eaft, gi\u00fap tr\u1ebb nu\u00f4i d\u01b0\u1ee1ng t\u00ecnh c\u1ea3m y\u00eau th\u01b0\u01a1ng v\u1edbi gia \u0111\u00ecnh, b\u00e8 b\u1ea1n. B\u1ed9 s\u00e1ch g\u1ed3m 5 cu\u1ed1n, ph\u00f9 h\u1ee3p cho c\u00e1c em nh\u1ecf t\u1eeb 3 &#8211; 7 tu\u1ed5i:<br \/>\n1. Anh em chu\u1ed9t \u0111\u00e3 l\u1edbn r\u1ed3i<br \/>\n2. B\u00e9 kh\u1ee7ng long bi\u1ebfn m\u1ea5t<br \/>\n3. Nh\u00e0 l\u00e0 n\u01a1i tuy\u1ec7t nh\u1ea5t<br \/>\n4. Trong t\u00fai m\u1eb9 c\u00f3 g\u00ec th\u1ebf nh\u1ec9?<br \/>\n5. H\u00f2n \u0111\u00e1 th\u1ea7n k\u00ec<\/p>\n","protected":false},"excerpt":{"rendered":"<p>Ti\u1ebfp t\u1ee5c series s\u00e1ch r\u1ea5t \u0111\u01b0\u1ee3c y\u00eau th\u00edch, Storytime &#8211; Truy\u1ec7n hay vun \u0111\u1eafp t\u00ecnh c\u1ea3m t\u1eadp h\u1ee3p nh\u1eefng c\u00e2u chuy\u1ec7n \u1ea5m \u00e1p, ng\u1ecdt ng\u00e0o, \u0111\u01b0\u1ee3c minh ho\u1ea1 sinh \u0111\u1ed9ng, b\u1eaft m\u1eaft, gi\u00fap tr\u1ebb nu\u00f4i d\u01b0\u1ee1ng t\u00ecnh c\u1ea3m y\u00eau th\u01b0\u01a1ng v\u1edbi gia \u0111\u00ecnh, b\u00e8 b\u1ea1n. B\u1ed9 s\u00e1ch g\u1ed3m 5 cu\u1ed1n, ph\u00f9 h\u1ee3p cho c\u00e1c em nh\u1ecf t\u1eeb 3 &#8211; 7 tu\u1ed5i:<br \/>\n1. Anh em chu\u1ed9t \u0111\u00e3 l\u1edbn r\u1ed3i<br \/>\n2. B\u00e9 kh\u1ee7ng long bi\u1ebfn m\u1ea5t<br \/>\n3. Nh\u00e0 l\u00e0 n\u01a1i tuy\u1ec7t nh\u1ea5t<br \/>\n4. Trong t\u00fai m\u1eb9 c\u00f3 g\u00ec th\u1ebf nh\u1ec9?<br \/>\n5. H\u00f2n \u0111\u00e1 th\u1ea7n k\u00ec<\/p>\n","protected":false},"featured_media":23160,"template":"","meta":{"_acf_changed":false},"product_brand":[],"product_cat":[24,25,17],"product_tag":[],"class_list":{"0":"post-23088","1":"product","2":"type-product","3":"status-publish","4":"has-post-thumbnail","6":"product_cat-nha-tre-mau-giao-0-tuoi-6-tuoi","7":"product_cat-nhi-dong-6-tuoi-12-tuoi","8":"product_cat-sach-danh-cho-cac-be","10":"first","11":"outofstock","12":"taxable","13":"shipping-taxable","14":"purchasable","15":"product-type-simple"},"supplier_id":null,"supplier_sku":"","barcode":null,"atum_controlled":true,"out_stock_date":"2023-06-12 18:20:35","out_stock_threshold":null,"inheritable":false,"inbound_stock":0,"stock_on_hold":0,"sold_today":0,"sales_last_days":0,"reserved_stock":0,"customer_returns":0,"warehouse_damage":0,"lost_in_post":0,"other_logs":0,"out_stock_days":961,"lost_sales":0,"has_location":false,"update_date":"2026-01-28T23:11:11","atum_locations":[],"atum_stock_status":"outofstock","restock_status":false,"low_stock_amount":"","sales_update_date":"2026-01-28T23:11:11","calc_backorders":null,"acf":{"publisher":{"ID":23085,"post_author":"1","post_date":"2023-04-02 18:44:32","post_date_gmt":"2023-04-02 15:44:32","post_content":"","post_title":"Adcbookiz","post_excerpt":"","post_status":"publish","comment_status":"closed","ping_status":"closed","post_password":"","post_name":"adcbookiz","to_ping":"","pinged":"","post_modified":"2023-04-02 18:44:32","post_modified_gmt":"2023-04-02 15:44:32","post_content_filtered":"","post_parent":0,"guid":"https:\/\/sachviet.eu\/nha-phat-hanh\/adcbookiz\/","menu_order":0,"post_type":"publisher","post_mime_type":"","comment_count":"0","filter":"raw"}},"_links":{"self":[{"href":"https:\/\/sachviet.eu\/en\/wp-json\/wp\/v2\/product\/23088","targetHints":{"allow":["GET"]}}],"collection":[{"href":"https:\/\/sachviet.eu\/en\/wp-json\/wp\/v2\/product"}],"about":[{"href":"https:\/\/sachviet.eu\/en\/wp-json\/wp\/v2\/types\/product"}],"wp:featuredmedia":[{"embeddable":true,"href":"https:\/\/sachviet.eu\/en\/wp-json\/wp\/v2\/media\/23160"}],"wp:attachment":[{"href":"https:\/\/sachviet.eu\/en\/wp-json\/wp\/v2\/media?parent=23088"}],"wp:term":[{"taxonomy":"product_brand","embeddable":true,"href":"https:\/\/sachviet.eu\/en\/wp-json\/wp\/v2\/product_brand?post=23088"},{"taxonomy":"product_cat","embeddable":true,"href":"https:\/\/sachviet.eu\/en\/wp-json\/wp\/v2\/product_cat?post=23088"},{"taxonomy":"product_tag","embeddable":true,"href":"https:\/\/sachviet.eu\/en\/wp-json\/wp\/v2\/product_tag?post=23088"}],"curies":[{"name":"wp","href":"https:\/\/api.w.org\/{rel}","templated":true}]}}