{"id":23087,"date":"2023-04-02T18:44:36","date_gmt":"2023-04-02T15:44:36","guid":{"rendered":"https:\/\/sachviet.eu\/shop\/storytime-truyen-hay-ren-luyen-ki-nang-bo-10-cuon\/"},"modified":"2024-06-06T21:46:01","modified_gmt":"2024-06-06T18:46:01","slug":"storytime-truyen-hay-ren-luyen-ki-nang-bo-10-cuon","status":"publish","type":"product","link":"https:\/\/sachviet.eu\/en\/shop\/storytime-truyen-hay-ren-luyen-ki-nang-bo-10-cuon\/","title":{"rendered":"Storytime &#8211; Truy\u1ec7n Hay R\u00e8n Luy\u1ec7n K\u0129 N\u0103ng &#8211; B\u1ed9 10 cu\u1ed1n"},"content":{"rendered":"<p>B\u1ed9 s\u00e1chStorytime \u2013 Truy\u1ec7n hay r\u00e8n luy\u1ec7n k\u0129 n\u0103ng d\u00e0nh cho c\u00e1c em nh\u1ecf t\u1eeb 3 \u2013 7 tu\u1ed5i, t\u1eadp h\u1ee3p nh\u1eefng c\u00e2u chuy\u1ec7n \u1ea5m \u00e1p, ng\u1ecdt ng\u00e0o, \u0111\u01b0\u1ee3c minh ho\u1ea1 sinh \u0111\u1ed9ng, b\u1eaft m\u1eaft, gi\u00fap tr\u1ebb h\u1ecdc c\u00e1ch c\u01b0 x\u1eed, r\u00e8n luy\u1ec7n nh\u1eefng th\u00f3i quen t\u1ed1t.<\/p>\n","protected":false},"excerpt":{"rendered":"<p>B\u1ed9 s\u00e1chStorytime \u2013 Truy\u1ec7n hay r\u00e8n luy\u1ec7n k\u0129 n\u0103ng d\u00e0nh cho c\u00e1c em nh\u1ecf t\u1eeb 3 \u2013 7 tu\u1ed5i, t\u1eadp h\u1ee3p nh\u1eefng c\u00e2u chuy\u1ec7n \u1ea5m \u00e1p, ng\u1ecdt ng\u00e0o, \u0111\u01b0\u1ee3c minh ho\u1ea1 sinh \u0111\u1ed9ng, b\u1eaft m\u1eaft, gi\u00fap tr\u1ebb h\u1ecdc c\u00e1ch c\u01b0 x\u1eed, r\u00e8n luy\u1ec7n nh\u1eefng th\u00f3i quen t\u1ed1t.<\/p>\n","protected":false},"featured_media":23086,"template":"","meta":{"_acf_changed":false},"product_brand":[],"product_cat":[24,25,17],"product_tag":[],"class_list":{"0":"post-23087","1":"product","2":"type-product","3":"status-publish","4":"has-post-thumbnail","6":"product_cat-nha-tre-mau-giao-0-tuoi-6-tuoi","7":"product_cat-nhi-dong-6-tuoi-12-tuoi","8":"product_cat-sach-danh-cho-cac-be","10":"first","11":"outofstock","12":"taxable","13":"shipping-taxable","14":"purchasable","15":"product-type-simple"},"supplier_id":null,"supplier_sku":"","barcode":null,"atum_controlled":true,"out_stock_date":"2024-06-06 18:46:01","out_stock_threshold":null,"inheritable":false,"inbound_stock":0,"stock_on_hold":0,"sold_today":0,"sales_last_days":0,"reserved_stock":0,"customer_returns":0,"warehouse_damage":0,"lost_in_post":0,"other_logs":0,"out_stock_days":601,"lost_sales":0,"has_location":false,"update_date":"2026-01-28T23:11:11","atum_locations":[],"atum_stock_status":"outofstock","restock_status":false,"low_stock_amount":"","sales_update_date":"2026-01-28T23:11:11","calc_backorders":null,"acf":{"publisher":{"ID":23085,"post_author":"1","post_date":"2023-04-02 18:44:32","post_date_gmt":"2023-04-02 15:44:32","post_content":"","post_title":"Adcbookiz","post_excerpt":"","post_status":"publish","comment_status":"closed","ping_status":"closed","post_password":"","post_name":"adcbookiz","to_ping":"","pinged":"","post_modified":"2023-04-02 18:44:32","post_modified_gmt":"2023-04-02 15:44:32","post_content_filtered":"","post_parent":0,"guid":"https:\/\/sachviet.eu\/nha-phat-hanh\/adcbookiz\/","menu_order":0,"post_type":"publisher","post_mime_type":"","comment_count":"0","filter":"raw"}},"_links":{"self":[{"href":"https:\/\/sachviet.eu\/en\/wp-json\/wp\/v2\/product\/23087","targetHints":{"allow":["GET"]}}],"collection":[{"href":"https:\/\/sachviet.eu\/en\/wp-json\/wp\/v2\/product"}],"about":[{"href":"https:\/\/sachviet.eu\/en\/wp-json\/wp\/v2\/types\/product"}],"wp:featuredmedia":[{"embeddable":true,"href":"https:\/\/sachviet.eu\/en\/wp-json\/wp\/v2\/media\/23086"}],"wp:attachment":[{"href":"https:\/\/sachviet.eu\/en\/wp-json\/wp\/v2\/media?parent=23087"}],"wp:term":[{"taxonomy":"product_brand","embeddable":true,"href":"https:\/\/sachviet.eu\/en\/wp-json\/wp\/v2\/product_brand?post=23087"},{"taxonomy":"product_cat","embeddable":true,"href":"https:\/\/sachviet.eu\/en\/wp-json\/wp\/v2\/product_cat?post=23087"},{"taxonomy":"product_tag","embeddable":true,"href":"https:\/\/sachviet.eu\/en\/wp-json\/wp\/v2\/product_tag?post=23087"}],"curies":[{"name":"wp","href":"https:\/\/api.w.org\/{rel}","templated":true}]}}