{"id":23084,"date":"2023-04-02T18:44:29","date_gmt":"2023-04-02T15:44:29","guid":{"rendered":"https:\/\/sachviet.eu\/shop\/ehon-nhat-ban-mac-duoc-roi-mac-duoc-roi\/"},"modified":"2024-07-03T02:20:13","modified_gmt":"2024-07-02T23:20:13","slug":"ehon-nhat-ban-mac-duoc-roi-mac-duoc-roi","status":"publish","type":"product","link":"https:\/\/sachviet.eu\/en\/shop\/ehon-nhat-ban-mac-duoc-roi-mac-duoc-roi\/","title":{"rendered":"Ehon Nh\u1eadt B\u1ea3n \u2013 M\u1eb7c \u0110\u01b0\u1ee3c R\u1ed3i! M\u1eb7c \u0110\u01b0\u1ee3c R\u1ed3i!"},"content":{"rendered":"<p>Cu\u1ed1n s\u00e1ch nh\u1ecf n\u00e0y ch\u1eafc ch\u1eafn s\u1ebd l\u00e0m c\u00e1c em nh\u1ecf b\u1eadt c\u01b0\u1eddi v\u00ec s\u1ef1 th\u00fa v\u1ecb v\u00e0 c\u00e2u chuy\u1ec7n gi\u1ed1ng h\u1ec7t ch\u00fang m\u00ecnh.<\/p>\n<p>Cu\u1ed1n s\u00e1ch k\u1ec3 v\u1ec1 b\u1ea1n Tatsu ch\u01b0a bi\u1ebft c\u00e1ch t\u1ef1 m\u00ecnh m\u1eb7c qu\u1ea7n. M\u1ed9t l\u1ea7n, m\u1eb9 b\u1ea1n Tatsu \u0111ang b\u1eadn l\u00e0m vi\u1ec7c nh\u00e0, b\u1ea1n Tatsu m\u00e3i v\u1eabn ch\u01b0a t\u1ef1 m\u1eb7c \u0111\u01b0\u1ee3c qu\u1ea7n cho m\u00ecnh, c\u1ee9 gi\u01a1 m\u1ed9t ch\u00e2n l\u00ean l\u1ea1i l\u1ea3o \u0111\u1ea3o, l\u1ea3o \u0111\u1ea3\u1ed3i ng\u00e3 o\u1ea1ch, cu\u1ed1i c\u00f9ng Tatsu quy\u1ebft \u0111\u1ecbnh:<\/p>\n<p>&#8211; Th\u00f4i k\u1ec7, kh\u00f4ng m\u1eb7c qu\u1ea7n ra ngo\u00e0i ch\u01a1i c\u0169ng ch\u1eb3ng sao.<\/p>\n<p>V\u00e0 \u1edf ngo\u00e0i c\u00e1nh \u0111\u1ed3ng, Tatsu \u0111\u00e3 g\u1eb7p r\u1ea5t nhi\u1ec1u nh\u1eefng ng\u01b0\u1eddi b\u1ea1n: Ch\u00f3, m\u00e8o, chu\u1ed9t, b\u00f2 v\u00e0 c\u1ea3 b\u1ea1n c\u00f2 tr\u1eafng.<\/p>\n<p>Nh\u01b0ng r\u1ed3i, m\u1ed9t t\u00ecnh hu\u1ed1ng v\u00f4 c\u00f9ng b\u1ea5t ng\u1edd x\u1ea3y ra v\u1edbi Tatsu, m\u1eddi c\u00e1c em c\u00f9ng \u0111\u00f3n \u0111\u1ecdc xem v\u00ec sao Tatsu l\u1ea1i ch\u1ea1y v\u1ec1 nh\u00e0, v\u00e0 b\u1eb1ng c\u00e1ch n\u00e0o Tatsu h\u1ecdc \u0111\u01b0\u1ee3c c\u00e1ch t\u1ef1 m\u1eb7c qu\u1ea7n cho m\u00ecnh nh\u00e9.<\/p>\n","protected":false},"excerpt":{"rendered":"<p>Cu\u1ed1n s\u00e1ch nh\u1ecf n\u00e0y ch\u1eafc ch\u1eafn s\u1ebd l\u00e0m c\u00e1c em nh\u1ecf b\u1eadt c\u01b0\u1eddi v\u00ec s\u1ef1 th\u00fa v\u1ecb v\u00e0 c\u00e2u chuy\u1ec7n gi\u1ed1ng h\u1ec7t ch\u00fang m\u00ecnh.<\/p>\n<p>Cu\u1ed1n s\u00e1ch k\u1ec3 v\u1ec1 b\u1ea1n Tatsu ch\u01b0a bi\u1ebft c\u00e1ch t\u1ef1 m\u00ecnh m\u1eb7c qu\u1ea7n. M\u1ed9t l\u1ea7n, m\u1eb9 b\u1ea1n Tatsu \u0111ang b\u1eadn l\u00e0m vi\u1ec7c nh\u00e0, b\u1ea1n Tatsu m\u00e3i v\u1eabn ch\u01b0a t\u1ef1 m\u1eb7c \u0111\u01b0\u1ee3c qu\u1ea7n cho m\u00ecnh, c\u1ee9 gi\u01a1 m\u1ed9t ch\u00e2n l\u00ean l\u1ea1i l\u1ea3o \u0111\u1ea3o, l\u1ea3o \u0111\u1ea3\u1ed3i ng\u00e3 o\u1ea1ch, cu\u1ed1i c\u00f9ng Tatsu quy\u1ebft \u0111\u1ecbnh:<\/p>\n<p>&#8211; Th\u00f4i k\u1ec7, kh\u00f4ng m\u1eb7c qu\u1ea7n ra ngo\u00e0i ch\u01a1i c\u0169ng ch\u1eb3ng sao.<\/p>\n<p>V\u00e0 \u1edf ngo\u00e0i c\u00e1nh \u0111\u1ed3ng, Tatsu \u0111\u00e3 g\u1eb7p r\u1ea5t nhi\u1ec1u nh\u1eefng ng\u01b0\u1eddi b\u1ea1n: Ch\u00f3, m\u00e8o, chu\u1ed9t, b\u00f2 v\u00e0 c\u1ea3 b\u1ea1n c\u00f2 tr\u1eafng.<\/p>\n<p>Nh\u01b0ng r\u1ed3i, m\u1ed9t t\u00ecnh hu\u1ed1ng v\u00f4 c\u00f9ng b\u1ea5t ng\u1edd x\u1ea3y ra v\u1edbi Tatsu, m\u1eddi c\u00e1c em c\u00f9ng \u0111\u00f3n \u0111\u1ecdc xem v\u00ec sao Tatsu l\u1ea1i ch\u1ea1y v\u1ec1 nh\u00e0, v\u00e0 b\u1eb1ng c\u00e1ch n\u00e0o Tatsu h\u1ecdc \u0111\u01b0\u1ee3c c\u00e1ch t\u1ef1 m\u1eb7c qu\u1ea7n cho m\u00ecnh nh\u00e9.<\/p>\n","protected":false},"featured_media":23083,"template":"","meta":{"_acf_changed":false},"product_brand":[],"product_cat":[24,17],"product_tag":[],"class_list":{"0":"post-23084","1":"product","2":"type-product","3":"status-publish","4":"has-post-thumbnail","6":"product_cat-nha-tre-mau-giao-0-tuoi-6-tuoi","7":"product_cat-sach-danh-cho-cac-be","9":"first","10":"instock","11":"taxable","12":"shipping-taxable","13":"purchasable","14":"product-type-simple"},"supplier_id":null,"supplier_sku":"","barcode":null,"atum_controlled":true,"out_stock_date":null,"out_stock_threshold":null,"inheritable":false,"inbound_stock":0,"stock_on_hold":0,"sold_today":0,"sales_last_days":0,"reserved_stock":0,"customer_returns":0,"warehouse_damage":0,"lost_in_post":0,"other_logs":0,"out_stock_days":0,"lost_sales":0,"has_location":false,"update_date":"2026-01-28T23:10:55","atum_locations":[],"atum_stock_status":"instock","restock_status":false,"low_stock_amount":"","sales_update_date":"2026-01-28T23:10:55","calc_backorders":null,"acf":{"publisher":{"ID":1453,"post_author":"1","post_date":"2021-02-17 01:11:32","post_date_gmt":"2021-02-16 23:11:32","post_content":"<!-- wp:flatsome\/uxbuilder -->\n<h1 style=\"text-align: center;\"><strong>Qu\u1ea3ng V\u0103n<\/strong><\/h1>\n[row]\n\n[col span=\"6\" span__sm=\"12\"]\n\n[ux_image id=\"1552\" image_size=\"medium\"]\n\n\n[\/col]\n[col span=\"6\" span__sm=\"12\"]\n\n<p><strong>Quangvanbooks<\/strong><br \/>Qu\u1ea3ng V\u0103n l\u00e0 t\u1ed5 h\u1ee3p xu\u1ea5t b\u1ea3n, gi\u00e1o d\u1ee5c v\u00e0 nh\u01b0\u1ee3ng quy\u1ec1n h\u00e0ng \u0111\u1ea7u trong ng\u00e0nh c\u00f4ng nghi\u1ec7p s\u00e1ng t\u1ea1o v\u1edbi c\u00e1c th\u01b0\u01a1ng hi\u1ec7u nh\u00e1nh:<\/p>\n<p>Quangvanbooks - Th\u01b0\u01a1ng hi\u1ec7u s\u00e1ch v\u0103n h\u00f3a gi\u00e1o d\u1ee5c v\u00e0 v\u0103n h\u00f3a gi\u1ea3i tr\u00ed<br \/>Ehomebooks - Th\u01b0\u01a1ng hi\u1ec7u s\u00e1ch gi\u00e1o d\u1ee5c gia \u0111\u00ecnh<br \/>Sakurabooks - Th\u01b0\u01a1ng hi\u1ec7u s\u00e1ch Nh\u1eadt B\u1ea3n<br \/>IPERbooks - Th\u01b0\u01a1ng hi\u1ec7u s\u00e1ch gi\u00e1o d\u1ee5c nh\u00e0 tr\u01b0\u1eddng<br \/>IPER - Vi\u1ec7n nghi\u00ean c\u1ee9u xu\u1ea5t b\u1ea3n v\u00e0 gi\u00e1o d\u1ee5c IPER<\/p>\n<p><strong>T\u1ea7m nh\u00ecn<\/strong><br \/>Tr\u1edf th\u00e0nh th\u01b0\u01a1ng hi\u1ec7u s\u00e1ch v\u0103n h\u00f3a gi\u00e1o d\u1ee5c v\u00e0 v\u0103n h\u00f3a gi\u1ea3i tr\u00ed t\u1ed1t nh\u1ea5t v\u00e0 \u0111a d\u1ea1ng nh\u1ea5t Vi\u1ec7t Nam.<\/p>\n<p><br \/><strong>S\u1ee9 m\u1ec7nh<\/strong><br \/>Mang \u0111\u1ebfn nh\u1eefng cu\u1ed1n s\u00e1ch v\u0103n h\u00f3a gi\u00e1o d\u1ee5c v\u00e0 v\u0103n h\u00f3a gi\u1ea3i tr\u00ed \u0111\u1ebfn v\u1edbi \u0111\u1ed9c gi\u1ea3 Vi\u1ec7t Nam v\u00e0 th\u1ebf gi\u1edbi nh\u1eb1m gi\u00fap \u0111\u1ed9c gi\u1ea3 ph\u00e1t tri\u1ec3n b\u1ea3n th\u00e2n, gi\u00e1o d\u1ee5c, gi\u1ea3i tr\u00ed v\u00e0 khai s\u00e1ng nh\u1eb1m x\u00e2y d\u1ef1ng x\u00e3 h\u1ed9i th\u1ecbnh v\u01b0\u1ee3ng, h\u1ea1nh ph\u00fac.<\/p>\n<p><strong>Gi\u00e1 tr\u1ecb c\u1ed1t l\u00f5i<\/strong><\/p>\n<p>S\u00e1ng t\u1ea1o - Linh ho\u1ea1t - H\u1ee3p t\u00e1c - Ch\u00ednh tr\u1ef1c - Nhi\u1ec7t huy\u1ebft - C\u00e2n b\u1eb1ng - H\u1ea1nh ph\u00fac<\/p>\n\n[\/col]\n\n[\/row]\n\n<!-- \/wp:flatsome\/uxbuilder -->","post_title":"Qu\u1ea3ng V\u0103n","post_excerpt":"","post_status":"publish","comment_status":"closed","ping_status":"closed","post_password":"","post_name":"quang-van","to_ping":"","pinged":"","post_modified":"2021-02-17 01:26:44","post_modified_gmt":"2021-02-16 23:26:44","post_content_filtered":"","post_parent":0,"guid":"https:\/\/sachviet.eu\/nha-phat-hanh\/quang-van\/","menu_order":0,"post_type":"publisher","post_mime_type":"","comment_count":"0","filter":"raw"}},"_links":{"self":[{"href":"https:\/\/sachviet.eu\/en\/wp-json\/wp\/v2\/product\/23084","targetHints":{"allow":["GET"]}}],"collection":[{"href":"https:\/\/sachviet.eu\/en\/wp-json\/wp\/v2\/product"}],"about":[{"href":"https:\/\/sachviet.eu\/en\/wp-json\/wp\/v2\/types\/product"}],"wp:featuredmedia":[{"embeddable":true,"href":"https:\/\/sachviet.eu\/en\/wp-json\/wp\/v2\/media\/23083"}],"wp:attachment":[{"href":"https:\/\/sachviet.eu\/en\/wp-json\/wp\/v2\/media?parent=23084"}],"wp:term":[{"taxonomy":"product_brand","embeddable":true,"href":"https:\/\/sachviet.eu\/en\/wp-json\/wp\/v2\/product_brand?post=23084"},{"taxonomy":"product_cat","embeddable":true,"href":"https:\/\/sachviet.eu\/en\/wp-json\/wp\/v2\/product_cat?post=23084"},{"taxonomy":"product_tag","embeddable":true,"href":"https:\/\/sachviet.eu\/en\/wp-json\/wp\/v2\/product_tag?post=23084"}],"curies":[{"name":"wp","href":"https:\/\/api.w.org\/{rel}","templated":true}]}}