{"id":23074,"date":"2023-04-02T18:33:42","date_gmt":"2023-04-02T15:33:42","guid":{"rendered":"https:\/\/sachviet.eu\/shop\/doi-giao-do-khoc-do-cuoi\/"},"modified":"2025-09-12T19:21:37","modified_gmt":"2025-09-12T16:21:37","slug":"doi-giao-do-khoc-do-cuoi","status":"publish","type":"product","link":"https:\/\/sachviet.eu\/en\/shop\/doi-giao-do-khoc-do-cuoi\/","title":{"rendered":"\u0110\u1eddi gi\u00e1o d\u1edf kh\u00f3c d\u1edf c\u01b0\u1eddi"},"content":{"rendered":"<p>T\u00e1c gi\u1ea3 ng\u01b0\u1eddi Ireland, Colm Cuffe hi\u1ec7n v\u1eeba l\u00e0 m\u1ed9t gi\u00e1o vi\u00ean ti\u1ec3u h\u1ecdc tr\u1ebb tu\u1ed5i \u0111\u1ea7y nhi\u1ec7t huy\u1ebft, v\u1eeba l\u00e0 m\u1ed9t h\u1ecda s\u0129 v\u1edbi phong c\u00e1ch v\u1ebd h\u00f3m h\u1ec9nh, \u0111\u00e1ng y\u00eau v\u00e0 r\u1ea5t th\u00f4ng minh. Hai \u0111am m\u00ea song song \u0111\u00f3 \u0111\u00e3 khi\u1ebfn anh tr\u1edf th\u00e0nh t\u00e2m \u0111i\u1ec3m thu h\u00fat ch\u00fa \u00fd \u1edf Ireland nh\u1eefng n\u0103m g\u1ea7n \u0111\u00e2y. T\u00e1c gi\u1ea3 hi\u1ec7n s\u1edf h\u1eefu trang fanpage v\u1edbi h\u01a1n 20.000 l\u01b0\u1ee3t follow.<br \/>\nD\u1ecbch gi\u1ea3<br \/>\nNg\u00f4 H\u00e0 Thu, t\u1ed1t nghi\u1ec7p th\u1ea1c s\u0129 v\u1ec1 Nghi\u00ean c\u1ee9u V\u0103n h\u00f3a, \u0110\u1ea1i h\u1ecdc Sydney, Australia; t\u1eebng l\u00e0 gi\u1ea3ng vi\u00ean chuy\u00ean ng\u00e0nh D\u1ecbch, khoa S\u01b0 ph\u1ea1m ti\u1ebfng Anh, \u0110\u1ea1i h\u1ecdc Ngo\u1ea1i ng\u1eef, \u0110\u1ea1i h\u1ecdc Qu\u1ed1c gia H\u00e0 N\u1ed9i.<br \/>\nD\u1ecbch gi\u1ea3 hi\u1ec7n s\u1edf h\u1eefu r\u1ea5t nhi\u1ec1u b\u1ea3n d\u1ecbch \u0111\u01b0\u1ee3c \u0111\u00e1nh gi\u00e1 cao, \u0111\u1eb7c bi\u1ec7t l\u00e0 nh\u1eefng t\u00e1c ph\u1ea9m h\u00e0i h\u01b0\u1edbc, d\u00e0nh cho thanh thi\u1ebfu ni\u00ean. Trong \u0111\u00f3 ph\u1ea3i k\u1ec3 \u0111\u1ebfn t\u00e1c ph\u1ea9m: B\u00ean kia \u0111\u01b0\u1eddng c\u00f3 \u0111\u1ee9a d\u1edf h\u01a1i, Eleano &amp; Park, Ph\u01a1 rin \u0111\u1ed3, \u2026<\/p>\n","protected":false},"excerpt":{"rendered":"<p>T\u00e1c ph\u1ea9m l\u00e0 t\u1eadp truy\u1ec7n tranh h\u00e0i h\u01b0\u1edbc t\u00e1i hi\u1ec7n cu\u1ed9c s\u1ed1ng th\u01b0\u1eddng nh\u1eadt c\u1ee7a m\u1ed9t ng\u01b0\u1eddi gi\u00e1o vi\u00ean \u0111i\u1ec3n h\u00ecnh: y\u00eau ngh\u1ec1, h\u1ebft l\u00f2ng v\u00ec tr\u1ebb. B\u00ean c\u1ea1nh nh\u1eefng ph\u00fat gi\u00e2y \u0111\u01b0\u1ee3c h\u01b0\u1edfng tr\u00e1i ng\u1ecdt (kh\u00e1 l\u00e0 hi\u1ebfm hoi) khi h\u1ecdc tr\u00f2 ngoan, \u0111\u00e1ng y\u00eau, hi\u1ebfu h\u1ecdc\u2026, l\u00e0 (v\u00f4 v\u00e0n) nh\u1eefng c\u00e2u h\u1ecfi tr\u00e1i kho\u00e1y r\u1ea5t \u0111\u1ed7i h\u1ed3n nhi\u00ean, nh\u01b0ng ng\u01b0\u1eddi th\u1ea7y ch\u1ec9 bi\u1ebft \u201cc\u00e2m n\u00edn\u201d hay \u201cth\u1edf d\u00e0i \u0111\u00e1nh th\u01b0\u1ee3t\u201d v\u1edbi n\u00e9t m\u1eb7t khi\u1ebfn ai nh\u00ecn v\u00e0o c\u0169ng ph\u1ea3i b\u1eadt c\u01b0\u1eddi (\u0111\u1eb7c bi\u1ec7t l\u00e0 khi nh\u00ecn v\u00e0o \u0111\u00f4i m\u1eaft c\u1ee7a th\u1ea7y).<\/p>\n<p>B\u00ean c\u1ea1nh nh\u1eefng h\u00ecnh v\u1ebd t\u1eeb \u0111\u01a1n gi\u1ea3n \u0111\u1ebfn tinh t\u1ebf, \u0110\u1eddi gi\u00e1o d\u1edf kh\u00f3c d\u1edf c\u01b0\u1eddi \u0111\u00e3 th\u1ec3 hi\u1ec7n \u0111\u01b0\u1ee3c tr\u1ecdn v\u1eb9n c\u00e1c s\u1ef1 ki\u1ec7n di\u1ec5n ra quanh m\u1ed9t ng\u01b0\u1eddi th\u1ea7y.<br \/>\nL\u00e0 nh\u1eefng chu\u1ed7i ng\u00e0y th\u01b0\u1eddng, th\u1ea7y th\u00ec h\u00e0o h\u1ee9ng c\u00f2n tr\u00f2 th\u00ec l\u00e0m th\u1ea7y t\u01b0ng h\u1eedng;<br \/>\nL\u00e0 nh\u1eefng kho\u1ea3nh kh\u1eafc h\u1ecfi xo\u00e1y \u0111\u00e1p xoay gi\u1eefa th\u1ea7y v\u00e0 \u0111\u00e1m nh\u00f3c t\u00ec ch\u01b0a bi\u1ebft bu\u1ed9c d\u00e2y gi\u00e0y, ch\u01b0a bi\u1ebft b\u00f3c s\u1eefa chua, ch\u01b0a bi\u1ebft \u0111\u1ecdc, bi\u1ebft vi\u1ebft\u2026;<\/p>\n<p>L\u00e0 suy ngh\u0129 ch\u1ec9 tr\u1ebb con m\u1edbi c\u00f3, r\u1eb1ng th\u1ea7y c\u00f4 kh\u00f4ng ph\u1ea3i ng\u01b0\u1eddi th\u01b0\u1eddng;<\/p>\n<p>L\u00e0 nh\u1eefng t\u00ecnh hu\u1ed1ng, ch\u1ec9 nh\u00e0 gi\u00e1o m\u1edbi th\u1ea5u\u2026<\/p>\n<p>Ch\u1eafc ch\u1eafn r\u1eb1ng, v\u1edbi truy\u1ec1n th\u1ed1ng t\u00f4n s\u01b0 tr\u1ecdng \u0111\u1ea1o c\u1ee7a ng\u01b0\u1eddi Vi\u1ec7t, \u0110\u1eddi gi\u00e1o d\u1edf kh\u00f3c d\u1edf c\u01b0\u1eddi s\u1ebd l\u00e0 m\u00f3n qu\u00e0 tri \u00e2n c\u1ee7a nh\u1eefng c\u00f4 c\u1eadu h\u1ecdc tr\u00f2 t\u1edbi c\u00e1c th\u1ea7y c\u00f4; v\u00e0 cu\u1ed1n s\u00e1ch c\u0169ng s\u1ebd l\u00e0 c\u00e2y \u201cc\u1ea7u ki\u1ec1u\u201d m\u00e0 c\u00e1c b\u1eadc ph\u1ee5 huynh g\u1eedi t\u1edbi nh\u1eefng ng\u01b0\u1eddi th\u1ea7y, ng\u01b0\u1eddi c\u00f4 thay l\u1eddi c\u1ea3m \u01a1n v\u00ec \u0111\u00e3 d\u00e0nh bao t\u00e2m s\u1ee9c trong s\u1ef1 nghi\u1ec7p tr\u1ed3ng ng\u01b0\u1eddi.<\/p>\n","protected":false},"featured_media":23073,"template":"","meta":{"_acf_changed":false},"product_brand":[],"product_cat":[15,47],"product_tag":[],"class_list":{"0":"post-23074","1":"product","2":"type-product","3":"status-publish","4":"has-post-thumbnail","6":"product_cat-sach-danh-cho-nguoi-lon","7":"product_cat-truyen-ngan-tan-van","9":"first","10":"instock","11":"taxable","12":"shipping-taxable","13":"purchasable","14":"product-type-simple"},"supplier_id":null,"supplier_sku":"","barcode":null,"atum_controlled":true,"out_stock_date":null,"out_stock_threshold":null,"inheritable":false,"inbound_stock":0,"stock_on_hold":0,"sold_today":0,"sales_last_days":0,"reserved_stock":0,"customer_returns":0,"warehouse_damage":0,"lost_in_post":0,"other_logs":0,"out_stock_days":0,"lost_sales":0,"has_location":false,"update_date":"2026-01-28T23:11:30","atum_locations":[],"atum_stock_status":"instock","restock_status":false,"low_stock_amount":"","sales_update_date":"2026-01-28T23:11:30","calc_backorders":null,"acf":{"publisher":{"ID":8682,"post_author":"1","post_date":"2021-04-28 14:30:43","post_date_gmt":"2021-04-28 11:30:43","post_content":"","post_title":"NXB Ph\u1ee5 N\u1eef","post_excerpt":"","post_status":"publish","comment_status":"closed","ping_status":"closed","post_password":"","post_name":"nxb-phu-nu","to_ping":"","pinged":"","post_modified":"2021-04-28 14:30:43","post_modified_gmt":"2021-04-28 11:30:43","post_content_filtered":"","post_parent":0,"guid":"https:\/\/sachviet.eu\/nha-phat-hanh\/nxb-phu-nu\/","menu_order":0,"post_type":"publisher","post_mime_type":"","comment_count":"0","filter":"raw"}},"_links":{"self":[{"href":"https:\/\/sachviet.eu\/en\/wp-json\/wp\/v2\/product\/23074","targetHints":{"allow":["GET"]}}],"collection":[{"href":"https:\/\/sachviet.eu\/en\/wp-json\/wp\/v2\/product"}],"about":[{"href":"https:\/\/sachviet.eu\/en\/wp-json\/wp\/v2\/types\/product"}],"wp:featuredmedia":[{"embeddable":true,"href":"https:\/\/sachviet.eu\/en\/wp-json\/wp\/v2\/media\/23073"}],"wp:attachment":[{"href":"https:\/\/sachviet.eu\/en\/wp-json\/wp\/v2\/media?parent=23074"}],"wp:term":[{"taxonomy":"product_brand","embeddable":true,"href":"https:\/\/sachviet.eu\/en\/wp-json\/wp\/v2\/product_brand?post=23074"},{"taxonomy":"product_cat","embeddable":true,"href":"https:\/\/sachviet.eu\/en\/wp-json\/wp\/v2\/product_cat?post=23074"},{"taxonomy":"product_tag","embeddable":true,"href":"https:\/\/sachviet.eu\/en\/wp-json\/wp\/v2\/product_tag?post=23074"}],"curies":[{"name":"wp","href":"https:\/\/api.w.org\/{rel}","templated":true}]}}