{"id":23070,"date":"2023-04-02T18:33:20","date_gmt":"2023-04-02T15:33:20","guid":{"rendered":"https:\/\/sachviet.eu\/shop\/kho-tang-sach-hay-cua-morris-thang-tram-2\/"},"modified":"2023-04-02T19:40:16","modified_gmt":"2023-04-02T16:40:16","slug":"kho-tang-sach-hay-cua-morris-thang-tram-2","status":"publish","type":"product","link":"https:\/\/sachviet.eu\/en\/shop\/kho-tang-sach-hay-cua-morris-thang-tram-2\/","title":{"rendered":"Kho T\u00e0ng S\u00e1ch Hay C\u1ee7a Morris Th\u0103ng &#8211; Tr\u1ea7m"},"content":{"rendered":"<p>\u201cMorris Th\u0103ng-Tr\u1ea7m y\u00eau ng\u00f4n t\u1eeb.<\/p>\n<p>Y\u00eau nh\u1eefng c\u00e2u chuy\u1ec7n<\/p>\n<p>V\u00e0 s\u00e1ch.\u201d<\/p>\n<p>M\u1ecdi th\u1ee9 trong cu\u1ed9c \u0111\u1eddi c\u1ee7a Morris Th\u0103ng-Tr\u1ea7m, bao g\u1ed3m c\u1ea3 c\u00e2u chuy\u1ec7n c\u1ee7a ch\u00ednh ch\u00e0ng, \u0111\u1ec1u b\u1ecb gi\u00f3 cu\u1ed1n bay \u0111i h\u1ebft c\u1ea3&#8230;<\/p>\n<p>Nh\u00e0 xu\u1ea5t b\u1ea3n Kim \u0110\u1ed3ng tr\u00e2n tr\u1ecdng gi\u1edbi thi\u1ec7u \u0111\u1ebfn b\u1ea1n \u0111\u1ecdc nh\u1ecf tu\u1ed5i c\u00e2u chuy\u1ec7n n\u1ed5i ti\u1ebfng t\u1eebng \u0111\u01b0\u1ee3c chuy\u1ec3n th\u1ec3 th\u00e0nh phim ho\u1ea1t h\u00ecnh.<\/p>\n<p>Cu\u1ed1n s\u00e1ch tuy\u1ec7t v\u1eddi n\u00e0y x\u1ee9ng \u0111\u00e1ng l\u00e0 m\u1ed9t trong nh\u1eefng t\u00e1c ph\u1ea9m ti\u00eau bi\u1ec3u nh\u1ea5t c\u1ee7a n\u1ec1n v\u0103n h\u1ecdc thi\u1ebfu nhi \u0111\u1ea7u th\u1ebf k\u1ec9 21.<\/p>\n<p>William Joyce \u0111\u00e3 b\u1eaft \u0111\u1ea7u s\u00e1ng t\u00e1c \u201cKho t\u00e0ng s\u00e1ch bay c\u1ee7a Morris Th\u0103ng-Tr\u1ea7m\u201d t\u1eeb n\u0103m 1999. Qu\u00e1 tr\u00ecnh ra \u0111\u1eddi c\u1ee7a t\u00e1c ph\u1ea9m n\u00e0y g\u1eb7p nhi\u1ec1u tr\u1eafc tr\u1edf, \u0111\u1eb7c bi\u1ec7t l\u00e0 khi c\u01a1n b\u00e3o Katrina t\u00e0n ph\u00e1 qu\u00ea nh\u00e0 c\u1ee7a Joyce. M\u1ed9t th\u1eddi gian sau, \u00f4ng \u0111\u00e3 ph\u1ea3i ng\u1eebng v\u1ebd kh\u00e1 l\u00e2u do ph\u1eabu thu\u1eadt m\u1eaft. C\u00f3 th\u1ec3 n\u00f3i, c\u00e2u chuy\u1ec7n n\u00e0y mang \u0111\u1eadm d\u1ea5u \u1ea5n c\u00e1 nh\u00e2n c\u1ee7a \u00f4ng. \u00d4ng c\u00f2n l\u00e0 t\u00e1c gi\u1ea3 c\u1ee7a nhi\u1ec1u cu\u1ed1n s\u00e1ch kinh \u0111i\u1ec3n kh\u00e1c d\u00e0nh cho thi\u1ebfu nhi, trong \u0111\u00f3 c\u00f3 \u201cThe Man in the Moon\u201d.<\/p>\n","protected":false},"excerpt":{"rendered":"<p>\u201cMorris Th\u0103ng-Tr\u1ea7m y\u00eau ng\u00f4n t\u1eeb.<\/p>\n<p>Y\u00eau nh\u1eefng c\u00e2u chuy\u1ec7n<\/p>\n<p>V\u00e0 s\u00e1ch.\u201d<\/p>\n<p>M\u1ecdi th\u1ee9 trong cu\u1ed9c \u0111\u1eddi c\u1ee7a Morris Th\u0103ng-Tr\u1ea7m, bao g\u1ed3m c\u1ea3 c\u00e2u chuy\u1ec7n c\u1ee7a ch\u00ednh ch\u00e0ng, \u0111\u1ec1u b\u1ecb gi\u00f3 cu\u1ed1n bay \u0111i h\u1ebft c\u1ea3&#8230;<\/p>\n<p>Nh\u00e0 xu\u1ea5t b\u1ea3n Kim \u0110\u1ed3ng tr\u00e2n tr\u1ecdng gi\u1edbi thi\u1ec7u \u0111\u1ebfn b\u1ea1n \u0111\u1ecdc nh\u1ecf tu\u1ed5i c\u00e2u chuy\u1ec7n n\u1ed5i ti\u1ebfng t\u1eebng \u0111\u01b0\u1ee3c chuy\u1ec3n th\u1ec3 th\u00e0nh phim ho\u1ea1t h\u00ecnh.<\/p>\n<p>Cu\u1ed1n s\u00e1ch tuy\u1ec7t v\u1eddi n\u00e0y x\u1ee9ng \u0111\u00e1ng l\u00e0 m\u1ed9t trong nh\u1eefng t\u00e1c ph\u1ea9m ti\u00eau bi\u1ec3u nh\u1ea5t c\u1ee7a n\u1ec1n v\u0103n h\u1ecdc thi\u1ebfu nhi \u0111\u1ea7u th\u1ebf k\u1ec9 21.<\/p>\n<p>William Joyce \u0111\u00e3 b\u1eaft \u0111\u1ea7u s\u00e1ng t\u00e1c \u201cKho t\u00e0ng s\u00e1ch bay c\u1ee7a Morris Th\u0103ng-Tr\u1ea7m\u201d t\u1eeb n\u0103m 1999. Qu\u00e1 tr\u00ecnh ra \u0111\u1eddi c\u1ee7a t\u00e1c ph\u1ea9m n\u00e0y g\u1eb7p nhi\u1ec1u tr\u1eafc tr\u1edf, \u0111\u1eb7c bi\u1ec7t l\u00e0 khi c\u01a1n b\u00e3o Katrina t\u00e0n ph\u00e1 qu\u00ea nh\u00e0 c\u1ee7a Joyce. M\u1ed9t th\u1eddi gian sau, \u00f4ng \u0111\u00e3 ph\u1ea3i ng\u1eebng v\u1ebd kh\u00e1 l\u00e2u do ph\u1eabu thu\u1eadt m\u1eaft. C\u00f3 th\u1ec3 n\u00f3i, c\u00e2u chuy\u1ec7n n\u00e0y mang \u0111\u1eadm d\u1ea5u \u1ea5n c\u00e1 nh\u00e2n c\u1ee7a \u00f4ng. \u00d4ng c\u00f2n l\u00e0 t\u00e1c gi\u1ea3 c\u1ee7a nhi\u1ec1u cu\u1ed1n s\u00e1ch kinh \u0111i\u1ec3n kh\u00e1c d\u00e0nh cho thi\u1ebfu nhi, trong \u0111\u00f3 c\u00f3 \u201cThe Man in the Moon\u201d.<\/p>\n","protected":false},"featured_media":23069,"template":"","meta":{"_acf_changed":false},"product_brand":[],"product_cat":[25,17,26],"product_tag":[],"class_list":{"0":"post-23070","1":"product","2":"type-product","3":"status-publish","4":"has-post-thumbnail","6":"product_cat-nhi-dong-6-tuoi-12-tuoi","7":"product_cat-sach-danh-cho-cac-be","8":"product_cat-thieu-nien-11-tuoi-18-tuoi","10":"first","11":"instock","12":"taxable","13":"shipping-taxable","14":"purchasable","15":"product-type-simple"},"supplier_id":null,"supplier_sku":"","barcode":null,"atum_controlled":true,"out_stock_date":null,"out_stock_threshold":null,"inheritable":false,"inbound_stock":0,"stock_on_hold":0,"sold_today":0,"sales_last_days":0,"reserved_stock":0,"customer_returns":0,"warehouse_damage":0,"lost_in_post":0,"other_logs":0,"out_stock_days":0,"lost_sales":0,"has_location":false,"update_date":"2026-01-28T23:11:11","atum_locations":[],"atum_stock_status":"instock","restock_status":false,"low_stock_amount":"","sales_update_date":"2026-01-28T23:11:11","calc_backorders":null,"acf":{"publisher":{"ID":1454,"post_author":"1","post_date":"2021-02-17 01:11:34","post_date_gmt":"2021-02-16 23:11:34","post_content":"<!-- wp:flatsome\/uxbuilder -->\n<h1 style=\"text-align: center;\"><strong>Kim \u0110\u1ed3ng<\/strong><\/h1>\n[row]\n\n[col span=\"3\" span__sm=\"12\"]\n\n[ux_image id=\"1534\" image_size=\"medium\"]\n\n\n[\/col]\n[col span=\"9\" span__sm=\"12\"]\n\n<p>Nh\u00e0 xu\u1ea5t b\u1ea3n Kim \u0110\u1ed3ng tr\u1ef1c thu\u1ed9c Trung \u01b0\u01a1ng \u0110o\u00e0n TNCS H\u1ed3 Ch\u00ed Minh l\u00e0 Nh\u00e0 xu\u1ea5t b\u1ea3n t\u1ed5ng h\u1ee3p c\u00f3 ch\u1ee9c n\u0103ng xu\u1ea5t b\u1ea3n s\u00e1ch v\u00e0 v\u0103n h\u00f3a ph\u1ea9m ph\u1ee5c v\u1ee5 thi\u1ebfu nhi v\u00e0 c\u00e1c b\u1eadc ph\u1ee5 huynh trong c\u1ea3 n\u01b0\u1edbc, qu\u1ea3ng b\u00e1 v\u00e0 gi\u1edbi thi\u1ec7u v\u0103n h\u00f3a Vi\u1ec7t Nam ra th\u1ebf gi\u1edbi.<br \/>Nh\u00e0 xu\u1ea5t b\u1ea3n c\u00f3 nhi\u1ec7m v\u1ee5 t\u1ed5 ch\u1ee9c b\u1ea3n th\u1ea3o, bi\u00ean so\u1ea1n, bi\u00ean d\u1ecbch, xu\u1ea5t b\u1ea3n v\u00e0 ph\u00e1t h\u00e0nh c\u00e1c xu\u1ea5t b\u1ea3n ph\u1ea9m c\u00f3 n\u1ed9i dung: gi\u00e1o d\u1ee5c truy\u1ec1n th\u1ed1ng d\u00e2n t\u1ed9c, gi\u00e1o d\u1ee5c v\u1ec1 tri th\u1ee9c, ki\u1ebfn th\u1ee9c\u2026 tr\u00ean c\u00e1c l\u0129nh v\u1ef1c v\u0103n h\u1ecdc, ngh\u1ec7 thu\u1eadt, khoa h\u1ecdc k\u1ef9 thu\u1eadt nh\u1eb1m cung c\u1ea5p cho c\u00e1c em thi\u1ebfu nhi c\u0169ng nh\u01b0 c\u00e1c b\u1eadc ph\u1ee5 huynh c\u00e1c ki\u1ebfn th\u1ee9c c\u1ea7n thi\u1ebft trong cu\u1ed9c s\u1ed1ng, nh\u1eefng tinh hoa c\u1ee7a tri th\u1ee9c nh\u00e2n lo\u1ea1i nh\u1eb1m g\u00f3p ph\u1ea7n gi\u00e1o d\u1ee5c v\u00e0 h\u00ecnh th\u00e0nh nh\u00e2n c\u00e1ch th\u1ebf h\u1ec7 tr\u1ebb.<br \/>\u0110\u1ed1i t\u01b0\u1ee3ng ph\u1ee5c v\u1ee5 c\u1ee7a Nh\u00e0 xu\u1ea5t b\u1ea3n l\u00e0 c\u00e1c em t\u1eeb tu\u1ed5i nh\u00e0 tr\u1ebb m\u1eabu gi\u00e1o (1 \u0111\u1ebfn 5 tu\u1ed5i), nhi \u0111\u1ed3ng (6 \u0111\u1ebfn 9 tu\u1ed5i), thi\u1ebfu ni\u00ean (10 \u0111\u1ebfn 15 tu\u1ed5i) \u0111\u1ebfn c\u00e1c em tu\u1ed5i m\u1edbi l\u1edbn (16 \u0111\u1ebfn 18 tu\u1ed5i) v\u00e0 c\u00e1c b\u1eadc ph\u1ee5 huynh.<\/p>\n\n[\/col]\n\n[\/row]\n\n<!-- \/wp:flatsome\/uxbuilder -->","post_title":"Kim \u0110\u1ed3ng","post_excerpt":"","post_status":"publish","comment_status":"closed","ping_status":"closed","post_password":"","post_name":"kim-dong","to_ping":"","pinged":"","post_modified":"2021-02-17 01:31:56","post_modified_gmt":"2021-02-16 23:31:56","post_content_filtered":"","post_parent":0,"guid":"https:\/\/sachviet.eu\/nha-phat-hanh\/kim-dong\/","menu_order":0,"post_type":"publisher","post_mime_type":"","comment_count":"0","filter":"raw"}},"_links":{"self":[{"href":"https:\/\/sachviet.eu\/en\/wp-json\/wp\/v2\/product\/23070","targetHints":{"allow":["GET"]}}],"collection":[{"href":"https:\/\/sachviet.eu\/en\/wp-json\/wp\/v2\/product"}],"about":[{"href":"https:\/\/sachviet.eu\/en\/wp-json\/wp\/v2\/types\/product"}],"wp:featuredmedia":[{"embeddable":true,"href":"https:\/\/sachviet.eu\/en\/wp-json\/wp\/v2\/media\/23069"}],"wp:attachment":[{"href":"https:\/\/sachviet.eu\/en\/wp-json\/wp\/v2\/media?parent=23070"}],"wp:term":[{"taxonomy":"product_brand","embeddable":true,"href":"https:\/\/sachviet.eu\/en\/wp-json\/wp\/v2\/product_brand?post=23070"},{"taxonomy":"product_cat","embeddable":true,"href":"https:\/\/sachviet.eu\/en\/wp-json\/wp\/v2\/product_cat?post=23070"},{"taxonomy":"product_tag","embeddable":true,"href":"https:\/\/sachviet.eu\/en\/wp-json\/wp\/v2\/product_tag?post=23070"}],"curies":[{"name":"wp","href":"https:\/\/api.w.org\/{rel}","templated":true}]}}