{"id":23068,"date":"2023-04-02T18:33:09","date_gmt":"2023-04-02T15:33:09","guid":{"rendered":"https:\/\/sachviet.eu\/shop\/bo-sach-nuoi-duong-tam-hon-be-cho-be-0-6-tuoi-tron-bo-10-cuon\/"},"modified":"2023-04-05T07:23:45","modified_gmt":"2023-04-05T04:23:45","slug":"bo-sach-nuoi-duong-tam-hon-be-cho-be-0-6-tuoi-tron-bo-10-cuon","status":"publish","type":"product","link":"https:\/\/sachviet.eu\/en\/shop\/bo-sach-nuoi-duong-tam-hon-be-cho-be-0-6-tuoi-tron-bo-10-cuon\/","title":{"rendered":"B\u1ed9 s\u00e1ch nu\u00f4i d\u01b0\u1ee1ng t\u00e2m h\u1ed3n b\u00e9 &#8211; Cho b\u00e9 0-6 tu\u1ed5i  (Tr\u1ecdn B\u1ed9 10 cu\u1ed1n)"},"content":{"rendered":"<p>S\u00c1CH EHON NH\u1eacT B\u1ea2N &#8211; SONG NG\u1eee VI\u1ec6T ANH (B\u1ed8 10 CU\u1ed0N)<\/p>\n<p>Ehon l\u00e0 truy\u1ec7n \u0111\u01b0\u1ee3c minh h\u1ecda b\u1eb1ng tranh \u1ea3nh v\u1edbi nh\u1eefng n\u1ed9i dung ho\u1eb7c \u0111\u1ec1 t\u00e0i h\u1ebft s\u1ee9c g\u1ea7n g\u0169i, nu\u00f4i d\u01b0\u1ee1ng t\u00e2m h\u1ed3n tr\u1ebb ng\u00e0y t\u1eeb khi c\u00f2n b\u00e9. Ehon nh\u01b0 m\u1ed9t c\u00e1nh c\u1eeda kh\u00f4ng th\u1ec3 thi\u1ebfu \u0111\u1ec3 con c\u00f3 th\u1ec3 ti\u1ebfn g\u1ea7n h\u01a1n v\u1edbi tri th\u1ee9c r\u1ed9ng l\u1edbn bao la ngo\u00e0i kia, l\u00e0 kh\u1edfi ngu\u1ed3n cho nh\u1eefng \u0111am m\u00ea, v\u00e0 th\u00f3i quen \u0111\u1ecdc s\u00e1ch. V\u1edbi Ehon cha m\u1eb9 c\u00f3 th\u1ec3 trao \u0111\u1ed5i t\u00ecnh c\u1ea3m v\u1edbi con, l\u1eafng nghe con v\u00e0 th\u1ea5u hi\u1ec3u con<\/p>\n<p>TH\u00d4NG TIN CHI TI\u1ebeT S\u00e1ch Ehon Nh\u1eadt b\u1ea3n &#8211; Song ng\u1eef Vi\u1ec7t Anh<\/p>\n<p>T\u00e1c gi\u1ea3: Suzuki Mika<\/p>\n<p>Nh\u00e0 xu\u1ea5t b\u1ea3n: Nh\u00e0 xu\u1ea5t b\u1ea3n H\u00e0 N\u1ed9i<\/p>\n","protected":false},"excerpt":{"rendered":"<p>\u2756 Cu\u1ed1n s\u00e1ch Ehon \u0111\u01b0\u1ee3c bi\u1ebft \u0111\u1ebfn nh\u01b0 s\u00e1ch d\u00e0nh cho c\u00e1c b\u00e9 t\u1eeb 0-6 tu\u1ed5i. Ng\u00e0y c\u00e0ng nhi\u1ec1u c\u00e1c b\u1eadc cha m\u1eb9 c\u00f9ng con kh\u00e1m ph\u00e1 Ehon nh\u1eb1m kh\u01a1i g\u1ee3i tr\u00ed t\u01b0\u1edfng t\u01b0\u1ee3ng, ph\u00e1t tri\u1ec3n th\u00f4ng minh v\u00e0 chia s\u1ebb t\u00ecnh c\u1ea3m v\u1edbi con nhi\u1ec1u h\u01a1n.<\/p>\n<p>\u2756 Bo\u0323\u0302 sa\u0301ch Ehon nuo\u0302i du\u031bo\u031b\u0303ng ta\u0302m ho\u0302\u0300n tre\u0309 vo\u031b\u0301i nhu\u031b\u0303ng ca\u0302u chuye\u0323\u0302n nga\u0306\u0301n \u0111u\u031bo\u031b\u0323c minh ho\u0323a qua nhu\u031b\u0303ng hi\u0300nh a\u0309nh va\u0300 no\u0323\u0302i dung de\u0302\u0303 hie\u0302\u0309u, ga\u0302\u0300n gu\u0303i vo\u031b\u0301i tre\u0309. Tu\u031b\u0300 nhu\u031b\u0303ng chu\u0309 \u0111e\u0302\u0300 vo\u0302 cu\u0300ng \u0111o\u031bn gia\u0309n nhu\u031b ma\u0300u sa\u0306\u0301c, hi\u0300nh kho\u0302\u0301i \u0111e\u0302\u0301n nhu\u031b\u0303ng ca\u0302u chuye\u0323\u0302n ve\u0302\u0300 gia \u0111i\u0300nh, ba\u0323n be\u0300, ca\u0309m xu\u0301c.<\/p>\n<p>\u2756 Bo\u0323\u0302 truye\u0323\u0302n go\u0302\u0300m 10 cuo\u0302\u0301n:<\/p>\n<p>+ Ma\u0300u na\u0300o \u0111e\u0323p nha\u0302\u0301t?<\/p>\n<p>+ \u0110a\u0302y la\u0300 hi\u0300nh gi\u0300 nh\u1ec9?<\/p>\n<p>+ Cha\u0302\u0301m tro\u0300n \u0111a\u0302u ro\u0302\u0300i nhi\u0309?<\/p>\n<p>+ Khu\u0309ng long sa\u0306\u0301c ma\u0300u va\u0300 chie\u0302\u0301c bu\u0323ng \u0111o\u0301i<\/p>\n<p>+ Ba\u0323n la\u0300 ai the\u0302\u0301?<\/p>\n<p>+ Cho\u031bi tro\u0302\u0301n ti\u0300m cu\u0300ng Tru\u031b\u0301ng o\u0302\u0301p<\/p>\n<p>+ Chu\u0301ng mi\u0300nh ha\u0303y no\u0301i ca\u0309m o\u031bn ba\u0323n nhe\u0301!<\/p>\n<p>+ Tro\u031b\u0300i \u0111a\u0303 sa\u0301ng ro\u0302\u0300i, thu\u031b\u0301c da\u0323\u0302y tho\u0302i na\u0300o!<\/p>\n<p>+ Chu\u0301ng mi\u0300nh cu\u0300ng giu\u0301p nhau ba\u0323n nhe\u0301!<\/p>\n<p>+ \u0110u\u031b\u0300ng que\u0302n no\u0301i xin lo\u0302\u0303i ba\u0323n nhe\u0301!<\/p>\n","protected":false},"featured_media":23067,"template":"","meta":{"_acf_changed":false},"product_brand":[],"product_cat":[24,25,17],"product_tag":[],"class_list":{"0":"post-23068","1":"product","2":"type-product","3":"status-publish","4":"has-post-thumbnail","6":"product_cat-nha-tre-mau-giao-0-tuoi-6-tuoi","7":"product_cat-nhi-dong-6-tuoi-12-tuoi","8":"product_cat-sach-danh-cho-cac-be","10":"first","11":"outofstock","12":"taxable","13":"shipping-taxable","14":"purchasable","15":"product-type-simple"},"supplier_id":null,"supplier_sku":"","barcode":null,"atum_controlled":true,"out_stock_date":"2023-04-05 04:23:45","out_stock_threshold":null,"inheritable":false,"inbound_stock":0,"stock_on_hold":0,"sold_today":0,"sales_last_days":0,"reserved_stock":0,"customer_returns":0,"warehouse_damage":0,"lost_in_post":0,"other_logs":0,"out_stock_days":1029,"lost_sales":0,"has_location":false,"update_date":"2026-01-28T23:11:11","atum_locations":[],"atum_stock_status":"outofstock","restock_status":false,"low_stock_amount":"","sales_update_date":"2026-01-28T23:11:11","calc_backorders":null,"acf":{"publisher":{"ID":23066,"post_author":"1","post_date":"2023-04-02 18:33:06","post_date_gmt":"2023-04-02 15:33:06","post_content":"","post_title":"H\u00e0 N\u1ed9i","post_excerpt":"","post_status":"publish","comment_status":"closed","ping_status":"closed","post_password":"","post_name":"ha-noi","to_ping":"","pinged":"","post_modified":"2023-04-02 18:33:06","post_modified_gmt":"2023-04-02 15:33:06","post_content_filtered":"","post_parent":0,"guid":"https:\/\/sachviet.eu\/nha-phat-hanh\/ha-noi\/","menu_order":0,"post_type":"publisher","post_mime_type":"","comment_count":"0","filter":"raw"}},"_links":{"self":[{"href":"https:\/\/sachviet.eu\/en\/wp-json\/wp\/v2\/product\/23068","targetHints":{"allow":["GET"]}}],"collection":[{"href":"https:\/\/sachviet.eu\/en\/wp-json\/wp\/v2\/product"}],"about":[{"href":"https:\/\/sachviet.eu\/en\/wp-json\/wp\/v2\/types\/product"}],"wp:featuredmedia":[{"embeddable":true,"href":"https:\/\/sachviet.eu\/en\/wp-json\/wp\/v2\/media\/23067"}],"wp:attachment":[{"href":"https:\/\/sachviet.eu\/en\/wp-json\/wp\/v2\/media?parent=23068"}],"wp:term":[{"taxonomy":"product_brand","embeddable":true,"href":"https:\/\/sachviet.eu\/en\/wp-json\/wp\/v2\/product_brand?post=23068"},{"taxonomy":"product_cat","embeddable":true,"href":"https:\/\/sachviet.eu\/en\/wp-json\/wp\/v2\/product_cat?post=23068"},{"taxonomy":"product_tag","embeddable":true,"href":"https:\/\/sachviet.eu\/en\/wp-json\/wp\/v2\/product_tag?post=23068"}],"curies":[{"name":"wp","href":"https:\/\/api.w.org\/{rel}","templated":true}]}}