{"id":23065,"date":"2023-04-02T18:33:00","date_gmt":"2023-04-02T15:33:00","guid":{"rendered":"https:\/\/sachviet.eu\/shop\/combo-ki-nang-giao-tiep-danh-cho-be-2-6-tuoi-tron-bo-10-cuon\/"},"modified":"2023-11-19T08:43:57","modified_gmt":"2023-11-19T06:43:57","slug":"combo-ki-nang-giao-tiep-danh-cho-be-2-6-tuoi-tron-bo-10-cuon","status":"publish","type":"product","link":"https:\/\/sachviet.eu\/en\/shop\/combo-ki-nang-giao-tiep-danh-cho-be-2-6-tuoi-tron-bo-10-cuon\/","title":{"rendered":"Combo K\u0129 N\u0103ng Giao Ti\u1ebfp &#8211; D\u00e0nh Cho B\u00e9 2-6 Tu\u1ed5i (Tr\u1ecdn B\u1ed9 10 cu\u1ed1n)"},"content":{"rendered":"<p>Kh\u1ea3 n\u0103ng giao ti\u1ebfp h\u1ea1n ch\u1ebf s\u1ebd t\u1ea1o n\u00ean nh\u1eefng t\u1ed5n th\u1ea5t r\u1ea5t l\u1edbn v\u1ec1 t\u00e2m sinh l\u00ed c\u1ee7a m\u1ed7i ng\u01b0\u1eddi n\u00f3i chung v\u00e0 m\u1ed7i \u0111\u1ee9a tr\u1ebb n\u00f3i ri\u00eang. V\u00ec v\u1eady, ngay t\u1eeb khi em b\u00e9 \u0111\u01b0\u1ee3c sinh ra, ph\u1ee5 huynh n\u00ean ch\u00fa tr\u1ecdng vi\u1ec7c giao ti\u1ebfp v\u1edbi b\u00e9 v\u00e0 h\u00ecnh th\u00e0nh k\u0129 n\u0103ng giao ti\u1ebfp cho b\u00e9.<\/p>\n<p>B\u1ed9 s\u00e1ch K\u0128 N\u0102NG GIAO TI\u1ebeP g\u1ed3m 10 cu\u1ed1n s\u1ebd gi\u00fap c\u00e1c b\u00e9 2- 6 tu\u1ed5i nhanh ch\u00f3ng c\u00f3 k\u0129 n\u0103ng giao ti\u1ebfp t\u1ed1t. Qua m\u1ed7i c\u00e2u chuy\u1ec7n v\u00e0 t\u00ecnh hu\u1ed1ng nh\u1ecf, b\u00e9 s\u1ebd hi\u1ec3u khi n\u00e0o c\u1ea7n n\u00f3i l\u1eddi ch\u00e0o, l\u1eddi m\u1eddi, l\u1eddi c\u1ea3m \u01a1n, l\u1eddi xin l\u1ed7i. Nh\u1eefng c\u00e2u n\u00f3i hay v\u00e0 nh\u1eefng c\u1eed ch\u1ec9 \u0111\u1eb9p s\u1ebd khi\u1ebfn b\u00e9 tr\u1edf th\u00e0nh m\u1ed9t ng\u01b0\u1eddi l\u1ecbch s\u1ef1, th\u00e2n thi\u1ec7n v\u00e0 v\u00f4 c\u00f9ng \u0111\u00e1ng m\u1ebfn!<\/p>\n<p>M\u1ed7i cu\u1ed1n g\u1ed3m t\u1eeb 2-3 c\u00e2u chuy\u1ec7n nh\u1ecf k\u00e8m tranh v\u1ebd ng\u1ed9 ngh\u0129nh \u0111\u00e1ng y\u00eau ch\u1eafc ch\u1eafn s\u1ebd l\u00e0m b\u00e9 th\u00edch th\u00fa v\u00e0 h\u1ecdc \u0111\u01b0\u1ee3c nhi\u1ec1u \u0111i\u1ec1u:<\/p>\n<p>B\u00e9 s\u1ebd bi\u1ebft n\u00f3i l\u1eddi c\u1ea3m \u01a1n khi ng\u01b0\u1eddi kh\u00e1c gi\u00fap \u0111\u1ee1, quan t\u00e2m, t\u1eb7ng qu\u00e0 cho m\u00ecnh.<br \/>\nB\u00e9 bi\u1ebft xin l\u1ed7i khi m\u00ecnh l\u00e0m sai, l\u00e0m ng\u01b0\u1eddi kh\u00e1c ph\u1ea3i bu\u1ed3n l\u00f2ng.<br \/>\nB\u00e9 bi\u1ebft d\u00f9ng l\u1eddi m\u1eddi tr\u01b0\u1edbc b\u1eefa \u0103n, m\u1eddi kh\u00e1ch v\u00e0o nh\u00e0, m\u1eddi kh\u00e1ch u\u1ed1ng n\u01b0\u1edbc.<br \/>\nB\u00e9 bi\u1ebft ch\u00e0o h\u1ecfi ng\u01b0\u1eddi l\u1edbn v\u00e0 b\u1ea1n b\u00e8 khi g\u1eb7p m\u1eb7t.<br \/>\nB\u00e9 bi\u1ebft n\u00f3i l\u1eddi t\u1ea1m bi\u1ec7t khi chia tay.<br \/>\nB\u00e9 bi\u1ebft \u0111\u1ed9ng vi\u00ean, an \u1ee7i khi ng\u01b0\u1eddi th\u00e2n ho\u1eb7c b\u1ea1n b\u00e8 m\u00ecnh bu\u1ed3n.<br \/>\nB\u00e9 bi\u1ebft h\u1ee9a v\u00e0 gi\u1eef l\u1eddi h\u1ee9a.<\/p>\n","protected":false},"excerpt":{"rendered":"<p>Kh\u1ea3 n\u0103ng giao ti\u1ebfp h\u1ea1n ch\u1ebf s\u1ebd t\u1ea1o n\u00ean nh\u1eefng t\u1ed5n th\u1ea5t r\u1ea5t l\u1edbn v\u1ec1 t\u00e2m sinh l\u00ed c\u1ee7a m\u1ed7i ng\u01b0\u1eddi n\u00f3i chung v\u00e0 m\u1ed7i \u0111\u1ee9a tr\u1ebb n\u00f3i ri\u00eang. V\u00ec v\u1eady, ngay t\u1eeb khi em b\u00e9 \u0111\u01b0\u1ee3c sinh ra, ph\u1ee5 huynh n\u00ean ch\u00fa tr\u1ecdng vi\u1ec7c giao ti\u1ebfp v\u1edbi b\u00e9 v\u00e0 h\u00ecnh th\u00e0nh k\u0129 n\u0103ng giao ti\u1ebfp cho b\u00e9.<\/p>\n<p>B\u1ed9 s\u00e1ch K\u0128 N\u0102NG GIAO TI\u1ebeP g\u1ed3m 10 cu\u1ed1n s\u1ebd gi\u00fap c\u00e1c b\u00e9 2- 6 tu\u1ed5i nhanh ch\u00f3ng c\u00f3 k\u0129 n\u0103ng giao ti\u1ebfp t\u1ed1t. Qua m\u1ed7i c\u00e2u chuy\u1ec7n v\u00e0 t\u00ecnh hu\u1ed1ng nh\u1ecf, b\u00e9 s\u1ebd hi\u1ec3u khi n\u00e0o c\u1ea7n n\u00f3i l\u1eddi ch\u00e0o, l\u1eddi m\u1eddi, l\u1eddi c\u1ea3m \u01a1n, l\u1eddi xin l\u1ed7i. Nh\u1eefng c\u00e2u n\u00f3i hay v\u00e0 nh\u1eefng c\u1eed ch\u1ec9 \u0111\u1eb9p s\u1ebd khi\u1ebfn b\u00e9 tr\u1edf th\u00e0nh m\u1ed9t ng\u01b0\u1eddi l\u1ecbch s\u1ef1, th\u00e2n thi\u1ec7n v\u00e0 v\u00f4 c\u00f9ng \u0111\u00e1ng m\u1ebfn!<\/p>\n<p>M\u1ed7i cu\u1ed1n g\u1ed3m t\u1eeb 2-3 c\u00e2u chuy\u1ec7n nh\u1ecf k\u00e8m tranh v\u1ebd ng\u1ed9 ngh\u0129nh \u0111\u00e1ng y\u00eau ch\u1eafc ch\u1eafn s\u1ebd l\u00e0m b\u00e9 th\u00edch th\u00fa v\u00e0 h\u1ecdc \u0111\u01b0\u1ee3c nhi\u1ec1u \u0111i\u1ec1u:<\/p>\n<p>B\u00e9 s\u1ebd bi\u1ebft n\u00f3i l\u1eddi c\u1ea3m \u01a1n khi ng\u01b0\u1eddi kh\u00e1c gi\u00fap \u0111\u1ee1, quan t\u00e2m, t\u1eb7ng qu\u00e0 cho m\u00ecnh.<br \/>\nB\u00e9 bi\u1ebft xin l\u1ed7i khi m\u00ecnh l\u00e0m sai, l\u00e0m ng\u01b0\u1eddi kh\u00e1c ph\u1ea3i bu\u1ed3n l\u00f2ng.<br \/>\nB\u00e9 bi\u1ebft d\u00f9ng l\u1eddi m\u1eddi tr\u01b0\u1edbc b\u1eefa \u0103n, m\u1eddi kh\u00e1ch v\u00e0o nh\u00e0, m\u1eddi kh\u00e1ch u\u1ed1ng n\u01b0\u1edbc.<br \/>\nB\u00e9 bi\u1ebft ch\u00e0o h\u1ecfi ng\u01b0\u1eddi l\u1edbn v\u00e0 b\u1ea1n b\u00e8 khi g\u1eb7p m\u1eb7t.<br \/>\nB\u00e9 bi\u1ebft n\u00f3i l\u1eddi t\u1ea1m bi\u1ec7t khi chia tay.<br \/>\nB\u00e9 bi\u1ebft \u0111\u1ed9ng vi\u00ean, an \u1ee7i khi ng\u01b0\u1eddi th\u00e2n ho\u1eb7c b\u1ea1n b\u00e8 m\u00ecnh bu\u1ed3n.<br \/>\nB\u00e9 bi\u1ebft h\u1ee9a v\u00e0 gi\u1eef l\u1eddi h\u1ee9a.<\/p>\n","protected":false},"featured_media":23064,"template":"","meta":{"_acf_changed":false},"product_brand":[],"product_cat":[24,25,17],"product_tag":[],"class_list":{"0":"post-23065","1":"product","2":"type-product","3":"status-publish","4":"has-post-thumbnail","6":"product_cat-nha-tre-mau-giao-0-tuoi-6-tuoi","7":"product_cat-nhi-dong-6-tuoi-12-tuoi","8":"product_cat-sach-danh-cho-cac-be","10":"first","11":"outofstock","12":"taxable","13":"shipping-taxable","14":"purchasable","15":"product-type-simple"},"supplier_id":null,"supplier_sku":"","barcode":null,"atum_controlled":true,"out_stock_date":"2023-11-19 06:43:57","out_stock_threshold":null,"inheritable":false,"inbound_stock":0,"stock_on_hold":0,"sold_today":0,"sales_last_days":0,"reserved_stock":0,"customer_returns":0,"warehouse_damage":0,"lost_in_post":0,"other_logs":0,"out_stock_days":801,"lost_sales":0,"has_location":false,"update_date":"2026-01-28T23:11:11","atum_locations":[],"atum_stock_status":"outofstock","restock_status":false,"low_stock_amount":"","sales_update_date":"2026-01-28T23:11:11","calc_backorders":null,"acf":{"publisher":{"ID":1454,"post_author":"1","post_date":"2021-02-17 01:11:34","post_date_gmt":"2021-02-16 23:11:34","post_content":"<!-- wp:flatsome\/uxbuilder -->\n<h1 style=\"text-align: center;\"><strong>Kim \u0110\u1ed3ng<\/strong><\/h1>\n[row]\n\n[col span=\"3\" span__sm=\"12\"]\n\n[ux_image id=\"1534\" image_size=\"medium\"]\n\n\n[\/col]\n[col span=\"9\" span__sm=\"12\"]\n\n<p>Nh\u00e0 xu\u1ea5t b\u1ea3n Kim \u0110\u1ed3ng tr\u1ef1c thu\u1ed9c Trung \u01b0\u01a1ng \u0110o\u00e0n TNCS H\u1ed3 Ch\u00ed Minh l\u00e0 Nh\u00e0 xu\u1ea5t b\u1ea3n t\u1ed5ng h\u1ee3p c\u00f3 ch\u1ee9c n\u0103ng xu\u1ea5t b\u1ea3n s\u00e1ch v\u00e0 v\u0103n h\u00f3a ph\u1ea9m ph\u1ee5c v\u1ee5 thi\u1ebfu nhi v\u00e0 c\u00e1c b\u1eadc ph\u1ee5 huynh trong c\u1ea3 n\u01b0\u1edbc, qu\u1ea3ng b\u00e1 v\u00e0 gi\u1edbi thi\u1ec7u v\u0103n h\u00f3a Vi\u1ec7t Nam ra th\u1ebf gi\u1edbi.<br \/>Nh\u00e0 xu\u1ea5t b\u1ea3n c\u00f3 nhi\u1ec7m v\u1ee5 t\u1ed5 ch\u1ee9c b\u1ea3n th\u1ea3o, bi\u00ean so\u1ea1n, bi\u00ean d\u1ecbch, xu\u1ea5t b\u1ea3n v\u00e0 ph\u00e1t h\u00e0nh c\u00e1c xu\u1ea5t b\u1ea3n ph\u1ea9m c\u00f3 n\u1ed9i dung: gi\u00e1o d\u1ee5c truy\u1ec1n th\u1ed1ng d\u00e2n t\u1ed9c, gi\u00e1o d\u1ee5c v\u1ec1 tri th\u1ee9c, ki\u1ebfn th\u1ee9c\u2026 tr\u00ean c\u00e1c l\u0129nh v\u1ef1c v\u0103n h\u1ecdc, ngh\u1ec7 thu\u1eadt, khoa h\u1ecdc k\u1ef9 thu\u1eadt nh\u1eb1m cung c\u1ea5p cho c\u00e1c em thi\u1ebfu nhi c\u0169ng nh\u01b0 c\u00e1c b\u1eadc ph\u1ee5 huynh c\u00e1c ki\u1ebfn th\u1ee9c c\u1ea7n thi\u1ebft trong cu\u1ed9c s\u1ed1ng, nh\u1eefng tinh hoa c\u1ee7a tri th\u1ee9c nh\u00e2n lo\u1ea1i nh\u1eb1m g\u00f3p ph\u1ea7n gi\u00e1o d\u1ee5c v\u00e0 h\u00ecnh th\u00e0nh nh\u00e2n c\u00e1ch th\u1ebf h\u1ec7 tr\u1ebb.<br \/>\u0110\u1ed1i t\u01b0\u1ee3ng ph\u1ee5c v\u1ee5 c\u1ee7a Nh\u00e0 xu\u1ea5t b\u1ea3n l\u00e0 c\u00e1c em t\u1eeb tu\u1ed5i nh\u00e0 tr\u1ebb m\u1eabu gi\u00e1o (1 \u0111\u1ebfn 5 tu\u1ed5i), nhi \u0111\u1ed3ng (6 \u0111\u1ebfn 9 tu\u1ed5i), thi\u1ebfu ni\u00ean (10 \u0111\u1ebfn 15 tu\u1ed5i) \u0111\u1ebfn c\u00e1c em tu\u1ed5i m\u1edbi l\u1edbn (16 \u0111\u1ebfn 18 tu\u1ed5i) v\u00e0 c\u00e1c b\u1eadc ph\u1ee5 huynh.<\/p>\n\n[\/col]\n\n[\/row]\n\n<!-- \/wp:flatsome\/uxbuilder -->","post_title":"Kim \u0110\u1ed3ng","post_excerpt":"","post_status":"publish","comment_status":"closed","ping_status":"closed","post_password":"","post_name":"kim-dong","to_ping":"","pinged":"","post_modified":"2021-02-17 01:31:56","post_modified_gmt":"2021-02-16 23:31:56","post_content_filtered":"","post_parent":0,"guid":"https:\/\/sachviet.eu\/nha-phat-hanh\/kim-dong\/","menu_order":0,"post_type":"publisher","post_mime_type":"","comment_count":"0","filter":"raw"}},"_links":{"self":[{"href":"https:\/\/sachviet.eu\/en\/wp-json\/wp\/v2\/product\/23065","targetHints":{"allow":["GET"]}}],"collection":[{"href":"https:\/\/sachviet.eu\/en\/wp-json\/wp\/v2\/product"}],"about":[{"href":"https:\/\/sachviet.eu\/en\/wp-json\/wp\/v2\/types\/product"}],"wp:featuredmedia":[{"embeddable":true,"href":"https:\/\/sachviet.eu\/en\/wp-json\/wp\/v2\/media\/23064"}],"wp:attachment":[{"href":"https:\/\/sachviet.eu\/en\/wp-json\/wp\/v2\/media?parent=23065"}],"wp:term":[{"taxonomy":"product_brand","embeddable":true,"href":"https:\/\/sachviet.eu\/en\/wp-json\/wp\/v2\/product_brand?post=23065"},{"taxonomy":"product_cat","embeddable":true,"href":"https:\/\/sachviet.eu\/en\/wp-json\/wp\/v2\/product_cat?post=23065"},{"taxonomy":"product_tag","embeddable":true,"href":"https:\/\/sachviet.eu\/en\/wp-json\/wp\/v2\/product_tag?post=23065"}],"curies":[{"name":"wp","href":"https:\/\/api.w.org\/{rel}","templated":true}]}}