{"id":2300,"date":"2021-02-25T19:29:50","date_gmt":"2021-02-25T17:29:50","guid":{"rendered":"https:\/\/sachviet.eu\/shop\/bo-sach-nhung-sinh-vat-i-e-set-10-quyen\/"},"modified":"2022-12-19T18:52:49","modified_gmt":"2022-12-19T16:52:49","slug":"bo-sach-nhung-sinh-vat-i-e-set-10-quyen","status":"publish","type":"product","link":"https:\/\/sachviet.eu\/en\/shop\/bo-sach-nhung-sinh-vat-i-e-set-10-quyen\/","title":{"rendered":"B\u1ed9 S\u00e1ch Nh\u1eefng Sinh V\u1eadt \u00cd \u1eb8 &#8211; bundle 10 quy\u1ec3n"},"content":{"rendered":"<p>B\u1ed9 s\u00e1ch \u201cNH\u1eeeNG SINH V\u1eacT \u00cd \u1eb8\u201d g\u1ed3m 10 cu\u1ed1n, thu\u1ed9c t\u1ee7 s\u00e1ch khoa h\u1ecdc t\u1ef1 nhi\u00ean v\u00e0 x\u00e3 h\u1ed9i, gi\u1edbi thi\u1ec7u v\u1ec1 c\u00e1c lo\u00e0i sinh v\u1eadt \u0111\u1eb7c bi\u1ec7t th\u00fa v\u1ecb nh\u01b0ng th\u01b0\u1eddng \u00edt \u0111\u01b0\u1ee3c ch\u00fa \u00fd v\u00ec v\u1ebb ngo\u00e0i l\u1ea1 l\u00f9ng c\u1ee7a ch\u00fang. \u0111\u00f3 c\u00f3 th\u1ec3 l\u00e0 nh\u1eefng con b\u1ecd nh\u1ecf, giun d\u1ebf, \u0111\u1ed9ng v\u1eadt l\u01b0\u1ee1ng c\u01b0, c\u00f4n tr\u00f9ng, \u0111\u1ed9ng v\u1eadt c\u00f3 v\u00fa bi\u1ebft bay duy nh\u1ea5t tr\u00ean tr\u00e1i \u0111\u1ea5t, hay th\u1eadm ch\u00ed, nh\u1eefng con ch\u1ea5y nh\u1ecf x\u00edu trong su\u1ed1t s\u1ed1ng k\u00ed sinh tr\u00ean da \u0111\u1ea7u ng\u01b0\u1eddi! sinh tr\u00ean da \u0111\u1ea7u ng\u01b0\u1eddi!<br \/>\nV\u1edbi l\u1ed1i v\u00e0o \u0111\u1ec1 g\u1ea7n g\u0169i, c\u00e1ch k\u1ec3 chuy\u1ec7n h\u00e0i h\u01b0\u1edbc v\u00e0 nh\u1eefng minh h\u1ecda ng\u1ed9 ngh\u0129nh, cu\u1ed1n s\u00e1ch mang t\u1edbi m\u1ed9t h\u1ec7 th\u1ed1ng tri th\u1ee9c khoa h\u1ecdc b\u1ed5 \u00edch v\u1ec1 m\u00f4i tr\u01b0\u1eddng s\u1ed1ng, h\u1ec7 th\u1ed1ng ph\u00e2n lo\u1ea1i, v\u00f2ng \u0111\u1eddi, h\u1ec7 sinh th\u00e1i v\u00e0 c\u1ea5u t\u1ea1o c\u01a1 th\u1ec3 \u0111\u1eb7c th\u00f9 c\u1ee7a m\u1ed7i lo\u00e0i sinh v\u1eadt.<br \/>\nC\u00e1c t\u1eeb kh\u00f3a quan tr\u1ecdng \u0111\u01b0\u1ee3c ph\u00f3ng to v\u00e0 b\u00f4i \u0111\u1eadm \u0111\u1ec3 n\u1ed5i b\u1eadt th\u00f4ng tin thi\u1ebft y\u1ebfu. L\u1ed1i s\u1eed d\u1ee5ng tho\u1ea1i nh\u00e2n v\u1eadt \u0111\u01b0\u1ee3c thi\u1ebft k\u1ebf d\u01b0\u1edbi d\u1ea1ng bong b\u00f3ng l\u1eddi \u01b0a d\u00f9ng t\u1eeb nh\u1eefng th\u1eddi k\u1ef3 \u0111\u1ea7u truy\u1ec7n tranh ra \u0111\u1eddi m\u1ed9t l\u1ea7n n\u1eefa tr\u1edf l\u1ea1i trong c\u00e1c s\u00e1ng t\u00e1c c\u1ee7a Elise Gravel g\u1ee3i nh\u1edb v\u1ec1 m\u1ed9t phong c\u00e1ch thi\u1ebft k\u1ebf tranh truy\u1ec7n \u0111\u1ea7y ch\u1ea5t ho\u00e0i c\u1ed5 trong truy\u1ec1n th\u1ed1ng truy\u1ec7n tranh Ph\u00e1p nh\u1eefng n\u0103m \u0111\u1ea7u th\u1ebf k\u1ef7 19.  <div class=\"banner-grid-wrapper\">\n  <div id=\"banner-grid-1674325011\" class=\"banner-grid row row-grid row-small\" data-packery-options=\"\">\n            <style>\n    #banner-grid-1674325011 .grid-col-1{height: 600px}\n    #banner-grid-1674325011 .grid-col-1-2{height: 300px}\n    #banner-grid-1674325011 .grid-col-1-3{height:200px}\n    #banner-grid-1674325011 .grid-col-2-3{height: 400px}\n    #banner-grid-1674325011 .grid-col-1-4{height: 150px}\n    #banner-grid-1674325011 .grid-col-3-4{height: 450px}\n\n\n        \/* Tablet *\/\n    @media (max-width: 850px){\n      #banner-grid-1674325011 .grid-col-1{height: 400px}\n      #banner-grid-1674325011 .grid-col-1-2{height: 200px}\n      #banner-grid-1674325011 .grid-col-1-3{height:133.33333333333px}\n      #banner-grid-1674325011 .grid-col-2-3{height: 266.66666666667px}\n      #banner-grid-1674325011 .grid-col-1-4{height: 100px}\n      #banner-grid-1674325011 .grid-col-3-4{height: 300px}\n    }\n    \n        \/* Mobile *\/\n    @media (max-width: 550px){\n      #banner-grid-1674325011 .grid-col-1{height: 400px}\n      #banner-grid-1674325011 .grid-col-1-2{height: 200px}\n      #banner-grid-1674325011 .grid-col-1-3{height:133.33333333333px}\n      #banner-grid-1674325011 .grid-col-2-3{height: 266.66666666667px}\n      #banner-grid-1674325011 .grid-col-1-4{height: 100px}\n      #banner-grid-1674325011 .grid-col-3-4{height: 300px}\n    }\n    \n\n  <\/style>\n    <\/div>\n    <style>\n    #banner-grid-1674325011 .grid-col-1{height: 600px}\n    #banner-grid-1674325011 .grid-col-1-2{height: 300px}\n    #banner-grid-1674325011 .grid-col-1-3{height:200px}\n    #banner-grid-1674325011 .grid-col-2-3{height: 400px}\n    #banner-grid-1674325011 .grid-col-1-4{height: 150px}\n    #banner-grid-1674325011 .grid-col-3-4{height: 450px}\n\n\n    \n    \n\n  <\/style>\n    <\/div>\n  \n","protected":false},"excerpt":{"rendered":"<p>B\u1ed9 s\u00e1ch \u201cNH\u1eeeNG SINH V\u1eacT \u00cd \u1eb8\u201d g\u1ed3m 10 cu\u1ed1n, thu\u1ed9c t\u1ee7 s\u00e1ch khoa h\u1ecdc t\u1ef1 nhi\u00ean v\u00e0 x\u00e3 h\u1ed9i, gi\u1edbi thi\u1ec7u v\u1ec1 c\u00e1c lo\u00e0i sinh v\u1eadt \u0111\u1eb7c bi\u1ec7t th\u00fa v\u1ecb nh\u01b0ng th\u01b0\u1eddng \u00edt \u0111\u01b0\u1ee3c ch\u00fa \u00fd v\u00ec v\u1ebb ngo\u00e0i l\u1ea1 l\u00f9ng c\u1ee7a ch\u00fang. \u0111\u00f3 c\u00f3 th\u1ec3 l\u00e0 nh\u1eefng con b\u1ecd nh\u1ecf, giun d\u1ebf, \u0111\u1ed9ng v\u1eadt l\u01b0\u1ee1ng c\u01b0, c\u00f4n tr\u00f9ng, \u0111\u1ed9ng v\u1eadt c\u00f3 v\u00fa bi\u1ebft bay duy nh\u1ea5t tr\u00ean tr\u00e1i \u0111\u1ea5t, hay th\u1eadm ch\u00ed, nh\u1eefng con ch\u1ea5y nh\u1ecf x\u00edu trong su\u1ed1t s\u1ed1ng k\u00ed sinh tr\u00ean da \u0111\u1ea7u ng\u01b0\u1eddi! sinh tr\u00ean da \u0111\u1ea7u ng\u01b0\u1eddi!<br \/>\nV\u1edbi l\u1ed1i v\u00e0o \u0111\u1ec1 g\u1ea7n g\u0169i, c\u00e1ch k\u1ec3 chuy\u1ec7n h\u00e0i h\u01b0\u1edbc v\u00e0 nh\u1eefng minh h\u1ecda ng\u1ed9 ngh\u0129nh, cu\u1ed1n s\u00e1ch mang t\u1edbi m\u1ed9t h\u1ec7 th\u1ed1ng tri th\u1ee9c khoa h\u1ecdc b\u1ed5 \u00edch v\u1ec1 m\u00f4i tr\u01b0\u1eddng s\u1ed1ng, h\u1ec7 th\u1ed1ng ph\u00e2n lo\u1ea1i, v\u00f2ng \u0111\u1eddi, h\u1ec7 sinh th\u00e1i v\u00e0 c\u1ea5u t\u1ea1o c\u01a1 th\u1ec3 \u0111\u1eb7c th\u00f9 c\u1ee7a m\u1ed7i lo\u00e0i sinh v\u1eadt.<br \/>\nC\u00e1c t\u1eeb kh\u00f3a quan tr\u1ecdng \u0111\u01b0\u1ee3c ph\u00f3ng to v\u00e0 b\u00f4i \u0111\u1eadm \u0111\u1ec3 n\u1ed5i b\u1eadt th\u00f4ng tin thi\u1ebft y\u1ebfu. L\u1ed1i s\u1eed d\u1ee5ng tho\u1ea1i nh\u00e2n v\u1eadt \u0111\u01b0\u1ee3c thi\u1ebft k\u1ebf d\u01b0\u1edbi d\u1ea1ng bong b\u00f3ng l\u1eddi \u01b0a d\u00f9ng t\u1eeb nh\u1eefng th\u1eddi k\u1ef3 \u0111\u1ea7u truy\u1ec7n tranh ra \u0111\u1eddi m\u1ed9t l\u1ea7n n\u1eefa tr\u1edf l\u1ea1i trong c\u00e1c s\u00e1ng t\u00e1c c\u1ee7a Elise Gravel g\u1ee3i nh\u1edb v\u1ec1 m\u1ed9t phong c\u00e1ch thi\u1ebft k\u1ebf tranh truy\u1ec7n \u0111\u1ea7y ch\u1ea5t ho\u00e0i c\u1ed5 trong truy\u1ec1n th\u1ed1ng truy\u1ec7n tranh Ph\u00e1p nh\u1eefng n\u0103m \u0111\u1ea7u th\u1ebf k\u1ef7 19.<\/p>\n","protected":false},"featured_media":2289,"template":"","meta":{"_acf_changed":false},"product_brand":[],"product_cat":[24,25,17,26],"product_tag":[81],"class_list":{"0":"post-2300","1":"product","2":"type-product","3":"status-publish","4":"has-post-thumbnail","6":"product_cat-nha-tre-mau-giao-0-tuoi-6-tuoi","7":"product_cat-nhi-dong-6-tuoi-12-tuoi","8":"product_cat-sach-danh-cho-cac-be","9":"product_cat-thieu-nien-11-tuoi-18-tuoi","10":"product_tag-sach-gia-uu-dai","12":"first","13":"outofstock","14":"sale","15":"taxable","16":"shipping-taxable","17":"purchasable","18":"product-type-woosb"},"supplier_id":null,"supplier_sku":"","barcode":null,"atum_controlled":true,"out_stock_date":"2021-03-01 23:33:13","out_stock_threshold":null,"inheritable":false,"inbound_stock":0,"stock_on_hold":0,"sold_today":0,"sales_last_days":0,"reserved_stock":0,"customer_returns":0,"warehouse_damage":0,"lost_in_post":0,"other_logs":0,"out_stock_days":1793,"lost_sales":0,"has_location":false,"update_date":"2026-01-28T23:10:31","atum_locations":[],"atum_stock_status":"outofstock","restock_status":false,"low_stock_amount":"","sales_update_date":"2026-01-28T23:10:31","calc_backorders":null,"acf":{"publisher":{"ID":1458,"post_author":"1","post_date":"2021-02-17 01:12:22","post_date_gmt":"2021-02-16 23:12:22","post_content":"<!-- wp:flatsome\/uxbuilder -->\n<h1 style=\"text-align: center\"><strong>Crabit Kidbooks<\/strong><\/h1>\n[row]\n\n[col span=\"8\" span__sm=\"12\"]\n\n<p>Crabit Kidbooks l\u00e0 nh\u00e0 ph\u00e1t h\u00e0nh s\u00e1ch thi\u1ebfu nhi thu\u1ed9c C\u00f4ng ty CPTM &amp; XNK Ng\u1ecdc \u00c1nh \u2013 \u0111\u01a1n v\u1ecb h\u01a1n 20 n\u0103m kinh nghi\u1ec7m trong ng\u00e0nh in \u1ea5n v\u00e0 l\u00e0 \u0111\u1ed1i t\u00e1c uy t\u00edn cung c\u1ea5p h\u1ecdc li\u1ec7u, s\u00e1ch v\u1edf h\u1ecdc sinh cho h\u01a1n 5000 kh\u00e1ch h\u00e0ng kh\u1eafp 28 t\u1ec9nh th\u00e0nh ph\u00eda B\u1eafc Vi\u1ec7t Nam H\u1ec7 th\u1ed1ng s\u1ea3n ph\u1ea9m Crabit Kidbooks<\/p>\n<p>Theo s\u1ef1 t\u00ecm hi\u1ec3u c\u1ee7a <strong>SACHVIET.EU<\/strong><strong>\u00a0<\/strong>tuy Crabit Kidbooks l\u00e0 m\u1ed9t nh\u00e0 ph\u00e1t h\u00e0nh tr\u1ebb t\u1ea1i Vi\u1ec7t Nam nh\u01b0ng l\u1ea1i mang \u0111\u1ebfn s\u1ef1 ch\u1ec9n chu qua t\u1eebng trang s\u00e1ch, t\u1eeb ch\u1ea5t li\u1ec7u gi\u1ea5y cao c\u1ea5p, b\u00eca c\u1ee9ng gi\u1eef g\u00ecn s\u00e1ch \u0111\u01b0\u1ee3c b\u1ec1n l\u00e2u \u0111\u1ebfn l\u1eddi v\u0103n c\u00e2u ch\u1eef \u0111\u01b0\u1ee3c ch\u1ecdn l\u1ecdc ch\u1ec9nh s\u1eeda sao cho ti\u1ebfp c\u1eadn th\u00e2n thi\u1ec7n nh\u1ea5t v\u1edbi tr\u1ebb em. <strong>SACHVIET.EU<\/strong> th\u1ef1c s\u1ef1 \u1ea5n t\u01b0\u1ee3ng b\u1edfi t\u1ea7m nh\u00ecn v\u00e0 s\u1ef1 c\u1ed1 g\u1eafng ho\u00e0n thi\u1ec7n nh\u1eefng t\u00e1c ph\u1ea9m c\u00f3 gi\u00e1 tr\u1ecb tuy\u1ec7t v\u1eddi m\u00e0 Crabit Kidbooks mang l\u1ea1i. \u0110\u00e2y c\u0169ng l\u00e0 nh\u00e0 ph\u00e1t h\u00e0nh duy nh\u1ea5t t\u1edbi th\u1eddi \u0111i\u1ec3m n\u00e0y m\u00e0 <strong>SACHVIET.EU<\/strong> quy\u1ebft t\u00e2m h\u1ee3p t\u00e1c mang h\u1ebft t\u1ea5t c\u1ea3 c\u00e1c \u0111\u1ea7u s\u00e1ch m\u00e0 Crabit Kidbooks c\u00f3 \u0111\u1ec3 \u0111em \u0111\u1ebfn Ch\u00e2u \u00c2u ph\u1ee5c v\u1ee5 m\u1ecdi ng\u01b0\u1eddi. \u0110\u00e2y th\u1ef1c s\u1ef1 l\u00e0 m\u1ed9t s\u1ef1 li\u1ec1u l\u0129nh c\u1ee7a <strong>SACHVIET.EU<\/strong>, tuy nhi\u00ean ch\u00fang m\u00ecnh tin t\u01b0\u1edfng v\u00e0 t\u1ef1 tin r\u1eb1ng t\u1eebng cu\u1ed1n s\u00e1ch m\u00e0 ch\u00fang m\u00ecnh gi\u1edbi thi\u1ec7u x\u1ee9ng \u0111\u00e1ng v\u1edbi nh\u1eefng g\u00ec ch\u00fang m\u00ecnh theo \u0111u\u1ed5i.<\/p>\n\n[\/col]\n[col span=\"4\" span__sm=\"12\"]\n\n[ux_image id=\"1701\" image_size=\"medium\"]\n\n\n[\/col]\n\n[\/row]\n\n<!-- \/wp:flatsome\/uxbuilder -->","post_title":"Crabit Kidbooks","post_excerpt":"","post_status":"publish","comment_status":"closed","ping_status":"closed","post_password":"","post_name":"crabit-kidbooks","to_ping":"","pinged":"","post_modified":"2022-12-19 23:12:10","post_modified_gmt":"2022-12-19 21:12:10","post_content_filtered":"","post_parent":0,"guid":"https:\/\/sachviet.eu\/nha-phat-hanh\/crabitkidbooks\/","menu_order":0,"post_type":"publisher","post_mime_type":"","comment_count":"0","filter":"raw"}},"_links":{"self":[{"href":"https:\/\/sachviet.eu\/en\/wp-json\/wp\/v2\/product\/2300","targetHints":{"allow":["GET"]}}],"collection":[{"href":"https:\/\/sachviet.eu\/en\/wp-json\/wp\/v2\/product"}],"about":[{"href":"https:\/\/sachviet.eu\/en\/wp-json\/wp\/v2\/types\/product"}],"wp:featuredmedia":[{"embeddable":true,"href":"https:\/\/sachviet.eu\/en\/wp-json\/wp\/v2\/media\/2289"}],"wp:attachment":[{"href":"https:\/\/sachviet.eu\/en\/wp-json\/wp\/v2\/media?parent=2300"}],"wp:term":[{"taxonomy":"product_brand","embeddable":true,"href":"https:\/\/sachviet.eu\/en\/wp-json\/wp\/v2\/product_brand?post=2300"},{"taxonomy":"product_cat","embeddable":true,"href":"https:\/\/sachviet.eu\/en\/wp-json\/wp\/v2\/product_cat?post=2300"},{"taxonomy":"product_tag","embeddable":true,"href":"https:\/\/sachviet.eu\/en\/wp-json\/wp\/v2\/product_tag?post=2300"}],"curies":[{"name":"wp","href":"https:\/\/api.w.org\/{rel}","templated":true}]}}