{"id":22937,"date":"2023-03-13T16:55:09","date_gmt":"2023-03-13T14:55:09","guid":{"rendered":"https:\/\/sachviet.eu\/shop\/combo-to-muon-bo-4-cuon\/"},"modified":"2023-06-28T13:33:35","modified_gmt":"2023-06-28T10:33:35","slug":"combo-to-muon-bo-4-cuon","status":"publish","type":"product","link":"https:\/\/sachviet.eu\/en\/shop\/combo-to-muon-bo-4-cuon\/","title":{"rendered":"Combo T\u1edb Mu\u1ed1n &#8230; &#8211; B\u1ed9 4 cu\u1ed1n"},"content":{"rendered":"<p>M\u1ecdi c\u00f4 b\u00e9, c\u1eadu b\u00e9 \u0111\u1ec1u c\u00f3 v\u00f4 s\u1ed1 nh\u1eefng vi\u1ec7c mu\u1ed1n l\u00e0m: mu\u1ed1n gi\u00e0nh chi\u1ebfn th\u1eafng, mu\u1ed1n \u0111\u01b0\u1ee3c \u0103n ngon, mu\u1ed1n c\u00f3 \u0111\u1ed3 ch\u01a1i \u0111\u1eb9p, mu\u1ed1n kh\u00f3c, mu\u1ed1n c\u01b0\u1eddi, mu\u1ed1n t\u1ee9c gi\u1eadn\u2026 C\u00f4 b\u00e9 nh\u00e2n v\u1eadt ch\u00ednh trong s\u00ea-ri \u201cT\u1edb mu\u1ed1n\u201d c\u0169ng t\u01b0\u01a1ng t\u1ef1 v\u1eady, c\u00f4 b\u00e9 c\u0169ng c\u00f3 nh\u1eefng mong mu\u1ed1n, nh\u1eefng vi\u1ec7c mu\u1ed1n l\u00e0m, v\u00e0 c\u00f4 b\u00e9 quy\u1ebft t\u00e2m bi\u1ebfn ch\u00fang th\u00e0nh s\u1ef1 th\u1ef1c. Nh\u01b0ng \u0111\u00f4i khi m\u1ecdi vi\u1ec7c kh\u00f4ng h\u1ec1 d\u1ec5 d\u00e0ng! H\u00e3y c\u00f9ng d\u00f5i theo b\u1ed1n cu\u1ed1n s\u00e1ch d\u1ec5 th\u01b0\u01a1ng c\u00f9ng nh\u1eefng v\u1ea7n th\u01a1 \u0111\u00e1ng y\u00eau \u0111\u1ec3 t\u00ecm hi\u1ec3u nh\u1eefng \u0111i\u1ec1u th\u00fa v\u1ecb trong h\u00e0nh tr\u00ecnh l\u1edbn l\u00ean c\u1ee7a nh\u00e2n v\u1eadt ch\u00ednh trong s\u00e1ch, ch\u1eafc ch\u1eafn c\u00e1c em nh\u1ecf c\u0169ng s\u1ebd nh\u00ecn th\u1ea5y ch\u00ednh m\u00ecnh trong nh\u1eefng c\u00e2u chuy\u1ec7n \u1ea5y \u0111\u1ea5y! <\/p>\n<p>Combo T\u1eda MU\u1ed0N (4 cu\u1ed1n) g\u1ed3m:<br \/>\n\u2022    T\u1edb mu\u1ed1n \u0103n b\u00e1nh!<br \/>\n\u2022    T\u1edb mu\u1ed1n chi\u1ebfn th\u1eafng!<br \/>\n\u2022    T\u1edb mu\u1ed1n chia s\u1ebb<br \/>\n\u2022    T\u1edb mu\u1ed1n h\u00e9t l\u00ean!<\/p>\n","protected":false},"excerpt":{"rendered":"<p>M\u1ecdi c\u00f4 b\u00e9, c\u1eadu b\u00e9 \u0111\u1ec1u c\u00f3 v\u00f4 s\u1ed1 nh\u1eefng vi\u1ec7c mu\u1ed1n l\u00e0m: mu\u1ed1n gi\u00e0nh chi\u1ebfn th\u1eafng, mu\u1ed1n \u0111\u01b0\u1ee3c \u0103n ngon, mu\u1ed1n c\u00f3 \u0111\u1ed3 ch\u01a1i \u0111\u1eb9p, mu\u1ed1n kh\u00f3c, mu\u1ed1n c\u01b0\u1eddi, mu\u1ed1n t\u1ee9c gi\u1eadn\u2026 C\u00f4 b\u00e9 nh\u00e2n v\u1eadt ch\u00ednh trong s\u00ea-ri \u201cT\u1edb mu\u1ed1n\u201d c\u0169ng t\u01b0\u01a1ng t\u1ef1 v\u1eady, c\u00f4 b\u00e9 c\u0169ng c\u00f3 nh\u1eefng mong mu\u1ed1n, nh\u1eefng vi\u1ec7c mu\u1ed1n l\u00e0m, v\u00e0 c\u00f4 b\u00e9 quy\u1ebft t\u00e2m bi\u1ebfn ch\u00fang th\u00e0nh s\u1ef1 th\u1ef1c. Nh\u01b0ng \u0111\u00f4i khi m\u1ecdi vi\u1ec7c kh\u00f4ng h\u1ec1 d\u1ec5 d\u00e0ng! H\u00e3y c\u00f9ng d\u00f5i theo b\u1ed1n cu\u1ed1n s\u00e1ch d\u1ec5 th\u01b0\u01a1ng c\u00f9ng nh\u1eefng v\u1ea7n th\u01a1 \u0111\u00e1ng y\u00eau \u0111\u1ec3 t\u00ecm hi\u1ec3u nh\u1eefng \u0111i\u1ec1u th\u00fa v\u1ecb trong h\u00e0nh tr\u00ecnh l\u1edbn l\u00ean c\u1ee7a nh\u00e2n v\u1eadt ch\u00ednh trong s\u00e1ch, ch\u1eafc ch\u1eafn c\u00e1c em nh\u1ecf c\u0169ng s\u1ebd nh\u00ecn th\u1ea5y ch\u00ednh m\u00ecnh trong nh\u1eefng c\u00e2u chuy\u1ec7n \u1ea5y \u0111\u1ea5y! <\/p>\n<p>Combo T\u1eda MU\u1ed0N (4 cu\u1ed1n) g\u1ed3m:<br \/>\n\u2022    T\u1edb mu\u1ed1n \u0103n b\u00e1nh!<br \/>\n\u2022    T\u1edb mu\u1ed1n chi\u1ebfn th\u1eafng!<br \/>\n\u2022    T\u1edb mu\u1ed1n chia s\u1ebb<br \/>\n\u2022    T\u1edb mu\u1ed1n h\u00e9t l\u00ean!<\/p>\n","protected":false},"featured_media":22936,"template":"","meta":{"_acf_changed":false},"product_brand":[],"product_cat":[24,25,17],"product_tag":[83],"class_list":{"0":"post-22937","1":"product","2":"type-product","3":"status-publish","4":"has-post-thumbnail","6":"product_cat-nha-tre-mau-giao-0-tuoi-6-tuoi","7":"product_cat-nhi-dong-6-tuoi-12-tuoi","8":"product_cat-sach-danh-cho-cac-be","9":"product_tag-sach-moi-xuat-ban","11":"first","12":"instock","13":"taxable","14":"shipping-taxable","15":"purchasable","16":"product-type-simple"},"supplier_id":null,"supplier_sku":"","barcode":null,"atum_controlled":true,"out_stock_date":null,"out_stock_threshold":null,"inheritable":false,"inbound_stock":0,"stock_on_hold":0,"sold_today":0,"sales_last_days":0,"reserved_stock":0,"customer_returns":0,"warehouse_damage":0,"lost_in_post":0,"other_logs":0,"out_stock_days":0,"lost_sales":0,"has_location":true,"update_date":"2026-01-28T23:11:11","atum_locations":[{"id":32,"name":"Helsinki","slug":"helsinki"}],"atum_stock_status":"instock","restock_status":false,"low_stock_amount":"","sales_update_date":"2026-01-28T23:11:11","calc_backorders":null,"acf":{"publisher":{"ID":1454,"post_author":"1","post_date":"2021-02-17 01:11:34","post_date_gmt":"2021-02-16 23:11:34","post_content":"<!-- wp:flatsome\/uxbuilder -->\n<h1 style=\"text-align: center;\"><strong>Kim \u0110\u1ed3ng<\/strong><\/h1>\n[row]\n\n[col span=\"3\" span__sm=\"12\"]\n\n[ux_image id=\"1534\" image_size=\"medium\"]\n\n\n[\/col]\n[col span=\"9\" span__sm=\"12\"]\n\n<p>Nh\u00e0 xu\u1ea5t b\u1ea3n Kim \u0110\u1ed3ng tr\u1ef1c thu\u1ed9c Trung \u01b0\u01a1ng \u0110o\u00e0n TNCS H\u1ed3 Ch\u00ed Minh l\u00e0 Nh\u00e0 xu\u1ea5t b\u1ea3n t\u1ed5ng h\u1ee3p c\u00f3 ch\u1ee9c n\u0103ng xu\u1ea5t b\u1ea3n s\u00e1ch v\u00e0 v\u0103n h\u00f3a ph\u1ea9m ph\u1ee5c v\u1ee5 thi\u1ebfu nhi v\u00e0 c\u00e1c b\u1eadc ph\u1ee5 huynh trong c\u1ea3 n\u01b0\u1edbc, qu\u1ea3ng b\u00e1 v\u00e0 gi\u1edbi thi\u1ec7u v\u0103n h\u00f3a Vi\u1ec7t Nam ra th\u1ebf gi\u1edbi.<br \/>Nh\u00e0 xu\u1ea5t b\u1ea3n c\u00f3 nhi\u1ec7m v\u1ee5 t\u1ed5 ch\u1ee9c b\u1ea3n th\u1ea3o, bi\u00ean so\u1ea1n, bi\u00ean d\u1ecbch, xu\u1ea5t b\u1ea3n v\u00e0 ph\u00e1t h\u00e0nh c\u00e1c xu\u1ea5t b\u1ea3n ph\u1ea9m c\u00f3 n\u1ed9i dung: gi\u00e1o d\u1ee5c truy\u1ec1n th\u1ed1ng d\u00e2n t\u1ed9c, gi\u00e1o d\u1ee5c v\u1ec1 tri th\u1ee9c, ki\u1ebfn th\u1ee9c\u2026 tr\u00ean c\u00e1c l\u0129nh v\u1ef1c v\u0103n h\u1ecdc, ngh\u1ec7 thu\u1eadt, khoa h\u1ecdc k\u1ef9 thu\u1eadt nh\u1eb1m cung c\u1ea5p cho c\u00e1c em thi\u1ebfu nhi c\u0169ng nh\u01b0 c\u00e1c b\u1eadc ph\u1ee5 huynh c\u00e1c ki\u1ebfn th\u1ee9c c\u1ea7n thi\u1ebft trong cu\u1ed9c s\u1ed1ng, nh\u1eefng tinh hoa c\u1ee7a tri th\u1ee9c nh\u00e2n lo\u1ea1i nh\u1eb1m g\u00f3p ph\u1ea7n gi\u00e1o d\u1ee5c v\u00e0 h\u00ecnh th\u00e0nh nh\u00e2n c\u00e1ch th\u1ebf h\u1ec7 tr\u1ebb.<br \/>\u0110\u1ed1i t\u01b0\u1ee3ng ph\u1ee5c v\u1ee5 c\u1ee7a Nh\u00e0 xu\u1ea5t b\u1ea3n l\u00e0 c\u00e1c em t\u1eeb tu\u1ed5i nh\u00e0 tr\u1ebb m\u1eabu gi\u00e1o (1 \u0111\u1ebfn 5 tu\u1ed5i), nhi \u0111\u1ed3ng (6 \u0111\u1ebfn 9 tu\u1ed5i), thi\u1ebfu ni\u00ean (10 \u0111\u1ebfn 15 tu\u1ed5i) \u0111\u1ebfn c\u00e1c em tu\u1ed5i m\u1edbi l\u1edbn (16 \u0111\u1ebfn 18 tu\u1ed5i) v\u00e0 c\u00e1c b\u1eadc ph\u1ee5 huynh.<\/p>\n\n[\/col]\n\n[\/row]\n\n<!-- \/wp:flatsome\/uxbuilder -->","post_title":"Kim \u0110\u1ed3ng","post_excerpt":"","post_status":"publish","comment_status":"closed","ping_status":"closed","post_password":"","post_name":"kim-dong","to_ping":"","pinged":"","post_modified":"2021-02-17 01:31:56","post_modified_gmt":"2021-02-16 23:31:56","post_content_filtered":"","post_parent":0,"guid":"https:\/\/sachviet.eu\/nha-phat-hanh\/kim-dong\/","menu_order":0,"post_type":"publisher","post_mime_type":"","comment_count":"0","filter":"raw"}},"_links":{"self":[{"href":"https:\/\/sachviet.eu\/en\/wp-json\/wp\/v2\/product\/22937","targetHints":{"allow":["GET"]}}],"collection":[{"href":"https:\/\/sachviet.eu\/en\/wp-json\/wp\/v2\/product"}],"about":[{"href":"https:\/\/sachviet.eu\/en\/wp-json\/wp\/v2\/types\/product"}],"wp:featuredmedia":[{"embeddable":true,"href":"https:\/\/sachviet.eu\/en\/wp-json\/wp\/v2\/media\/22936"}],"wp:attachment":[{"href":"https:\/\/sachviet.eu\/en\/wp-json\/wp\/v2\/media?parent=22937"}],"wp:term":[{"taxonomy":"product_brand","embeddable":true,"href":"https:\/\/sachviet.eu\/en\/wp-json\/wp\/v2\/product_brand?post=22937"},{"taxonomy":"product_cat","embeddable":true,"href":"https:\/\/sachviet.eu\/en\/wp-json\/wp\/v2\/product_cat?post=22937"},{"taxonomy":"product_tag","embeddable":true,"href":"https:\/\/sachviet.eu\/en\/wp-json\/wp\/v2\/product_tag?post=22937"}],"curies":[{"name":"wp","href":"https:\/\/api.w.org\/{rel}","templated":true}]}}