{"id":22931,"date":"2023-03-13T16:54:50","date_gmt":"2023-03-13T14:54:50","guid":{"rendered":"https:\/\/sachviet.eu\/shop\/the-gioi-cua-peppa-bo-10-cuon\/"},"modified":"2023-11-19T08:43:57","modified_gmt":"2023-11-19T06:43:57","slug":"the-gioi-cua-peppa-bo-10-cuon","status":"publish","type":"product","link":"https:\/\/sachviet.eu\/en\/shop\/the-gioi-cua-peppa-bo-10-cuon\/","title":{"rendered":"Th\u1ebf Gi\u1edbi C\u1ee7a Peppa &#8211; B\u1ed9 10 Cu\u1ed1n"},"content":{"rendered":"<p>\u00da o\u00e0! \u0110\u00fang l\u00e0 PEPPA!<\/p>\n<p>Ch\u00ednh l\u00e0 b\u1ea1n Heo Peppa \u0111\u00e3 qu\u00e1 quen thu\u1ed9c v\u1edbi r\u1ea5t nhi\u1ec1u b\u1ea1n nh\u1ecf Vi\u1ec7t Nam!<\/p>\n<p>Gi\u1edd \u0111\u00e2y, thay v\u00ec ch\u1ec9 g\u1eb7p g\u1ee1 Peppa tr\u00ean TV qua c\u00e1c t\u1eadp phim ho\u1ea1t h\u00ecnh, c\u00e1c em \u0111\u00e3 c\u00f3 th\u1ec3 \u0111\u1ebfn g\u1ea7n h\u01a1n v\u1edbi th\u1ebf gi\u1edbi Peppa qua nh\u1eefng trang s\u00e1ch b\u1ea3n quy\u1ec1n \u0111\u1eb9p long lanh c\u1ee7a Nh\u00e0 xu\u1ea5t b\u1ea3n Kim \u0110\u1ed3ng!<\/p>\n<p>Ngo\u00e0i nh\u1eefng c\u00e2u chuy\u1ec7n \u0111\u01b0\u1ee3c in m\u00e0u v\u00f4 c\u00f9ng xinh x\u1eafn v\u00e0 th\u00fa v\u1ecb th\u00ec c\u00f2n nh\u1eefng g\u00ec h\u1ea5p d\u1eabn h\u01a1n kh\u00f4ng nh\u1ec9? C\u00f9ng theo d\u00f5i nh\u1eefng b\u00e0i \u0111\u0103ng ti\u1ebfp theo v\u00e0 ch\u1edd \u0111\u00f3n t\u1edbi ng\u00e0y lo\u1ea1t \u1ea5n ph\u1ea9m v\u1ec1 Peppa \u0111\u01b0\u1ee3c l\u00ean k\u1ec7 s\u00e1ch th\u00f4i n\u00e0o!<\/p>\n<p>B\u1ed8 S\u00c1CH TH\u1ebe GI\u1edaI C\u1ee6A PEPPA (10 cu\u1ed1n):<br \/>\n\u2022    Th\u1ebf Gi\u1edbi C\u1ee7a Peppa &#8211; T\u1edb Kh\u00f4ng Ch\u01a1i V\u1edbi C\u1eadu N\u1eefa<br \/>\n\u2022    Th\u1ebf Gi\u1edbi C\u1ee7a Peppa &#8211; Cu\u1ed9c \u0110ua Xe \u0110\u1ea1p<br \/>\n\u2022    Th\u1ebf Gi\u1edbi C\u1ee7a Peppa &#8211; Bong B\u00f3ng X\u00e0 Ph\u00f2ng<br \/>\n\u2022    Th\u1ebf Gi\u1edbi C\u1ee7a Peppa &#8211; Nh\u1eefng Con V\u1eadt T\u00ed Hon<br \/>\n\u2022    Th\u1ebf Gi\u1edbi C\u1ee7a Peppa &#8211; Truy T\u00ecm Kho B\u00e1u<br \/>\n\u2022    Th\u1ebf Gi\u1edbi C\u1ee7a Peppa &#8211; Ch\u00fa R\u00f9a Ngh\u1ecbch Ng\u1ee3m<br \/>\n\u2022    Th\u1ebf Gi\u1edbi C\u1ee7a Peppa &#8211; Ng\u00e0y Ngh\u1ec9 C\u1ee7a C\u00f4 Th\u1ecf<br \/>\n\u2022    Th\u1ebf Gi\u1edbi C\u1ee7a Peppa &#8211; George V\u00e0 Em B\u00e9 \u1ed2n \u00c0o<br \/>\n\u2022    Th\u1ebf Gi\u1edbi C\u1ee7a Peppa &#8211; Chi\u1ebfc Gh\u1ebf C\u0169 C\u1ee7a B\u1ed1<br \/>\n\u2022    Th\u1ebf Gi\u1edbi C\u1ee7a Peppa &#8211; \u0110i Kh\u00e1m R\u0103ng<\/p>\n","protected":false},"excerpt":{"rendered":"<p>\u00da o\u00e0! \u0110\u00fang l\u00e0 PEPPA!<\/p>\n<p>Ch\u00ednh l\u00e0 b\u1ea1n Heo Peppa \u0111\u00e3 qu\u00e1 quen thu\u1ed9c v\u1edbi r\u1ea5t nhi\u1ec1u b\u1ea1n nh\u1ecf Vi\u1ec7t Nam!<\/p>\n<p>Gi\u1edd \u0111\u00e2y, thay v\u00ec ch\u1ec9 g\u1eb7p g\u1ee1 Peppa tr\u00ean TV qua c\u00e1c t\u1eadp phim ho\u1ea1t h\u00ecnh, c\u00e1c em \u0111\u00e3 c\u00f3 th\u1ec3 \u0111\u1ebfn g\u1ea7n h\u01a1n v\u1edbi th\u1ebf gi\u1edbi Peppa qua nh\u1eefng trang s\u00e1ch b\u1ea3n quy\u1ec1n \u0111\u1eb9p long lanh c\u1ee7a Nh\u00e0 xu\u1ea5t b\u1ea3n Kim \u0110\u1ed3ng!<\/p>\n<p>Ngo\u00e0i nh\u1eefng c\u00e2u chuy\u1ec7n \u0111\u01b0\u1ee3c in m\u00e0u v\u00f4 c\u00f9ng xinh x\u1eafn v\u00e0 th\u00fa v\u1ecb th\u00ec c\u00f2n nh\u1eefng g\u00ec h\u1ea5p d\u1eabn h\u01a1n kh\u00f4ng nh\u1ec9? C\u00f9ng theo d\u00f5i nh\u1eefng b\u00e0i \u0111\u0103ng ti\u1ebfp theo v\u00e0 ch\u1edd \u0111\u00f3n t\u1edbi ng\u00e0y lo\u1ea1t \u1ea5n ph\u1ea9m v\u1ec1 Peppa \u0111\u01b0\u1ee3c l\u00ean k\u1ec7 s\u00e1ch th\u00f4i n\u00e0o!<\/p>\n<p>B\u1ed8 S\u00c1CH TH\u1ebe GI\u1edaI C\u1ee6A PEPPA (10 cu\u1ed1n):<br \/>\n\u2022    Th\u1ebf Gi\u1edbi C\u1ee7a Peppa &#8211; T\u1edb Kh\u00f4ng Ch\u01a1i V\u1edbi C\u1eadu N\u1eefa<br \/>\n\u2022    Th\u1ebf Gi\u1edbi C\u1ee7a Peppa &#8211; Cu\u1ed9c \u0110ua Xe \u0110\u1ea1p<br \/>\n\u2022    Th\u1ebf Gi\u1edbi C\u1ee7a Peppa &#8211; Bong B\u00f3ng X\u00e0 Ph\u00f2ng<br \/>\n\u2022    Th\u1ebf Gi\u1edbi C\u1ee7a Peppa &#8211; Nh\u1eefng Con V\u1eadt T\u00ed Hon<br \/>\n\u2022    Th\u1ebf Gi\u1edbi C\u1ee7a Peppa &#8211; Truy T\u00ecm Kho B\u00e1u<br \/>\n\u2022    Th\u1ebf Gi\u1edbi C\u1ee7a Peppa &#8211; Ch\u00fa R\u00f9a Ngh\u1ecbch Ng\u1ee3m<br \/>\n\u2022    Th\u1ebf Gi\u1edbi C\u1ee7a Peppa &#8211; Ng\u00e0y Ngh\u1ec9 C\u1ee7a C\u00f4 Th\u1ecf<br \/>\n\u2022    Th\u1ebf Gi\u1edbi C\u1ee7a Peppa &#8211; George V\u00e0 Em B\u00e9 \u1ed2n \u00c0o<br \/>\n\u2022    Th\u1ebf Gi\u1edbi C\u1ee7a Peppa &#8211; Chi\u1ebfc Gh\u1ebf C\u0169 C\u1ee7a B\u1ed1<br \/>\n\u2022    Th\u1ebf Gi\u1edbi C\u1ee7a Peppa &#8211; \u0110i Kh\u00e1m R\u0103ng<\/p>\n","protected":false},"featured_media":22926,"template":"","meta":{"_acf_changed":false},"product_brand":[],"product_cat":[24,25,17,26],"product_tag":[83],"class_list":{"0":"post-22931","1":"product","2":"type-product","3":"status-publish","4":"has-post-thumbnail","6":"product_cat-nha-tre-mau-giao-0-tuoi-6-tuoi","7":"product_cat-nhi-dong-6-tuoi-12-tuoi","8":"product_cat-sach-danh-cho-cac-be","9":"product_cat-thieu-nien-11-tuoi-18-tuoi","10":"product_tag-sach-moi-xuat-ban","12":"first","13":"outofstock","14":"taxable","15":"shipping-taxable","16":"purchasable","17":"product-type-simple"},"supplier_id":null,"supplier_sku":"","barcode":null,"atum_controlled":true,"out_stock_date":"2023-11-19 06:43:57","out_stock_threshold":null,"inheritable":false,"inbound_stock":0,"stock_on_hold":0,"sold_today":0,"sales_last_days":0,"reserved_stock":0,"customer_returns":0,"warehouse_damage":0,"lost_in_post":0,"other_logs":0,"out_stock_days":801,"lost_sales":0,"has_location":false,"update_date":"2026-01-28T23:11:11","atum_locations":[],"atum_stock_status":"outofstock","restock_status":false,"low_stock_amount":"","sales_update_date":"2026-01-28T23:11:11","calc_backorders":null,"acf":{"publisher":{"ID":1454,"post_author":"1","post_date":"2021-02-17 01:11:34","post_date_gmt":"2021-02-16 23:11:34","post_content":"<!-- wp:flatsome\/uxbuilder -->\n<h1 style=\"text-align: center;\"><strong>Kim \u0110\u1ed3ng<\/strong><\/h1>\n[row]\n\n[col span=\"3\" span__sm=\"12\"]\n\n[ux_image id=\"1534\" image_size=\"medium\"]\n\n\n[\/col]\n[col span=\"9\" span__sm=\"12\"]\n\n<p>Nh\u00e0 xu\u1ea5t b\u1ea3n Kim \u0110\u1ed3ng tr\u1ef1c thu\u1ed9c Trung \u01b0\u01a1ng \u0110o\u00e0n TNCS H\u1ed3 Ch\u00ed Minh l\u00e0 Nh\u00e0 xu\u1ea5t b\u1ea3n t\u1ed5ng h\u1ee3p c\u00f3 ch\u1ee9c n\u0103ng xu\u1ea5t b\u1ea3n s\u00e1ch v\u00e0 v\u0103n h\u00f3a ph\u1ea9m ph\u1ee5c v\u1ee5 thi\u1ebfu nhi v\u00e0 c\u00e1c b\u1eadc ph\u1ee5 huynh trong c\u1ea3 n\u01b0\u1edbc, qu\u1ea3ng b\u00e1 v\u00e0 gi\u1edbi thi\u1ec7u v\u0103n h\u00f3a Vi\u1ec7t Nam ra th\u1ebf gi\u1edbi.<br \/>Nh\u00e0 xu\u1ea5t b\u1ea3n c\u00f3 nhi\u1ec7m v\u1ee5 t\u1ed5 ch\u1ee9c b\u1ea3n th\u1ea3o, bi\u00ean so\u1ea1n, bi\u00ean d\u1ecbch, xu\u1ea5t b\u1ea3n v\u00e0 ph\u00e1t h\u00e0nh c\u00e1c xu\u1ea5t b\u1ea3n ph\u1ea9m c\u00f3 n\u1ed9i dung: gi\u00e1o d\u1ee5c truy\u1ec1n th\u1ed1ng d\u00e2n t\u1ed9c, gi\u00e1o d\u1ee5c v\u1ec1 tri th\u1ee9c, ki\u1ebfn th\u1ee9c\u2026 tr\u00ean c\u00e1c l\u0129nh v\u1ef1c v\u0103n h\u1ecdc, ngh\u1ec7 thu\u1eadt, khoa h\u1ecdc k\u1ef9 thu\u1eadt nh\u1eb1m cung c\u1ea5p cho c\u00e1c em thi\u1ebfu nhi c\u0169ng nh\u01b0 c\u00e1c b\u1eadc ph\u1ee5 huynh c\u00e1c ki\u1ebfn th\u1ee9c c\u1ea7n thi\u1ebft trong cu\u1ed9c s\u1ed1ng, nh\u1eefng tinh hoa c\u1ee7a tri th\u1ee9c nh\u00e2n lo\u1ea1i nh\u1eb1m g\u00f3p ph\u1ea7n gi\u00e1o d\u1ee5c v\u00e0 h\u00ecnh th\u00e0nh nh\u00e2n c\u00e1ch th\u1ebf h\u1ec7 tr\u1ebb.<br \/>\u0110\u1ed1i t\u01b0\u1ee3ng ph\u1ee5c v\u1ee5 c\u1ee7a Nh\u00e0 xu\u1ea5t b\u1ea3n l\u00e0 c\u00e1c em t\u1eeb tu\u1ed5i nh\u00e0 tr\u1ebb m\u1eabu gi\u00e1o (1 \u0111\u1ebfn 5 tu\u1ed5i), nhi \u0111\u1ed3ng (6 \u0111\u1ebfn 9 tu\u1ed5i), thi\u1ebfu ni\u00ean (10 \u0111\u1ebfn 15 tu\u1ed5i) \u0111\u1ebfn c\u00e1c em tu\u1ed5i m\u1edbi l\u1edbn (16 \u0111\u1ebfn 18 tu\u1ed5i) v\u00e0 c\u00e1c b\u1eadc ph\u1ee5 huynh.<\/p>\n\n[\/col]\n\n[\/row]\n\n<!-- \/wp:flatsome\/uxbuilder -->","post_title":"Kim \u0110\u1ed3ng","post_excerpt":"","post_status":"publish","comment_status":"closed","ping_status":"closed","post_password":"","post_name":"kim-dong","to_ping":"","pinged":"","post_modified":"2021-02-17 01:31:56","post_modified_gmt":"2021-02-16 23:31:56","post_content_filtered":"","post_parent":0,"guid":"https:\/\/sachviet.eu\/nha-phat-hanh\/kim-dong\/","menu_order":0,"post_type":"publisher","post_mime_type":"","comment_count":"0","filter":"raw"}},"_links":{"self":[{"href":"https:\/\/sachviet.eu\/en\/wp-json\/wp\/v2\/product\/22931","targetHints":{"allow":["GET"]}}],"collection":[{"href":"https:\/\/sachviet.eu\/en\/wp-json\/wp\/v2\/product"}],"about":[{"href":"https:\/\/sachviet.eu\/en\/wp-json\/wp\/v2\/types\/product"}],"wp:featuredmedia":[{"embeddable":true,"href":"https:\/\/sachviet.eu\/en\/wp-json\/wp\/v2\/media\/22926"}],"wp:attachment":[{"href":"https:\/\/sachviet.eu\/en\/wp-json\/wp\/v2\/media?parent=22931"}],"wp:term":[{"taxonomy":"product_brand","embeddable":true,"href":"https:\/\/sachviet.eu\/en\/wp-json\/wp\/v2\/product_brand?post=22931"},{"taxonomy":"product_cat","embeddable":true,"href":"https:\/\/sachviet.eu\/en\/wp-json\/wp\/v2\/product_cat?post=22931"},{"taxonomy":"product_tag","embeddable":true,"href":"https:\/\/sachviet.eu\/en\/wp-json\/wp\/v2\/product_tag?post=22931"}],"curies":[{"name":"wp","href":"https:\/\/api.w.org\/{rel}","templated":true}]}}