{"id":22642,"date":"2023-01-21T22:01:57","date_gmt":"2023-01-21T20:01:57","guid":{"rendered":"https:\/\/sachviet.eu\/shop\/bo-4-cuon-me-to-la-the-day-ba-to-la-the-day-chi-gai-to-em-trai-to\/"},"modified":"2023-01-22T00:28:30","modified_gmt":"2023-01-21T22:28:30","slug":"bo-4-cuon-me-to-la-the-day-ba-to-la-the-day-chi-gai-to-em-trai-to","status":"publish","type":"product","link":"https:\/\/sachviet.eu\/en\/shop\/bo-4-cuon-me-to-la-the-day-ba-to-la-the-day-chi-gai-to-em-trai-to\/","title":{"rendered":"B\u00f4\u0323 4 cu\u1ed1n: M\u1eb9 t\u1edb l\u00e0 th\u1ebf \u0111\u1ea5y! &#8211; B\u00e0 t\u1edb l\u00e0 th\u1ebf \u0111\u1ea5y! &#8211; Ch\u1ecb g\u00e1i t\u1edb &#8211; Em trai t\u1edb"},"content":{"rendered":"<p>Qua b\u1ed9 s\u00e1ch 4 cu\u1ed1n v\u1ec1 ch\u1ee7 \u0111\u1ec1 Gia \u0111\u00ecnh, c\u00e1c t\u00e1c gi\u1ea3 mu\u1ed1n kh\u1eb3ng \u0111\u1ecbnh nh\u1eefng gi\u00e1 tr\u1ecb gia \u0111\u00ecnh lu\u00f4n l\u00e0 gi\u00e1 tr\u1ecb b\u1ea5t bi\u1ebfn, kh\u00f4ng bao gi\u1edd thay \u0111\u1ed5i, d\u00f9 truy\u1ec1n th\u1ed1ng hay hi\u1ec7n \u0111\u1ea1i.<\/p>\n<p>V\u1edbi l\u1eddi v\u0103n ng\u1ed9 ngh\u0129nh, d\u00ed d\u1ecfm, ng\u00f4n t\u1eeb tr\u1ebb th\u01a1, hai t\u00e1c gi\u1ea3 Sandrine Beau v\u00e0 Anne Loyer \u0111\u00e3 truy\u1ec1n t\u1ea3i th\u1ef1c tr\u1ea1ng x\u00e3 h\u1ed9i hi\u1ec7n \u0111\u1ea1i, nh\u1eefng quan ni\u1ec7m, nh\u1eadn x\u00e9t c\u1ee7a c\u00e1c em nh\u1ecf ng\u00e0y nay v\u00e0 h\u00ecnh \u1ea3nh, vai tr\u00f2 c\u1ee7a nh\u1eefng ng\u01b0\u1eddi th\u00e2n y\u00eau trong gia \u0111\u00ecnh, c\u1ee5 th\u1ec3 l\u00e0 \u00f4ng, b\u00e0, b\u1ed1, m\u1eb9, anh ch\u1ecb em ru\u1ed9t th\u1ecbt qua n\u00e9t v\u1ebd minh h\u1ecda ng\u1ed9 ngh\u0129nh, d\u1ec5 th\u01b0\u01a1ng c\u1ee7a t\u00e1c gi\u1ea3 Soufie.<\/p>\n<p>Trong con m\u1eaft tr\u1ebb th\u01a1, h\u00ecnh \u1ea3nh \u00f4ng b\u00e0 truy\u1ec1n th\u1ed1ng lu\u00f4n l\u00e0 h\u00ecnh \u1ea3nh \u201ct\u00f3c b\u1ea1c\u201d, \u201cl\u01b0ng c\u00f2ng\u201d, m\u1eaft m\u1edd, \u0111eo k\u00ednh l\u00e3o, \u0111i ph\u1ea3i ch\u1ed1ng g\u1eady, l\u00e0m v\u01b0\u1eddn t\u1ea7n t\u1ea3o.<\/p>\n<p>Nh\u01b0ng h\u00ecnh \u1ea3nh \u00f4ng b\u00e0 hi\u1ec7n \u0111\u1ea1i \u0111\u00e3 r\u1ea5t kh\u00e1c, \u00f4ng b\u00e0 hi\u1ec7n \u0111\u1ea1i x\u00ec tin, d\u00f9 tu\u1ed5i cao nh\u01b0ng v\u1eabn r\u1ea5t kh\u1ecfe m\u1ea1nh, n\u0103ng \u0111\u1ed9ng, \u0111i xe tr\u01b0\u1ee3t, l\u00e1i m\u00e1y bay, y\u00eau th\u1ec3 thao, leo n\u00fai, x\u0103m ng\u01b0\u1eddi, \u0111i gi\u1ea7y th\u1ec3 thao, m\u1eb7c qu\u1ea7n b\u00f2, s\u1eed d\u1ee5ng m\u00e1y t\u00ednh, thi\u1ebft b\u1ecb c\u00f4ng ngh\u1ec7 hi\u1ec7n \u0111\u1ea1i r\u1ea5t thu\u1ea7n th\u1ee5c.<\/p>\n<p>Hay theo quan ni\u1ec7m truy\u1ec1n th\u1ed1ng c\u1ee7a tr\u1ebb em x\u01b0a, b\u1ed1 lu\u00f4n l\u00e0 ng\u01b0\u1eddi \u0111i l\u00e0m, tham gia c\u00e1c c\u00f4ng vi\u1ec7c x\u00e3 h\u1ed9i, l\u00e0 tr\u1ee5 c\u1ed9t gia \u0111\u00ecnh v\u1ec1 kinh t\u1ebf, c\u00f2n m\u1eb9 th\u00ec \u0111\u1ea3m nhi\u1ec7m vai tr\u00f2 n\u1ed9i tr\u1ee3, n\u1ea5u n\u01b0\u1edbng, ch\u0103m s\u00f3c con c\u00e1i, qu\u00e1n xuy\u1ebfn nh\u00e0 c\u1eeda.<\/p>\n<p>Nh\u01b0ng, trong th\u1eddi hi\u1ec7n \u0111\u1ea1i \u0111\u00e3 kh\u00e1c, vai tr\u00f2 c\u1ee7a b\u1ed1 v\u00e0 m\u1eb9 \u0111\u00e3 d\u1ea7n thay \u0111\u1ed5i, ng\u00e0y c\u00e0ng tr\u1edf n\u00ean ph\u1ed5 bi\u1ebfn, c\u00e1c \u00f4ng b\u1ed1 gi\u1edd \u1edf nh\u00e0 \u0111\u1ea3m nhi\u1ec7m c\u00f4ng vi\u1ec7c n\u1ed9i tr\u1ee3, ch\u0103m s\u00f3c con c\u00e1i, n\u1ea5u n\u01b0\u1edbng.<\/p>\n<p>C\u00f2n c\u00e1c m\u1eb9 gi\u1edd \u0111i l\u00e0m, th\u00e0nh tr\u1ee5 c\u1ed9t kinh t\u1ebf, tham gia c\u00e1c c\u00f4ng t\u00e1c x\u00e3 h\u1ed9i, kh\u00f4ng gi\u1ecfi b\u1ebfp n\u00fac.<\/p>\n<p>V\u00e0 t\u00ecnh c\u1ea3m anh ch\u1ecb em ru\u1ed9t th\u1ecbt v\u1eabn lu\u00f4n lu\u00f4n l\u00e0 v\u1eady, kh\u00f4ng bao gi\u1edd thay \u0111\u1ed5i. T\u00ecnh c\u1ea3m ch\u1ecb em g\u00e1i v\u1eabn lu\u00f4n nh\u01b0 th\u1ec3 b\u00e1nh \u0111a b\u00e1nh \u0111\u00fac, v\u00e0 t\u00ecnh c\u1ea3m anh em trai v\u1eabn nh\u01b0 th\u1ec3 ch\u00e2n v\u1edbi tay.<\/p>\n<p>Ngo\u00e0i n\u00eau cao v\u00e0 kh\u1eb3ng \u0111\u1ecbnh gi\u00e1 tr\u1ecb gia \u0111\u00ecnh b\u1ec1n v\u1eefng, c\u00e1c t\u00e1c gi\u1ea3 c\u0169ng mu\u1ed1n \u0111\u1ec1 c\u1eadp \u0111\u1ebfn xu h\u01b0\u1edbng unisex, ch\u1ec9 ch\u1ee9c n\u0103ng hay phong c\u00e1ch trung t\u00ednh, ch\u1ec9 nh\u1eefng \u0111\u1ed3 d\u00f9ng ho\u1eb7c c\u00e1ch \u0103n m\u1eb7c th\u00edch h\u1ee3p cho c\u1ea3 nam l\u1eabn n\u1eef, nh\u01b0 nam gi\u1edbi gi\u1edd v\u1eabn c\u00f3 th\u1ec3 m\u1eb7c trang ph\u1ee5c m\u00e0u h\u1ed3ng.<\/p>\n","protected":false},"excerpt":{"rendered":"<p>Qua b\u1ed9 s\u00e1ch 4 cu\u1ed1n v\u1ec1 ch\u1ee7 \u0111\u1ec1 Gia \u0111\u00ecnh, c\u00e1c t\u00e1c gi\u1ea3 mu\u1ed1n kh\u1eb3ng \u0111\u1ecbnh nh\u1eefng gi\u00e1 tr\u1ecb gia \u0111\u00ecnh lu\u00f4n l\u00e0 gi\u00e1 tr\u1ecb b\u1ea5t bi\u1ebfn, kh\u00f4ng bao gi\u1edd thay \u0111\u1ed5i, d\u00f9 truy\u1ec1n th\u1ed1ng hay hi\u1ec7n \u0111\u1ea1i.<\/p>\n<p>V\u1edbi l\u1eddi v\u0103n ng\u1ed9 ngh\u0129nh, d\u00ed d\u1ecfm, ng\u00f4n t\u1eeb tr\u1ebb th\u01a1, hai t\u00e1c gi\u1ea3 Sandrine Beau v\u00e0 Anne Loyer \u0111\u00e3 truy\u1ec1n t\u1ea3i th\u1ef1c tr\u1ea1ng x\u00e3 h\u1ed9i hi\u1ec7n \u0111\u1ea1i, nh\u1eefng quan ni\u1ec7m, nh\u1eadn x\u00e9t c\u1ee7a c\u00e1c em nh\u1ecf ng\u00e0y nay v\u00e0 h\u00ecnh \u1ea3nh, vai tr\u00f2 c\u1ee7a nh\u1eefng ng\u01b0\u1eddi th\u00e2n y\u00eau trong gia \u0111\u00ecnh, c\u1ee5 th\u1ec3 l\u00e0 \u00f4ng, b\u00e0, b\u1ed1, m\u1eb9, anh ch\u1ecb em ru\u1ed9t th\u1ecbt qua n\u00e9t v\u1ebd minh h\u1ecda ng\u1ed9 ngh\u0129nh, d\u1ec5 th\u01b0\u01a1ng c\u1ee7a t\u00e1c gi\u1ea3 Soufie.<\/p>\n<p>Trong con m\u1eaft tr\u1ebb th\u01a1, h\u00ecnh \u1ea3nh \u00f4ng b\u00e0 truy\u1ec1n th\u1ed1ng lu\u00f4n l\u00e0 h\u00ecnh \u1ea3nh \u201ct\u00f3c b\u1ea1c\u201d, \u201cl\u01b0ng c\u00f2ng\u201d, m\u1eaft m\u1edd, \u0111eo k\u00ednh l\u00e3o, \u0111i ph\u1ea3i ch\u1ed1ng g\u1eady, l\u00e0m v\u01b0\u1eddn t\u1ea7n t\u1ea3o.<\/p>\n<p>Nh\u01b0ng h\u00ecnh \u1ea3nh \u00f4ng b\u00e0 hi\u1ec7n \u0111\u1ea1i \u0111\u00e3 r\u1ea5t kh\u00e1c, \u00f4ng b\u00e0 hi\u1ec7n \u0111\u1ea1i x\u00ec tin, d\u00f9 tu\u1ed5i cao nh\u01b0ng v\u1eabn r\u1ea5t kh\u1ecfe m\u1ea1nh, n\u0103ng \u0111\u1ed9ng, \u0111i xe tr\u01b0\u1ee3t, l\u00e1i m\u00e1y bay, y\u00eau th\u1ec3 thao, leo n\u00fai, x\u0103m ng\u01b0\u1eddi, \u0111i gi\u1ea7y th\u1ec3 thao, m\u1eb7c qu\u1ea7n b\u00f2, s\u1eed d\u1ee5ng m\u00e1y t\u00ednh, thi\u1ebft b\u1ecb c\u00f4ng ngh\u1ec7 hi\u1ec7n \u0111\u1ea1i r\u1ea5t thu\u1ea7n th\u1ee5c.<\/p>\n<p>Hay theo quan ni\u1ec7m truy\u1ec1n th\u1ed1ng c\u1ee7a tr\u1ebb em x\u01b0a, b\u1ed1 lu\u00f4n l\u00e0 ng\u01b0\u1eddi \u0111i l\u00e0m, tham gia c\u00e1c c\u00f4ng vi\u1ec7c x\u00e3 h\u1ed9i, l\u00e0 tr\u1ee5 c\u1ed9t gia \u0111\u00ecnh v\u1ec1 kinh t\u1ebf, c\u00f2n m\u1eb9 th\u00ec \u0111\u1ea3m nhi\u1ec7m vai tr\u00f2 n\u1ed9i tr\u1ee3, n\u1ea5u n\u01b0\u1edbng, ch\u0103m s\u00f3c con c\u00e1i, qu\u00e1n xuy\u1ebfn nh\u00e0 c\u1eeda.<\/p>\n<p>Nh\u01b0ng, trong th\u1eddi hi\u1ec7n \u0111\u1ea1i \u0111\u00e3 kh\u00e1c, vai tr\u00f2 c\u1ee7a b\u1ed1 v\u00e0 m\u1eb9 \u0111\u00e3 d\u1ea7n thay \u0111\u1ed5i, ng\u00e0y c\u00e0ng tr\u1edf n\u00ean ph\u1ed5 bi\u1ebfn, c\u00e1c \u00f4ng b\u1ed1 gi\u1edd \u1edf nh\u00e0 \u0111\u1ea3m nhi\u1ec7m c\u00f4ng vi\u1ec7c n\u1ed9i tr\u1ee3, ch\u0103m s\u00f3c con c\u00e1i, n\u1ea5u n\u01b0\u1edbng.<\/p>\n<p>C\u00f2n c\u00e1c m\u1eb9 gi\u1edd \u0111i l\u00e0m, th\u00e0nh tr\u1ee5 c\u1ed9t kinh t\u1ebf, tham gia c\u00e1c c\u00f4ng t\u00e1c x\u00e3 h\u1ed9i, kh\u00f4ng gi\u1ecfi b\u1ebfp n\u00fac.<\/p>\n<p>V\u00e0 t\u00ecnh c\u1ea3m anh ch\u1ecb em ru\u1ed9t th\u1ecbt v\u1eabn lu\u00f4n lu\u00f4n l\u00e0 v\u1eady, kh\u00f4ng bao gi\u1edd thay \u0111\u1ed5i. T\u00ecnh c\u1ea3m ch\u1ecb em g\u00e1i v\u1eabn lu\u00f4n nh\u01b0 th\u1ec3 b\u00e1nh \u0111a b\u00e1nh \u0111\u00fac, v\u00e0 t\u00ecnh c\u1ea3m anh em trai v\u1eabn nh\u01b0 th\u1ec3 ch\u00e2n v\u1edbi tay.<\/p>\n<p>Ngo\u00e0i n\u00eau cao v\u00e0 kh\u1eb3ng \u0111\u1ecbnh gi\u00e1 tr\u1ecb gia \u0111\u00ecnh b\u1ec1n v\u1eefng, c\u00e1c t\u00e1c gi\u1ea3 c\u0169ng mu\u1ed1n \u0111\u1ec1 c\u1eadp \u0111\u1ebfn xu h\u01b0\u1edbng unisex, ch\u1ec9 ch\u1ee9c n\u0103ng hay phong c\u00e1ch trung t\u00ednh, ch\u1ec9 nh\u1eefng \u0111\u1ed3 d\u00f9ng ho\u1eb7c c\u00e1ch \u0103n m\u1eb7c th\u00edch h\u1ee3p cho c\u1ea3 nam l\u1eabn n\u1eef, nh\u01b0 nam gi\u1edbi gi\u1edd v\u1eabn c\u00f3 th\u1ec3 m\u1eb7c trang ph\u1ee5c m\u00e0u h\u1ed3ng.<\/p>\n","protected":false},"featured_media":22638,"template":"","meta":{"_acf_changed":false},"product_brand":[],"product_cat":[24,25,17],"product_tag":[83],"class_list":{"0":"post-22642","1":"product","2":"type-product","3":"status-publish","4":"has-post-thumbnail","6":"product_cat-nha-tre-mau-giao-0-tuoi-6-tuoi","7":"product_cat-nhi-dong-6-tuoi-12-tuoi","8":"product_cat-sach-danh-cho-cac-be","9":"product_tag-sach-moi-xuat-ban","11":"first","12":"instock","13":"taxable","14":"shipping-taxable","15":"purchasable","16":"product-type-simple"},"supplier_id":null,"supplier_sku":"","barcode":null,"atum_controlled":true,"out_stock_date":null,"out_stock_threshold":null,"inheritable":false,"inbound_stock":0,"stock_on_hold":0,"sold_today":0,"sales_last_days":0,"reserved_stock":0,"customer_returns":0,"warehouse_damage":0,"lost_in_post":0,"other_logs":0,"out_stock_days":0,"lost_sales":0,"has_location":false,"update_date":"2026-01-28T23:11:11","atum_locations":[],"atum_stock_status":"instock","restock_status":false,"low_stock_amount":"","sales_update_date":"2026-01-28T23:11:11","calc_backorders":null,"acf":{"publisher":{"ID":8682,"post_author":"1","post_date":"2021-04-28 14:30:43","post_date_gmt":"2021-04-28 11:30:43","post_content":"","post_title":"NXB Ph\u1ee5 N\u1eef","post_excerpt":"","post_status":"publish","comment_status":"closed","ping_status":"closed","post_password":"","post_name":"nxb-phu-nu","to_ping":"","pinged":"","post_modified":"2021-04-28 14:30:43","post_modified_gmt":"2021-04-28 11:30:43","post_content_filtered":"","post_parent":0,"guid":"https:\/\/sachviet.eu\/nha-phat-hanh\/nxb-phu-nu\/","menu_order":0,"post_type":"publisher","post_mime_type":"","comment_count":"0","filter":"raw"}},"_links":{"self":[{"href":"https:\/\/sachviet.eu\/en\/wp-json\/wp\/v2\/product\/22642","targetHints":{"allow":["GET"]}}],"collection":[{"href":"https:\/\/sachviet.eu\/en\/wp-json\/wp\/v2\/product"}],"about":[{"href":"https:\/\/sachviet.eu\/en\/wp-json\/wp\/v2\/types\/product"}],"wp:featuredmedia":[{"embeddable":true,"href":"https:\/\/sachviet.eu\/en\/wp-json\/wp\/v2\/media\/22638"}],"wp:attachment":[{"href":"https:\/\/sachviet.eu\/en\/wp-json\/wp\/v2\/media?parent=22642"}],"wp:term":[{"taxonomy":"product_brand","embeddable":true,"href":"https:\/\/sachviet.eu\/en\/wp-json\/wp\/v2\/product_brand?post=22642"},{"taxonomy":"product_cat","embeddable":true,"href":"https:\/\/sachviet.eu\/en\/wp-json\/wp\/v2\/product_cat?post=22642"},{"taxonomy":"product_tag","embeddable":true,"href":"https:\/\/sachviet.eu\/en\/wp-json\/wp\/v2\/product_tag?post=22642"}],"curies":[{"name":"wp","href":"https:\/\/api.w.org\/{rel}","templated":true}]}}