{"id":22637,"date":"2023-01-21T22:01:31","date_gmt":"2023-01-21T20:01:31","guid":{"rendered":"https:\/\/sachviet.eu\/shop\/hoang-tu-be-ban-minh-hoa-mau-cua-dong-a\/"},"modified":"2023-04-05T23:27:10","modified_gmt":"2023-04-05T20:27:10","slug":"hoang-tu-be-ban-minh-hoa-mau-cua-dong-a","status":"publish","type":"product","link":"https:\/\/sachviet.eu\/en\/shop\/hoang-tu-be-ban-minh-hoa-mau-cua-dong-a\/","title":{"rendered":"Ho\u1ea3ng T\u1eed B\u00e9 &#8211; B\u1ea3n minh ho\u1ea1 m\u00e0u c\u1ee7a \u0110\u00f4ng A"},"content":{"rendered":"<p>K\u1ec3 v\u1ec1 m\u1ed9t ho\u00e0ng t\u1eed nh\u1ecf c\u00f4 \u0111\u01a1n t\u1eeb ti\u1ec3u tinh c\u1ea7u xa x\u00f4i vi\u1ebfng th\u0103m r\u1ed3i l\u1ea1i l\u00eca xa Tr\u00e1i \u0110\u1ea5t, Ho\u00e0ng t\u1eed b\u00e9 \u0111\u01b0\u1ee3c xem l\u00e0 m\u1ed9t trong nh\u1eefng t\u00e1c ph\u1ea9m th\u01a1 m\u1ed9ng nh\u1ea5t c\u1ee7a m\u1ecdi th\u1eddi \u0111\u1ea1i. Cho \u0111\u1ebfn nay, t\u00e1c ph\u1ea9m ra \u0111\u1eddi v\u00e0o n\u0103m 1943 c\u1ee7a nh\u00e0 v\u0103n Saint &#8211; Exup\u00e9ry n\u00e0y \u0111\u00e3 \u0111\u01b0\u1ee3c d\u1ecbch sang h\u01a1n 300 ng\u00f4n ng\u1eef v\u00e0 ph\u00e1t h\u00e0nh h\u01a1n 140 tri\u1ec7u b\u1ea3n tr\u00ean kh\u1eafp th\u1ebf gi\u1edbi. S\u1ef1 gi\u1ea3n d\u1ecb, trong s\u00e1ng t\u1ecfa kh\u1eafp t\u00e1c ph\u1ea9m \u0111\u00e3 khi\u1ebfn n\u00f3 tr\u1edf th\u00e0nh m\u1ed9t b\u00e0i th\u01a1 b\u1ea5t h\u1ee7 m\u00e0 m\u00e3i m\u00e3i ng\u01b0\u1eddi ta mu\u1ed1n \u0111em l\u00e0m qu\u00e0 t\u1eb7ng c\u1ee7a t\u00ecnh y\u00eau.<\/p>\n<p>Cu\u1ed1n s\u00e1ch kinh \u0111i\u1ec3n c\u1ee7a Saint &#8211; Exup\u00e9ry \u0111\u00e3 \u0111\u01b0\u1ee3c \u0110\u00f4ng A t\u00e1i b\u1ea3n, v\u1edbi b\u1ea3n d\u1ecbch c\u1ee7a d\u1ecbch gi\u1ea3 V\u0129nh L\u1ea1c \u0111\u01b0\u1ee3c y\u00eau th\u00edch b\u1edfi ng\u00f4n t\u1eeb gi\u00e0u t\u00ecnh c\u1ea3m v\u00e0 trong s\u00e1ng.<\/p>\n<p>Th\u00f4ng tin t\u00e1c gi\u1ea3:<\/p>\n<p>Antoine de Saint &#8211; Exup\u00e9ry (1900 &#8211; 1944) trong m\u1ed9t gia \u0111\u00ecnh qu\u00fd t\u1ed9c \u0111\u1ecba ph\u01b0\u01a1ng \u1edf Lyon, Ph\u00e1p. N\u0103m 1921, \u00f4ng nh\u1eadp ng\u0169 v\u00e0 \u0111\u01b0\u1ee3c g\u1eedi \u0111\u1ebfn Strasbourg \u0111\u1ec3 h\u1ecdc ngh\u1ec1 phi c\u00f4ng. N\u0103m 1926, \u00f4ng l\u00e0m vi\u1ec7c cho m\u1ed9t c\u00f4ng ty v\u1eadn chuy\u1ec3n b\u01b0u ph\u1ea9m b\u1eb1ng \u0111\u01b0\u1eddng h\u00e0ng kh\u00f4ng. Nh\u1eefng kinh nghi\u1ec7m v\u00e0 nh\u1eefng tai n\u1ea1n m\u00e0 \u00f4ng g\u1eb7p ph\u1ea3i trong khi l\u00e0m phi c\u00f4ng l\u00e0 c\u1ea3m h\u1ee9ng cho nhi\u1ec1u s\u00e1ng t\u00e1c c\u1ee7a \u00f4ng, t\u1eeb t\u00e1c ph\u1ea9m \u0111\u1ea7u tay Ng\u01b0\u1eddi phi c\u00f4ng (L&#8217;aviateur, 1926) \u0111\u1ebfn Chuy\u1ebfn th\u01b0 mi\u1ec1n Nam (Courrier Sub, 1929), Bay \u0111\u00eam (Vol de Nuit, 1931) v\u00e0 nhi\u1ec1u t\u00e1c ph\u1ea9m kh\u00e1c, \u0111\u1eb7c bi\u1ec7t l\u00e0 t\u00e1c ph\u1ea9m \u0111\u01b0\u1ee3c bi\u1ebft \u0111\u1ebfn nhi\u1ec1u nh\u1ea5t c\u1ee7a \u00f4ng &#8211; Ho\u00e0ng t\u1eed b\u00e9 (Le Petit Prince, 1943). Ng\u00e0y 31 th\u00e1ng 7 n\u0103m 1944, \u00f4ng l\u00e1i m\u00e1y bay \u0111i l\u00e0m nhi\u1ec7m v\u1ee5, c\u1ea5t c\u00e1nh t\u1eeb \u0111\u1ea3o Corse c\u1ee7a Ph\u00e1p v\u00e0 kh\u00f4ng bao gi\u1edd tr\u1edf v\u1ec1 n\u1eefa.<\/p>\n","protected":false},"excerpt":{"rendered":"<p>K\u1ec3 v\u1ec1 m\u1ed9t ho\u00e0ng t\u1eed nh\u1ecf c\u00f4 \u0111\u01a1n t\u1eeb ti\u1ec3u tinh c\u1ea7u xa x\u00f4i vi\u1ebfng th\u0103m r\u1ed3i l\u1ea1i l\u00eca xa Tr\u00e1i \u0110\u1ea5t, Ho\u00e0ng t\u1eed b\u00e9 \u0111\u01b0\u1ee3c xem l\u00e0 m\u1ed9t trong nh\u1eefng t\u00e1c ph\u1ea9m th\u01a1 m\u1ed9ng nh\u1ea5t c\u1ee7a m\u1ecdi th\u1eddi \u0111\u1ea1i. Cho \u0111\u1ebfn nay, t\u00e1c ph\u1ea9m ra \u0111\u1eddi v\u00e0o n\u0103m 1943 c\u1ee7a nh\u00e0 v\u0103n Saint &#8211; Exup\u00e9ry n\u00e0y \u0111\u00e3 \u0111\u01b0\u1ee3c d\u1ecbch sang h\u01a1n 300 ng\u00f4n ng\u1eef v\u00e0 ph\u00e1t h\u00e0nh h\u01a1n 140 tri\u1ec7u b\u1ea3n tr\u00ean kh\u1eafp th\u1ebf gi\u1edbi. S\u1ef1 gi\u1ea3n d\u1ecb, trong s\u00e1ng t\u1ecfa kh\u1eafp t\u00e1c ph\u1ea9m \u0111\u00e3 khi\u1ebfn n\u00f3 tr\u1edf th\u00e0nh m\u1ed9t b\u00e0i th\u01a1 b\u1ea5t h\u1ee7 m\u00e0 m\u00e3i m\u00e3i ng\u01b0\u1eddi ta mu\u1ed1n \u0111em l\u00e0m qu\u00e0 t\u1eb7ng c\u1ee7a t\u00ecnh y\u00eau.<\/p>\n<p>Cu\u1ed1n s\u00e1ch kinh \u0111i\u1ec3n c\u1ee7a Saint &#8211; Exup\u00e9ry \u0111\u00e3 \u0111\u01b0\u1ee3c \u0110\u00f4ng A t\u00e1i b\u1ea3n, v\u1edbi b\u1ea3n d\u1ecbch c\u1ee7a d\u1ecbch gi\u1ea3 V\u0129nh L\u1ea1c \u0111\u01b0\u1ee3c y\u00eau th\u00edch b\u1edfi ng\u00f4n t\u1eeb gi\u00e0u t\u00ecnh c\u1ea3m v\u00e0 trong s\u00e1ng.<\/p>\n","protected":false},"featured_media":22633,"template":"","meta":{"_acf_changed":false},"product_brand":[],"product_cat":[25,17,26],"product_tag":[83],"class_list":{"0":"post-22637","1":"product","2":"type-product","3":"status-publish","4":"has-post-thumbnail","6":"product_cat-nhi-dong-6-tuoi-12-tuoi","7":"product_cat-sach-danh-cho-cac-be","8":"product_cat-thieu-nien-11-tuoi-18-tuoi","9":"product_tag-sach-moi-xuat-ban","11":"first","12":"outofstock","13":"taxable","14":"shipping-taxable","15":"purchasable","16":"product-type-simple"},"supplier_id":null,"supplier_sku":"","barcode":null,"atum_controlled":true,"out_stock_date":"2023-04-05 20:27:10","out_stock_threshold":null,"inheritable":false,"inbound_stock":0,"stock_on_hold":0,"sold_today":0,"sales_last_days":0,"reserved_stock":0,"customer_returns":0,"warehouse_damage":0,"lost_in_post":0,"other_logs":0,"out_stock_days":1029,"lost_sales":0,"has_location":false,"update_date":"2026-01-28T23:11:11","atum_locations":[],"atum_stock_status":"outofstock","restock_status":false,"low_stock_amount":"","sales_update_date":"2026-01-28T23:11:11","calc_backorders":null,"acf":{"publisher":{"ID":1544,"post_author":"1","post_date":"2021-02-17 01:24:05","post_date_gmt":"2021-02-16 23:24:05","post_content":"","post_title":"\u0110\u00f4ng A","post_excerpt":"","post_status":"publish","comment_status":"closed","ping_status":"closed","post_password":"","post_name":"dong-a","to_ping":"","pinged":"","post_modified":"2021-02-17 01:24:05","post_modified_gmt":"2021-02-16 23:24:05","post_content_filtered":"","post_parent":0,"guid":"https:\/\/sachviet.eu\/nha-phat-hanh\/dong-a\/","menu_order":0,"post_type":"publisher","post_mime_type":"","comment_count":"0","filter":"raw"}},"_links":{"self":[{"href":"https:\/\/sachviet.eu\/en\/wp-json\/wp\/v2\/product\/22637","targetHints":{"allow":["GET"]}}],"collection":[{"href":"https:\/\/sachviet.eu\/en\/wp-json\/wp\/v2\/product"}],"about":[{"href":"https:\/\/sachviet.eu\/en\/wp-json\/wp\/v2\/types\/product"}],"wp:featuredmedia":[{"embeddable":true,"href":"https:\/\/sachviet.eu\/en\/wp-json\/wp\/v2\/media\/22633"}],"wp:attachment":[{"href":"https:\/\/sachviet.eu\/en\/wp-json\/wp\/v2\/media?parent=22637"}],"wp:term":[{"taxonomy":"product_brand","embeddable":true,"href":"https:\/\/sachviet.eu\/en\/wp-json\/wp\/v2\/product_brand?post=22637"},{"taxonomy":"product_cat","embeddable":true,"href":"https:\/\/sachviet.eu\/en\/wp-json\/wp\/v2\/product_cat?post=22637"},{"taxonomy":"product_tag","embeddable":true,"href":"https:\/\/sachviet.eu\/en\/wp-json\/wp\/v2\/product_tag?post=22637"}],"curies":[{"name":"wp","href":"https:\/\/api.w.org\/{rel}","templated":true}]}}