{"id":22632,"date":"2023-01-21T22:01:21","date_gmt":"2023-01-21T20:01:21","guid":{"rendered":"https:\/\/sachviet.eu\/shop\/canh-sac-pho-thi-sai-gon-cho-lon-tranh-ky-hoabia-cung-tai-ban\/"},"modified":"2023-01-31T12:20:51","modified_gmt":"2023-01-31T10:20:51","slug":"canh-sac-pho-thi-sai-gon-cho-lon-tranh-ky-hoabia-cung-tai-ban","status":"publish","type":"product","link":"https:\/\/sachviet.eu\/en\/shop\/canh-sac-pho-thi-sai-gon-cho-lon-tranh-ky-hoabia-cung-tai-ban\/","title":{"rendered":"C\u1ea3nh S\u1eafc Ph\u1ed1 Th\u1ecb S\u00e0i G\u00f2n &#8211; Ch\u1ee3 L\u1edbn (Tranh &amp; K\u00fd H\u1ecda)(B\u00eca C\u1ee9ng &#8211; T\u00e1i B\u1ea3n)"},"content":{"rendered":"<p>Cu\u1ed1n s\u00e1ch l\u00e0 tuy\u1ec3n t\u1eadp nh\u1eefng b\u1ee9c tranh v\u00e0 k\u00fd h\u1ecda \u0111a s\u1eafc v\u1ec1 S\u00e0i G\u00f2n &#8211; Ch\u1ee3 L\u1edbn h\u00f4m nay v\u1edbi nhi\u1ec1u di s\u1ea3n ki\u1ebfn tr\u00fac, nh\u1eefng t\u00f2a nh\u00e0 \u0111\u1eb9p m\u1edbi x\u00e2y, nh\u1eefng con \u0111\u01b0\u1eddng, g\u00f3c ph\u1ed1 hay khu d\u00e2n c\u01b0 \u0111\u00f4ng \u0111\u00fac v\u1edbi \u0111a d\u1ea1ng ki\u1ec3u m\u01b0u sinh, h\u1ecda s\u0129 Ph\u1ea1m C\u00f4ng T\u00e2m \u0111\u00e3 d\u00e0nh r\u1ea5t nhi\u1ec1u th\u1eddi gian qua<br \/>\nl\u1ea1i, quan s\u00e1t v\u00f9ng \u0111\u1ea5t n\u00e0y \u0111\u1ec3 c\u00f3 th\u1ec3 l\u01b0u gi\u1eef v\u00e0 t\u00e1i hi\u1ec7n l\u1ea1i s\u1ed1ng \u0111\u1ed9ng m\u1ed9t \u0111\u00f4 th\u1ecb hi\u1ec7n \u0111\u1ea1i \u0111ang chuy\u1ec3n m\u00ecnh, ph\u00e1t tri\u1ec3n.<\/p>\n<p>&#8220;L\u00e0 c\u1ef1u h\u1ecdc sinh tr\u01b0\u1eddng Trung h\u1ecdc Nguy\u1ec5n B\u00e1 T\u00f2ng &#8211; Gia \u0110\u1ecbnh, l\u00e0 c\u1ef1u sinh vi\u00ean Lu\u1eadt khoa S\u00e0i G\u00f2n, cu\u1ed9c s\u1ed1ng c\u1ee7a anh Ph\u1ea1m C\u00f4ng T\u00e2m qu\u00e1 g\u1eafn b\u00f3 mi\u1ec1n \u0111\u1ea5t n\u00e0y n\u00ean t\u00f4i tin tranh c\u1ee7a anh kh\u00f4ng ch\u1ec9 ghi nh\u1eadn hi\u1ec7n th\u1ef1c m\u00e0 c\u00f2n g\u1eedi g\u1eafm trong \u0111\u00f3 nh\u1eefng c\u1ea3m x\u00fac anh c\u00f3 v\u1ec1 th\u00e0nh ph\u1ed1 qu\u00ea h\u01b0\u01a1ng. Nh\u1eefng c\u1ea3m x\u00fac nh\u1eb9 nh\u00e0ng, ch\u00e2n th\u00e0nh c\u1ee7a ng\u01b0\u1eddi Ph\u01b0\u01a1ng Nam tr\u00ean l\u1edbp gi\u1ea5y, qua thu\u1ed9c t\u00ednh m\u00e0u n\u01b0\u1edbc trong su\u1ed1t v\u00e0 nh\u1eb9 nh\u00e0ng, nh\u01b0 c\u00f3 \u00e1nh s\u00e1ng \u0111i qua.&#8221;<br \/>\n(Ph\u1ea1m C\u00f4ng Lu\u1eadn)<\/p>\n","protected":false},"excerpt":{"rendered":"<p>Cu\u1ed1n s\u00e1ch l\u00e0 tuy\u1ec3n t\u1eadp nh\u1eefng b\u1ee9c tranh v\u00e0 k\u00fd h\u1ecda \u0111a s\u1eafc v\u1ec1 S\u00e0i G\u00f2n &#8211; Ch\u1ee3 L\u1edbn h\u00f4m nay v\u1edbi nhi\u1ec1u di s\u1ea3n ki\u1ebfn tr\u00fac, nh\u1eefng t\u00f2a nh\u00e0 \u0111\u1eb9p m\u1edbi x\u00e2y, nh\u1eefng con \u0111\u01b0\u1eddng, g\u00f3c ph\u1ed1 hay khu d\u00e2n c\u01b0 \u0111\u00f4ng \u0111\u00fac v\u1edbi \u0111a d\u1ea1ng ki\u1ec3u m\u01b0u sinh, h\u1ecda s\u0129 Ph\u1ea1m C\u00f4ng T\u00e2m \u0111\u00e3 d\u00e0nh r\u1ea5t nhi\u1ec1u th\u1eddi gian qua<br \/>\nl\u1ea1i, quan s\u00e1t v\u00f9ng \u0111\u1ea5t n\u00e0y \u0111\u1ec3 c\u00f3 th\u1ec3 l\u01b0u gi\u1eef v\u00e0 t\u00e1i hi\u1ec7n l\u1ea1i s\u1ed1ng \u0111\u1ed9ng m\u1ed9t \u0111\u00f4 th\u1ecb hi\u1ec7n \u0111\u1ea1i \u0111ang chuy\u1ec3n m\u00ecnh, ph\u00e1t tri\u1ec3n.<\/p>\n<p>&#8220;L\u00e0 c\u1ef1u h\u1ecdc sinh tr\u01b0\u1eddng Trung h\u1ecdc Nguy\u1ec5n B\u00e1 T\u00f2ng &#8211; Gia \u0110\u1ecbnh, l\u00e0 c\u1ef1u sinh vi\u00ean Lu\u1eadt khoa S\u00e0i G\u00f2n, cu\u1ed9c s\u1ed1ng c\u1ee7a anh Ph\u1ea1m C\u00f4ng T\u00e2m qu\u00e1 g\u1eafn b\u00f3 mi\u1ec1n \u0111\u1ea5t n\u00e0y n\u00ean t\u00f4i tin tranh c\u1ee7a anh kh\u00f4ng ch\u1ec9 ghi nh\u1eadn hi\u1ec7n th\u1ef1c m\u00e0 c\u00f2n g\u1eedi g\u1eafm trong \u0111\u00f3 nh\u1eefng c\u1ea3m x\u00fac anh c\u00f3 v\u1ec1 th\u00e0nh ph\u1ed1 qu\u00ea h\u01b0\u01a1ng. Nh\u1eefng c\u1ea3m x\u00fac nh\u1eb9 nh\u00e0ng, ch\u00e2n th\u00e0nh c\u1ee7a ng\u01b0\u1eddi Ph\u01b0\u01a1ng Nam tr\u00ean l\u1edbp gi\u1ea5y, qua thu\u1ed9c t\u00ednh m\u00e0u n\u01b0\u1edbc trong su\u1ed1t v\u00e0 nh\u1eb9 nh\u00e0ng, nh\u01b0 c\u00f3 \u00e1nh s\u00e1ng \u0111i qua.&#8221;<br \/>\n(Ph\u1ea1m C\u00f4ng Lu\u1eadn)<\/p>\n","protected":false},"featured_media":22631,"template":"","meta":{"_acf_changed":false},"product_brand":[],"product_cat":[15,71,47],"product_tag":[83],"class_list":{"0":"post-22632","1":"product","2":"type-product","3":"status-publish","4":"has-post-thumbnail","6":"product_cat-sach-danh-cho-nguoi-lon","7":"product_cat-sach-tre-em-thuan-viet","8":"product_cat-truyen-ngan-tan-van","9":"product_tag-sach-moi-xuat-ban","11":"first","12":"outofstock","13":"taxable","14":"shipping-taxable","15":"purchasable","16":"product-type-simple"},"supplier_id":null,"supplier_sku":"","barcode":null,"atum_controlled":true,"out_stock_date":"2023-01-31 10:20:51","out_stock_threshold":null,"inheritable":false,"inbound_stock":0,"stock_on_hold":0,"sold_today":0,"sales_last_days":0,"reserved_stock":0,"customer_returns":0,"warehouse_damage":0,"lost_in_post":0,"other_logs":0,"out_stock_days":1093,"lost_sales":0,"has_location":false,"update_date":"2026-01-28T23:11:11","atum_locations":[],"atum_stock_status":"outofstock","restock_status":false,"low_stock_amount":"","sales_update_date":"2026-01-28T23:11:11","calc_backorders":null,"acf":{"publisher":{"ID":5800,"post_author":"1","post_date":"2021-03-14 02:27:19","post_date_gmt":"2021-03-14 00:27:19","post_content":"","post_title":"Ph\u01b0\u01a1ng Nam Book","post_excerpt":"","post_status":"publish","comment_status":"closed","ping_status":"closed","post_password":"","post_name":"phuong-nam-book","to_ping":"","pinged":"","post_modified":"2021-03-14 02:27:19","post_modified_gmt":"2021-03-14 00:27:19","post_content_filtered":"","post_parent":0,"guid":"https:\/\/sachviet.eu\/blog\/nha-phat-hanh\/phuong-nam-book\/","menu_order":0,"post_type":"publisher","post_mime_type":"","comment_count":"0","filter":"raw"}},"_links":{"self":[{"href":"https:\/\/sachviet.eu\/en\/wp-json\/wp\/v2\/product\/22632","targetHints":{"allow":["GET"]}}],"collection":[{"href":"https:\/\/sachviet.eu\/en\/wp-json\/wp\/v2\/product"}],"about":[{"href":"https:\/\/sachviet.eu\/en\/wp-json\/wp\/v2\/types\/product"}],"wp:featuredmedia":[{"embeddable":true,"href":"https:\/\/sachviet.eu\/en\/wp-json\/wp\/v2\/media\/22631"}],"wp:attachment":[{"href":"https:\/\/sachviet.eu\/en\/wp-json\/wp\/v2\/media?parent=22632"}],"wp:term":[{"taxonomy":"product_brand","embeddable":true,"href":"https:\/\/sachviet.eu\/en\/wp-json\/wp\/v2\/product_brand?post=22632"},{"taxonomy":"product_cat","embeddable":true,"href":"https:\/\/sachviet.eu\/en\/wp-json\/wp\/v2\/product_cat?post=22632"},{"taxonomy":"product_tag","embeddable":true,"href":"https:\/\/sachviet.eu\/en\/wp-json\/wp\/v2\/product_tag?post=22632"}],"curies":[{"name":"wp","href":"https:\/\/api.w.org\/{rel}","templated":true}]}}