{"id":22626,"date":"2023-01-21T22:01:01","date_gmt":"2023-01-21T20:01:01","guid":{"rendered":"https:\/\/sachviet.eu\/shop\/combo-dau-thuong-den-chet-tron-bo-2-tap\/"},"modified":"2023-05-22T13:42:21","modified_gmt":"2023-05-22T10:42:21","slug":"combo-dau-thuong-den-chet-tron-bo-2-tap","status":"publish","type":"product","link":"https:\/\/sachviet.eu\/en\/shop\/combo-dau-thuong-den-chet-tron-bo-2-tap\/","title":{"rendered":"Combo \u0110au Th\u01b0\u01a1ng \u0110\u1ebfn Ch\u1ebft (Tr\u1ecdn B\u1ed9 2 T\u1eadp)"},"content":{"rendered":"<p>\u0110a t\u00ecnh l\u00e0 ni\u1ec1m \u0111au<\/p>\n<p>Nh\u1ea1y c\u1ea3m l\u00e0 n\u1ed7i m\u1ec7t<\/p>\n<p>Si t\u00e2m l\u00e0 h\u1ee7y di\u1ec7t<\/p>\n<p>L\u01b0\u01a1ng thi\u1ec7n ch\u1ec9 kh\u1ed5 m\u00ecnh.<\/p>\n<p>\u201cH\u1ec5 v\u00e0o hang Th\u1eadp T\u1ecbch, s\u1ebd \u0111au th\u01b0\u01a1ng \u0111\u1ebfn ch\u1ebft\u2026\u201d<\/p>\n<p>B\u1ea5t ch\u1ea5p l\u1eddi nguy\u1ec1n \u0111\u1ed9c \u0111\u1ecba, m\u01b0\u1eddi s\u00e1u ng\u01b0\u1eddi v\u00ec nh\u1eefng l\u00fd do kh\u00e1c nhau \u0111\u00e3 d\u1ea5n th\u00e2n v\u00e0o hang, \u0111\u1ec3 r\u1ed3i l\u1ea7n l\u01b0\u1ee3t bu\u00f4ng m\u00ecnh xu\u1ed1ng nanh vu\u1ed1t t\u1eed th\u1ea7n. K\u1ebb ng\u00e3 v\u00e0o b\u00e0n v\u00e0 k\u00e9o \u0111\u00e2m ng\u1eadp c\u1ed5, k\u1ebb b\u1ecb n\u1eafp quan t\u00e0i phang b\u1eadt ng\u1eeda, k\u1ebb ng\u00e3 l\u1ea7u l\u00fac lau k\u00ednh c\u1eeda, k\u1ebb ch\u1ebft ng\u1ea1t v\u00ec kh\u00ed gas\u2026 T\u1ea5t c\u1ea3 \u0111\u1ec1u l\u00e0: \u0111au th\u01b0\u01a1ng \u0111\u1ebfn ch\u1ebft.<\/p>\n<p>C\u00f2n l\u1ea1i ng\u01b0\u1eddi cu\u1ed1i c\u00f9ng, c\u1eadt l\u1ef1c tr\u1ed1n ch\u1ea1y h\u1ecda s\u00e1t th\u00e2n, nh\u01b0ng trong nh\u1eefng ng\u00e0y s\u1ed1ng s\u00f3t c\u0169ng n\u1ebfm tr\u1ea3i m\u00f9i v\u1ecb ch\u1eb3ng d\u1ec5 d\u00e0ng g\u00ec. Ng\u01b0\u1eddi ch\u1ebft \u0111\u00f2i chat c\u00f9ng, h\u1ed3n ma v\u1ec1 g\u1eb7p m\u1eb7t, l\u01b0u manh th\u01b0\u1eddng b\u00e1m s\u00e1t, c\u00f4n \u0111\u1ed3 \u0111\u1ebfn t\u00f4ng xe\u2026 Nh\u01b0ng v\u1edbi b\u1ea3n t\u00ednh ngoan c\u01b0\u1eddng, kh\u00f4ng tin d\u1ecb \u0111oan, l\u1ea1i \u0111\u1eb7c bi\u1ec7t th\u00f4ng minh, c\u00f4 \u0111\u00e3 l\u1ea7n l\u1ea7n b\u00f3c tr\u1ea7n \u0111\u01b0\u1ee3c s\u1ef1 th\u1eadt. B\u1ee9c m\u00e0n u \u00e1m d\u1ea7n r\u01a1i xu\u1ed1ng, ch\u00e2n t\u01b0\u1edbng b\u1eaft \u0111\u1ea7u l\u1ed9 ra.<\/p>\n<p>Nh\u1eefng t\u01b0\u1edfng m\u1ea5t m\u00e1t \u0111au th\u01b0\u01a1ng s\u1ebd ch\u1ea5m d\u1ee9t \u1edf \u0111\u00e2y, nh\u01b0ng l\u1eddi nguy\u1ec1n ch\u01b0a k\u1ecbp gieo, con ng\u01b0\u1eddi \u0111\u00e3 t\u1ef1 gi\u1ebft nhau b\u1edfi l\u00f2ng tham, t\u00ecnh y\u00eau v\u00e0 th\u00f9 h\u1eadn. L\u01b0\u1ee1i h\u00e1i t\u1eed th\u1ea7n ch\u01b0a mu\u1ed1n h\u00e3m. B\u00ed m\u1eadt kh\u1ee7ng khi\u1ebfp c\u00f2n ch\u1ef1c ch\u1edd.<\/p>\n<p>V\u00e0 l\u1ea7n n\u00e0y m\u1edbi th\u1ef1c s\u1ef1 l\u00e0, tuy\u1ec7t v\u1ecdng!<\/p>\n","protected":false},"excerpt":{"rendered":"<p>\u0110a t\u00ecnh l\u00e0 ni\u1ec1m \u0111au<\/p>\n<p>Nh\u1ea1y c\u1ea3m l\u00e0 n\u1ed7i m\u1ec7t<\/p>\n<p>Si t\u00e2m l\u00e0 h\u1ee7y di\u1ec7t<\/p>\n<p>L\u01b0\u01a1ng thi\u1ec7n ch\u1ec9 kh\u1ed5 m\u00ecnh.<\/p>\n<p>\u201cH\u1ec5 v\u00e0o hang Th\u1eadp T\u1ecbch, s\u1ebd \u0111au th\u01b0\u01a1ng \u0111\u1ebfn ch\u1ebft\u2026\u201d<\/p>\n<p>B\u1ea5t ch\u1ea5p l\u1eddi nguy\u1ec1n \u0111\u1ed9c \u0111\u1ecba, m\u01b0\u1eddi s\u00e1u ng\u01b0\u1eddi v\u00ec nh\u1eefng l\u00fd do kh\u00e1c nhau \u0111\u00e3 d\u1ea5n th\u00e2n v\u00e0o hang, \u0111\u1ec3 r\u1ed3i l\u1ea7n l\u01b0\u1ee3t bu\u00f4ng m\u00ecnh xu\u1ed1ng nanh vu\u1ed1t t\u1eed th\u1ea7n. K\u1ebb ng\u00e3 v\u00e0o b\u00e0n v\u00e0 k\u00e9o \u0111\u00e2m ng\u1eadp c\u1ed5, k\u1ebb b\u1ecb n\u1eafp quan t\u00e0i phang b\u1eadt ng\u1eeda, k\u1ebb ng\u00e3 l\u1ea7u l\u00fac lau k\u00ednh c\u1eeda, k\u1ebb ch\u1ebft ng\u1ea1t v\u00ec kh\u00ed gas\u2026 T\u1ea5t c\u1ea3 \u0111\u1ec1u l\u00e0: \u0111au th\u01b0\u01a1ng \u0111\u1ebfn ch\u1ebft.<\/p>\n<p>C\u00f2n l\u1ea1i ng\u01b0\u1eddi cu\u1ed1i c\u00f9ng, c\u1eadt l\u1ef1c tr\u1ed1n ch\u1ea1y h\u1ecda s\u00e1t th\u00e2n, nh\u01b0ng trong nh\u1eefng ng\u00e0y s\u1ed1ng s\u00f3t c\u0169ng n\u1ebfm tr\u1ea3i m\u00f9i v\u1ecb ch\u1eb3ng d\u1ec5 d\u00e0ng g\u00ec. Ng\u01b0\u1eddi ch\u1ebft \u0111\u00f2i chat c\u00f9ng, h\u1ed3n ma v\u1ec1 g\u1eb7p m\u1eb7t, l\u01b0u manh th\u01b0\u1eddng b\u00e1m s\u00e1t, c\u00f4n \u0111\u1ed3 \u0111\u1ebfn t\u00f4ng xe\u2026 Nh\u01b0ng v\u1edbi b\u1ea3n t\u00ednh ngoan c\u01b0\u1eddng, kh\u00f4ng tin d\u1ecb \u0111oan, l\u1ea1i \u0111\u1eb7c bi\u1ec7t th\u00f4ng minh, c\u00f4 \u0111\u00e3 l\u1ea7n l\u1ea7n b\u00f3c tr\u1ea7n \u0111\u01b0\u1ee3c s\u1ef1 th\u1eadt. B\u1ee9c m\u00e0n u \u00e1m d\u1ea7n r\u01a1i xu\u1ed1ng, ch\u00e2n t\u01b0\u1edbng b\u1eaft \u0111\u1ea7u l\u1ed9 ra.<\/p>\n<p>Nh\u1eefng t\u01b0\u1edfng m\u1ea5t m\u00e1t \u0111au th\u01b0\u01a1ng s\u1ebd ch\u1ea5m d\u1ee9t \u1edf \u0111\u00e2y, nh\u01b0ng l\u1eddi nguy\u1ec1n ch\u01b0a k\u1ecbp gieo, con ng\u01b0\u1eddi \u0111\u00e3 t\u1ef1 gi\u1ebft nhau b\u1edfi l\u00f2ng tham, t\u00ecnh y\u00eau v\u00e0 th\u00f9 h\u1eadn. L\u01b0\u1ee1i h\u00e1i t\u1eed th\u1ea7n ch\u01b0a mu\u1ed1n h\u00e3m. B\u00ed m\u1eadt kh\u1ee7ng khi\u1ebfp c\u00f2n ch\u1ef1c ch\u1edd.<\/p>\n<p>V\u00e0 l\u1ea7n n\u00e0y m\u1edbi th\u1ef1c s\u1ef1 l\u00e0, tuy\u1ec7t v\u1ecdng!<\/p>\n","protected":false},"featured_media":22625,"template":"","meta":{"_acf_changed":false},"product_brand":[],"product_cat":[15,45,72],"product_tag":[83],"class_list":{"0":"post-22626","1":"product","2":"type-product","3":"status-publish","4":"has-post-thumbnail","6":"product_cat-sach-danh-cho-nguoi-lon","7":"product_cat-tieu-thuyet","8":"product_cat-trinh-tham-kinh-di","9":"product_tag-sach-moi-xuat-ban","11":"first","12":"outofstock","13":"taxable","14":"shipping-taxable","15":"purchasable","16":"product-type-simple"},"supplier_id":null,"supplier_sku":"","barcode":null,"atum_controlled":true,"out_stock_date":"2023-05-22 10:42:21","out_stock_threshold":null,"inheritable":false,"inbound_stock":0,"stock_on_hold":0,"sold_today":0,"sales_last_days":0,"reserved_stock":0,"customer_returns":0,"warehouse_damage":0,"lost_in_post":0,"other_logs":0,"out_stock_days":982,"lost_sales":0,"has_location":false,"update_date":"2026-01-28T23:11:11","atum_locations":[],"atum_stock_status":"outofstock","restock_status":false,"low_stock_amount":"","sales_update_date":"2026-01-28T23:11:11","calc_backorders":null,"acf":{"publisher":{"ID":8612,"post_author":"1","post_date":"2021-04-28 14:27:30","post_date_gmt":"2021-04-28 11:27:30","post_content":"","post_title":"IPM","post_excerpt":"","post_status":"publish","comment_status":"closed","ping_status":"closed","post_password":"","post_name":"ipm","to_ping":"","pinged":"","post_modified":"2021-04-28 14:27:30","post_modified_gmt":"2021-04-28 11:27:30","post_content_filtered":"","post_parent":0,"guid":"https:\/\/sachviet.eu\/nha-phat-hanh\/ipm\/","menu_order":0,"post_type":"publisher","post_mime_type":"","comment_count":"0","filter":"raw"}},"_links":{"self":[{"href":"https:\/\/sachviet.eu\/en\/wp-json\/wp\/v2\/product\/22626","targetHints":{"allow":["GET"]}}],"collection":[{"href":"https:\/\/sachviet.eu\/en\/wp-json\/wp\/v2\/product"}],"about":[{"href":"https:\/\/sachviet.eu\/en\/wp-json\/wp\/v2\/types\/product"}],"wp:featuredmedia":[{"embeddable":true,"href":"https:\/\/sachviet.eu\/en\/wp-json\/wp\/v2\/media\/22625"}],"wp:attachment":[{"href":"https:\/\/sachviet.eu\/en\/wp-json\/wp\/v2\/media?parent=22626"}],"wp:term":[{"taxonomy":"product_brand","embeddable":true,"href":"https:\/\/sachviet.eu\/en\/wp-json\/wp\/v2\/product_brand?post=22626"},{"taxonomy":"product_cat","embeddable":true,"href":"https:\/\/sachviet.eu\/en\/wp-json\/wp\/v2\/product_cat?post=22626"},{"taxonomy":"product_tag","embeddable":true,"href":"https:\/\/sachviet.eu\/en\/wp-json\/wp\/v2\/product_tag?post=22626"}],"curies":[{"name":"wp","href":"https:\/\/api.w.org\/{rel}","templated":true}]}}