{"id":22624,"date":"2023-01-21T22:00:54","date_gmt":"2023-01-21T20:00:54","guid":{"rendered":"https:\/\/sachviet.eu\/shop\/ho-tuyet-menh\/"},"modified":"2023-11-27T21:06:00","modified_gmt":"2023-11-27T19:06:00","slug":"ho-tuyet-menh","status":"publish","type":"product","link":"https:\/\/sachviet.eu\/en\/shop\/ho-tuyet-menh\/","title":{"rendered":"H\u1ed3 Tuy\u1ec7t M\u1ec7nh"},"content":{"rendered":"<p>D\u00f9 r\u1eb1ng so v\u1edbi nh\u1eefng t\u00e1c ph\u1ea9m \u0111\u00ecnh \u0111\u00e1m m\u1ed9t th\u1eddi c\u1ee7a Qu\u1ef7 C\u1ed5 N\u1eef nh\u01b0 K\u1ef3 \u00c1n \u00c1nh Tr\u0103ng hay \u0110au Th\u01b0\u01a1ng \u0110\u1ebfn Ch\u1ebft th\u00ec H\u1ed3 Tuy\u1ec7t M\u1ec7nh kh\u00f4ng \u0111\u00e1ng s\u1ee3 v\u00e0 ma m\u1ecb b\u1eb1ng nh\u01b0ng v\u1eabn kh\u00f4ng th\u1ec3 ph\u1ee7 nh\u1eadn r\u1eb1ng t\u00e1c ph\u1ea9m n\u00e0y c\u00f3 m\u1ed9t s\u1ee9c h\u00fat r\u1ea5t ri\u00eang.<\/p>\n<p>Ph\u1ea7n d\u1eabn truy\u1ec7n \u1edf \u0111\u1ea7u t\u00e1c ph\u1ea9m kh\u00e1 r\u00f9ng r\u1ee3n v\u00e0 li\u00eau trai, tuy \u0111i s\u00e2u v\u00e0o m\u1ea1ch truy\u1ec7n t\u00ecnh ti\u1ebft n\u00e0y \u0111\u00e3 gi\u1ea3m b\u1edbt y\u1ebfu t\u1ed1 ma qu\u00e1i nh\u01b0ng qu\u1ea3 th\u1eadt \u0111\u1ed9c gi\u1ea3 v\u1eabn kh\u00f4ng th\u1ec3 \u0111\u1eb7t quy\u1ec3n s\u00e1ch xu\u1ed1ng ngay \u0111\u01b0\u1ee3c.<\/p>\n<p>\u0110i\u1ec3m nh\u1ea5n c\u1ee7a t\u00e1c ph\u1ea9m l\u00e0 m\u1ed1i quan h\u1ec7 gi\u1eefa Na Lan v\u00e0 T\u1ea7n Ho\u00e0i v\u00e0 c\u00e1ch mi\u00eau t\u1ea3 \u0111\u1ed9c \u0111\u00e1o cu\u1ed1n h\u00fat c\u1ee7a t\u00e1c gi\u1ea3 v\u1ec1 t\u00ednh c\u00e1ch anh ch\u00e0ng n\u00e0y khi\u1ebfn nhi\u1ec1u ng\u01b0\u1eddi ph\u1ea3i t\u00f2 m\u00f2, \u0111i s\u00e2u v\u00e0o t\u00ecm hi\u1ec3u th\u1ef1c h\u01b0. V\u00e0 l\u1eddi c\u1ea3nh b\u00e1o \u201cG\u1eb7p T\u1ea7n Ho\u00e0i, l\u1ee1 c\u1ea3 m\u1ed9t \u0111\u1eddi ng\u01b0\u1eddi\u201d nh\u01b0 c\u00e0ng khi\u1ebfn ng\u01b0\u1eddi \u0111\u1ecdc lo l\u1eafng h\u01a1n cho s\u1ed1 ph\u1eadn c\u1ee7a Na Lan, th\u00f3t tim c\u00f9ng t\u1eebng cu\u1ed9c h\u00e0nh tr\u00ecnh \u0111i t\u00ecm s\u1ef1 th\u1eadt v\u1ec1 nh\u1eefng c\u00e1i ch\u1ebft b\u00ed \u1ea9n c\u0169ng nh\u01b0 truy\u1ec1n thuy\u1ebft t\u1eeb chi\u1ebfc h\u1ed3 Chi\u00eau D\u01b0\u01a1ng.<\/p>\n<p>Qu\u1ef7 C\u1ed5 N\u1eef lu\u00f4n r\u1ea5t hay v\u00e0 \u1ea5n t\u01b0\u1ee3ng trong c\u00e1ch d\u1eabn d\u1eaft c\u00e2u chuy\u1ec7n. Nh\u1eefng b\u00ed \u1ea9n v\u00e0 u\u1ea9n kh\u00fac l\u00fac \u0111\u1ea7u \u0111\u00e3 \u0111\u01b0\u1ee3c kh\u00e9p l\u1ea1i b\u1eb1ng nh\u1eefng l\u1eadp lu\u1eadn r\u1ea5t khoa h\u1ecdc, logic v\u00e0 hi\u1ec3n nhi\u00ean l\u00e0 kh\u00f4ng h\u1ec1 c\u00f3 ch\u00fat ma qu\u00e1i b\u00ed \u1ea9n n\u00e0o \u1edf cu\u1ed1i truy\u1ec7n.<\/p>\n<p>\u201cH\u1ed3 Tuy\u1ec7t M\u00eanh\u201d \u0111\u00e3 l\u00e0m r\u1ea5t t\u1ed1t nhi\u1ec7m v\u1ee5 m\u1edf \u0111\u1ea7u cho series H\u1ed3 S\u01a1 T\u1ed9i \u00c1c, d\u00f9 \u0111\u00f4i ch\u1ed7 c\u00f2n ph\u1ea1m ph\u1ea3i l\u1ed7i k\u1ef9 thu\u1eadt nh\u01b0 l\u1ed7i \u0111\u00e1nh m\u00e1y hay \u0111\u00f4i ch\u1ed7 sai t\u00ean nh\u00e2n v\u1eadt. Nh\u01b0ng v\u1edbi nh\u1eefng \u01b0u \u0111i\u1ec3m m\u00e0 t\u00e1c ph\u1ea9m mang l\u1ea1i th\u00ec c\u00f3 l\u1ebd c\u0169ng \u0111\u1ee7 \u0111\u1ec3 c\u00e1c fan c\u1ee7a th\u1ec3 lo\u1ea1i n\u00e0y h\u00e0i l\u00f2ng. Cu\u1ed9c h\u00e0nh tr\u00ecnh c\u1ee7a c\u00f4 g\u00e1i Na Lan v\u1eabn ch\u01b0a d\u1eebng l\u1ea1i v\u00e0 d\u0129 nhi\u00ean t\u1ea5t c\u1ea3 ch\u00fang ta v\u1eabn \u0111ang ch\u1edd \u0111\u00f3n nh\u1eefng b\u1ea5t ng\u1edd ti\u1ebfp theo t\u1eeb series n\u00e0y.<\/p>\n<p>\u00a9<\/p>\n<p>Chuy\u1ec7n l\u00e0, c\u00f3 m\u1ed9t c\u00e1i h\u1ed3 ch\u1ee9a hai truy\u1ec1n thuy\u1ebft. Truy\u1ec1n thuy\u1ebft m\u1ed9t l\u00e0 d\u01b0\u1edbi \u0111\u1ea3o gi\u1eefa h\u1ed3 c\u00f3 ch\u00f4n kho b\u00e1u. Truy\u1ec1n thuy\u1ebft hai l\u00e0 h\u1ec5 tr\u00ean h\u1ed3 xu\u1ea5t hi\u1ec7n ng\u01b0\u1eddi tr\u00f9m \u00e1o t\u01a1i bu\u00f4ng c\u00e2u m\u00e0 c\u1ea7n c\u00e2u kh\u00f4ng d\u00e2y, th\u00ec s\u1ebd c\u00f3 ng\u01b0\u1eddi ch\u1ebft.<\/p>\n<p>M\u1ed9t n\u0103m Gia T\u0129nh tri\u1ec1u Minh, b\u1ed1n ph\u01b0\u01a1ng ph\u1eb3ng l\u1eb7ng hai kinh v\u1eefng v\u00e0ng, c\u00f3 m\u1ed9t t\u00ean \u0111\u1ea1o ch\u00edch quy\u1ebfn r\u0169 \u0111\u01b0\u1ee3c con g\u00e1i th\u00e1i s\u01b0 \u0111\u01b0\u01a1ng tri\u1ec1u b\u1ecf tr\u1ed1n theo m\u00ecnh. V\u00ec mu\u1ed1n n\u00e0ng \u0111\u01b0\u1ee3c s\u1ed1ng sung s\u01b0\u1edbng, h\u1eafn mang n\u00e0ng \u0111\u1ebfn h\u1ed3 n\u00e0y, chu\u1ea9n b\u1ecb t\u00ecm kho b\u00e1u. Tr\u00ean \u0111\u01b0\u1eddng \u0111i, m\u1ed9t \u0111\u1ea1o s\u0129 d\u1eb7n h\u1ecd n\u00ean tr\u00e1nh xa c\u00e1i h\u1ed3 \u0111\u00f3 ra, n\u1ebfu \u0111\u1ec3 g\u1eb7p ng\u01b0\u1eddi \u00e1o t\u01a1i \u0111i c\u00e2u th\u00ec t\u1ee9c l\u00e0 s\u1ebd g\u1eb7p \u0111\u1ea1i n\u1ea1n. T\u00ean \u0111\u1ea1o ch\u00edch cho r\u1eb1ng m\u00ea t\u00edn, v\u1eabn mang ti\u1ec3u th\u01b0 \u0111\u1ebfn b\u00ean h\u1ed3, \u0111\u1ee3i h\u00f4m sau s\u1ebd xu\u1ed1ng th\u00e1m th\u00ednh kho b\u00e1u. \u0110\u00eam h\u00f4m \u0111\u00f3 m\u01b0a to gi\u00f3 l\u1edbn, ti\u1ec3u th\u01b0 kh\u00f4ng ng\u1ee7 \u0111\u01b0\u1ee3c, nh\u00ecn ra h\u1ed3 th\u00ec th\u1ea5y c\u00f3 ng\u01b0\u1eddi tr\u00f9m \u00e1o t\u01a1i bu\u00f4ng c\u00e2u. H\u00f4m sau \u0111\u1ea1o ch\u00edch xu\u1ed1ng h\u1ed3 l\u1eb7n t\u00ecm, ti\u1ec3u th\u01b0 \u0111\u1ee3i tr\u00ean b\u1edd, \u0111\u1ee3i m\u00e3i, \u0111\u1ee3i m\u00e3i, cu\u1ed1i c\u00f9ng ch\u1ec9 th\u1ea5y x\u00e1c ch\u1ed3ng n\u1ed5i l\u00ean.<\/p>\n<p>M\u1ea5y tr\u0103m n\u0103m sau, v\u00e0o th\u1eddi hi\u1ec7n \u0111\u1ea1i, trong m\u1ed9t c\u0103n nh\u00e0 b\u00ean h\u1ed3, gi\u1eefa \u0111\u00eam m\u1ea5t \u0111i\u1ec7n m\u01b0a to gi\u00f3 l\u1edbn, c\u00f3 hai c\u00f4 g\u00e1i ng\u1ed3i \u0111\u1ecdc c\u00e2u chuy\u1ec7n v\u1ec1 t\u00ean \u0111\u1ea1o ch\u00edch v\u00e0 ti\u1ec3u th\u01b0 v\u1ee3 h\u1eafn. L\u00f2ng \u0111\u1ea7y t\u00f2 m\u00f2, nh\u00ecn ra h\u1ecfi nhau ph\u1ea3i ch\u00ednh l\u00e0 c\u00e1i h\u1ed3 v\u00e0 h\u00f2n \u0111\u1ea3o kia kh\u00f4ng, r\u1ed3i cho r\u1eb1ng to\u00e0n chuy\u1ec7n b\u1ecba \u0111\u1eb7t c\u1ee7a t\u00e1c gi\u1ea3 c\u1ea3. \u0110\u00fang l\u00fac h\u1ecd nh\u00ecn ra th\u00ec m\u1ed9t \u00e1nh ch\u1edbp l\u00f3e s\u00e1ng m\u1eb7t h\u1ed3, soi r\u00f5 m\u1ed9t con thuy\u1ec1n nh\u1ecf. V\u00e0 ng\u01b0\u1eddi m\u1eb7c \u00e1o t\u01a1i tr\u00ean thuy\u1ec1n. Tim hai c\u00f4 nh\u01b0 b\u1ecb t\u1eed th\u1ea7n b\u00f3p ch\u1eb7t, m\u1ed7i nh\u1ecbp \u0111\u1eadp \u0111\u1ec1u d\u1eef d\u1ed9i kinh kh\u1ee7ng l\u00e0m sao. M\u1ed9t, hai, ba, b\u1ed1n, n\u0103m. Tr\u00ean thuy\u1ec1n c\u00f3 c\u1ea3 th\u1ea3y n\u0103m ng\u01b0\u1eddi m\u1eb7c \u00e1o t\u01a1i! Ch\u01b0a k\u1ecbp ho\u00e0n h\u1ed3n th\u00ec trong nh\u00e0 xu\u1ea5t hi\u1ec7n th\u00eam m\u1ed9t ng\u01b0\u1eddi, v\u01b0\u01a1n \u0111\u00f4i tay kh\u1eb3ng khiu b\u00f3p nghi\u1ebfn l\u1ea5y c\u1ed5 m\u1ed9t c\u00f4.<\/p>\n<p>M\u1ea5y n\u0103m sau, c\u00f3 m\u1ed9t ng\u01b0\u1eddi ng\u1ed3i \u0111\u1ecdc c\u00e2u chuy\u1ec7n v\u1ec1 hai c\u00f4 g\u00e1i n\u00e0y, v\u00e0 v\u1ec1 n\u0103m c\u00e1i x\u00e1c tr\u1eafng nh\u1ec5 nh\u1ea1i l\u1ea7n l\u01b0\u1ee3t n\u1ed5i l\u00ean m\u1eb7t h\u1ed3 sau \u0111\u00eam \u0111\u00f3. Ng\u01b0\u1eddi n\u00e0y b\u1ecb ma xui qu\u1ef7 khi\u1ebfn, th\u1ea5y nh\u1eefng k\u1ebb xung quanh th\u1eadt \u0111\u00e1ng nghi, v\u00e0 b\u1eaft \u0111\u1ea7u \u0111\u1ec3 m\u00ecnh cu\u1ed1n v\u00e0o \u0111\u1ee7 vi\u1ec7c v\u1ed1n ch\u1eb3ng li\u00ean quan \u0111\u1ebfn m\u00ecnh, \u0111\u1ed3ng ngh\u0129a v\u1edbi vi\u1ec7c \u0111\u1eb7t b\u1ea3n th\u00e2n tr\u01b0\u1edbc nh\u1eefng hung hi\u1ec3m \u0111a d\u1ea1ng: l\u00fac b\u1ecb s\u0103n \u0111u\u1ed5i, l\u00fac b\u1ecb xe c\u00e1n, l\u00fac s\u1eafp b\u1ecb \u0111\u00e2m, l\u00fac g\u1ea7n ch\u1ebft \u0111u\u1ed1i, l\u00fac su\u00fdt \u0103n \u0111\u1ea1n\u2026<\/p>\n<p>V\u00e0 t\u1edbi n\u0103m nay, \u0111\u1ebfn l\u01b0\u1ee3t ch\u00fang ta ng\u1ed3i gi\u1edf H\u1ed3 tuy\u1ec7t m\u1ec7nh, theo d\u00f5i nh\u1eefng cu\u1ed9c d\u1ea5n th\u00e2n ngoan c\u1ed1 v\u00e0 ngoan c\u01b0\u1eddng c\u1ee7a ng\u01b0\u1eddi \u1ea5y\u2026 NA LAN!<\/p>\n<p>***<\/p>\n<p>V\u1ec1 t\u00e1c gi\u1ea3:<\/p>\n<p>Qu\u1ef7 C\u1ed5 N\u1eef l\u00e0 b\u00fat danh chung c\u1ee7a m\u1ed9t c\u1eb7p v\u1ee3 ch\u1ed3ng ng\u01b0\u1eddi Trung Qu\u1ed1c \u0111ang s\u1ed1ng \u1edf M\u1ef9. V\u1ee3 l\u00e0 D\u01b0 D\u01b0\u01a1ng k\u1ef9 s\u01b0 th\u00e2m ni\u00ean v\u1ec1 ph\u1ea7n m\u1ec1m m\u00e1y t\u00ednh. Ch\u1ed3ng l\u00e0 D\u1ecb Minh chuy\u00ean gia y h\u1ecdc n\u1ed5i danh. M\u00f9a xu\u00e2n n\u0103m 2004, hai ng\u01b0\u1eddi d\u00f9ng t\u00ean th\u1eadt, c\u00f9ng xu\u1ea5t b\u1ea3n cu\u1ed1n ti\u1ec3u thuy\u1ebft d\u00e0i M\u00f9a xu\u00e2n tr\u00ean d\u00f2ng s\u00f4ng b\u0103ng, \u0111\u01b0\u1ee3c gi\u1edbi chuy\u00ean m\u00f4n \u0111\u00e1nh gi\u00e1 cao.<\/p>\n<p>Gi\u1eefa n\u0103m 2004, b\u1eb1ng b\u00fat danh Qu\u1ef7 C\u1ed5 N\u1eef, hai v\u1ee3 ch\u1ed3ng tung l\u00ean m\u1ea1ng m\u1ed9t ti\u1ec3u thuy\u1ebft kinh d\u1ecb nhan \u0111\u1ec1 K\u1ef3 \u00e1n \u00e1nh tr\u0103ng. T\u00e1c ph\u1ea9m g\u00e2y ch\u1ea5n \u0111\u1ed9ng kh\u00f4ng ng\u1edd, l\u00f4i cu\u1ed1n h\u00e0ng tri\u1ec7u \u0111\u1ed9c gi\u1ea3 ch\u1ec9 trong v\u00f2ng v\u00e0i ba th\u00e1ng, \u0111\u0103ng t\u1ea3i n\u1eeda ch\u1eebng th\u00ec nh\u1eadn \u0111\u01b0\u1ee3c l\u1eddi \u0111\u1ec1 ngh\u1ecb xu\u1ea5t b\u1ea3n t\u1eeb Nh\u00e0 xu\u1ea5t b\u1ea3n Nh\u00e2n D\u00e2n Th\u01b0\u1ee3ng H\u1ea3i. M\u1ed3ng 1 T\u1ebft \u00e2m l\u1ecbch n\u0103m 2005, cu\u1ed1n s\u00e1ch K\u1ef3 \u00e1n \u00e1nh tr\u0103ng ra m\u1eaft b\u1ea1n \u0111\u1ecdc, v\u00e0 Qu\u1ef7 C\u1ed5 N\u1eef l\u1eadp t\u1ee9c b\u1eadt l\u00ean th\u00e0nh ng\u00f4i sao s\u00e1ng tr\u00ean v\u0103n \u0111\u00e0n, th\u00e0nh t\u00e1c gi\u1ea3 ti\u00eau bi\u1ec3u nh\u1ea5t c\u1ee7a d\u00f2ng ti\u1ec3u thuy\u1ebft kinh d\u1ecb Trung Qu\u1ed1c. Truy\u1ec7n Qu\u1ef7 C\u1ed5 N\u1eef lu\u00f4n \u0111\u01b0\u1ee3c \u0111\u1ecdc gi\u1ea3 h\u00e1o h\u1ee9c \u0111\u00f3n \u0111\u1ecdc.<\/p>\n<p>H\u1ed3 tuy\u1ec7t m\u1ec7nh l\u00e0 ph\u1ea7n 1 trong series H\u1ed3 s\u01a1 t\u1ed9i \u00e1c g\u1ed3m b\u1ea3y ph\u1ea7n, t\u1eadp trung khai th\u00e1c y\u1ebfu t\u1ed1 \u00e1c qu\u1ef7 t\u00e2m linh. B\u1eb1ng b\u00fat ph\u00e1p ma m\u1ecb l\u00e0m khuynh \u0111\u1ea3o ng\u01b0\u1eddi \u0111\u1ecdc, H\u1ed3 tuy\u1ec7t m\u1ec7nh tuy m\u1edbi xu\u1ea5t hi\u1ec7n nh\u01b0ng \u0111\u00e3 tr\u1edf th\u00e0nh hi\u1ec7n t\u01b0\u1ee3ng c\u1ee7a v\u0103n h\u00f3a \u0111\u1ecdc, k\u1ebf t\u1ee5c K\u1ef3 \u00e1n \u00e1nh tr\u0103ng v\u1eefng v\u00e0ng c\u1ee7ng c\u1ed1 \u0111\u1ecba v\u1ecb Stephen King Trung Qu\u1ed1c c\u1ee7a Qu\u1ef7 C\u1ed5 N\u1eef.<\/p>\n","protected":false},"excerpt":{"rendered":"<p>D\u00f9 r\u1eb1ng so v\u1edbi nh\u1eefng t\u00e1c ph\u1ea9m \u0111\u00ecnh \u0111\u00e1m m\u1ed9t th\u1eddi c\u1ee7a Qu\u1ef7 C\u1ed5 N\u1eef nh\u01b0 K\u1ef3 \u00c1n \u00c1nh Tr\u0103ng hay \u0110au Th\u01b0\u01a1ng \u0110\u1ebfn Ch\u1ebft th\u00ec H\u1ed3 Tuy\u1ec7t M\u1ec7nh kh\u00f4ng \u0111\u00e1ng s\u1ee3 v\u00e0 ma m\u1ecb b\u1eb1ng nh\u01b0ng v\u1eabn kh\u00f4ng th\u1ec3 ph\u1ee7 nh\u1eadn r\u1eb1ng t\u00e1c ph\u1ea9m n\u00e0y c\u00f3 m\u1ed9t s\u1ee9c h\u00fat r\u1ea5t ri\u00eang.<\/p>\n<p>Ph\u1ea7n d\u1eabn truy\u1ec7n \u1edf \u0111\u1ea7u t\u00e1c ph\u1ea9m kh\u00e1 r\u00f9ng r\u1ee3n v\u00e0 li\u00eau trai, tuy \u0111i s\u00e2u v\u00e0o m\u1ea1ch truy\u1ec7n t\u00ecnh ti\u1ebft n\u00e0y \u0111\u00e3 gi\u1ea3m b\u1edbt y\u1ebfu t\u1ed1 ma qu\u00e1i nh\u01b0ng qu\u1ea3 th\u1eadt \u0111\u1ed9c gi\u1ea3 v\u1eabn kh\u00f4ng th\u1ec3 \u0111\u1eb7t quy\u1ec3n s\u00e1ch xu\u1ed1ng ngay \u0111\u01b0\u1ee3c.<\/p>\n<p>\u0110i\u1ec3m nh\u1ea5n c\u1ee7a t\u00e1c ph\u1ea9m l\u00e0 m\u1ed1i quan h\u1ec7 gi\u1eefa Na Lan v\u00e0 T\u1ea7n Ho\u00e0i v\u00e0 c\u00e1ch mi\u00eau t\u1ea3 \u0111\u1ed9c \u0111\u00e1o cu\u1ed1n h\u00fat c\u1ee7a t\u00e1c gi\u1ea3 v\u1ec1 t\u00ednh c\u00e1ch anh ch\u00e0ng n\u00e0y khi\u1ebfn nhi\u1ec1u ng\u01b0\u1eddi ph\u1ea3i t\u00f2 m\u00f2, \u0111i s\u00e2u v\u00e0o t\u00ecm hi\u1ec3u th\u1ef1c h\u01b0. V\u00e0 l\u1eddi c\u1ea3nh b\u00e1o \u201cG\u1eb7p T\u1ea7n Ho\u00e0i, l\u1ee1 c\u1ea3 m\u1ed9t \u0111\u1eddi ng\u01b0\u1eddi\u201d nh\u01b0 c\u00e0ng khi\u1ebfn ng\u01b0\u1eddi \u0111\u1ecdc lo l\u1eafng h\u01a1n cho s\u1ed1 ph\u1eadn c\u1ee7a Na Lan, th\u00f3t tim c\u00f9ng t\u1eebng cu\u1ed9c h\u00e0nh tr\u00ecnh \u0111i t\u00ecm s\u1ef1 th\u1eadt v\u1ec1 nh\u1eefng c\u00e1i ch\u1ebft b\u00ed \u1ea9n c\u0169ng nh\u01b0 truy\u1ec1n thuy\u1ebft t\u1eeb chi\u1ebfc h\u1ed3 Chi\u00eau D\u01b0\u01a1ng.<\/p>\n<p>Qu\u1ef7 C\u1ed5 N\u1eef lu\u00f4n r\u1ea5t hay v\u00e0 \u1ea5n t\u01b0\u1ee3ng trong c\u00e1ch d\u1eabn d\u1eaft c\u00e2u chuy\u1ec7n. Nh\u1eefng b\u00ed \u1ea9n v\u00e0 u\u1ea9n kh\u00fac l\u00fac \u0111\u1ea7u \u0111\u00e3 \u0111\u01b0\u1ee3c kh\u00e9p l\u1ea1i b\u1eb1ng nh\u1eefng l\u1eadp lu\u1eadn r\u1ea5t khoa h\u1ecdc, logic v\u00e0 hi\u1ec3n nhi\u00ean l\u00e0 kh\u00f4ng h\u1ec1 c\u00f3 ch\u00fat ma qu\u00e1i b\u00ed \u1ea9n n\u00e0o \u1edf cu\u1ed1i truy\u1ec7n.<\/p>\n<p>\u201cH\u1ed3 Tuy\u1ec7t M\u00eanh\u201d \u0111\u00e3 l\u00e0m r\u1ea5t t\u1ed1t nhi\u1ec7m v\u1ee5 m\u1edf \u0111\u1ea7u cho series H\u1ed3 S\u01a1 T\u1ed9i \u00c1c, d\u00f9 \u0111\u00f4i ch\u1ed7 c\u00f2n ph\u1ea1m ph\u1ea3i l\u1ed7i k\u1ef9 thu\u1eadt nh\u01b0 l\u1ed7i \u0111\u00e1nh m\u00e1y hay \u0111\u00f4i ch\u1ed7 sai t\u00ean nh\u00e2n v\u1eadt. Nh\u01b0ng v\u1edbi nh\u1eefng \u01b0u \u0111i\u1ec3m m\u00e0 t\u00e1c ph\u1ea9m mang l\u1ea1i th\u00ec c\u00f3 l\u1ebd c\u0169ng \u0111\u1ee7 \u0111\u1ec3 c\u00e1c fan c\u1ee7a th\u1ec3 lo\u1ea1i n\u00e0y h\u00e0i l\u00f2ng. Cu\u1ed9c h\u00e0nh tr\u00ecnh c\u1ee7a c\u00f4 g\u00e1i Na Lan v\u1eabn ch\u01b0a d\u1eebng l\u1ea1i v\u00e0 d\u0129 nhi\u00ean t\u1ea5t c\u1ea3 ch\u00fang ta v\u1eabn \u0111ang ch\u1edd \u0111\u00f3n nh\u1eefng b\u1ea5t ng\u1edd ti\u1ebfp theo t\u1eeb series n\u00e0y.<\/p>\n","protected":false},"featured_media":22623,"template":"","meta":{"_acf_changed":false},"product_brand":[],"product_cat":[15,72],"product_tag":[83],"class_list":{"0":"post-22624","1":"product","2":"type-product","3":"status-publish","4":"has-post-thumbnail","6":"product_cat-sach-danh-cho-nguoi-lon","7":"product_cat-trinh-tham-kinh-di","8":"product_tag-sach-moi-xuat-ban","10":"first","11":"outofstock","12":"taxable","13":"shipping-taxable","14":"purchasable","15":"product-type-simple"},"supplier_id":null,"supplier_sku":"","barcode":null,"atum_controlled":true,"out_stock_date":"2023-11-27 19:06:01","out_stock_threshold":null,"inheritable":false,"inbound_stock":0,"stock_on_hold":0,"sold_today":0,"sales_last_days":0,"reserved_stock":0,"customer_returns":0,"warehouse_damage":0,"lost_in_post":0,"other_logs":0,"out_stock_days":793,"lost_sales":0,"has_location":false,"update_date":"2026-01-28T23:11:11","atum_locations":[],"atum_stock_status":"outofstock","restock_status":false,"low_stock_amount":"","sales_update_date":"2026-01-28T23:11:11","calc_backorders":null,"acf":{"publisher":{"ID":8612,"post_author":"1","post_date":"2021-04-28 14:27:30","post_date_gmt":"2021-04-28 11:27:30","post_content":"","post_title":"IPM","post_excerpt":"","post_status":"publish","comment_status":"closed","ping_status":"closed","post_password":"","post_name":"ipm","to_ping":"","pinged":"","post_modified":"2021-04-28 14:27:30","post_modified_gmt":"2021-04-28 11:27:30","post_content_filtered":"","post_parent":0,"guid":"https:\/\/sachviet.eu\/nha-phat-hanh\/ipm\/","menu_order":0,"post_type":"publisher","post_mime_type":"","comment_count":"0","filter":"raw"}},"_links":{"self":[{"href":"https:\/\/sachviet.eu\/en\/wp-json\/wp\/v2\/product\/22624","targetHints":{"allow":["GET"]}}],"collection":[{"href":"https:\/\/sachviet.eu\/en\/wp-json\/wp\/v2\/product"}],"about":[{"href":"https:\/\/sachviet.eu\/en\/wp-json\/wp\/v2\/types\/product"}],"wp:featuredmedia":[{"embeddable":true,"href":"https:\/\/sachviet.eu\/en\/wp-json\/wp\/v2\/media\/22623"}],"wp:attachment":[{"href":"https:\/\/sachviet.eu\/en\/wp-json\/wp\/v2\/media?parent=22624"}],"wp:term":[{"taxonomy":"product_brand","embeddable":true,"href":"https:\/\/sachviet.eu\/en\/wp-json\/wp\/v2\/product_brand?post=22624"},{"taxonomy":"product_cat","embeddable":true,"href":"https:\/\/sachviet.eu\/en\/wp-json\/wp\/v2\/product_cat?post=22624"},{"taxonomy":"product_tag","embeddable":true,"href":"https:\/\/sachviet.eu\/en\/wp-json\/wp\/v2\/product_tag?post=22624"}],"curies":[{"name":"wp","href":"https:\/\/api.w.org\/{rel}","templated":true}]}}